{"id":6015,"date":"2023-02-23T11:45:00","date_gmt":"2023-02-23T17:45:00","guid":{"rendered":"https:\/\/tecsecmty.com\/index.php\/producto\/bosch-f_psb0004a-fuente-de-alimentacion-compatible-para-panel-fpa5000\/"},"modified":"2023-03-22T23:21:16","modified_gmt":"2023-03-23T05:21:16","slug":"bosch-f_psb0004a-fuente-de-alimentacion-compatible-para-panel-fpa5000","status":"publish","type":"product","link":"https:\/\/tecsecmty.com\/index.php\/producto\/bosch-f_psb0004a-fuente-de-alimentacion-compatible-para-panel-fpa5000\/","title":{"rendered":"BOSCH F_PSB0004A &#8211; Fuente de alimentacion \/ Compatible para panel FPA5000"},"content":{"rendered":"<h5 class=\"card-title text-center\">Carcasa fuente alimentaci\u00f3n PSB 0004 A<\/h5>\n<p><strong>La carcasa para fuente de alimentaci\u00f3n PSB 0004 A dispone de suficiente espacio para un m\u00e1ximo de cuatro bater\u00edas de 12 V\/28 Ah.<\/strong>\u00a0Como alternativa, se puede instalar un soporte para fuente de alimentaci\u00f3n y un distribuidor de alimentaci\u00f3n y\/o un soporte para fuente de alimentaci\u00f3n y una placa de montaje en lugar de las dos bater\u00edas superiores.<\/p>\n<p><strong>Notas de configuraci\u00f3n\/instalaci\u00f3n<\/strong><\/p>\n<ul>\n<li>El montaje y la puesta en funcionamiento de la central de incendio deber\u00e1n llevarse a cabo en el interior, en un espacio limpio y seco.<\/li>\n<\/ul>\n<p><strong>Variantes de equipo:<\/strong><\/p>\n<ul>\n<li>4 bater\u00edas de 12 V\/28 Ah y 1 soporte para fuente de alimentaci\u00f3n FPO\u20115000\u2011PSB1.<\/li>\n<li>2 bater\u00edas de 12 V\/28 Ah y 1 soporte para fuente de alimentaci\u00f3n FPO\u20115000\u2011PSB1.<\/li>\n<li>2 bater\u00edas de 12 V\/28 Ah, 1 soporte para fuente de alimentaci\u00f3n FPO\u20115000\u2011PSB1 y 1 distribuidor de alimentaci\u00f3n HPD 0000 A.<\/li>\n<li>2 bater\u00edas de 12 V\/28 Ah, 1 soporte para fuente de alimentaci\u00f3n FPO\u20115000\u2011PSB1 y 1 placa de montaje corta HMP 0001 A.<\/li>\n<\/ul>\n<p>Nota: Aviso Con la placa de montaje HMP 0001 A, el cliente debe taladrar los orificios para los componentes in situ.<\/p>\n<p><strong>Piezas incluidas<\/strong><\/p>\n<p><strong>Cantidad Componente<\/strong><\/p>\n<ul>\n<li>1 Carcasa.<\/li>\n<\/ul>\n<p><strong>Nota: Carcasa fuente alimentaci\u00f3n PSB 0004 A<\/strong><\/p>\n<p><strong>Carcasa fuente alim., grande pared para montaje en superficie o empotrado, o instalaci\u00f3n en racks de 482,6 mm (19&#8243;).<\/strong><\/p>\n<p><strong>N\u00famero de pedido: PSB 0004 A<\/strong><\/p>\n<p><strong>Principales caracter\u00edsticas<\/strong><\/p>\n<ul>\n<li>Carcasa para fuente de alimentaci\u00f3n.<\/li>\n<li>Grande.<\/li>\n<li>Soporte de pared.<\/li>\n<\/ul>\n<p><strong>Especificaciones<\/strong><\/p>\n<p><strong>Datos mec\u00e1nicos<\/strong><\/p>\n<ul>\n<li>Material de la carcasa L\u00e1mina de acero, pintada.<\/li>\n<li>Color de la carcasa Gris pizarra, RAL 7015 Frontal: gris antracita, RAL 7016.<\/li>\n<\/ul>\n<p><strong>Dimensiones<\/strong><\/p>\n<ul>\n<li>HCP 0006 A Aprox. 638 x 440 x 149 mm.<\/li>\n<li>HBC 0010 A y HBE 0012 A Aprox. 840 x 440 x 149 mm.<\/li>\n<li>PSB 0004 A Aprox. 502 x 440 x 149 mm.<\/li>\n<li>PSS 0002 A y DIB 0000 A Aprox. 267 x 440 x 149 mm.<\/li>\n<\/ul>\n<p><strong>Peso<\/strong><\/p>\n<ul>\n<li>HCP 0006 A Aprox. 12,5 kg.<\/li>\n<li>HBC 0010 A y HBE 0012 A Aprox. 17 kg.<\/li>\n<li>PSB 0004 A Aprox. 11,4 kg.<\/li>\n<li>PSS 0002 A y DIB 0000 A Aprox. 6,4 kg.<\/li>\n<\/ul>\n<p><img decoding=\"async\" class=\"overview-center-img-web\" src=\"https:\/\/tvc.mx\/media\/39816\/Logoopaginas-oficial-1920x400.png\" alt=\"\" \/><\/p>\n","protected":false},"excerpt":{"rendered":"<p>Carcasa fuente alimentaci\u00f3n PSB 0004 A La carcasa para fuente de alimentaci\u00f3n PSB 0004 A dispone de suficiente espacio para un m\u00e1ximo de cuatro bater\u00edas de 12 V\/28 Ah.\u00a0Como alternativa, se puede instalar un soporte para fuente de alimentaci\u00f3n y un distribuidor de alimentaci\u00f3n y\/o&hellip;<\/p>\n","protected":false},"featured_media":6014,"comment_status":"open","ping_status":"closed","template":"","meta":{"om_disable_all_campaigns":false,"_monsterinsights_skip_tracking":false,"_monsterinsights_sitenote_active":false,"_monsterinsights_sitenote_note":"","_monsterinsights_sitenote_category":0},"product_brand":[],"product_cat":[505],"product_tag":[495,497,498,499,500,501,496,502],"class_list":{"0":"post-6015","1":"product","2":"type-product","3":"status-publish","4":"has-post-thumbnail","6":"product_cat-modulos-bosch-incendio-2","7":"product_tag-control-de-incendio","8":"product_tag-detectores","9":"product_tag-estacion-manual","10":"product_tag-estrobos-y-sirenas","11":"product_tag-modulos","12":"product_tag-paneles-de-control","13":"product_tag-sistemas-de-incendio","14":"product_tag-teclados","16":"first","17":"instock","18":"sale","19":"taxable","20":"shipping-taxable","21":"purchasable","22":"product-type-simple"},"aioseo_notices":[],"_links":{"self":[{"href":"https:\/\/tecsecmty.com\/index.php\/wp-json\/wp\/v2\/product\/6015","targetHints":{"allow":["GET"]}}],"collection":[{"href":"https:\/\/tecsecmty.com\/index.php\/wp-json\/wp\/v2\/product"}],"about":[{"href":"https:\/\/tecsecmty.com\/index.php\/wp-json\/wp\/v2\/types\/product"}],"replies":[{"embeddable":true,"href":"https:\/\/tecsecmty.com\/index.php\/wp-json\/wp\/v2\/comments?post=6015"}],"version-history":[{"count":0,"href":"https:\/\/tecsecmty.com\/index.php\/wp-json\/wp\/v2\/product\/6015\/revisions"}],"wp:featuredmedia":[{"embeddable":true,"href":"https:\/\/tecsecmty.com\/index.php\/wp-json\/wp\/v2\/media\/6014"}],"wp:attachment":[{"href":"https:\/\/tecsecmty.com\/index.php\/wp-json\/wp\/v2\/media?parent=6015"}],"wp:term":[{"taxonomy":"product_brand","embeddable":true,"href":"https:\/\/tecsecmty.com\/index.php\/wp-json\/wp\/v2\/product_brand?post=6015"},{"taxonomy":"product_cat","embeddable":true,"href":"https:\/\/tecsecmty.com\/index.php\/wp-json\/wp\/v2\/product_cat?post=6015"},{"taxonomy":"product_tag","embeddable":true,"href":"https:\/\/tecsecmty.com\/index.php\/wp-json\/wp\/v2\/product_tag?post=6015"}],"curies":[{"name":"wp","href":"https:\/\/api.w.org\/{rel}","templated":true}]}}