{"id":6019,"date":"2023-02-23T11:45:03","date_gmt":"2023-02-23T17:45:03","guid":{"rendered":"https:\/\/tecsecmty.com\/index.php\/producto\/bosch-f_pss0002a-gabinete-1-slot-para-2-baterias-fuente-de-alimentacion-pequena-compatible-fpa5000\/"},"modified":"2023-03-22T23:21:16","modified_gmt":"2023-03-23T05:21:16","slug":"bosch-f_pss0002a-gabinete-1-slot-para-2-baterias-fuente-de-alimentacion-pequena-compatible-fpa5000","status":"publish","type":"product","link":"https:\/\/tecsecmty.com\/index.php\/producto\/bosch-f_pss0002a-gabinete-1-slot-para-2-baterias-fuente-de-alimentacion-pequena-compatible-fpa5000\/","title":{"rendered":"BOSCH F_PSS0002A &#8211; Gabinete 1 SLOT \/ Para 2 baterias fuente de alimentacion PEQUENA \/ Compatible FPA5000"},"content":{"rendered":"<h5 class=\"card-title text-center\">Fuente de alimentaci\u00f3n peque\u00f1a PSS 0002 A<\/h5>\n<p class=\"ql-align-justify\"><strong>El dispositivo PSS 0002 A es una carcasa de fuente de alimentaci\u00f3n que se puede equipar con flexibilidad.<\/strong><\/p>\n<p class=\"ql-align-justify\"><strong>Planificaci\u00f3n<\/strong><\/p>\n<p class=\"ql-align-justify\"><strong>Variantes de equipo:<\/strong><\/p>\n<ul>\n<li class=\"ql-align-justify\">2 bater\u00edas de 12 V\/28 Ah y 1 fuente de alimentaci\u00f3n FPO\u20115000\u2011PSB1 entre las bater\u00edas.<\/li>\n<li class=\"ql-align-justify\">1 placa de montaje larga HMP 0002 A para equipos individuales. Nota Con la placa de montaje HMP 0002 A, el cliente debe taladrar los orificios para los componentes in situ.<\/li>\n<\/ul>\n<p class=\"ql-align-justify\"><strong>Piezas incluidas\u00a0<\/strong><\/p>\n<ul>\n<li class=\"ql-align-justify\">1 Carcasa.<\/li>\n<\/ul>\n<p class=\"ql-align-justify\"><strong>Nota:<\/strong>\u00a0<strong>Fuente de alimentaci\u00f3n peque\u00f1a PSS 0002 A<\/strong><\/p>\n<p class=\"ql-align-justify\"><strong>Fuente de alimentaci\u00f3n peque\u00f1a para montaje en superficie o empotrado, o instalaci\u00f3n en racks de 482,6 mm (19&#8243;).<\/strong><\/p>\n<p class=\"ql-align-justify\"><strong>Numero de pedido: PSS 0002 A.<\/strong><\/p>\n<p><img decoding=\"async\" class=\"overview-center-img-web\" src=\"https:\/\/tvc.mx\/media\/30081\/Logoopaginas-oficial-1920x400.png\" alt=\"\" \/><\/p>\n","protected":false},"excerpt":{"rendered":"<p>Fuente de alimentaci\u00f3n peque\u00f1a PSS 0002 A El dispositivo PSS 0002 A es una carcasa de fuente de alimentaci\u00f3n que se puede equipar con flexibilidad. Planificaci\u00f3n Variantes de equipo: 2 bater\u00edas de 12 V\/28 Ah y 1 fuente de alimentaci\u00f3n FPO\u20115000\u2011PSB1 entre las bater\u00edas. 1&hellip;<\/p>\n","protected":false},"featured_media":6018,"comment_status":"open","ping_status":"closed","template":"","meta":{"om_disable_all_campaigns":false,"_monsterinsights_skip_tracking":false,"_monsterinsights_sitenote_active":false,"_monsterinsights_sitenote_note":"","_monsterinsights_sitenote_category":0},"product_brand":[],"product_cat":[505],"product_tag":[495,497,498,499,500,501,496,502],"class_list":{"0":"post-6019","1":"product","2":"type-product","3":"status-publish","4":"has-post-thumbnail","6":"product_cat-modulos-bosch-incendio-2","7":"product_tag-control-de-incendio","8":"product_tag-detectores","9":"product_tag-estacion-manual","10":"product_tag-estrobos-y-sirenas","11":"product_tag-modulos","12":"product_tag-paneles-de-control","13":"product_tag-sistemas-de-incendio","14":"product_tag-teclados","16":"first","17":"instock","18":"sale","19":"taxable","20":"shipping-taxable","21":"purchasable","22":"product-type-simple"},"aioseo_notices":[],"_links":{"self":[{"href":"https:\/\/tecsecmty.com\/index.php\/wp-json\/wp\/v2\/product\/6019","targetHints":{"allow":["GET"]}}],"collection":[{"href":"https:\/\/tecsecmty.com\/index.php\/wp-json\/wp\/v2\/product"}],"about":[{"href":"https:\/\/tecsecmty.com\/index.php\/wp-json\/wp\/v2\/types\/product"}],"replies":[{"embeddable":true,"href":"https:\/\/tecsecmty.com\/index.php\/wp-json\/wp\/v2\/comments?post=6019"}],"version-history":[{"count":0,"href":"https:\/\/tecsecmty.com\/index.php\/wp-json\/wp\/v2\/product\/6019\/revisions"}],"wp:featuredmedia":[{"embeddable":true,"href":"https:\/\/tecsecmty.com\/index.php\/wp-json\/wp\/v2\/media\/6018"}],"wp:attachment":[{"href":"https:\/\/tecsecmty.com\/index.php\/wp-json\/wp\/v2\/media?parent=6019"}],"wp:term":[{"taxonomy":"product_brand","embeddable":true,"href":"https:\/\/tecsecmty.com\/index.php\/wp-json\/wp\/v2\/product_brand?post=6019"},{"taxonomy":"product_cat","embeddable":true,"href":"https:\/\/tecsecmty.com\/index.php\/wp-json\/wp\/v2\/product_cat?post=6019"},{"taxonomy":"product_tag","embeddable":true,"href":"https:\/\/tecsecmty.com\/index.php\/wp-json\/wp\/v2\/product_tag?post=6019"}],"curies":[{"name":"wp","href":"https:\/\/api.w.org\/{rel}","templated":true}]}}