{"id":6021,"date":"2023-02-23T11:45:06","date_gmt":"2023-02-23T17:45:06","guid":{"rendered":"https:\/\/tecsecmty.com\/index.php\/producto\/bosch-f_rmh0002a-modulo-de-rele-de-alto-voltaje\/"},"modified":"2023-03-22T23:21:16","modified_gmt":"2023-03-23T05:21:16","slug":"bosch-f_rmh0002a-modulo-de-rele-de-alto-voltaje","status":"publish","type":"product","link":"https:\/\/tecsecmty.com\/index.php\/producto\/bosch-f_rmh0002a-modulo-de-rele-de-alto-voltaje\/","title":{"rendered":"BOSCH F_RMH0002A- MODULO DE RELE DE ALTO VOLTAJE"},"content":{"rendered":"<h5 class=\"card-title text-center\">M\u00f3dulo de rel\u00e9 ofrece 2 rel\u00e9s de contacto de conmutaci\u00f3n (tipo C) RMH 0002 A<\/h5>\n<p class=\"ql-align-justify\"><strong>El m\u00f3dulo cuenta con dos rel\u00e9s de contacto de conmutaci\u00f3n (tipo C),<\/strong>\u00a0para conexiones controladas de elementos externos con retroalimentaci\u00f3n, por ejemplo:<\/p>\n<ul>\n<li class=\"ql-align-justify\">Retenedores electromagn\u00e9ticos para puertas.<\/li>\n<li class=\"ql-align-justify\">Ventilador.<\/li>\n<li class=\"ql-align-justify\">Compuertas cortafuego. Cada rel\u00e9 tiene un contacto NO (normalmente abierto) y NC (normalmente cerrado) y, adem\u00e1s, est\u00e1 protegido por un fusible de 6,3 A.<\/li>\n<\/ul>\n<p class=\"ql-align-justify\">La carga de contacto rel\u00e9 m\u00e1xima es de 5 A a 120 V\/ 230 V CA y de 5 A a 30 V CC.<\/p>\n<p class=\"ql-align-justify\">El m\u00f3dulo de rel\u00e9 tambi\u00e9n se puede utilizar como una interfaz de sistemas de extinci\u00f3n, de acuerdo con la norma VdS 2496.<\/p>\n<p class=\"ql-align-justify\"><strong>Piezas incluidas<\/strong><\/p>\n<p class=\"ql-align-justify\"><strong>Cant. Componentes<\/strong><\/p>\n<ul>\n<li class=\"ql-align-justify\">1 RMH 0002 A M\u00f3dulo rel\u00e9 de alta tensi\u00f3n.<\/li>\n<li class=\"ql-align-justify\">2 Tiras de etiquetado.<\/li>\n<\/ul>\n<p class=\"ql-align-justify\"><strong>Nota: M\u00f3dulo de rel\u00e9 ofrece 2 rel\u00e9s de contacto de conmutaci\u00f3n (tipo C) RMH 0002 A<\/strong><\/p>\n<p class=\"ql-align-justify\"><strong>M\u00f3dulo de rel\u00e9 ofrece 2 rel\u00e9s de contacto de conmutaci\u00f3n (tipo C) para alta tensi\u00f3n y para la conexi\u00f3n controlada de elementos externos con retroalimentaci\u00f3n.<\/strong><\/p>\n<p class=\"ql-align-justify\"><strong>Numero de pedido: RMH 0002 A<\/strong><\/p>\n<p class=\"ql-align-justify\"><strong>Principales caracter\u00edsticas<\/strong><\/p>\n<ul>\n<li class=\"ql-align-justify\">Capacidad de contacto de 5 A.<\/li>\n<li class=\"ql-align-justify\">Sistema listo para funcionar, gracias a su tecnolog\u00eda \u00abplug-and-play\u00bb y a los bloques de terminales enchufables.<\/li>\n<\/ul>\n<p class=\"ql-align-justify\"><strong>Especificaciones<\/strong><\/p>\n<p class=\"ql-align-justify\"><strong>Datos el\u00e9ctricos<\/strong><\/p>\n<ul>\n<li class=\"ql-align-justify\">Tensi\u00f3n de entrada: De 20 V CC a 30 V CC 5 V CC \u00b1 5%.<\/li>\n<li class=\"ql-align-justify\">Corriente de retroalimentaci\u00f3n M\u00e1ximo de 4,5 mA por rel\u00e9.<\/li>\n<li class=\"ql-align-justify\">Tensi\u00f3n de retroalimentaci\u00f3n M\u00e1x. 30 VCC.<\/li>\n<li class=\"ql-align-justify\">Resistencia m\u00e1xima de las l\u00edneas de retroalimentaci\u00f3n 2 x 25 \u03a9.<\/li>\n<li class=\"ql-align-justify\">Fusibles F1 = T 6,3 A, F2 = T 6,3 A.<\/li>\n<\/ul>\n<p class=\"ql-align-justify\"><strong>Consumo de corriente m\u00e1ximo<\/strong><\/p>\n<ul>\n<li class=\"ql-align-justify\">En reposo 10 mA (a 24 VCC).<\/li>\n<li class=\"ql-align-justify\">Ambos rel\u00e9s disparados 50 mA (a 24 V CC).<\/li>\n<\/ul>\n<p class=\"ql-align-justify\"><strong>Carga m\u00e1x. de contacto<\/strong><\/p>\n<ul>\n<li class=\"ql-align-justify\">5 A a 120\/230 V CA<\/li>\n<li class=\"ql-align-justify\">5 A a 30 V CC.<\/li>\n<\/ul>\n<p class=\"ql-align-justify\"><strong>Datos mec\u00e1nicos<\/strong><\/p>\n<ul>\n<li class=\"ql-align-justify\">Elementos de funcionamiento\/indicadores 4 LED (2 rojos, 2 verdes) 2 teclas.<\/li>\n<li class=\"ql-align-justify\">Material de la carcasa PPO Noryl.<\/li>\n<li class=\"ql-align-justify\">Color de la carcasa Acabado satinado en antracita, RAL 7016.<\/li>\n<li class=\"ql-align-justify\">Dimensiones Aprox.: De 127 x 96 x 60 mm (5 x 3,8 x 2,4 pulg.)<\/li>\n<li class=\"ql-align-justify\">Peso Aprox. 135 g (4,8 onzas)<\/li>\n<\/ul>\n<p class=\"ql-align-justify\"><strong>Condiciones ambientales<\/strong><\/p>\n<ul>\n<li class=\"ql-align-justify\">Temperatura de funcionamiento permitida: De -5 \u00b0C a 50 \u00b0C (de 23 \u00b0F a 122 \u00b0F).<\/li>\n<li class=\"ql-align-justify\">Temperatura de almacenamiento permitida: De -20 \u00b0C a 60 \u00b0C (de -4 \u00b0F a 140 \u00b0F).<\/li>\n<li class=\"ql-align-justify\">Humedad relativa permitida 95%, sin condensaci\u00f3n.<\/li>\n<li class=\"ql-align-justify\">Clase de protecci\u00f3n seg\u00fan IEC 60529: IP 30.<\/li>\n<\/ul>\n<p><img decoding=\"async\" class=\"overview-center-img-web\" src=\"https:\/\/tvc.mx\/media\/39519\/Logoopaginas-oficial-1920x400.png\" alt=\"\" \/><\/p>\n","protected":false},"excerpt":{"rendered":"<p>M\u00f3dulo de rel\u00e9 ofrece 2 rel\u00e9s de contacto de conmutaci\u00f3n (tipo C) RMH 0002 A El m\u00f3dulo cuenta con dos rel\u00e9s de contacto de conmutaci\u00f3n (tipo C),\u00a0para conexiones controladas de elementos externos con retroalimentaci\u00f3n, por ejemplo: Retenedores electromagn\u00e9ticos para puertas. Ventilador. Compuertas cortafuego. Cada rel\u00e9&hellip;<\/p>\n","protected":false},"featured_media":6020,"comment_status":"open","ping_status":"closed","template":"","meta":{"om_disable_all_campaigns":false,"_monsterinsights_skip_tracking":false,"_monsterinsights_sitenote_active":false,"_monsterinsights_sitenote_note":"","_monsterinsights_sitenote_category":0},"product_brand":[],"product_cat":[505],"product_tag":[495,497,498,499,500,501,496,502],"class_list":{"0":"post-6021","1":"product","2":"type-product","3":"status-publish","4":"has-post-thumbnail","6":"product_cat-modulos-bosch-incendio-2","7":"product_tag-control-de-incendio","8":"product_tag-detectores","9":"product_tag-estacion-manual","10":"product_tag-estrobos-y-sirenas","11":"product_tag-modulos","12":"product_tag-paneles-de-control","13":"product_tag-sistemas-de-incendio","14":"product_tag-teclados","16":"first","17":"instock","18":"sale","19":"taxable","20":"shipping-taxable","21":"purchasable","22":"product-type-simple"},"aioseo_notices":[],"_links":{"self":[{"href":"https:\/\/tecsecmty.com\/index.php\/wp-json\/wp\/v2\/product\/6021","targetHints":{"allow":["GET"]}}],"collection":[{"href":"https:\/\/tecsecmty.com\/index.php\/wp-json\/wp\/v2\/product"}],"about":[{"href":"https:\/\/tecsecmty.com\/index.php\/wp-json\/wp\/v2\/types\/product"}],"replies":[{"embeddable":true,"href":"https:\/\/tecsecmty.com\/index.php\/wp-json\/wp\/v2\/comments?post=6021"}],"version-history":[{"count":0,"href":"https:\/\/tecsecmty.com\/index.php\/wp-json\/wp\/v2\/product\/6021\/revisions"}],"wp:featuredmedia":[{"embeddable":true,"href":"https:\/\/tecsecmty.com\/index.php\/wp-json\/wp\/v2\/media\/6020"}],"wp:attachment":[{"href":"https:\/\/tecsecmty.com\/index.php\/wp-json\/wp\/v2\/media?parent=6021"}],"wp:term":[{"taxonomy":"product_brand","embeddable":true,"href":"https:\/\/tecsecmty.com\/index.php\/wp-json\/wp\/v2\/product_brand?post=6021"},{"taxonomy":"product_cat","embeddable":true,"href":"https:\/\/tecsecmty.com\/index.php\/wp-json\/wp\/v2\/product_cat?post=6021"},{"taxonomy":"product_tag","embeddable":true,"href":"https:\/\/tecsecmty.com\/index.php\/wp-json\/wp\/v2\/product_tag?post=6021"}],"curies":[{"name":"wp","href":"https:\/\/api.w.org\/{rel}","templated":true}]}}