{"id":6023,"date":"2023-02-23T11:45:08","date_gmt":"2023-02-23T17:45:08","guid":{"rendered":"https:\/\/tecsecmty.com\/index.php\/producto\/bosch-f_rml0008a-modulo-de-rele\/"},"modified":"2023-03-22T23:21:16","modified_gmt":"2023-03-23T05:21:16","slug":"bosch-f_rml0008a-modulo-de-rele","status":"publish","type":"product","link":"https:\/\/tecsecmty.com\/index.php\/producto\/bosch-f_rml0008a-modulo-de-rele\/","title":{"rendered":"BOSCH F_RML0008A- MODULO DE RELE"},"content":{"rendered":"<h5 class=\"card-title text-center\">M\u00f3dulo de 8 rel\u00e9s RML 0008 A<\/h5>\n<p class=\"ql-align-justify\"><strong>El m\u00f3dulo dispone de ocho rel\u00e9s de conmutaci\u00f3n (tipo C) que proporcionan contactos de salida sin voltaje.\u00a0<\/strong>Cada uno de los ocho rel\u00e9s dispone de contactos NO (abierto normalmente) y NC (cerrado normalmente). La m\u00e1xima carga de contacto rel\u00e9 es de 30 V CC\/1 A.<\/p>\n<p class=\"ql-align-justify\">El m\u00f3dulo del rel\u00e9 de baja tensi\u00f3n proporciona 8 salidas de rel\u00e9, forma C con contactos secos para conectar cargas externas. Cada salida est\u00e1 equipada con una opci\u00f3n de contacto normalmente abierto (NO) y normalmente cerrado (NC).<\/p>\n<p class=\"ql-align-justify\"><strong>Piezas incluidas<\/strong><\/p>\n<p class=\"ql-align-justify\"><strong>Cant. Componentes<\/strong><\/p>\n<ul>\n<li class=\"ql-align-justify\">1 RML 0008 A M\u00f3dulo rel\u00e9 de baja tensi\u00f3n.<\/li>\n<\/ul>\n<p class=\"ql-align-justify\"><strong>Nota: M\u00f3dulo de 8 rel\u00e9s RML 0008 A<\/strong><\/p>\n<p class=\"ql-align-justify\"><strong>M\u00f3dulo de rel\u00e9 ofrece 8 rel\u00e9s de contacto de conmutaci\u00f3n (tipo C) para baja tensi\u00f3n.<\/strong><\/p>\n<p class=\"ql-align-justify\"><strong>Numero de pedido: RML 0008 A<\/strong><\/p>\n<p class=\"ql-align-justify\"><strong>Principales caracter\u00edsticas<\/strong><\/p>\n<ul>\n<li class=\"ql-align-justify\">8 salidas de rel\u00e9 totalmente programables.<\/li>\n<li class=\"ql-align-justify\">Sistema listo para funcionar, gracias a su tecnolog\u00eda \u00abplug-and-play\u00bb y a los bloques de terminales enchufables.<\/li>\n<\/ul>\n<p class=\"ql-align-justify\"><strong>Especificaciones<\/strong><\/p>\n<p class=\"ql-align-justify\"><strong>Datos el\u00e9ctricos<\/strong><\/p>\n<ul>\n<li class=\"ql-align-justify\">Tensi\u00f3n de entrada: De 20 V CC a 30 V CC 5 V CC \u00b1 5%.<\/li>\n<li class=\"ql-align-justify\">Carga m\u00e1x. de contacto 1 A a 30 V CC.<\/li>\n<\/ul>\n<p class=\"ql-align-justify\"><strong>Consumo de corriente m\u00e1ximo<\/strong><\/p>\n<ul>\n<li class=\"ql-align-justify\">En reposo 4 mA (a 24 V CC).<\/li>\n<li class=\"ql-align-justify\">Todos los rel\u00e9s disparados 68 mA (a 24 V CC)<\/li>\n<\/ul>\n<p class=\"ql-align-justify\"><strong>Datos mec\u00e1nicos<\/strong><\/p>\n<ul>\n<li class=\"ql-align-justify\">Material de la carcasa Pl\u00e1stico ABS, Polylac PA-766 (UL94 V\u20110).<\/li>\n<li class=\"ql-align-justify\">Color de la carcasa Acabado satinado en antracita, RAL 701.<\/li>\n<li class=\"ql-align-justify\">Dimensiones Aprox.: De 127 x 96 x 60 mm (5 x 3,8 x 2,4 pulg.)<\/li>\n<li class=\"ql-align-justify\">Peso Aprox. 150 g (5,3 onzas)<\/li>\n<\/ul>\n<p class=\"ql-align-justify\"><strong>Condiciones ambientales<\/strong><\/p>\n<ul>\n<li class=\"ql-align-justify\">Temperatura de funcionamiento permitida: De -5 \u00b0C a 50 \u00b0C (de 23 \u00b0F a 122 \u00b0F).<\/li>\n<li class=\"ql-align-justify\">Temperatura de almacenamiento permitida: De -20 \u00b0C a 60 \u00b0C (de -4 \u00b0F a 140 \u00b0F).<\/li>\n<li class=\"ql-align-justify\">Humedad relativa permitida 95%, sin condensaci\u00f3n.<\/li>\n<li class=\"ql-align-justify\">Clase de protecci\u00f3n seg\u00fan IEC 60529: IP 30.<\/li>\n<\/ul>\n<p><img decoding=\"async\" class=\"overview-center-img-web\" src=\"https:\/\/tvc.mx\/media\/39576\/Logoopaginas-oficial-1920x400.png\" alt=\"\" \/><\/p>\n","protected":false},"excerpt":{"rendered":"<p>M\u00f3dulo de 8 rel\u00e9s RML 0008 A El m\u00f3dulo dispone de ocho rel\u00e9s de conmutaci\u00f3n (tipo C) que proporcionan contactos de salida sin voltaje.\u00a0Cada uno de los ocho rel\u00e9s dispone de contactos NO (abierto normalmente) y NC (cerrado normalmente). La m\u00e1xima carga de contacto rel\u00e9&hellip;<\/p>\n","protected":false},"featured_media":6022,"comment_status":"open","ping_status":"closed","template":"","meta":{"om_disable_all_campaigns":false,"_monsterinsights_skip_tracking":false,"_monsterinsights_sitenote_active":false,"_monsterinsights_sitenote_note":"","_monsterinsights_sitenote_category":0},"product_brand":[],"product_cat":[505],"product_tag":[495,497,498,499,500,501,496,502],"class_list":{"0":"post-6023","1":"product","2":"type-product","3":"status-publish","4":"has-post-thumbnail","6":"product_cat-modulos-bosch-incendio-2","7":"product_tag-control-de-incendio","8":"product_tag-detectores","9":"product_tag-estacion-manual","10":"product_tag-estrobos-y-sirenas","11":"product_tag-modulos","12":"product_tag-paneles-de-control","13":"product_tag-sistemas-de-incendio","14":"product_tag-teclados","16":"first","17":"instock","18":"sale","19":"taxable","20":"shipping-taxable","21":"purchasable","22":"product-type-simple"},"aioseo_notices":[],"_links":{"self":[{"href":"https:\/\/tecsecmty.com\/index.php\/wp-json\/wp\/v2\/product\/6023","targetHints":{"allow":["GET"]}}],"collection":[{"href":"https:\/\/tecsecmty.com\/index.php\/wp-json\/wp\/v2\/product"}],"about":[{"href":"https:\/\/tecsecmty.com\/index.php\/wp-json\/wp\/v2\/types\/product"}],"replies":[{"embeddable":true,"href":"https:\/\/tecsecmty.com\/index.php\/wp-json\/wp\/v2\/comments?post=6023"}],"version-history":[{"count":0,"href":"https:\/\/tecsecmty.com\/index.php\/wp-json\/wp\/v2\/product\/6023\/revisions"}],"wp:featuredmedia":[{"embeddable":true,"href":"https:\/\/tecsecmty.com\/index.php\/wp-json\/wp\/v2\/media\/6022"}],"wp:attachment":[{"href":"https:\/\/tecsecmty.com\/index.php\/wp-json\/wp\/v2\/media?parent=6023"}],"wp:term":[{"taxonomy":"product_brand","embeddable":true,"href":"https:\/\/tecsecmty.com\/index.php\/wp-json\/wp\/v2\/product_brand?post=6023"},{"taxonomy":"product_cat","embeddable":true,"href":"https:\/\/tecsecmty.com\/index.php\/wp-json\/wp\/v2\/product_cat?post=6023"},{"taxonomy":"product_tag","embeddable":true,"href":"https:\/\/tecsecmty.com\/index.php\/wp-json\/wp\/v2\/product_tag?post=6023"}],"curies":[{"name":"wp","href":"https:\/\/api.w.org\/{rel}","templated":true}]}}