{"id":6025,"date":"2023-02-23T11:45:10","date_gmt":"2023-02-23T17:45:10","guid":{"rendered":"https:\/\/tecsecmty.com\/index.php\/producto\/bosch-f_ups2416a-fuente-de-alimentacion-universal\/"},"modified":"2023-03-22T23:21:16","modified_gmt":"2023-03-23T05:21:16","slug":"bosch-f_ups2416a-fuente-de-alimentacion-universal","status":"publish","type":"product","link":"https:\/\/tecsecmty.com\/index.php\/producto\/bosch-f_ups2416a-fuente-de-alimentacion-universal\/","title":{"rendered":"BOSCH F_UPS2416A &#8211; Fuente de alimentacion universal"},"content":{"rendered":"<div class=\"row aling-items-center padding-bottom-2x\">\n<div class=\"col-lg-12\">\n<h5 class=\"card-title text-center\">Fuente de alimentaci\u00f3n UPS 2416 A<\/h5>\n<p class=\"ql-align-justify\">\n<p><img decoding=\"async\" class=\"overview-center-img-web\" src=\"https:\/\/tvc.mx\/media\/29761\/Logoopaginas-oficial-1920x400.png\" alt=\"\" \/><\/div>\n<\/div>\n<div class=\"row align-items-center padding-bottom-2x\">\n<div class=\"col-md-5\"><img decoding=\"async\" class=\"d-block m-auto img-thumbnail\" src=\"https:\/\/tvc.mx\/media\/85656\/UPS-2416-A-config5.png\" alt=\" \" \/><\/div>\n<div class=\"col-md-7 text-md-left text-center\">\n<h2>Resumen del sistema<\/h2>\n<p class=\"text-muted\">\n<p><strong>La fuente de alimentaci\u00f3n UPS enchufar-y-listo proporciona alimentaci\u00f3n a todos los componentes de la central.<\/strong><\/p>\n<p>&nbsp;<\/p>\n<\/div>\n<\/div>\n<hr class=\"padding-bottom-2x\" \/>\n<div class=\"row align-items-center padding-bottom-2x\">\n<div class=\"col-md-5 order-md-2\"><img decoding=\"async\" class=\"d-block m-auto img-thumbnail\" src=\"https:\/\/tvc.mx\/media\/85660\/UPS-2416-A-config6.png\" alt=\" \" \/><\/div>\n<div class=\"col-md-7 order-md-1 text-md-left text-center\">\n<h2>Funciones b\u00e1sicas y Piezas incluidas<\/h2>\n<p class=\"text-muted\">\n<p class=\"ql-align-justify\"><strong>Funciones b\u00e1sicas<\/strong><\/p>\n<p class=\"ql-align-justify\">La fuente de alimentaci\u00f3n est\u00e1 protegida contra inversi\u00f3n de polaridad y sobretensi\u00f3n. La tensi\u00f3n de salida se controla y regula a trav\u00e9s del sensor t\u00e9rmico. Si hay un fallo, la salida FALLO cae a 0 V. Un LED verde en la fuente de alimentaci\u00f3n universal indica operatividad.\u00a0<strong>Planificaci\u00f3n<\/strong><\/p>\n<p class=\"ql-align-justify\">\u2022 La fuente de alimentaci\u00f3n se inserta en un soporte para fuente de alimentaci\u00f3n e inmediatamente est\u00e1 lista para funcionar.<\/p>\n<p class=\"ql-align-justify\"><strong>Piezas incluidas<\/strong><\/p>\n<ul>\n<li class=\"ql-align-justify\">Componentes UPS 2416 A 1 Fuente de alimentaci\u00f3n universal de 24 V\/5 A\u00a0.<\/li>\n<\/ul>\n<p>&nbsp;<\/p>\n<\/div>\n<\/div>\n<hr class=\"padding-bottom-2x\" \/>\n<div class=\"row align-items-center padding-bottom-2x\">\n<div class=\"col-md-5\"><img decoding=\"async\" class=\"d-block m-auto img-thumbnail\" src=\"https:\/\/tvc.mx\/media\/85664\/UPS-2416-A-config8.png\" alt=\" \" \/><\/div>\n<div class=\"col-md-7 text-md-left text-center\">\n<h2>Caracter\u00edsticas y Especificaciones<\/h2>\n<p class=\"text-muted\">\n<p class=\"ql-align-justify\"><strong>Nota: Fuente de alimentaci\u00f3n UPS 2416 A<\/strong><\/p>\n<p class=\"ql-align-justify\"><strong>Fuente de alimentaci\u00f3n universal fuente de alimentaci\u00f3n enchufar-y-listo para toda la alimentaci\u00f3n de la central de control.<\/strong><\/p>\n<p class=\"ql-align-justify\"><strong>Numero de pedido: UPS 2416 A.<\/strong><\/p>\n<p class=\"ql-align-justify\"><strong>Especificaciones<\/strong><\/p>\n<p class=\"ql-align-justify\"><strong>El\u00e9ctricas<\/strong><\/p>\n<ul>\n<li class=\"ql-align-justify\">Tensi\u00f3n de entrada: De 100 V CA &#8230; 240 V CA.<\/li>\n<li class=\"ql-align-justify\">Rango de frecuencia de entrada: De50 Hz &#8230; 60 Hz.<\/li>\n<li class=\"ql-align-justify\">Eficacia &gt; 85 %.<\/li>\n<li class=\"ql-align-justify\">Alimentaci\u00f3n de reserva: &gt; 16 ms a 115 V CA.<\/li>\n<li class=\"ql-align-justify\">Tensi\u00f3n de salida 26 V CC &#8230; 29 V CC (depende de la temperatura).<\/li>\n<li class=\"ql-align-justify\">Nominal de 26,8 V CC a 40 \u00b0C.<\/li>\n<li class=\"ql-align-justify\">Corriente de salida m\u00e1x. 6 A.<\/li>\n<li class=\"ql-align-justify\">Alimentaci\u00f3n m\u00e1x. 160 W (permanente).<\/li>\n<\/ul>\n<p class=\"ql-align-justify\"><strong>Mec\u00e1nicas<\/strong><\/p>\n<ul>\n<li class=\"ql-align-justify\">Refrigeraci\u00f3n Ventilaci\u00f3n sin ventilador.<\/li>\n<li class=\"ql-align-justify\">Material de la carcasa Aluminio, anodizado.<\/li>\n<li class=\"ql-align-justify\">Color de la carcasa: Negro mate.<\/li>\n<li class=\"ql-align-justify\">Dimensiones Aprox. 200 x 100 x 40 mm (7,9 x 3,9 x 1,6 pulg.)<\/li>\n<li class=\"ql-align-justify\">Peso Aprox. 780 g (27,5 onzas).<\/li>\n<\/ul>\n<p class=\"ql-align-justify\"><strong>Ambientales<\/strong><\/p>\n<ul>\n<li class=\"ql-align-justify\">Temperatura de funcionamiento permitida: De -5 \u00b0C &#8230; 50 \u00b0C (23 \u00b0F &#8230; 122 \u00b0F).<\/li>\n<li class=\"ql-align-justify\">Temperatura de almacenamiento permitida: De -20 \u00b0C &#8230; 60 \u00b0C (-4 \u00b0F &#8230; 140 \u00b0F).<\/li>\n<li class=\"ql-align-justify\">Humedad relativa permitida 95%, sin condensaci\u00f3n.<\/li>\n<\/ul>\n<\/div>\n<\/div>\n","protected":false},"excerpt":{"rendered":"<p>Fuente de alimentaci\u00f3n UPS 2416 A Resumen del sistema La fuente de alimentaci\u00f3n UPS enchufar-y-listo proporciona alimentaci\u00f3n a todos los componentes de la central. &nbsp; Funciones b\u00e1sicas y Piezas incluidas Funciones b\u00e1sicas La fuente de alimentaci\u00f3n est\u00e1 protegida contra inversi\u00f3n de polaridad y sobretensi\u00f3n. La&hellip;<\/p>\n","protected":false},"featured_media":6024,"comment_status":"open","ping_status":"closed","template":"","meta":{"om_disable_all_campaigns":false,"_monsterinsights_skip_tracking":false,"_monsterinsights_sitenote_active":false,"_monsterinsights_sitenote_note":"","_monsterinsights_sitenote_category":0},"product_brand":[],"product_cat":[505],"product_tag":[495,497,498,499,500,501,496,502],"class_list":{"0":"post-6025","1":"product","2":"type-product","3":"status-publish","4":"has-post-thumbnail","6":"product_cat-modulos-bosch-incendio-2","7":"product_tag-control-de-incendio","8":"product_tag-detectores","9":"product_tag-estacion-manual","10":"product_tag-estrobos-y-sirenas","11":"product_tag-modulos","12":"product_tag-paneles-de-control","13":"product_tag-sistemas-de-incendio","14":"product_tag-teclados","16":"first","17":"instock","18":"sale","19":"taxable","20":"shipping-taxable","21":"purchasable","22":"product-type-simple"},"aioseo_notices":[],"_links":{"self":[{"href":"https:\/\/tecsecmty.com\/index.php\/wp-json\/wp\/v2\/product\/6025","targetHints":{"allow":["GET"]}}],"collection":[{"href":"https:\/\/tecsecmty.com\/index.php\/wp-json\/wp\/v2\/product"}],"about":[{"href":"https:\/\/tecsecmty.com\/index.php\/wp-json\/wp\/v2\/types\/product"}],"replies":[{"embeddable":true,"href":"https:\/\/tecsecmty.com\/index.php\/wp-json\/wp\/v2\/comments?post=6025"}],"version-history":[{"count":0,"href":"https:\/\/tecsecmty.com\/index.php\/wp-json\/wp\/v2\/product\/6025\/revisions"}],"wp:featuredmedia":[{"embeddable":true,"href":"https:\/\/tecsecmty.com\/index.php\/wp-json\/wp\/v2\/media\/6024"}],"wp:attachment":[{"href":"https:\/\/tecsecmty.com\/index.php\/wp-json\/wp\/v2\/media?parent=6025"}],"wp:term":[{"taxonomy":"product_brand","embeddable":true,"href":"https:\/\/tecsecmty.com\/index.php\/wp-json\/wp\/v2\/product_brand?post=6025"},{"taxonomy":"product_cat","embeddable":true,"href":"https:\/\/tecsecmty.com\/index.php\/wp-json\/wp\/v2\/product_cat?post=6025"},{"taxonomy":"product_tag","embeddable":true,"href":"https:\/\/tecsecmty.com\/index.php\/wp-json\/wp\/v2\/product_tag?post=6025"}],"curies":[{"name":"wp","href":"https:\/\/api.w.org\/{rel}","templated":true}]}}