{"id":6029,"date":"2023-02-23T11:45:17","date_gmt":"2023-02-23T17:45:17","guid":{"rendered":"https:\/\/tecsecmty.com\/index.php\/producto\/bosch-f_8512gfire-kit-de-panel-incendio-e-intrusion-con-10-sensores-2-estaciones-manuales-2-sirena-estrobo\/"},"modified":"2023-03-06T14:56:22","modified_gmt":"2023-03-06T20:56:22","slug":"bosch-f_8512gfire-kit-de-panel-incendio-e-intrusion-con-10-sensores-2-estaciones-manuales-2-sirena-estrobo","status":"publish","type":"product","link":"https:\/\/tecsecmty.com\/index.php\/producto\/bosch-f_8512gfire-kit-de-panel-incendio-e-intrusion-con-10-sensores-2-estaciones-manuales-2-sirena-estrobo\/","title":{"rendered":"BOSCH F_8512GFIRE- KIT DE PANEL INCENDIO E INTRUSION CON 10 SENSORES\/ 2 ESTACIONES MANUALES\/ 2 SIRENA ESTROBO"},"content":{"rendered":"<div class=\"row aling-items-center padding-bottom-2x\">\n<div class=\"col-lg-12\">\n<h5 class=\"card-title text-center\">Resumen<\/h5>\n<p>Este es un kit completo para incendio con certificaci\u00f3n UL, puede soportar hasta 99 dispositivos, sensores o estaciones manuales, el paquete consiste en:<\/p>\n<p><strong>1<\/strong>\u00a0Panel B8512G\u00a0<strong>RBM019020<\/strong><\/p>\n<p><strong>1<\/strong>\u00a0Transformador D1640\u00a0<strong>RBM171002<\/strong><\/p>\n<p><strong>1<\/strong>\u00a0Gabinete Color Rojo D8109<strong>\u00a0RBM155001<\/strong><\/p>\n<p><strong>1<\/strong>\u00a0Teclado para incendio B926F\u00a0<strong>RBM430002<\/strong><\/p>\n<p><strong>1<\/strong>\u00a0USB Dongle para RPS D5370-USB\u00a0<strong>RBM411010<\/strong><\/p>\n<p><strong>1<\/strong>\u00a0M\u00f3dulo POPEX B299 (hasta 99 dispositivos o estaciones manuales)\u00a0<strong>RBM109101<\/strong><\/p>\n<p><strong>1<\/strong>\u00a0M\u00f3dulo NAC D192G\u00a0<strong>RBM4310066<\/strong><\/p>\n<p><strong>2<\/strong>\u00a0Estaci\u00f3n manual convencional FMM-100SATK\u00a0<strong>RBM109096<\/strong><\/p>\n<p><strong>2<\/strong>\u00a0Sirena-Estrobo W-HSR\u00a0<strong>RBM109010<\/strong><\/p>\n<p><strong>12<\/strong>\u00a0M\u00f3dulo POPIT D9127U\u00a0<strong>RBM109056<\/strong><\/p>\n<p><strong>10<\/strong>\u00a0Detector de Humo D273\u00a0<strong>RBM427027\u00a0<\/strong><\/p>\n<p><img decoding=\"async\" class=\"overview-center-img-web\" src=\"https:\/\/tvc.mx\/media\/636842\/encabezado-1920x400.png\" alt=\"\" \/><\/div>\n<\/div>\n<div class=\"row align-items-center padding-bottom-2x\">\n<div class=\"col-md-5\"><img decoding=\"async\" class=\"d-block m-auto img-thumbnail\" src=\"https:\/\/tvc.mx\/media\/636970\/400x300-panel.png\" alt=\" \" \/><\/div>\n<div class=\"col-md-7 text-md-left text-center\">\n<h2>Panel B8512G<\/h2>\n<p class=\"text-muted\">\n<h2>Caracter\u00edsticas y Especificaciones<\/h2>\n<p>Nota: B8512G Panel de control, 8 \u00e1reas, 99 zonas<\/p>\n<p>Admite hasta 99 puntos, 3 salidas integradas en la placa y 8 zonas de intrusi\u00f3n, incendio de uso comercial. Ethernet integrada en placa.<\/p>\n<p>N\u00famero de pedido: B8512G<\/p>\n<p>Caracter\u00edsticas<\/p>\n<ul>\n<li class=\"ql-align-justify\">El control integrado de acceso, incendios e intrusi\u00f3n permite a los usuarios utilizar una \u00fanica interfaz para los tres sistemas.<\/li>\n<li class=\"ql-align-justify\">Proporciona hasta 99 puntos con una combinaci\u00f3n de dispositivos cableados o inal\u00e1mbricos a fin de disponer de mayor flexibilidad de instalaci\u00f3n y hasta 8 \u00e1reas y 8 puertas para hasta 500 usuarios.<\/li>\n<li class=\"ql-align-justify\">Puerto Ethernet en placa para la comunicaci\u00f3n de alarmas IP de Conettix y programaci\u00f3n remota, compatible con las redes IP modernas incluidas IPv6\/IPv4, IP autom\u00e1tica y Plug and Play Universal.<\/li>\n<li class=\"ql-align-justify\">Caracter\u00edsticas que facilitan la tarea del instalador a fin de simplificar la instalaci\u00f3n y las comunicaciones, incluidos m\u00f3dulos conectables de comunicaciones mediante RTC y m\u00f3vil.<\/li>\n<li class=\"ql-align-justify\">Aplicaci\u00f3n Remote Security Control que permite a los usuarios controlar sus sistemas de seguridad y ver las c\u00e1maras del sistema remotamente desde dispositivos m\u00f3viles como tel\u00e9fonos y tabletas.<\/li>\n<\/ul>\n<p>Especificaciones<\/p>\n<p>Propiedades<\/p>\n<ul>\n<li class=\"ql-align-justify\">Dimensiones: De 26,99 cm x 19,69 cm x 4,76 cm (10,625 pulg. x 7,75 pulg. x 1,875 pulg.)<\/li>\n<li class=\"ql-align-justify\">Peso: De 0,88 kg (1,95 lb)<\/li>\n<li class=\"ql-align-justify\">Comunicaciones Ethernet 10\/100 d\u00faplex completo (no disponible para los paneles de control \u00abE\u00bb).<\/li>\n<\/ul>\n<h1><\/h1>\n<p>&nbsp;<\/p>\n<\/div>\n<\/div>\n<hr class=\"padding-bottom-2x\" \/>\n<div class=\"row align-items-center padding-bottom-2x\">\n<div class=\"col-md-5 order-md-2\"><img decoding=\"async\" class=\"d-block m-auto img-thumbnail\" src=\"https:\/\/tvc.mx\/media\/636974\/400x300-eliminador.png\" alt=\" \" \/><\/div>\n<div class=\"col-md-7 order-md-1 text-md-left text-center\">\n<h2>Transformador D1640<\/h2>\n<p class=\"text-muted\">\n<h2>Caracter\u00edsticas y Especificaciones<\/h2>\n<p>Nota: D1640 Transformador conectable, 16V 40VA<\/p>\n<p>Transformador del sistema preparado para 16,5 VCA, 40 VA.<\/p>\n<p>N\u00famero de pedido: D1640<\/p>\n<p>Principales caracter\u00edsticas<\/p>\n<ul>\n<li class=\"ql-align-justify\">Transformador del sistema preparado para 16,5 VCA, 40 VA.<\/li>\n<li class=\"ql-align-justify\">Apto para el uso en aplicaciones homologadas seg\u00fan UL.<\/li>\n<\/ul>\n<p>Especificaciones<\/p>\n<ul>\n<li class=\"ql-align-justify\">Potencia nominal 16,5 VCA, 40 VA.<\/li>\n<li class=\"ql-align-justify\">Dimensiones 3,2 pulg. x 2,8 pulg. x 2,2 pulg. (81 mm x 70 mm x 56 mm).<\/li>\n<li class=\"ql-align-justify\">Color: Blanco.<\/li>\n<\/ul>\n<p>&nbsp;<\/p>\n<\/div>\n<\/div>\n<hr class=\"padding-bottom-2x\" \/>\n<div class=\"row align-items-center padding-bottom-2x\">\n<div class=\"col-md-5\"><img decoding=\"async\" class=\"d-block m-auto img-thumbnail\" src=\"https:\/\/tvc.mx\/media\/636978\/400x300-gabinete.png\" alt=\" \" \/><\/div>\n<div class=\"col-md-7 text-md-left text-center\">\n<h2>Gabinete color rojo D8109<\/h2>\n<p class=\"text-muted\">\n<p>Principales caracter\u00edsticas<\/p>\n<ul>\n<li class=\"ql-align-justify\">Certificaci\u00f3n UL para aplicaciones antiincendios o alarmas antirrobo de uso residencial y comercial.<\/li>\n<li class=\"ql-align-justify\">Construcci\u00f3n robusta: acero laminado en fr\u00edo de calibre 16 (1,5 mm) con bisagras de longitud completa.<\/li>\n<li class=\"ql-align-justify\">Disponen de cerradura y juego de llaves u F\u00e1ciles de montar.<\/li>\n<\/ul>\n<p>Especificaciones<\/p>\n<p>Ambientales<\/p>\n<ul>\n<li class=\"ql-align-justify\">Entorno Interior, seco.<\/li>\n<\/ul>\n<p>Mec\u00e1nicas<\/p>\n<ul>\n<li class=\"ql-align-justify\">Color Gris o Rojo D8109G D8109\/D8109-1358.<\/li>\n<li class=\"ql-align-justify\">Dimensiones (largo \u00d7 ancho \u00d7 alto ) 41 cm \u00d7 41 cm \u00d7 9 cm (16 pulg. \u00d7 16 pulg. \u00d7 3.5 pulg.)<\/li>\n<li class=\"ql-align-justify\">Material acero laminado en fr\u00edo, calibre 16 (1,5 mm).<\/li>\n<\/ul>\n<p>Cerradura y llaves<\/p>\n<ul>\n<li class=\"ql-align-justify\">D8109\/D8109G: Cerradura D101F con dos llaves D102F (ambas marcadas con 203).<\/li>\n<li class=\"ql-align-justify\">D8109-1358: Cerradura D101 con dos llaves D102 (ambas marcadas con 1358).<\/li>\n<\/ul>\n<p>Peso<\/p>\n<ul>\n<li class=\"ql-align-justify\">Bruto: 6,53 kg (14,4 libras).<\/li>\n<li class=\"ql-align-justify\">Neto: 5,62 kg (12,38 libras).<\/li>\n<\/ul>\n<p>&nbsp;<\/p>\n<\/div>\n<\/div>\n<hr class=\"padding-bottom-2x\" \/>\n<div class=\"row align-items-center padding-bottom-2x\">\n<div class=\"col-md-5 order-md-2\"><img decoding=\"async\" class=\"d-block m-auto img-thumbnail\" src=\"https:\/\/tvc.mx\/media\/636982\/400x300-teclado.png\" alt=\" \" \/><\/div>\n<div class=\"col-md-7 order-md-1 text-md-left text-center\">\n<h2>Teclado para incendio B926F<\/h2>\n<p class=\"text-muted\">\n<h2>Caracter\u00edsticas y Especificaciones<\/h2>\n<p>Nota: B926F Teclado de incendio, SDI2<\/p>\n<p>Teclado alfanum\u00e9rico de dos l\u00edneas para incendio.<\/p>\n<p>N\u00famero de pedido: B926F<\/p>\n<p>Piezas incluidas<\/p>\n<p>Cantidad Componente:<\/p>\n<ul>\n<li>1 Teclado.<\/li>\n<li>1 Paquete de hardware.<\/li>\n<li>1 Manual de instalaci\u00f3n.<\/li>\n<li>1 Gu\u00eda de referencia r\u00e1pida del usuario<\/li>\n<\/ul>\n<p>Especificaciones<\/p>\n<p>Requisitos de alimentaci\u00f3n<\/p>\n<ul>\n<li>Corriente En reposo: 35 mA Alarma: 70 mA.<\/li>\n<li>Tensi\u00f3n (entrada): De 12 VCC nominales.<\/li>\n<li>Dimensiones: De 158 mm x 120 mm x 26 mm (6.2 in x 4.7 in x 1 in).<\/li>\n<li>Peso: De 0,32 kg (11,3 onzas).<\/li>\n<li>Material Acrilonitrilo butadieno estireno (ABS) Polimetilmetacrilato (PMMA).<\/li>\n<li>Ventana de visualizaci\u00f3n: Pantalla de 2 l\u00edneas 18 caracteres por l\u00ednea Indicadores.<\/li>\n<li>Teclas iluminadas: Indicadores de estado.<\/li>\n<li>Tonos de advertencia e indicaci\u00f3n.<\/li>\n<\/ul>\n<p>Cableado<\/p>\n<ul>\n<li>Tama\u00f1o del cable del terminal: De 1.02 mm (18 AWG) a 0.65 mm (22 AWG).<\/li>\n<li>Cableado SDI2.<\/li>\n<li>Distancia m\u00e1xima: tama\u00f1o del cable: 260 m (850 pies) &#8211; 0.65 mm (22 AWG) 305 m (1000 ft) &#8211; 1.02 mm (18 AWG).<\/li>\n<\/ul>\n<p>Consideraciones ambientales<\/p>\n<ul>\n<li>Humedad relativa: De 5% a 93% a +32\u00b0C (+90\u00b0F).<\/li>\n<li>Temperatura (en funcionamiento): De 0\u00b0C a +49\u00b0C (de +32\u00b0F a +120\u00b0F).<\/li>\n<\/ul>\n<p>&nbsp;<\/p>\n<\/div>\n<\/div>\n<hr class=\"padding-bottom-2x\" \/>\n<div class=\"row align-items-center padding-bottom-2x\">\n<div class=\"col-md-5\"><img decoding=\"async\" class=\"d-block m-auto img-thumbnail\" src=\"https:\/\/tvc.mx\/media\/636986\/400x300-dongle.png\" alt=\" \" \/><\/div>\n<div class=\"col-md-7 text-md-left text-center\">\n<h2>USB Dongle para RPS D5370-USB<\/h2>\n<p class=\"text-muted\">\n<h2>Caracter\u00edsticas y Especificaciones<\/h2>\n<p>Nota: D5370-USB Llave de seguridad USB<\/p>\n<p>Accesorio de seguridad necesario para la comunicaci\u00f3n de RPS.<\/p>\n<p>N\u00famero de pedido D5370-USB<\/p>\n<p>Piezas incluidas<\/p>\n<p>Cantidad de componente<\/p>\n<ul>\n<li>1 Adaptador de seguridad.<\/li>\n<\/ul>\n<p>Principales caracter\u00edsticas<\/p>\n<ul>\n<li>\u00a0Accesorio necesario para que RPS permita la comunicaci\u00f3n (excepto para los paneles de control B Series).<\/li>\n<li>Se conecta f\u00e1cilmente al puerto USB de un ordenador.<\/li>\n<\/ul>\n<p>Especificaciones<\/p>\n<ul>\n<li class=\"ql-align-justify\">Accesorio de Seguridad USB para el Software de Intrusi\u00f3n de Bosch RPS.<\/li>\n<li class=\"ql-align-justify\">Sin la llave de seguridad USB, no es posible la comunicaci\u00f3n con el panel de control.<\/li>\n<li class=\"ql-align-justify\">Color: Rojo.<\/li>\n<li class=\"ql-align-justify\">Tama\u00f1o compacto y de f\u00e1cil instalaci\u00f3n.<\/li>\n<\/ul>\n<p>&nbsp;<\/p>\n<\/div>\n<\/div>\n<hr class=\"padding-bottom-2x\" \/>\n<div class=\"row align-items-center padding-bottom-2x\">\n<div class=\"col-md-5 order-md-2\"><img decoding=\"async\" class=\"d-block m-auto img-thumbnail\" src=\"https:\/\/tvc.mx\/media\/636994\/400x300-popex.png\" alt=\" \" \/><\/div>\n<div class=\"col-md-7 order-md-1 text-md-left text-center\">\n<h2>M\u00f3dulo POPEX B299<\/h2>\n<p class=\"text-muted\">\n<ul>\n<li>Proporciona identificaci\u00f3n de punto para hasta 100\u00a0dispositivos iniciadores direccionables conectados, utilizando POPIT<\/li>\n<li>Supervisa el cableado hacia dispositivos para comprobar la integridad de los circuitos<\/li>\n<li>Ampl\u00eda el n\u00famero de puntos en el sistema<\/li>\n<li>Tama\u00f1o compacto<\/li>\n<li>Interconexi\u00f3n de conectores de cableado para una instalaci\u00f3n sencilla<\/li>\n<\/ul>\n<p>&nbsp;<\/p>\n<\/div>\n<\/div>\n<hr class=\"padding-bottom-2x\" \/>\n<div class=\"row align-items-center padding-bottom-2x\">\n<div class=\"col-md-5\"><img decoding=\"async\" class=\"d-block m-auto img-thumbnail\" src=\"https:\/\/tvc.mx\/media\/636998\/400x300-nac.png\" alt=\" \" \/><\/div>\n<div class=\"col-md-7 text-md-left text-center\">\n<h2>M\u00f3dulo NAC D192G<\/h2>\n<p class=\"text-muted\">\n<h2>Caracter\u00edsticas y Especificaciones<\/h2>\n<p>Partes incluidas<\/p>\n<ul>\n<li>1 m\u00f3dulo NAC.<\/li>\n<li>1 paquete de hardware.<\/li>\n<li>1 paquete de literatura.<\/li>\n<\/ul>\n<p>Nota: M\u00f3dulo de circuito de dispositivo de notificaci\u00f3n (NAC) D192G<\/p>\n<p>El circuito de aparatos de notificaci\u00f3n D192G (NAC) el m\u00f3dulo se utiliza para cablear conexiones a dispositivos remoto de se\u00f1alizaci\u00f3n. El cableado es supervisado para abierto, fallos de circuito cortos o conectados a tierra. Ya sea 12 VDC o se pueden usar dispositivos de notificaci\u00f3n de 24 VDC dependiendo de la elecci\u00f3n de la fuente de alimentaci\u00f3n.<\/p>\n<p>N\u00famero de pedido: D192G.<\/p>\n<p>Principales Caracter\u00edsticas<\/p>\n<ul>\n<li>Supervisa el dispositivo de notificaci\u00f3n de 12 VDC o 24 VDC circuitos (NACs).<\/li>\n<li>Interruptor de silenciamiento de se\u00f1al supervisado el circuito del aparato de notificaci\u00f3n tiene una calificaci\u00f3n de 3.0 A.<\/li>\n<li>M\u00faltiples configuraciones de m\u00f3dulo.<\/li>\n<li>Se monta en la carcasa del panel.<\/li>\n<\/ul>\n<p>Especificaciones<\/p>\n<p>El\u00e9ctricas<\/p>\n<p>Alimentaci\u00f3n externa en:<\/p>\n<ul>\n<li>Corriente: 3.0 un m\u00e1ximo.<\/li>\n<li>Voltaje: 12 VDC o 24 VDC nominal.<\/li>\n<\/ul>\n<p>Alimentaci\u00f3n auxiliar en:<\/p>\n<ul>\n<li>Corriente: 100 mA m\u00e1ximo<\/li>\n<li>Voltaje: 12 VDC nominal<\/li>\n<li>Control de zona de supervisi\u00f3n<\/li>\n<li>Corriente: 5 mA m\u00e1ximo<\/li>\n<\/ul>\n<p>Mec\u00e1nicas<\/p>\n<ul>\n<li>Dimensiones: 5 pulg. X 3 pulg. X 0,75 pulg. (13 cm x 8 cm x 2 cm).<\/li>\n<\/ul>\n<p>&nbsp;<\/p>\n<\/div>\n<\/div>\n<hr class=\"padding-bottom-2x\" \/>\n<div class=\"row align-items-center padding-bottom-2x\">\n<div class=\"col-md-5 order-md-2\"><img decoding=\"async\" class=\"d-block m-auto img-thumbnail\" src=\"https:\/\/tvc.mx\/media\/637006\/400x300-estaci%C3%B3n-manual.png\" alt=\" \" \/><\/div>\n<div class=\"col-md-7 order-md-1 text-md-left text-center\">\n<h2>Estaci\u00f3n Manual convencional rojo FMM-100SATK<\/h2>\n<p class=\"text-muted\">\n<p>Principales caracter\u00edsticas<\/p>\n<ul>\n<li class=\"ql-align-justify\">Acci\u00f3n simple o dual .<\/li>\n<li class=\"ql-align-justify\">Terminales de conexi\u00f3n.<\/li>\n<li class=\"ql-align-justify\">Contactos de alarma chapadas en oro para ofrecer resistencia frente a la corrosi\u00f3n.<\/li>\n<li class=\"ql-align-justify\">Montaje superficial o cajas traseras a prueba de intemperie.<\/li>\n<\/ul>\n<p>Especificaciones<\/p>\n<p>El\u00e9ctricas<\/p>\n<ul>\n<li class=\"ql-align-justify\">Valores nominales de conmutaci\u00f3n 1 A a 30 VCC o 125 VCA.<\/li>\n<\/ul>\n<p>Ambientales<\/p>\n<ul>\n<li class=\"ql-align-justify\">Humedad relativa 90 % a +38 \u00b0C (+100 \u00b0F).<\/li>\n<li class=\"ql-align-justify\">Temperatura (funcionamiento): De +40 \u00b0F a +150 \u00b0F (-40 \u00b0C a +66 \u00b0C).<\/li>\n<\/ul>\n<p>Mec\u00e1nica<\/p>\n<ul>\n<li class=\"ql-align-justify\">Color: Rojo.<\/li>\n<li class=\"ql-align-justify\">Dimensiones (Al. x An. x Pr.): 12 cm x 8,3 cm x 2,8 cm (4,75&#8243; x 3,25&#8243; x 1,1&#8243;).<\/li>\n<li class=\"ql-align-justify\">Material: Metal fundido.<\/li>\n<\/ul>\n<p>&nbsp;<\/p>\n<\/div>\n<\/div>\n<hr class=\"padding-bottom-2x\" \/>\n<div class=\"row align-items-center padding-bottom-2x\">\n<div class=\"col-md-5\"><img decoding=\"async\" class=\"d-block m-auto img-thumbnail\" src=\"https:\/\/tvc.mx\/media\/637010\/400x300-estrobo.png\" alt=\" \" \/><\/div>\n<div class=\"col-md-7 text-md-left text-center\">\n<h2>Sirena-Estrobo W-HSR<\/h2>\n<p class=\"text-muted\">\n<h2>Caracter\u00edsticas y Especificaciones<\/h2>\n<p class=\"ql-align-justify\">Nota: W-HSR Luz estr pared 2 cab 15-185cd 12\/24V rojo<\/p>\n<p class=\"ql-align-justify\">Bocina con luz estrobosc\u00f3pica roja rectangular de dos cables con tres opciones de volumen y ocho opciones de candela seleccionables sobre el terreno. W-HSW Luz estr pared 2 cab 15-185cd 12\/24V.<\/p>\n<p class=\"ql-align-justify\">Numero de pedido: W-HSR.<\/p>\n<p class=\"ql-align-justify\">Principales Caracter\u00edsticas<\/p>\n<ul>\n<li class=\"ql-align-justify\">Est\u00e9tica moderna y elegante.<\/li>\n<li class=\"ql-align-justify\">Varias tensiones (12 VCC o 24 VCC).<\/li>\n<li class=\"ql-align-justify\">Puntos de prueba de tensi\u00f3n.<\/li>\n<li class=\"ql-align-justify\">Ocho opciones de candelas de la luz estrobosc\u00f3pica y tres opciones de volumen de la bocina.<\/li>\n<li class=\"ql-align-justify\">Base de montaje universal.<\/li>\n<\/ul>\n<p class=\"ql-align-justify\">Especificaciones<\/p>\n<p class=\"ql-align-justify\">El\u00e9ctricas<\/p>\n<p class=\"ql-align-justify\">Consumo de corriente de la bocina y la luz estrobosc\u00f3pica 24 V nominales (rango de 16,0 V a 33,0 V):<\/p>\n<ul>\n<li class=\"ql-align-justify\">Tensi\u00f3n Tipo: CC.<\/li>\n<li class=\"ql-align-justify\">Volumen Ajuste: Alta.<\/li>\n<li class=\"ql-align-justify\">Consumo de Corriente: 15 cd: 82 mA, 15\/75 cd: 95 mA, 30 cd: 102 mA, 75 cd: 148 mA, 95 cd: 176 mA, 110 cd: 197 mA, 135 cd: 242 mA, 185 cd: 282 mA.<\/li>\n<\/ul>\n<p class=\"ql-align-justify\">12 V nominales (rango de 8,0 V a 17,5 V):<\/p>\n<ul>\n<li class=\"ql-align-justify\">Tensi\u00f3n Tipo: CC.<\/li>\n<li class=\"ql-align-justify\">Volumen Ajuste: Alta<\/li>\n<li class=\"ql-align-justify\">Consumo de Corriente: 15 cd: 125 mA, 15\/75 cd: 159 mA.<\/li>\n<\/ul>\n<p class=\"ql-align-justify\">Tensi\u00f3n (entrada):<\/p>\n<ul>\n<li class=\"ql-align-justify\">Regulada: 12 VCC. Rango:8,0 V a 17,5 V.<\/li>\n<li class=\"ql-align-justify\">Regulada: 24 VCC o Vrms. Rango: De 16,0 V a 33,0 V.<\/li>\n<\/ul>\n<p class=\"ql-align-justify\">Ambientales<\/p>\n<ul>\n<li class=\"ql-align-justify\">Entorno: Interior, seco Humedad relativa: 93\u00b12% m\u00e1ximo, sin condensaci\u00f3n.<\/li>\n<li class=\"ql-align-justify\">Temperatura (funcionamiento): De 0 \u00b0C a +49 \u00b0C (de +32 \u00b0F a +120 \u00b0F).<\/li>\n<\/ul>\n<p class=\"ql-align-justify\">Mec\u00e1nica<\/p>\n<ul>\n<li class=\"ql-align-justify\">Valores nominales de candelas : 15 cd, 15\/75 cd3 , 30 cd, 75 cd, 95 cd, 110 cd, 135 cd o 185 cd.<\/li>\n<li class=\"ql-align-justify\">Dimensiones: 133,1 mm x 116,4 mm x 55,7 mm (5,24&#8243; x 4,58&#8243; x 2,19&#8243;).<\/li>\n<li class=\"ql-align-justify\">Material: Carcasa de pl\u00e1stico moldeado con un tubo de descarga de xen\u00f3n y una lente de Lexan.<\/li>\n<li class=\"ql-align-justify\">Ajustes de volumen: 90 dB, 95 dB o 99 dB.<\/li>\n<\/ul>\n<p>&nbsp;<\/p>\n<\/div>\n<\/div>\n<hr class=\"padding-bottom-2x\" \/>\n<div class=\"row align-items-center padding-bottom-2x\">\n<div class=\"col-md-5 order-md-2\"><img decoding=\"async\" class=\"d-block m-auto img-thumbnail\" src=\"https:\/\/tvc.mx\/media\/637026\/400x300-popit.png\" alt=\" \" \/><\/div>\n<div class=\"col-md-7 order-md-1 text-md-left text-center\">\n<h2>M\u00f3dulo POPIT D9127U<\/h2>\n<p class=\"text-muted\">\n<h2>Caracter\u00edsticas y Especificaciones<\/h2>\n<p>Nota:\u00a0D9127U M\u00f3dulo de entrada POPIT sin sabotaje<\/p>\n<p>Sin interruptor de sabotaje.<\/p>\n<p>N\u00famero de pedido: D9127U<\/p>\n<p>Principales caracter\u00edsticas<\/p>\n<ul>\n<li class=\"ql-align-justify\">Proporciona identificaci\u00f3n de puntos de dispositivos iniciadores.<\/li>\n<li class=\"ql-align-justify\">Supervisa el cableado a los dispositivos para la integridad del circuito.<\/li>\n<li class=\"ql-align-justify\">Expande el n\u00famero de puntos en el sistema Tama\u00f1o compacto.<\/li>\n<li class=\"ql-align-justify\">Conexiones de terminal para confiabilidad<\/li>\n<\/ul>\n<p>Especificaciones<\/p>\n<p>Consideraciones ambientales<\/p>\n<ul>\n<li class=\"ql-align-justify\">Humedad relativa Hasta 93% sin condensaci\u00f3n<\/li>\n<li class=\"ql-align-justify\">Temperatura (operando): De 0 \u00b0 C a + 60 \u00b0 C (+ 32 \u00b0 F a + 140 \u00b0 F).<\/li>\n<li class=\"ql-align-justify\">Para instalaciones certificadas por UL: 0 \u00b0 C a + 50 \u00b0 C (+ 32 \u00b0 F a + 122 \u00b0 F).<\/li>\n<\/ul>\n<p>Propiedades<\/p>\n<ul>\n<li class=\"ql-align-justify\">Color: blanco roto.<\/li>\n<li class=\"ql-align-justify\">Dimensiones 8.1 cm x 3.8 cm x 2.4 cm (3.2 pulg. X 1.5 pulg. X 0.9 pulg.)<\/li>\n<li class=\"ql-align-justify\">Material: UL listado resistente al fuego<\/li>\n<\/ul>\n<p>Requerimientos de energ\u00eda<\/p>\n<ul>\n<li class=\"ql-align-justify\">Consumo de corriente 0.8 mA m\u00e1ximo<\/li>\n<li class=\"ql-align-justify\">Resistencia Incremento m\u00e1ximo de resistencia en el POPIT el bucle es de 1000 \u03a9. M\u00e1xima resistencia entrelos m\u00f3dulos D8125 o B299 y cada POPIT es de 90 \u03a9.<\/li>\n<li class=\"ql-align-justify\">Voltaje (en funcionamiento) 12 V CC nominal.<\/li>\n<\/ul>\n<p>Lazo del sensor<\/p>\n<ul>\n<li class=\"ql-align-justify\">Resistencia La resistencia m\u00e1xima en el lazo del sensor es<\/li>\n<li class=\"ql-align-justify\">100 \u03a9.<\/li>\n<li class=\"ql-align-justify\">Tiempo de respuesta 1 seg. Aproximadamente<\/li>\n<\/ul>\n<p>&nbsp;<\/p>\n<\/div>\n<\/div>\n<hr class=\"padding-bottom-2x\" \/>\n<div class=\"row align-items-center padding-bottom-2x\">\n<div class=\"col-md-5\"><img decoding=\"async\" class=\"d-block m-auto img-thumbnail\" src=\"https:\/\/tvc.mx\/media\/637034\/400x300-detector.png\" alt=\" \" \/><\/div>\n<div class=\"col-md-7 text-md-left text-center\">\n<h2>Detector de Humo D273<\/h2>\n<p class=\"text-muted\">\n<p>Principales caracter\u00edsticas<\/p>\n<ul>\n<li class=\"ql-align-justify\">Entrada de 12 VCC o 24 VCC.<\/li>\n<li class=\"ql-align-justify\">Dise\u00f1ados para el uso comercial o residencial.<\/li>\n<li class=\"ql-align-justify\">Aplicaci\u00f3n de cuatro cables.<\/li>\n<li class=\"ql-align-justify\">Diodos electroluminiscentes (LED) que indican el estado de la c\u00e1mara, la alimentaci\u00f3n y la alarma.<\/li>\n<li class=\"ql-align-justify\">Bloque de terminales extra\u00edble para simplificar las conexiones de cableado.<\/li>\n<\/ul>\n<p>Especificaciones<\/p>\n<p>Ambientales<\/p>\n<ul>\n<li class=\"ql-align-justify\">Humedad relativa: Hasta 93%, sin condensaci\u00f3n.<\/li>\n<li class=\"ql-align-justify\">Funcionamiento y almacenamiento Temperatura: De 0 \u00b0C a +40 \u00b0C (de +32 \u00b0F a +120 \u00b0F).<\/li>\n<li class=\"ql-align-justify\">Inmunidad a la interferencia de radiofrecuencia (RFI, Radio Frequency Interference): Sin configuraci\u00f3n ni alarma en frecuencias cr\u00edticas dentro del rango de 26 MHz a 950 MHz.<\/li>\n<\/ul>\n<p>Mec\u00e1nicas<\/p>\n<ul>\n<li class=\"ql-align-justify\">Dimensiones (di\u00e1metro x altura): 12,7 cm x 5,1 cm (5 in x 2 in).<\/li>\n<li class=\"ql-align-justify\">Material: Pl\u00e1stico ABS retardante de fuego y resistente a altos impactos.<\/li>\n<\/ul>\n<p>Alimentaci\u00f3n<\/p>\n<ul>\n<li class=\"ql-align-justify\">Tiempo de encendido: 22 segundos como m\u00e1ximo.<\/li>\n<li class=\"ql-align-justify\">Fluctuaci\u00f3n RMS: 25 % de CC de entrada m\u00e1xima.<\/li>\n<li class=\"ql-align-justify\">Voltaje (reposo): De 10 VDC a 30 VDC.<\/li>\n<\/ul>\n<p>Consumo de corriente (alarma) a 30 VCC<\/p>\n<ul>\n<li class=\"ql-align-justify\">D273, D273TH: 18 mA m\u00e1ximo.<\/li>\n<li class=\"ql-align-justify\">D273THC: 33 mA m\u00e1ximo.<\/li>\n<li class=\"ql-align-justify\">D273THE, D273THR: 36 mA m\u00e1ximo.<\/li>\n<li class=\"ql-align-justify\">D273THS: 78 mA m\u00e1ximo.<\/li>\n<li class=\"ql-align-justify\">D273THCS: 90 mA m\u00e1ximo.<\/li>\n<li class=\"ql-align-justify\">D273THES: 96 mA m\u00e1ximo.<\/li>\n<li class=\"ql-align-justify\">D273IS: 100 mA como m\u00e1ximo.<\/li>\n<\/ul>\n<p>Consumo de corriente (reposo)<\/p>\n<ul>\n<li class=\"ql-align-justify\">D273, D273TH, D27THC, D273THCS, D273THS: 0,1 mA como m\u00e1ximo.<\/li>\n<li class=\"ql-align-justify\">D273IS: 15 mA.<\/li>\n<li class=\"ql-align-justify\">D273THE, D273THES: 15 mA.<\/li>\n<li class=\"ql-align-justify\">D273THR: 18 mA como m\u00e1ximo.<\/li>\n<\/ul>\n<\/div>\n<\/div>\n","protected":false},"excerpt":{"rendered":"<p>Resumen Este es un kit completo para incendio con certificaci\u00f3n UL, puede soportar hasta 99 dispositivos, sensores o estaciones manuales, el paquete consiste en: 1\u00a0Panel B8512G\u00a0RBM019020 1\u00a0Transformador D1640\u00a0RBM171002 1\u00a0Gabinete Color Rojo D8109\u00a0RBM155001 1\u00a0Teclado para incendio B926F\u00a0RBM430002 1\u00a0USB Dongle para RPS D5370-USB\u00a0RBM411010 1\u00a0M\u00f3dulo POPEX B299 (hasta&hellip;<\/p>\n","protected":false},"featured_media":6028,"comment_status":"open","ping_status":"closed","template":"","meta":{"om_disable_all_campaigns":false,"_monsterinsights_skip_tracking":false,"_monsterinsights_sitenote_active":false,"_monsterinsights_sitenote_note":"","_monsterinsights_sitenote_category":0},"product_brand":[],"product_cat":[506],"product_tag":[495,497,498,499,500,501,496,502],"class_list":{"0":"post-6029","1":"product","2":"type-product","3":"status-publish","4":"has-post-thumbnail","6":"product_cat-paneles-de-control-bosch-incendio-2","7":"product_tag-control-de-incendio","8":"product_tag-detectores","9":"product_tag-estacion-manual","10":"product_tag-estrobos-y-sirenas","11":"product_tag-modulos","12":"product_tag-paneles-de-control","13":"product_tag-sistemas-de-incendio","14":"product_tag-teclados","16":"first","17":"instock","18":"sale","19":"taxable","20":"shipping-taxable","21":"purchasable","22":"product-type-simple"},"aioseo_notices":[],"_links":{"self":[{"href":"https:\/\/tecsecmty.com\/index.php\/wp-json\/wp\/v2\/product\/6029","targetHints":{"allow":["GET"]}}],"collection":[{"href":"https:\/\/tecsecmty.com\/index.php\/wp-json\/wp\/v2\/product"}],"about":[{"href":"https:\/\/tecsecmty.com\/index.php\/wp-json\/wp\/v2\/types\/product"}],"replies":[{"embeddable":true,"href":"https:\/\/tecsecmty.com\/index.php\/wp-json\/wp\/v2\/comments?post=6029"}],"version-history":[{"count":0,"href":"https:\/\/tecsecmty.com\/index.php\/wp-json\/wp\/v2\/product\/6029\/revisions"}],"wp:featuredmedia":[{"embeddable":true,"href":"https:\/\/tecsecmty.com\/index.php\/wp-json\/wp\/v2\/media\/6028"}],"wp:attachment":[{"href":"https:\/\/tecsecmty.com\/index.php\/wp-json\/wp\/v2\/media?parent=6029"}],"wp:term":[{"taxonomy":"product_brand","embeddable":true,"href":"https:\/\/tecsecmty.com\/index.php\/wp-json\/wp\/v2\/product_brand?post=6029"},{"taxonomy":"product_cat","embeddable":true,"href":"https:\/\/tecsecmty.com\/index.php\/wp-json\/wp\/v2\/product_cat?post=6029"},{"taxonomy":"product_tag","embeddable":true,"href":"https:\/\/tecsecmty.com\/index.php\/wp-json\/wp\/v2\/product_tag?post=6029"}],"curies":[{"name":"wp","href":"https:\/\/api.w.org\/{rel}","templated":true}]}}