{"id":6033,"date":"2023-02-23T11:45:24","date_gmt":"2023-02-23T17:45:24","guid":{"rendered":"https:\/\/tecsecmty.com\/index.php\/producto\/bosch-f_d8109-gabinete-color-rojo-contra-incendios-certificacion-ul\/"},"modified":"2023-03-22T23:21:04","modified_gmt":"2023-03-23T05:21:04","slug":"bosch-f_d8109-gabinete-color-rojo-contra-incendios-certificacion-ul","status":"publish","type":"product","link":"https:\/\/tecsecmty.com\/index.php\/producto\/bosch-f_d8109-gabinete-color-rojo-contra-incendios-certificacion-ul\/","title":{"rendered":"BOSCH F_D8109 &#8211; Gabinete color rojo \/ Contra incendios \/ Certificacion UL"},"content":{"rendered":"<h5 class=\"card-title text-center\">D8109 Carcasa incendio, 16x16x3.5&#8243;, roja<\/h5>\n<p class=\"ql-align-justify\"><strong>La carcasa es de color rojo, calibre 16 (1,5 mm) laminado en fr\u00edo caja de acero para paneles de control.<\/strong>\u00a0UL listado para alarma de incendio \/ robo residencial y comercial<\/p>\n<p class=\"ql-align-justify\">aplicaciones.\u00a0Carcasa de color rojo, 41 cm x 41 cm x 9 cm (16 pulg. x 16 pulg. x 3,5 pulg.), acero laminado en fr\u00edo de calibre 16 (1,5 mm), bisagra de longitud completa, cerradura D101F y 2 llaves D102F, con certificaci\u00f3n UL para aplicaciones antiincendios o antirrobo de uso comercial.<\/p>\n<p class=\"ql-align-justify\"><strong>Nota:\u00a0<\/strong>D8109 Carcasa incendio, 16x16x3.5&#8243;, roja<\/p>\n<p class=\"ql-align-justify\">Carcasa de color rojo, 41 cm x 41 cm x 9 cm (16 pulg. x 16 pulg. x 3,5 pulg.)<\/p>\n<p class=\"ql-align-justify\"><strong>Principales caracter\u00edsticas<\/strong><\/p>\n<ul>\n<li class=\"ql-align-justify\">Certificaci\u00f3n UL para aplicaciones antiincendios o alarmas antirrobo de uso residencial y comercial.<\/li>\n<li class=\"ql-align-justify\">Construcci\u00f3n robusta: acero laminado en fr\u00edo de calibre 16 (1,5 mm) con bisagras de longitud completa.<\/li>\n<li class=\"ql-align-justify\">Disponen de cerradura y juego de llaves u F\u00e1ciles de montar.<\/li>\n<\/ul>\n<p class=\"ql-align-justify\"><strong>Especificaciones<\/strong><\/p>\n<p class=\"ql-align-justify\"><strong>Ambientales<\/strong><\/p>\n<ul>\n<li class=\"ql-align-justify\">Entorno Interior, seco.<\/li>\n<\/ul>\n<p class=\"ql-align-justify\"><strong>Mec\u00e1nicas<\/strong><\/p>\n<ul>\n<li class=\"ql-align-justify\">Color Gris o Rojo D8109G D8109\/D8109-1358.<\/li>\n<li class=\"ql-align-justify\">Dimensiones (largo \u00d7 ancho \u00d7 alto ) 41 cm \u00d7 41 cm \u00d7 9 cm (16 pulg. \u00d7 16 pulg. \u00d7 3.5 pulg.)<\/li>\n<li class=\"ql-align-justify\">Material acero laminado en fr\u00edo, calibre 16 (1,5 mm).<\/li>\n<\/ul>\n<p class=\"ql-align-justify\"><strong>Cerradura y llaves<\/strong><\/p>\n<ul>\n<li class=\"ql-align-justify\">D8109\/D8109G: Cerradura D101F con dos llaves D102F (ambas marcadas con 203).<\/li>\n<li class=\"ql-align-justify\">D8109-1358: Cerradura D101 con dos llaves D102 (ambas marcadas con 1358).<\/li>\n<\/ul>\n<p class=\"ql-align-justify\"><strong>Peso<\/strong><\/p>\n<ul>\n<li class=\"ql-align-justify\">Bruto: 6,53 kg (14,4 libras).<\/li>\n<li class=\"ql-align-justify\">Neto: 5,62 kg (12,38 libras).<\/li>\n<\/ul>\n<p><img decoding=\"async\" class=\"overview-center-img-web\" src=\"https:\/\/tvc.mx\/media\/33024\/Logoopaginas-oficial-1920x400.png\" alt=\"\" \/><\/p>\n","protected":false},"excerpt":{"rendered":"<p>D8109 Carcasa incendio, 16x16x3.5&#8243;, roja La carcasa es de color rojo, calibre 16 (1,5 mm) laminado en fr\u00edo caja de acero para paneles de control.\u00a0UL listado para alarma de incendio \/ robo residencial y comercial aplicaciones.\u00a0Carcasa de color rojo, 41 cm x 41 cm x&hellip;<\/p>\n","protected":false},"featured_media":6032,"comment_status":"open","ping_status":"closed","template":"","meta":{"om_disable_all_campaigns":false,"_monsterinsights_skip_tracking":false,"_monsterinsights_sitenote_active":false,"_monsterinsights_sitenote_note":"","_monsterinsights_sitenote_category":0},"product_brand":[],"product_cat":[506],"product_tag":[495,497,498,499,500,501,496,502],"class_list":{"0":"post-6033","1":"product","2":"type-product","3":"status-publish","4":"has-post-thumbnail","6":"product_cat-paneles-de-control-bosch-incendio-2","7":"product_tag-control-de-incendio","8":"product_tag-detectores","9":"product_tag-estacion-manual","10":"product_tag-estrobos-y-sirenas","11":"product_tag-modulos","12":"product_tag-paneles-de-control","13":"product_tag-sistemas-de-incendio","14":"product_tag-teclados","16":"first","17":"instock","18":"sale","19":"taxable","20":"shipping-taxable","21":"purchasable","22":"product-type-simple"},"aioseo_notices":[],"_links":{"self":[{"href":"https:\/\/tecsecmty.com\/index.php\/wp-json\/wp\/v2\/product\/6033","targetHints":{"allow":["GET"]}}],"collection":[{"href":"https:\/\/tecsecmty.com\/index.php\/wp-json\/wp\/v2\/product"}],"about":[{"href":"https:\/\/tecsecmty.com\/index.php\/wp-json\/wp\/v2\/types\/product"}],"replies":[{"embeddable":true,"href":"https:\/\/tecsecmty.com\/index.php\/wp-json\/wp\/v2\/comments?post=6033"}],"version-history":[{"count":0,"href":"https:\/\/tecsecmty.com\/index.php\/wp-json\/wp\/v2\/product\/6033\/revisions"}],"wp:featuredmedia":[{"embeddable":true,"href":"https:\/\/tecsecmty.com\/index.php\/wp-json\/wp\/v2\/media\/6032"}],"wp:attachment":[{"href":"https:\/\/tecsecmty.com\/index.php\/wp-json\/wp\/v2\/media?parent=6033"}],"wp:term":[{"taxonomy":"product_brand","embeddable":true,"href":"https:\/\/tecsecmty.com\/index.php\/wp-json\/wp\/v2\/product_brand?post=6033"},{"taxonomy":"product_cat","embeddable":true,"href":"https:\/\/tecsecmty.com\/index.php\/wp-json\/wp\/v2\/product_cat?post=6033"},{"taxonomy":"product_tag","embeddable":true,"href":"https:\/\/tecsecmty.com\/index.php\/wp-json\/wp\/v2\/product_tag?post=6033"}],"curies":[{"name":"wp","href":"https:\/\/api.w.org\/{rel}","templated":true}]}}