{"id":6035,"date":"2023-02-23T11:45:27","date_gmt":"2023-02-23T17:45:27","guid":{"rendered":"https:\/\/tecsecmty.com\/index.php\/producto\/bosch-f_eph0012a-cabina-de-ampliacion-para-12-modulos-montaje-en-bastidor-3-rieles\/"},"modified":"2023-03-22T23:21:04","modified_gmt":"2023-03-23T05:21:04","slug":"bosch-f_eph0012a-cabina-de-ampliacion-para-12-modulos-montaje-en-bastidor-3-rieles","status":"publish","type":"product","link":"https:\/\/tecsecmty.com\/index.php\/producto\/bosch-f_eph0012a-cabina-de-ampliacion-para-12-modulos-montaje-en-bastidor-3-rieles\/","title":{"rendered":"BOSCH F_EPH0012A- CABINA DE AMPLIACION PARA 12 MODULOS\/ MONTAJE EN BASTIDOR\/ 3 RIELES"},"content":{"rendered":"<h5 class=\"card-title text-center\">Cabina de ampliaci\u00f3n para 12 m\u00f3dulos EPH 0012 A<\/h5>\n<p class=\"ql-align-justify\"><strong>Planificaci\u00f3n<\/strong><\/p>\n<p class=\"ql-align-justify\"><strong>Se requiere el siguiente equipo para la carcasa de ampliaci\u00f3n EPH 0012 A, instalaci\u00f3n en bastidor:<\/strong><\/p>\n<ul>\n<li class=\"ql-align-justify\">Un bastidor de montaje grande FBH 0000 A o bien.<\/li>\n<li class=\"ql-align-justify\">Un kit de instalaci\u00f3n en rack FRB 0019 A para racks de 482,6 mm (19&#8243;).<\/li>\n<\/ul>\n<p class=\"ql-align-justify\"><strong>Puede equiparse con:<\/strong><\/p>\n<ul>\n<li class=\"ql-align-justify\">3 ra\u00edles de central largos PRD 0004 A, cada uno para 4 m\u00f3dulos.<\/li>\n<\/ul>\n<p class=\"ql-align-justify\"><strong>Puede ampliarse con:<\/strong><\/p>\n<ul>\n<li class=\"ql-align-justify\">FDT 0000 A Puerta frontal transparente, bloqueo en el lado derecho.<\/li>\n<li class=\"ql-align-justify\">Puerta frontal transparente FDT 0003 A, bloqueo en el lado izquierdo.<\/li>\n<\/ul>\n<p class=\"ql-align-justify\"><strong>Piezas incluidas<\/strong><\/p>\n<p class=\"ql-align-justify\"><strong>Pos. Descripci\u00f3n<\/strong><\/p>\n<ul>\n<li class=\"ql-align-justify\">1 Carcasa.<\/li>\n<li class=\"ql-align-justify\">1 Cable de conexi\u00f3n de bus CAN, longitud de cable de 190 cm.<\/li>\n<\/ul>\n<p class=\"ql-align-justify\"><strong>Nota: Cabina de ampliaci\u00f3n para 12 m\u00f3dulos EPH 0012 A<\/strong><\/p>\n<p class=\"ql-align-justify\"><strong>Cabina de ampliaci\u00f3n para 12 m\u00f3dulos, montaje en bastidor para montaje en superficie o instalaci\u00f3n en racks de 482,6 mm (19&#8243;).<\/strong><\/p>\n<p class=\"ql-align-justify\"><strong>Numero de pedido: EPH 0012 A\u00a0<\/strong><\/p>\n<p><img decoding=\"async\" class=\"overview-center-img-web\" src=\"https:\/\/tvc.mx\/media\/39291\/Logoopaginas-oficial-1920x400.png\" alt=\"\" \/><\/p>\n","protected":false},"excerpt":{"rendered":"<p>Cabina de ampliaci\u00f3n para 12 m\u00f3dulos EPH 0012 A Planificaci\u00f3n Se requiere el siguiente equipo para la carcasa de ampliaci\u00f3n EPH 0012 A, instalaci\u00f3n en bastidor: Un bastidor de montaje grande FBH 0000 A o bien. Un kit de instalaci\u00f3n en rack FRB 0019 A&hellip;<\/p>\n","protected":false},"featured_media":6034,"comment_status":"open","ping_status":"closed","template":"","meta":{"om_disable_all_campaigns":false,"_monsterinsights_skip_tracking":false,"_monsterinsights_sitenote_active":false,"_monsterinsights_sitenote_note":"","_monsterinsights_sitenote_category":0},"product_brand":[],"product_cat":[506],"product_tag":[495,497,498,499,500,501,496,502],"class_list":{"0":"post-6035","1":"product","2":"type-product","3":"status-publish","4":"has-post-thumbnail","6":"product_cat-paneles-de-control-bosch-incendio-2","7":"product_tag-control-de-incendio","8":"product_tag-detectores","9":"product_tag-estacion-manual","10":"product_tag-estrobos-y-sirenas","11":"product_tag-modulos","12":"product_tag-paneles-de-control","13":"product_tag-sistemas-de-incendio","14":"product_tag-teclados","16":"first","17":"instock","18":"sale","19":"taxable","20":"shipping-taxable","21":"purchasable","22":"product-type-simple"},"aioseo_notices":[],"_links":{"self":[{"href":"https:\/\/tecsecmty.com\/index.php\/wp-json\/wp\/v2\/product\/6035","targetHints":{"allow":["GET"]}}],"collection":[{"href":"https:\/\/tecsecmty.com\/index.php\/wp-json\/wp\/v2\/product"}],"about":[{"href":"https:\/\/tecsecmty.com\/index.php\/wp-json\/wp\/v2\/types\/product"}],"replies":[{"embeddable":true,"href":"https:\/\/tecsecmty.com\/index.php\/wp-json\/wp\/v2\/comments?post=6035"}],"version-history":[{"count":0,"href":"https:\/\/tecsecmty.com\/index.php\/wp-json\/wp\/v2\/product\/6035\/revisions"}],"wp:featuredmedia":[{"embeddable":true,"href":"https:\/\/tecsecmty.com\/index.php\/wp-json\/wp\/v2\/media\/6034"}],"wp:attachment":[{"href":"https:\/\/tecsecmty.com\/index.php\/wp-json\/wp\/v2\/media?parent=6035"}],"wp:term":[{"taxonomy":"product_brand","embeddable":true,"href":"https:\/\/tecsecmty.com\/index.php\/wp-json\/wp\/v2\/product_brand?post=6035"},{"taxonomy":"product_cat","embeddable":true,"href":"https:\/\/tecsecmty.com\/index.php\/wp-json\/wp\/v2\/product_cat?post=6035"},{"taxonomy":"product_tag","embeddable":true,"href":"https:\/\/tecsecmty.com\/index.php\/wp-json\/wp\/v2\/product_tag?post=6035"}],"curies":[{"name":"wp","href":"https:\/\/api.w.org\/{rel}","templated":true}]}}