{"id":6037,"date":"2023-02-23T11:45:31","date_gmt":"2023-02-23T17:45:31","guid":{"rendered":"https:\/\/tecsecmty.com\/index.php\/producto\/bosch-f_fpa-remote-gateway-gateaway-de-acceso-remoto-para-panel-fpa5000\/"},"modified":"2023-03-22T23:21:12","modified_gmt":"2023-03-23T05:21:12","slug":"bosch-f_fpa-remote-gateway-gateaway-de-acceso-remoto-para-panel-fpa5000","status":"publish","type":"product","link":"https:\/\/tecsecmty.com\/index.php\/producto\/bosch-f_fpa-remote-gateway-gateaway-de-acceso-remoto-para-panel-fpa5000\/","title":{"rendered":"BOSCH F_FPA REMOTE GATEWAY- GATEAWAY DE ACCESO REMOTO PARA PANEL FPA5000"},"content":{"rendered":"<h5 class=\"card-title text-center\">Puerta de acceso a la red segura con licencia de Remote Services incluida C1500<\/h5>\n<p class=\"ql-align-justify\"><strong>Esta puerta de acceso a la red segura proporciona una conexi\u00f3n a Internet altamente segura para los sistemas FPA-5000\/1200.<\/strong>\u00a0Est\u00e1 preconfigurada para habilitar Remote Services con una conexi\u00f3n plug-and-play con el puerto Ethernet de la FPA-5000\/FPA-1200. Al registrar por primera vez una central de incendio en el Remote Portal de Bosch mediante la puerta de acceso a la red segura, se crea una licencia por un a\u00f1o de todos los elementos de Remote Services (Remote Connect, Remote Alert, Remote Maintenance) y se asigna a la cuenta del integrador de sistemas.<\/p>\n<p class=\"ql-align-justify\"><strong>Resumen del sistema<\/strong><\/p>\n<p class=\"ql-align-justify\">Remote Services ofrece un conjunto de tres servicios para integradores de sistemas mediante una conexi\u00f3n remota y segura a Internet para FPA-5000\/1200. Remote Connect Con Remote Connect, todas las funciones de servicio y mantenimiento que permite el software de programaci\u00f3n remota FSP-5000-RPS para FPA-5000\/1200 se pueden ejecutar remotamente (p. ej. terminal remoto, configuraci\u00f3n de la central, soluci\u00f3n de problemas).<\/p>\n<p class=\"ql-align-justify\"><strong>Remote Maintenance<\/strong><\/p>\n<p class=\"ql-align-justify\">Con Remote Maintenance activado, se recopilan los datos caracter\u00edsticos de los dispositivos LSN relevantes y m\u00f3dulos FPA-5000\/FPA-1200 y se env\u00edan al Remote Portal de Bosch, donde se pueden analizar con el fin de ofrecer servicios de prevenci\u00f3n a los clientes.<\/p>\n<p class=\"ql-align-justify\"><strong>Remote Alert<\/strong><\/p>\n<p class=\"ql-align-justify\">Con el servicio Remote Alert activado, un sistema FPA-5000\/FPA-1200 env\u00eda informaci\u00f3n relevante sobre estado y eventos (como alarmas o mensajes de fallo) al Remote Portal de Bosch. Si se produce un evento inesperado, se puede enviar una alerta, por ejemplo, en forma de SMS o de correo electr\u00f3nico, a un t\u00e9cnico para que pueda tomar las medidas pertinentes de inmediato.<\/p>\n<p class=\"ql-align-justify\">Adem\u00e1s de enviar notificaciones, todos los eventos exportados por la red de FPA-5000\/FPA-1200 se almacenan en el Remote Portal de Bosch. Esta informaci\u00f3n acumulada se puede procesar y analizar a fin de detectar posibles fallos en la red FPA-5000\/ FPA-1200 con antelaci\u00f3n.<\/p>\n<p class=\"ql-align-justify\"><strong>Funciones b\u00e1sicas<\/strong><\/p>\n<p class=\"ql-align-justify\"><strong>Especificaciones de hardware del sistema base<\/strong><\/p>\n<ul>\n<li class=\"ql-align-justify\">Procesador de 500 MHz (sin ventilador).<\/li>\n<li class=\"ql-align-justify\">256 MB de RAM.<\/li>\n<li class=\"ql-align-justify\">4 GB de memoria para SO (Compact Flash, arranque dual).<\/li>\n<li class=\"ql-align-justify\">2 puertos Ethernet 10\/100 BaseT (Wake on LAN, Power over Ethernet pasivo) .<\/li>\n<li class=\"ql-align-justify\">1 LED de alimentaci\u00f3n.<\/li>\n<li class=\"ql-align-justify\">2 LED con informaci\u00f3n ampliada de estado (configurables).<\/li>\n<li class=\"ql-align-justify\">2 puertos USB 2.0 (por ejemplo, para realizar copias de seguridad o hardware externo).<\/li>\n<li class=\"ql-align-justify\">1 puerto de consola RS232 (para depuraci\u00f3n o monitorizaci\u00f3n).<\/li>\n<li class=\"ql-align-justify\">SIM dual (2 x mini-SIM para estrategias de copias de seguridad).<\/li>\n<li class=\"ql-align-justify\">Reloj en tiempo real.<\/li>\n<\/ul>\n<p class=\"ql-align-justify\"><strong>Caracter\u00edsticas generales del router<\/strong><\/p>\n<ul>\n<li class=\"ql-align-justify\">Cliente\/rel\u00e9\/servidor de Network Time Protocol (NTP).<\/li>\n<li class=\"ql-align-justify\">Cliente\/rel\u00e9\/servidor de Dynamic Host Control Protocol (DHCP).<\/li>\n<li class=\"ql-align-justify\">DNS din\u00e1mico (DynDNS) y compatibilidad con DNS seguro.<\/li>\n<li class=\"ql-align-justify\">Funci\u00f3n estad\u00edstica y de registros en tiempo real, rotaci\u00f3n de logs, cliente\/servidor Syslog \u2022 FTP (cliente\/servidor\/rel\u00e9, por ejemplo para almacenamiento en b\u00fafer de im\u00e1genes de c\u00e1maras web).<\/li>\n<\/ul>\n<p class=\"ql-align-justify\"><strong>Protocolos de encaminamiento<\/strong><\/p>\n<ul>\n<li class=\"ql-align-justify\">Protocolos IP como IPv4, IPv6, TCP, UDP, ARP, RARP, ICMP.<\/li>\n<li class=\"ql-align-justify\">Routing Information Protocol (RIPv1 y RIPv2) y RIPng.<\/li>\n<li class=\"ql-align-justify\">Open Shortest Path First (OSPF).<\/li>\n<li class=\"ql-align-justify\">Border Gateway Protocol (BGP, BGPv4+).<\/li>\n<li class=\"ql-align-justify\">Sistema intermedio a sistema intermedio (IS-IS).<\/li>\n<li class=\"ql-align-justify\">Compatible con multidifusi\u00f3n.<\/li>\n<li class=\"ql-align-justify\">Spanning Tree Protocol (STP).<\/li>\n<li class=\"ql-align-justify\">Puenteado transparente.<\/li>\n<li class=\"ql-align-justify\">Network Address Translation (NAT) Network Address Port Translation (NAPT).<\/li>\n<li class=\"ql-align-justify\">Point-to-Point Protocol over ATM (PPoA) (solo modelos DSL).<\/li>\n<li class=\"ql-align-justify\">PPP sobre Ethernet (PPPoE).<\/li>\n<li class=\"ql-align-justify\">Puenteado PPPoE y PPPoA (solo modelos DSL).<\/li>\n<li class=\"ql-align-justify\">Generic Routing Encapsulation (GRE).<\/li>\n<li class=\"ql-align-justify\">Web Cache Communication Protocol (WCCP).<\/li>\n<\/ul>\n<p class=\"ql-align-justify\"><strong>Caracter\u00edsticas de seguridad<\/strong><\/p>\n<ul>\n<li class=\"ql-align-justify\">Cortafuegos con inspecci\u00f3n con estado (ampliable mediante secuencias de comandos).<\/li>\n<li class=\"ql-align-justify\">Cortafuegos puente.<\/li>\n<li class=\"ql-align-justify\">Demilitarized Zone (DMZ).<\/li>\n<li class=\"ql-align-justify\">IPSec (cliente\/servidor).<\/li>\n<li class=\"ql-align-justify\">Encaminado y puenteado OpenVPN (cliente\/servidor).<\/li>\n<li class=\"ql-align-justify\">Cliente\/servidor Easy VPN (XAuth).<\/li>\n<li class=\"ql-align-justify\">Transmisi\u00f3n IPSec.<\/li>\n<li class=\"ql-align-justify\">Point-to-Point Tunneling Protocol (PPTP), transmisi\u00f3n.<\/li>\n<li class=\"ql-align-justify\">Layer 2 Tunneling Protocol (L2TP), transmisi\u00f3n.<\/li>\n<li class=\"ql-align-justify\">T\u00fanel SSL\/TLS (cliente\/servidor).<\/li>\n<li class=\"ql-align-justify\">Cliente\/servidor EAP.<\/li>\n<li class=\"ql-align-justify\">Cliente\/servidor Radius.<\/li>\n<li class=\"ql-align-justify\">Autenticaci\u00f3n pap, chap y psk.<\/li>\n<li class=\"ql-align-justify\">Infraestructura de clave p\u00fablica (PKI) con certificados digitales.<\/li>\n<li class=\"ql-align-justify\">Algoritmos hash MD5, SHA1, SHA2 256\/512.<\/li>\n<li class=\"ql-align-justify\">Grupo de Diffie Hellman 1, 2, 5 para intercambio de claves.<\/li>\n<li class=\"ql-align-justify\">Algoritmo Chiper, DES, 3DES, AES 128\/192\/256, Blowfish, Twofish.<\/li>\n<li class=\"ql-align-justify\">128\/256, Serpent 128\/256 (otros bajo petici\u00f3n).<\/li>\n<li class=\"ql-align-justify\">Simple Certificate Enrolment Protocol (SCEP).<\/li>\n<li class=\"ql-align-justify\">Motor de inspecci\u00f3n de proxy HTTP.<\/li>\n<li class=\"ql-align-justify\">802.1x .<\/li>\n<li class=\"ql-align-justify\">Proxies de autenticaci\u00f3n para HTTP seguro (HTTPS), SSH, SCP y FTP.<\/li>\n<li class=\"ql-align-justify\">Hasta 30 t\u00faneles VPN.<\/li>\n<\/ul>\n<p class=\"ql-align-justify\"><strong>Caracter\u00edsticas de QoS.<\/strong><\/p>\n<ul>\n<li class=\"ql-align-justify\">Programaci\u00f3n jer\u00e1rquica para clases DiffServ (Catalogaci\u00f3n de tr\u00e1fico).<\/li>\n<li class=\"ql-align-justify\">Clases DiffServ para programaci\u00f3n de ancho de banda din\u00e1mico.<\/li>\n<li class=\"ql-align-justify\">Pol\u00edticas de DiffServ: Class Based Queue (CBQ), Token Bucket Flow (TBF).<\/li>\n<li class=\"ql-align-justify\">First In First Out (P\/BFIFO), Stochastic Fair Queuing (SFQ).<\/li>\n<li class=\"ql-align-justify\">DiffServ Marker (DS_MARK), Hierarchical Token Bucket (HTB).<\/li>\n<li class=\"ql-align-justify\">Priority-based queuing (PTIO), Class-Based Marking (CBM)<\/li>\n<\/ul>\n<p class=\"ql-align-justify\"><strong>Caracter\u00edsticas de alta disponibilidad<\/strong><\/p>\n<p class=\"ql-align-justify\">Administrador de conexiones avanzado con caracter\u00edsticas de configuraci\u00f3n de copias de seguridad:<\/p>\n<ul>\n<li class=\"ql-align-justify\">Estrategias de destino de copias de seguridad con m\u00faltiples redes y m\u00faltiples niveles.<\/li>\n<li class=\"ql-align-justify\">Optimizaci\u00f3n de las latencias de conmutaci\u00f3n.<\/li>\n<li class=\"ql-align-justify\">Supresi\u00f3n de las conmutaciones innecesarias.<\/li>\n<li class=\"ql-align-justify\">Optimizaci\u00f3n del retroceso.<\/li>\n<li class=\"ql-align-justify\">Supresi\u00f3n de las inestabilidades de conmutaci\u00f3n (parpadeo).<\/li>\n<li class=\"ql-align-justify\">Conmutaci\u00f3n de proveedores 3G+\/4G con SIM dual.<\/li>\n<li class=\"ql-align-justify\">Configuraci\u00f3n din\u00e1mica de conexiones (ruta predeterminada, DNS; puerta de acceso, etc.)<\/li>\n<li class=\"ql-align-justify\">Vigilancia de conexi\u00f3n configurable (ping, LCP- -Echo, etc.)<\/li>\n<\/ul>\n<p class=\"ql-align-justify\">Reinicio\/restablecimiento de emergencia si, por ejemplo, no se puede establecer la conexi\u00f3n 3G +\/4G:<\/p>\n<ul>\n<li class=\"ql-align-justify\">Virtual Router Redundancy Protocol (VRRP multigrupo).<\/li>\n<li class=\"ql-align-justify\">Administraci\u00f3n fuera de banda (con m\u00f3dem ISDN\/3G +\/4G opcional, SMS).<\/li>\n<\/ul>\n<p class=\"ql-align-justify\"><strong>Certificados y homologaciones<\/strong><\/p>\n<p class=\"ql-align-justify\"><strong>Probado frente a vibraciones y conforme a CE (DIN EN 60068-2-6:1996).<\/strong><\/p>\n<p class=\"ql-align-justify\"><strong>Regi\u00f3n Certificaci\u00f3n:<\/strong><\/p>\n<ul>\n<li class=\"ql-align-justify\">Europa CE C1500<\/li>\n<\/ul>\n<p class=\"ql-align-justify\"><strong>Piezas incluidas<\/strong><\/p>\n<ul>\n<li class=\"ql-align-justify\">Puerta de acceso a la red segura y paquete de alimentaci\u00f3n C1500.<\/li>\n<\/ul>\n<p class=\"ql-align-justify\"><strong>Nota: Puerta de acceso a la red segura con licencia de Remote Services incluida Secure Network Gateway preconfigurada para disponer de una conexi\u00f3n Ethernet plug-and-play altamente segura con FPA-5000\/FPA-1200 MPC, con una licencia de Remote Services (Remote Connect, Remote Alert, Remote Maintenance) v\u00e1lida durante un a\u00f1o.<\/strong><\/p>\n<p class=\"ql-align-justify\"><strong>N\u00famero de pedido: C1500<\/strong><\/p>\n<p class=\"ql-align-justify\"><strong>Principales caracter\u00edsticas<\/strong><\/p>\n<ul>\n<li class=\"ql-align-justify\">Conexi\u00f3n Ethernet plug-and-play con sistemas FPA-5000\/FPA-1200.<\/li>\n<li class=\"ql-align-justify\">Preconfigurada para habilitar Remote Services.<\/li>\n<li class=\"ql-align-justify\">Conectividad de alta seguridad con Remote Services.<\/li>\n<li class=\"ql-align-justify\">Incluye una licencia de todos los elementos de Remote Services v\u00e1lida por un a\u00f1o.<\/li>\n<\/ul>\n<p class=\"ql-align-justify\"><strong>Especificaciones<\/strong><\/p>\n<ul>\n<li class=\"ql-align-justify\">Carcasa: Carcasa met\u00e1lica r\u00edgida, opcionalmente con clip para riel DIN.<\/li>\n<li class=\"ql-align-justify\">Dimensiones: 158 x 28 x 155 mm (An. x Al. x Pr.).<\/li>\n<li class=\"ql-align-justify\">Peso: 870 g aprox.<\/li>\n<li class=\"ql-align-justify\">Temperatura de funcionamiento: De &#8211; 5 \u00b0C a + 60 \u00b0C.<\/li>\n<li class=\"ql-align-justify\">Humedad: 85 % (sin condensaci\u00f3n) Tensi\u00f3n de entrada: 7-18 V CC.<\/li>\n<li class=\"ql-align-justify\">Fuente de alimentaci\u00f3n: 12 V 2 A.<\/li>\n<li class=\"ql-align-justify\">Consumo de energ\u00eda: ~6 W.<\/li>\n<\/ul>\n<p><img decoding=\"async\" class=\"overview-center-img-web\" src=\"https:\/\/tvc.mx\/media\/40197\/Logoopaginas-oficial-1920x400.png\" alt=\"\" \/><\/p>\n","protected":false},"excerpt":{"rendered":"<p>Puerta de acceso a la red segura con licencia de Remote Services incluida C1500 Esta puerta de acceso a la red segura proporciona una conexi\u00f3n a Internet altamente segura para los sistemas FPA-5000\/1200.\u00a0Est\u00e1 preconfigurada para habilitar Remote Services con una conexi\u00f3n plug-and-play con el puerto&hellip;<\/p>\n","protected":false},"featured_media":6036,"comment_status":"open","ping_status":"closed","template":"","meta":{"om_disable_all_campaigns":false,"_monsterinsights_skip_tracking":false,"_monsterinsights_sitenote_active":false,"_monsterinsights_sitenote_note":"","_monsterinsights_sitenote_category":0},"product_brand":[],"product_cat":[506],"product_tag":[495,497,498,499,500,501,496,502],"class_list":{"0":"post-6037","1":"product","2":"type-product","3":"status-publish","4":"has-post-thumbnail","6":"product_cat-paneles-de-control-bosch-incendio-2","7":"product_tag-control-de-incendio","8":"product_tag-detectores","9":"product_tag-estacion-manual","10":"product_tag-estrobos-y-sirenas","11":"product_tag-modulos","12":"product_tag-paneles-de-control","13":"product_tag-sistemas-de-incendio","14":"product_tag-teclados","16":"first","17":"instock","18":"sale","19":"taxable","20":"shipping-taxable","21":"purchasable","22":"product-type-simple"},"aioseo_notices":[],"_links":{"self":[{"href":"https:\/\/tecsecmty.com\/index.php\/wp-json\/wp\/v2\/product\/6037","targetHints":{"allow":["GET"]}}],"collection":[{"href":"https:\/\/tecsecmty.com\/index.php\/wp-json\/wp\/v2\/product"}],"about":[{"href":"https:\/\/tecsecmty.com\/index.php\/wp-json\/wp\/v2\/types\/product"}],"replies":[{"embeddable":true,"href":"https:\/\/tecsecmty.com\/index.php\/wp-json\/wp\/v2\/comments?post=6037"}],"version-history":[{"count":0,"href":"https:\/\/tecsecmty.com\/index.php\/wp-json\/wp\/v2\/product\/6037\/revisions"}],"wp:featuredmedia":[{"embeddable":true,"href":"https:\/\/tecsecmty.com\/index.php\/wp-json\/wp\/v2\/media\/6036"}],"wp:attachment":[{"href":"https:\/\/tecsecmty.com\/index.php\/wp-json\/wp\/v2\/media?parent=6037"}],"wp:term":[{"taxonomy":"product_brand","embeddable":true,"href":"https:\/\/tecsecmty.com\/index.php\/wp-json\/wp\/v2\/product_brand?post=6037"},{"taxonomy":"product_cat","embeddable":true,"href":"https:\/\/tecsecmty.com\/index.php\/wp-json\/wp\/v2\/product_cat?post=6037"},{"taxonomy":"product_tag","embeddable":true,"href":"https:\/\/tecsecmty.com\/index.php\/wp-json\/wp\/v2\/product_tag?post=6037"}],"curies":[{"name":"wp","href":"https:\/\/api.w.org\/{rel}","templated":true}]}}