{"id":6039,"date":"2023-02-23T11:45:34","date_gmt":"2023-02-23T17:45:34","guid":{"rendered":"https:\/\/tecsecmty.com\/index.php\/producto\/bosch-f_fpa1000v2-panel-de-incendio-analogica-direccionable-hasta-508-puntos-comunicacion-punto-a-punto-entre-central\/"},"modified":"2023-03-22T23:21:12","modified_gmt":"2023-03-23T05:21:12","slug":"bosch-f_fpa1000v2-panel-de-incendio-analogica-direccionable-hasta-508-puntos-comunicacion-punto-a-punto-entre-central","status":"publish","type":"product","link":"https:\/\/tecsecmty.com\/index.php\/producto\/bosch-f_fpa1000v2-panel-de-incendio-analogica-direccionable-hasta-508-puntos-comunicacion-punto-a-punto-entre-central\/","title":{"rendered":"BOSCH F_FPA1000V2 &#8211; Panel de incendio analogica direccionable \/ Hasta 508 puntos \/ Comunicacion punto a punto entre central"},"content":{"rendered":"<div class=\"row aling-items-center padding-bottom-2x\">\n<div class=\"col-lg-12\">\n<h5 class=\"card-title text-center\">Centrales de Incendios Anal\u00f3gicas Direccionables FPA-1000-LT sin transformador<\/h5>\n<p class=\"ql-align-justify\">\n<p><img decoding=\"async\" class=\"overview-center-img-web\" src=\"https:\/\/tvc.mx\/media\/167006\/bannerC.png\" alt=\"\" \/><\/div>\n<\/div>\n<div class=\"row align-items-center padding-bottom-2x\">\n<div class=\"col-md-5\"><img decoding=\"async\" class=\"d-block m-auto img-thumbnail\" src=\"https:\/\/tvc.mx\/media\/81516\/FPA%E2%80%911000.config5.png\" alt=\" \" \/><\/div>\n<div class=\"col-md-7 text-md-left text-center\">\n<h2>Descripci\u00f3n inicial<\/h2>\n<p class=\"text-muted\">\n<p class=\"ql-align-justify\"><strong>Las Centrales de Incendios Anal\u00f3gicas Direccionables FPA\u20111000 son una soluci\u00f3n escalable para detecci\u00f3n de incendios.<\/strong>\u00a0Proteja su peque\u00f1a oficina con un solo sistema o conecte varias centrales juntas a medida que crezcan sus necesidades. Las funciones de red permiten controlar hasta 2.000 puntos direccionables en un sistema para campus u otros grandes entornos comerciales.<\/p>\n<p class=\"ql-align-justify\"><strong>Las centrales FPA-1000<\/strong>\u00a0<strong>combinan un completo equipo integrado de Central de Incendio (FACP), con Circuitos de Dispositivos de Notificaci\u00f3n (NAC), Circuitos de L\u00ednea Se\u00f1alizaci\u00f3n (SLC), rel\u00e9s, fuente de alimentaci\u00f3n, Transmisor Comunicador de Alarma Digital (DACT) y conexi\u00f3n Ethernet<\/strong>, con la posibilidad de ampliaci\u00f3n mediante el Bus de Opciones o placas enchufables. Los dos NAC integrados se pueden ampliar con boosters de alimentaci\u00f3n de NAC direccionables y se pueden programar con patrones de activaci\u00f3n espec\u00edficos.<\/p>\n<p class=\"ql-align-justify\"><strong>El panel de control est\u00e1ndar incluye un SLC con 254 puntos direccionables<\/strong>\u00a0(254 detectores o m\u00f3dulos anal\u00f3gicos direccionables o 127 bases anal\u00f3gicas con sirenas en combinaci\u00f3n con el detector adecuado)<strong>. El panel de control se puede ampliar f\u00e1cilmente con el M\u00f3dulo Integrado de Circuito de L\u00ednea de Se\u00f1alizaci\u00f3n FPE\u20111000-SLC que duplica la cantidad de puntos direccionables a 508.<\/strong><\/p>\n<p class=\"ql-align-justify\">La central cuenta con un gabinete met\u00e1lico compacto y robusto con cerradura y una puerta frontal ciega para acceder a los componentes electr\u00f3nicos. Permite montaje en superficie o semiempotrado. En la parte frontal de la central, hay seis diodos<\/p>\n<p class=\"ql-align-justify\">electroluminiscentes (LED) que indican las condiciones de Incendio, Alarma de Mon\u00f3xido de Carbono (Gas), Alimentaci\u00f3n, Supervisi\u00f3n, Silencio y Problema. El teclado integrado permite controlar<\/p>\n<p class=\"ql-align-justify\">totalmente el sistema y programarlo, incluso con guantes ign\u00edfugos. Adem\u00e1s, una pantalla LCD alfanum\u00e9rica de 4 l\u00edneas x 20 caracteres muestra informaci\u00f3n relevante del dispositivo programado. Hay<\/p>\n<p class=\"ql-align-justify\">cuatro teclas con las funciones de Simulacro de Evacuaci\u00f3n, Restablecimiento, Silencio y Reconocimiento.<\/p>\n<p class=\"ql-align-justify\"><strong>Las centrales FPA\u20111000 permiten varias formas de programaci\u00f3n:<\/strong><\/p>\n<ul>\n<li class=\"ql-align-justify\">Programaci\u00f3n desde el teclado en el frente del panel<\/li>\n<li class=\"ql-align-justify\">Programaci\u00f3n por conexi\u00f3n directa a un PC, con la posibilidad de realizar una programaci\u00f3n previa en la oficina.<\/li>\n<li class=\"ql-align-justify\">Programaci\u00f3n remota con acceso a trav\u00e9s de Ethernet (basado en navegador web).<\/li>\n<\/ul>\n<p class=\"ql-align-justify\">La programaci\u00f3n desde el teclado frontal proporcionauna funci\u00f3n de autoaprendizaje que permite alinstalador configurar el sistema de forma r\u00e1pida ysencilla en modo predeterminado. Mediante el uso deuna PC o un comunicador de acceso remoto, laprogramaci\u00f3n se lleva a cabo mediante la interfaz deusuario basada en navegador web. Por tanto, no esnecesaria la instalaci\u00f3n de ning\u00fan software. El panelpuede recibir diagn\u00f3sticos procedentes de unnavegador Web que se ejecute en una PC conectada la red.<\/p>\n<p>&nbsp;<\/p>\n<\/div>\n<\/div>\n<hr class=\"padding-bottom-2x\" \/>\n<div class=\"row align-items-center padding-bottom-2x\">\n<div class=\"col-md-5 order-md-2\"><img decoding=\"async\" class=\"d-block m-auto img-thumbnail\" src=\"https:\/\/tvc.mx\/media\/81520\/FPA%E2%80%911000.config6.png\" alt=\" \" \/><\/div>\n<div class=\"col-md-7 order-md-1 text-md-left text-center\">\n<h2>Funciones b\u00e1sicas<\/h2>\n<p class=\"text-muted\">\n<p class=\"ql-align-justify\"><strong>Comunicaciones punto a punto<\/strong><\/p>\n<p class=\"ql-align-justify\">Cuando se conecten comunicaciones punto a punto entre las centrales, un sistema puede admitir hasta 2.000 puntos an\u00e1logos direccionables.<\/p>\n<p class=\"ql-align-justify\">Las centrales conectadas en red act\u00faan como una \u00fanica central, lo que permite mostrar alarmas en todas las unidades. Todas las centrales conectadas pueden programarse y controlarse f\u00e1cilmente a trav\u00e9s de cualquier central conectada.<\/p>\n<p class=\"ql-align-justify\">Se pueden combinar conexiones Ethernet, de fibra \u00f3ptica o de cable de 2 conductores entre centrales para proporcionar flexibilidad en el dise\u00f1o del sistema.<\/p>\n<p class=\"ql-align-justify\"><strong>Gesti\u00f3n del sistema<\/strong><\/p>\n<p class=\"ql-align-justify\">Un conjunto de p\u00e1ginas Web interactivas le proporciona un medio de acceso y registro inmediato de funciones importantes del sistema. Esta caracter\u00edstica \u00fanica permite programar y diagnosticar<\/p>\n<p class=\"ql-align-justify\">funciones de manera remota, lo que optimiza la instalaci\u00f3n y reduce el tiempo necesario para realizar el mantenimiento del sistema. Puede comprobar el estado del sistema y gestionarlo desde pr\u00e1cticamente cualquier lugar de la red.<\/p>\n<p class=\"ql-align-justify\"><strong>Comunicaciones<\/strong><\/p>\n<p class=\"ql-align-justify\"><strong>La central FPA\u20111000 cuenta con un RPTC \/ DACT de dos l\u00edneas telef\u00f3nicas y una conexi\u00f3n Ethernet para generar reportes IP de Conettix.\u00a0<\/strong>La central de incendios es compatible con los<strong>\u00a0formatos de comunicaci\u00f3n Contact ID, SIA y Modem IIIa2<\/strong>\u00a0. La central proporciona diversas funciones de generaci\u00f3n de reportes, como el control de marcaci\u00f3n y la supervisi\u00f3n de transmisi\u00f3n, prioridades de grupos de reportes, enrutamiento a destinos, reportes de prueba<\/p>\n<p class=\"ql-align-justify\">manuales y autom\u00e1ticos y funci\u00f3n Anti-emulaci\u00f3n.<\/p>\n<p class=\"ql-align-justify\">Para las cuentas principal y secundaria, pueden programarse las siguientes caracter\u00edsticas:<\/p>\n<ul>\n<li class=\"ql-align-justify\">Dos n\u00fameros telef\u00f3nicos o IP diferentes<\/li>\n<li class=\"ql-align-justify\">Distintos tipos de marcaci\u00f3n para RPTC (s\u00f3lo pulsos, tono y pulsos, o s\u00f3lo tono).<\/li>\n<li class=\"ql-align-justify\">Supervisi\u00f3n individual de l\u00ednea RPTC (se\u00f1al de problema ac\u00fastica y visible en caso de que falle la ruta de transmisi\u00f3n).<\/li>\n<li class=\"ql-align-justify\">Opciones seleccionables para Direccionamiento de Grupos de Reporte.<\/li>\n<li class=\"ql-align-justify\">Tiempo de espera de reconocimiento programable para cada cuenta de reporte IP de Conettix (de 15 a 255 segundos).<\/li>\n<li class=\"ql-align-justify\">Frecuencia de del reporte de prueba programable para cada cuenta (4, 12, 24 horas e intervalos de 7 y 28 d\u00edas; frecuencia est\u00e1ndar: 24 horas).<\/li>\n<\/ul>\n<p class=\"ql-align-justify\">La funci\u00f3n m\u00f3dem, permite programar el panel de control de forma remota (cargar un nuevo archivo de par\u00e1metros en el panel desde una estaci\u00f3n remota).<\/p>\n<p>&nbsp;<\/p>\n<\/div>\n<\/div>\n<hr class=\"padding-bottom-2x\" \/>\n<div class=\"row align-items-center padding-bottom-2x\">\n<div class=\"col-md-5\"><img decoding=\"async\" class=\"d-block m-auto img-thumbnail\" src=\"https:\/\/tvc.mx\/media\/81524\/FPA%E2%80%911000.config8.png\" alt=\" \" \/><\/div>\n<div class=\"col-md-7 text-md-left text-center\">\n<h2>Aplicaciones y Planificaci\u00f3n<\/h2>\n<p class=\"text-muted\">\n<p class=\"ql-align-justify\"><strong>Aplicaciones<\/strong><\/p>\n<p class=\"ql-align-justify\"><strong>Las centrales FPA-1000 se recomiendan para una amplia gama de aplicaciones en edificios comerciales y p\u00fablicos, incluidos:<\/strong><\/p>\n<ul>\n<li class=\"ql-align-justify\">Comercios: aplicaciones para un solo edificio.<\/li>\n<li class=\"ql-align-justify\">Educaci\u00f3n: escuelas y universidades.<\/li>\n<li class=\"ql-align-justify\">Residencial: edificios de apartamentos.<\/li>\n<li class=\"ql-align-justify\">Comercial: plantas de fabricaci\u00f3n, almacenes y complejos de oficinas.<\/li>\n<li class=\"ql-align-justify\">Servicio gubernamental y p\u00fablico: bases e instalaciones militares.<\/li>\n<li class=\"ql-align-justify\">M\u00e9dica: instalaciones de cuidado de la salud.<\/li>\n<\/ul>\n<p class=\"ql-align-justify\"><strong>Detectores multicriterio<\/strong><\/p>\n<p class=\"ql-align-justify\"><strong>Hay una serie de estaciones manuales de alarma, m\u00f3dulos, accesorios y detectores disponibles para satisfacer las necesidades de su aplicaci\u00f3n.\u00a0<\/strong>Entre ellas se incluye el nuevo Detector Autom\u00e1tico de Incendios\u00a0<strong>Serie 440\u00a0<\/strong>que incorpora tecnolog\u00eda multicriterio para mayor sensibilidad, detecci\u00f3n m\u00e1s r\u00e1pida y menos falsas alarma.<\/p>\n<p class=\"ql-align-justify\"><strong>Detecci\u00f3n de gas<\/strong><\/p>\n<p class=\"ql-align-justify\">La detecci\u00f3n de gas integrada es un elemento importante de la estrategia de seguridad y protecci\u00f3n contra incendios de sus instalaciones.\u00a0<strong>El uso dedetectores de mon\u00f3xido de carbono FCC-380 permite configurar el sistema con alarma para mon\u00f3xido de carbono para cumplir los requisitos de la norma NFPA720 (2009)\u00a0<\/strong>para avisos visuales y audibles para este gas peligros.<\/p>\n<p class=\"ql-align-justify\"><strong>Circuitos de dispositivos de notificaci\u00f3n (NAC)<\/strong><\/p>\n<p class=\"ql-align-justify\"><strong>Dos NAC de Clase A, Estilo Z o Clase B, Estilo Y<\/strong>,proporcionan una alimentaci\u00f3n de<strong>\u00a0hasta 4 A de 24 V<\/strong>(sin sincronizar:\u00a0<strong>2,5 A por NAC; sincronizado: 2,75 A,NAC 1 + NAC 2 en total)<\/strong>\u00a0para manejar sirenas, luces estrobosc\u00f3picas, campanas y otros dispositivos denotificaci\u00f3n. Cada NAC se puede programar paraproveer valores de C\u00f3digo Temporal 4, C\u00f3digoTemporal 3, Continuo, Pulsado y protocolo de salidas incronizada para dispositivos de notificaci\u00f3n de Wheelock, Gentex y System Sensor.<\/p>\n<p class=\"ql-align-justify\"><strong>Rel\u00e9s integrados<\/strong><\/p>\n<p class=\"ql-align-justify\"><strong>Tres rel\u00e9s integrados programables<\/strong>\u00a0indican alarma global (zona 226), problema de sistema global (zona227) y supervisi\u00f3n de sistema global (zona 228). Pueden programarse para activarse con diversascondiciones incluida alarma de gas.<\/p>\n<p class=\"ql-align-justify\"><strong>Bus de Opciones<\/strong><\/p>\n<p class=\"ql-align-justify\"><strong>En el Bus de Opciones, la central FPA-1000 soporta<\/strong>:<\/p>\n<ul>\n<li class=\"ql-align-justify\">Hasta ocho Centros de Comando Remotos FMR-1000&#8211;RCMD y Anunciadores Remotos FMR-1000-RAcombinados de cualquier manera.<\/li>\n<li class=\"ql-align-justify\">Hasta ocho Anunciadores LED Serie D7030X con ochozonas LED cada uno.<\/li>\n<li class=\"ql-align-justify\">Hasta ocho combinaciones de las series D7030X\/D7032.<\/li>\n<li class=\"ql-align-justify\">Hasta dos M\u00f3dulos de 8 Rel\u00e9s o M\u00f3dulos Driver Octal.<\/li>\n<li class=\"ql-align-justify\">Hasta cuatro Fuentes de Alimentaci\u00f3n para Circuitosde Dispositivos de Notificaci\u00f3n RemotosFPP\u2011RNAC\u20118A\u20114C.<\/li>\n<\/ul>\n<p class=\"ql-align-justify\"><strong>Alimentaci\u00f3n<\/strong><\/p>\n<p class=\"ql-align-justify\"><strong>El transformador que opera con 120 V CA o 240 V CA es parte del suministro.<\/strong>\u00a0En el interior del gabinete dela central de incendios, hay espacio para dos\u00a0<strong>bater\u00edas de respaldo de 7 Ah a 18 Ah<\/strong>. Una caja de bater\u00edas adicional puede ofrecer una mayor capacidad.\u00a0<strong>Las centrales FPA-1000 ofrecen dos fuentes de alimentaci\u00f3n auxiliares (una ROC y otra CC) de 0,5 A a 24 V<\/strong>\u00a0cada una, con AUX\/RST conmutable. Esta alimentaci\u00f3n auxiliar admite placas de expansi\u00f3n u otros dispositivos auxiliares de bajo consumo de corriente.<\/p>\n<p class=\"ql-align-justify\"><strong>Circuitos de l\u00ednea de se\u00f1alizaci\u00f3n (SLC)<\/strong><\/p>\n<p class=\"ql-align-justify\"><strong>Las centrales de incendios FPA\u20111000 se comunican con cada uno de los dispositivos direccionables anal\u00f3gicos ubicados en los SLC.\u00a0<\/strong>Los SLC permiten eluso de cables est\u00e1ndar no trenzados ni apantallados. Cada central admite dos circuitos de Clase B, Estilo 4o uno de Clase A, Estilo 6 o 7 por SLC.<\/p>\n<p class=\"ql-align-justify\"><strong>Certificados y homologaciones<\/strong><\/p>\n<ul>\n<li class=\"ql-align-justify\">UL FSZI.S1871: Emergency Alarm SystemControl Units (ANSI\/UL 2017).<\/li>\n<li class=\"ql-align-justify\">UOJZ:Control Units, System (ANSI\/UL 864)..<\/li>\n<li class=\"ql-align-justify\">FM FPA-1000CS.<\/li>\n<li class=\"ql-align-justify\">FM see our website.<\/li>\n<li class=\"ql-align-justify\">FDNY&#8211;CoA#61.<\/li>\n<\/ul>\n<p class=\"ql-align-justify\"><strong>Planificaci\u00f3n<\/strong><\/p>\n<p class=\"ql-align-justify\"><strong>Consideraciones sobre el montaje<\/strong><\/p>\n<p class=\"ql-align-justify\">El montaje puede ser semiempotrado (requiere el Kit de Montaje Semiempotrado opcional FPM\u20111000\u2011SFMK) o en superficie.<\/p>\n<p class=\"ql-align-justify\">Seg\u00fan la configuraci\u00f3n y la selecci\u00f3n de la bater\u00eda, el peso de la central FPA\u20111000 puede ser considerable. Si monta el gabinete en superficie, utilice accesorios de montaje (no se suministran) capaces de resistir este peso y refuerce la pared seg\u00fan sea necesario.<\/p>\n<p class=\"ql-align-justify\"><strong>Consideraciones sobre el cableado<\/strong><\/p>\n<p class=\"ql-align-justify\">La longitud de cable permitida entre el panel de control y el \u00faltimo dispositivo del recorrido del cableado depende de la intensidad de la corriente de dicho cableado. La reducci\u00f3n del n\u00famero de<\/p>\n<p class=\"ql-align-justify\">dispositivos en un recorrido de cableado permite que los recorridos individuales sean m\u00e1s largos. Si no se especifica lo contrario, utilice una secci\u00f3n de cable de 12 a 18 AWG (de 3,3 mm2\u00a0a 0,8 mm2 ).<\/p>\n<p class=\"ql-align-justify\"><strong>Capacidad\/Configuraci\u00f3n de punto<\/strong><\/p>\n<p class=\"ql-align-justify\"><strong>Cada central FPA-1000-V2<\/strong>\u00a0admite hasta 508direcciones, 254 por lazo. Para direcciones por encimade 127 en cada lazo, s\u00f3lo se pueden utilizar la Basecon Sirena FAA\u2011325\u2011B6S, el Detector de Humo FAP\u2011325\u2011V2F, los Monitores de Contacto FLM\u2011325-I4\u2011Ay FLM\u2011325\u2011I4\u2011AI, los M\u00f3dulos de Salida Supervisados FLM\u2011325\u2011NA4 y FLM\u2011325\u2011NAI4, el M\u00f3dulo de Rel\u00e9 Doble FLM\u2011325\u20112R4\u20112AI de 2 A y los M\u00f3dulos de Rel\u00e9 Dobles FLM\u2011325\u20112R4\u20118A y FLM\u2011325\u20112R4\u20118AI de 8 A.Para sistemas que requieren m\u00e1s de 127 puntos por lazo, utilice estos dispositivos en direcciones por encima de 127 y otros dispositivos por debajo de la direcci\u00f3n.<\/p>\n<p class=\"ql-align-justify\">Piezas incluidas<\/p>\n<ul>\n<li class=\"ql-align-justify\">1 Placa principal de FPA\u20111000\u2011V21 Gabinete con transformador1 Cerradura y dos llaves.<\/li>\n<li class=\"ql-align-justify\">1\u00a0(llave de sustituci\u00f3n: D102).<\/li>\n<li class=\"ql-align-justify\">1 Paquete de hardware.<\/li>\n<li class=\"ql-align-justify\">3 Etiquetado del cableado (en Espa\u00f1ol, Ingl\u00e9s y Portugu\u00e9s).<\/li>\n<li class=\"ql-align-justify\">2 Resistencias RFL de 2,21 k\u03a9 (resistencias de sustituci\u00f3n:RFL de 2,2K, 8 por paquete)Fichas en diferentes idiomas para el texto de los LED y delas teclas Documentaci\u00f3n (en ingl\u00e9s, espa\u00f1ol y portugu\u00e9.<\/li>\n<li class=\"ql-align-justify\">Gu\u00eda de Instalaci\u00f3n y Operaci\u00f3n.<\/li>\n<li class=\"ql-align-justify\">Hoja de Instrucciones de Operaci\u00f3n.<\/li>\n<li class=\"ql-align-justify\">Notas de la Versi\u00f3n.<\/li>\n<\/ul>\n<p>&nbsp;<\/p>\n<\/div>\n<\/div>\n<hr class=\"padding-bottom-2x\" \/>\n<div class=\"row align-items-center padding-bottom-2x\">\n<div class=\"col-md-5\"><img decoding=\"async\" class=\"d-block m-auto img-thumbnail\" src=\"https:\/\/tvc.mx\/media\/81528\/FPA%E2%80%911000.config7.png\" alt=\" \" \/><\/div>\n<div class=\"col-md-7 text-md-left text-center\">\n<h2>Caracter\u00edsticas y Especificaciones<\/h2>\n<p class=\"text-muted\">\n<p class=\"ql-align-justify\"><strong>Nota: Centrales de Incendios Anal\u00f3gicas DireccionablesFPA-1000-LT sin transformador<\/strong><\/p>\n<p class=\"ql-align-justify\"><strong>Centrales de Incendios Anal\u00f3gicas Direccionables sintransformador s\u00f3lo para Am\u00e9rica Latina<\/strong><\/p>\n<p class=\"ql-align-justify\"><strong>N\u00famero de pedido: FPA-1000-LT.<\/strong><\/p>\n<p class=\"ql-align-justify\"><strong>Principales Caracter\u00edsticas<\/strong><\/p>\n<ul>\n<li class=\"ql-align-justify\">Admite hasta 508 puntos o dos lazos direccionables anal\u00f3gicos.<\/li>\n<li class=\"ql-align-justify\">Conector Ethernet integrado para programaci\u00f3n basada en navegador Web y comunicaci\u00f3n de alarma sobre IP de Conettix.<\/li>\n<li class=\"ql-align-justify\">Dos NAC integrados y DACT RPTC de dos l\u00edneas.<\/li>\n<li class=\"ql-align-justify\">Comunicaci\u00f3n punto a punto entre las centrales.<\/li>\n<li class=\"ql-align-justify\">Gesti\u00f3n del sistema sencilla.<\/li>\n<\/ul>\n<p class=\"ql-align-justify\"><strong>Especificaciones<\/strong><\/p>\n<p class=\"ql-align-justify\"><strong>El\u00e9ctricas<\/strong><\/p>\n<p class=\"ql-align-justify\"><strong>Fuente de alimentaci\u00f3n (principal):<\/strong><\/p>\n<ul>\n<li class=\"ql-align-justify\">Corriente: 120 VCA: 2 A m\u00e1ximo 240 VCA: 1 A m\u00e1ximo.<\/li>\n<li class=\"ql-align-justify\">Tensi\u00f3n: 120 VCA, 60 Hz o 240 VCA, 50 Hz.<\/li>\n<\/ul>\n<p class=\"ql-align-justify\"><strong>Fuente de alimentaci\u00f3n (secundaria):<\/strong><\/p>\n<ul>\n<li class=\"ql-align-justify\">Corriente (alarma).<\/li>\n<li class=\"ql-align-justify\">Panel &lt; 0,240 A.<\/li>\n<li class=\"ql-align-justify\">SLC = 0,63 A m\u00e1ximo.<\/li>\n<li class=\"ql-align-justify\">Corriente (carga): En reposo: &lt; 1,25 A<\/li>\n<\/ul>\n<p class=\"ql-align-justify\"><strong>Alarma: 4 A compartidos m\u00e1ximo:<\/strong><\/p>\n<ul>\n<li class=\"ql-align-justify\">NAC 1 = 2,5 A m\u00e1ximo.<\/li>\n<li class=\"ql-align-justify\">NAC 2 = 2,5 A m\u00e1ximo.<\/li>\n<li class=\"ql-align-justify\">AUX\/FWR = 0,5 A m\u00e1ximo.<\/li>\n<li class=\"ql-align-justify\">AUX\/RST = 0,5 A m\u00e1ximo.<\/li>\n<li class=\"ql-align-justify\">Bus de Opciones = 0,5 A m\u00e1ximo.<\/li>\n<li class=\"ql-align-justify\">Tensi\u00f3n: 24 VCC.<\/li>\n<\/ul>\n<p class=\"ql-align-justify\"><strong>Bater\u00edas:<\/strong><\/p>\n<ul>\n<li class=\"ql-align-justify\">Tensi\u00f3n: 2 x 12 V CC en serie.<\/li>\n<li class=\"ql-align-justify\">Capacidades: 40 Ah m\u00e1ximo.<\/li>\n<li class=\"ql-align-justify\">En gabinete: de 7 a 18 Ah.<\/li>\n<li class=\"ql-align-justify\">En caja de bater\u00edas adicional: de 24 a 40 Ah.<\/li>\n<li class=\"ql-align-justify\">Fusibles 15 A del tipo cuchilla<\/li>\n<\/ul>\n<p class=\"ql-align-justify\"><strong>Fuente de alimentaci\u00f3n auxiliar (AUX):<\/strong><\/p>\n<ul>\n<li class=\"ql-align-justify\">AUX\/ROC: de 0,5 A a 24 V ROC<\/li>\n<li class=\"ql-align-justify\">No conmutada, potencia limitada, no filtrada, no supervisada<\/li>\n<li class=\"ql-align-justify\">AUX\/RST: de 0,5 A a 24 VCC<\/li>\n<\/ul>\n<p class=\"ql-align-justify\"><strong>Ambientales<\/strong><\/p>\n<ul>\n<li class=\"ql-align-justify\">Entorno: Interior, seco.<\/li>\n<li class=\"ql-align-justify\">Clase de Protecci\u00f3n: IP 30.<\/li>\n<li class=\"ql-align-justify\">Humedad relativa: Hasta un 95%, sin condensaci\u00f3n<\/li>\n<li class=\"ql-align-justify\">Temperatura (operaci\u00f3n): De 0 \u00b0C a +49 \u00b0C (de +32 \u00b0F a +120 \u00b0F)<\/li>\n<li class=\"ql-align-justify\">Temperatura (almacenamiento): de -10 \u00b0C a +55 \u00b0C (de +14 \u00b0F a +131 \u00b0F)<\/li>\n<li class=\"ql-align-justify\">Incluye Accesorios SA &amp;trade, llave hexagonal.<\/li>\n<\/ul>\n<\/div>\n<\/div>\n","protected":false},"excerpt":{"rendered":"<p>Centrales de Incendios Anal\u00f3gicas Direccionables FPA-1000-LT sin transformador Descripci\u00f3n inicial Las Centrales de Incendios Anal\u00f3gicas Direccionables FPA\u20111000 son una soluci\u00f3n escalable para detecci\u00f3n de incendios.\u00a0Proteja su peque\u00f1a oficina con un solo sistema o conecte varias centrales juntas a medida que crezcan sus necesidades. Las funciones&hellip;<\/p>\n","protected":false},"featured_media":6038,"comment_status":"open","ping_status":"closed","template":"","meta":{"om_disable_all_campaigns":false,"_monsterinsights_skip_tracking":false,"_monsterinsights_sitenote_active":false,"_monsterinsights_sitenote_note":"","_monsterinsights_sitenote_category":0},"product_brand":[],"product_cat":[506],"product_tag":[495,497,498,499,500,501,496,502],"class_list":{"0":"post-6039","1":"product","2":"type-product","3":"status-publish","4":"has-post-thumbnail","6":"product_cat-paneles-de-control-bosch-incendio-2","7":"product_tag-control-de-incendio","8":"product_tag-detectores","9":"product_tag-estacion-manual","10":"product_tag-estrobos-y-sirenas","11":"product_tag-modulos","12":"product_tag-paneles-de-control","13":"product_tag-sistemas-de-incendio","14":"product_tag-teclados","16":"first","17":"instock","18":"sale","19":"taxable","20":"shipping-taxable","21":"purchasable","22":"product-type-simple"},"aioseo_notices":[],"_links":{"self":[{"href":"https:\/\/tecsecmty.com\/index.php\/wp-json\/wp\/v2\/product\/6039","targetHints":{"allow":["GET"]}}],"collection":[{"href":"https:\/\/tecsecmty.com\/index.php\/wp-json\/wp\/v2\/product"}],"about":[{"href":"https:\/\/tecsecmty.com\/index.php\/wp-json\/wp\/v2\/types\/product"}],"replies":[{"embeddable":true,"href":"https:\/\/tecsecmty.com\/index.php\/wp-json\/wp\/v2\/comments?post=6039"}],"version-history":[{"count":0,"href":"https:\/\/tecsecmty.com\/index.php\/wp-json\/wp\/v2\/product\/6039\/revisions"}],"wp:featuredmedia":[{"embeddable":true,"href":"https:\/\/tecsecmty.com\/index.php\/wp-json\/wp\/v2\/media\/6038"}],"wp:attachment":[{"href":"https:\/\/tecsecmty.com\/index.php\/wp-json\/wp\/v2\/media?parent=6039"}],"wp:term":[{"taxonomy":"product_brand","embeddable":true,"href":"https:\/\/tecsecmty.com\/index.php\/wp-json\/wp\/v2\/product_brand?post=6039"},{"taxonomy":"product_cat","embeddable":true,"href":"https:\/\/tecsecmty.com\/index.php\/wp-json\/wp\/v2\/product_cat?post=6039"},{"taxonomy":"product_tag","embeddable":true,"href":"https:\/\/tecsecmty.com\/index.php\/wp-json\/wp\/v2\/product_tag?post=6039"}],"curies":[{"name":"wp","href":"https:\/\/api.w.org\/{rel}","templated":true}]}}