{"id":6043,"date":"2023-02-23T11:45:42","date_gmt":"2023-02-23T17:45:42","guid":{"rendered":"https:\/\/tecsecmty.com\/index.php\/producto\/bosch-f_fpa2000swm-panel-avenar-2000-kit-con-licencia-estandar-montaje-en-muro\/"},"modified":"2023-03-22T23:21:12","modified_gmt":"2023-03-23T05:21:12","slug":"bosch-f_fpa2000swm-panel-avenar-2000-kit-con-licencia-estandar-montaje-en-muro","status":"publish","type":"product","link":"https:\/\/tecsecmty.com\/index.php\/producto\/bosch-f_fpa2000swm-panel-avenar-2000-kit-con-licencia-estandar-montaje-en-muro\/","title":{"rendered":"BOSCH F_FPA2000SWM- PANEL AVENAR 2000 KIT CON LICENCIA ESTANDAR MONTAJE EN MURO"},"content":{"rendered":"<div class=\"row aling-items-center padding-bottom-2x\">\n<div class=\"col-lg-12\">\n<h5 class=\"card-title text-center\">CENTRAL FPA2000SWM<\/h5>\n<p>Panel de incendio FPA2000SWM<\/p>\n<p><img decoding=\"async\" class=\"overview-center-img-web\" src=\"https:\/\/tvc.mx\/media\/171141\/BABBER-AVENAR.png\" alt=\"\" \/><\/div>\n<\/div>\n<div class=\"row align-items-center padding-bottom-2x\">\n<div class=\"col-md-5 order-md-2\"><img decoding=\"async\" class=\"d-block m-auto img-thumbnail\" src=\"https:\/\/tvc.mx\/media\/171309\/AVENAR2000.png\" alt=\" \" \/><\/div>\n<div class=\"col-md-7 order-md-1 text-md-left text-center\">\n<h2>Descripci\u00f3n inicial<\/h2>\n<p class=\"text-muted\">\n<p>La central de incendio permite el funcionamiento mixto de tecnolog\u00eda anal\u00f3gica direccionable y tradicional. Admite la conexi\u00f3n de perif\u00e9ricos en topolog\u00edas de ramal o lazo. La central de incendio identifica y gestiona los detectores de incendios anal\u00f3gicos direccionables, los pulsadores de alarma, los dispositivos de se\u00f1alizaci\u00f3n, las entradas y las<\/p>\n<p>salidas como elementos individuales. Seg\u00fan sea necesario en la estructura del edificio, los perif\u00e9ricos se agrupan mediante software en zonas l\u00f3gicas.<\/p>\n<p>La central de incendio compacta modular se suministra en forma de kit en una carcasa. Los m\u00f3dulos funcionales se pueden conectar en el carril de dentro de la carcasa. El carril proporciona alimentaci\u00f3n y comunicaci\u00f3n interna a los m\u00f3dulos funcionales.<\/p>\n<p>Existe una amplia gama de m\u00f3dulos funcionales que proporcionan distintas conexiones y funciones: lazos direccionable, zonas convencionales, entradas y salidas e interfaces a varios dispositivos. El panel de la central de alarma de incendio puede estar equipado con hasta 6 m\u00f3dulos funcionales, de los cuales 4 pueden ser m\u00f3dulos anal\u00f3gicos de lazo direccionables como m\u00e1ximo. Esto hace que la central de incendio sea adecuada para aplicaciones de tama\u00f1o peque\u00f1o a mediano.<\/p>\n<p>La central de incendio est\u00e1 disponible con dos tipos distintos de carcasas:<\/p>\n<p>\u2022 Carcasa de montaje en pared<\/p>\n<p>\u2022 Carcasa de montaje en bastidor<\/p>\n<p>Las carcasas finas de montaje mural se montan directamente sobre la pared. Las carcasas de montaje<\/p>\n<p>en bastidor requieren un marco adicional entre la carcasa y la pared. Este marco permite dejar espacio para cableado, conversores de medios y bater\u00edas m\u00e1s grandes, entre otros. Los kits de instalaci\u00f3n especiales tambi\u00e9n permiten la instalaci\u00f3n en racks de 19&#8243;.<\/p>\n<p>El controlador de la central es el componente central de la central de incendios. Una pantalla en color<\/p>\n<p>&nbsp;<\/p>\n<\/div>\n<\/div>\n<hr class=\"padding-bottom-2x\" \/>\n<div class=\"row align-items-center padding-bottom-2x\">\n<div class=\"col-md-5 order-md-2\"><img decoding=\"async\" class=\"d-block m-auto img-thumbnail\" src=\"https:\/\/tvc.mx\/media\/171725\/Avenar2000B.png\" alt=\" \" \/><\/div>\n<div class=\"col-md-7 order-md-1 text-md-left text-center\">\n<h2>Caracter\u00edsticas y Especificaciones<\/h2>\n<p class=\"text-muted\">\n<p>AVENAR panel 2000 es una central de incendio compacta y modular para sistemas de tama\u00f1o peque\u00f1o a mediano. Viene de serie en una carcasa con controlador de la central, fuente de alimentaci\u00f3n, m\u00f3dulo de controlador de bater\u00eda y un m\u00f3dulo de lazo LSN. Dependiendo de las necesidades espec\u00edficas del proyecto, la central de incendio se puede ampliar con un m\u00e1ximo de cuatro m\u00f3dulos de lazo LSN 0300 A, en total seis m\u00f3dulos funcionales. Cada lazo puede contener hasta 254 LSN elementos.<\/p>\n<p>Indicaci\u00f3n de alarma<\/p>\n<p>Todos los mensajes se muestran en la pantalla en colores vivos. Los mensajes visualizados contienen la<\/p>\n<p>informaci\u00f3n siguiente:<\/p>\n<p>\u2022 Tipo de mensaje<\/p>\n<p>\u2022 Tipo del elemento activador<\/p>\n<p>\u2022 Descripci\u00f3n de la ubicaci\u00f3n exacta del elemento activador<\/p>\n<p>\u2022 Zona l\u00f3gica y subdirecci\u00f3n del elemento activador 18 LED con iconos proporcionan informaci\u00f3n continua sobre el estado de funcionamiento del panel o del sistema.<\/p>\n<p>Un LED con el icono rojo muestra una alarma.<\/p>\n<p>Un LED con el icono amarillo parpadeante muestra un fallo. Un LED con el icono amarillo fijo indica una funci\u00f3n desactivada. Un LED con el icono verde muestra un funcionamiento correcto.<\/p>\n<p>Dos LED de estado, uno rojo y uno amarillo, son programables. El rojo muestra una alarma autodefinida.<\/p>\n<p>El amarillo muestra un fallo o una desactivaci\u00f3n autodefinidos.<\/p>\n<p>Existen m\u00f3dulos de anuncio adicionales, cada uno de ellos con 16 LED rojos y 16 LED amarillos para indicar<\/p>\n<p>m\u00e1s alarmas, fallos o desactivaciones autodefinidos.<\/p>\n<p>Funcionamiento y procesamiento de mensajes<\/p>\n<p>Para hacer funcionar el panel, se coloca un panel t\u00e1ctil de 8 pulgadas encima de la pantalla como medio de<\/p>\n<p>entrada. Hay 6 botones con funciones fijas y 3 teclas de funci\u00f3n programables.<\/p>\n<p>Ejemplos de asignaci\u00f3n de las teclas de funci\u00f3n:<\/p>\n<p>\u2022 Poner el controlador de central en modo de d\u00eda;<\/p>\n<p>poner el controlador de central en modo noche<\/p>\n<p>\u2022 Activar puntos o salidas de detecci\u00f3n, desactivar puntos o salidas de detecci\u00f3n<\/p>\n<p>\u2022 Ajustar la sensibilidad est\u00e1ndar de los sensores;<\/p>\n<p>ajustar la sensibilidad alternativa de los sensores<\/p>\n<p>Cada tecla de funci\u00f3n tiene un indicador de estado virtual.<\/p>\n<p>Un operador con derechos de usuario suficientes puede usar las teclas de funci\u00f3n en cualquier momento.<\/p>\n<p>Descripci\u00f3n general de zonas de evacuaci\u00f3n y salidas<\/p>\n<p>El operador puede obtener una visi\u00f3n general de cada zona de evacuaci\u00f3n y cada salida conectada a equipos de protecci\u00f3n antiincendios en cualquier momento.<\/p>\n<p>Cada zona y cada salida est\u00e1n marcadas con una Fire Alarm Systems &#8211; Central AVENAR 2000 3 | 10 etiqueta de texto programable y un color que indica claramente su estado: verde indica estado inactivo, con alimentaci\u00f3n disponible; rojo muestra una activaci\u00f3n durante una condici\u00f3n de alarma de incendio; y fucsia indica una activaci\u00f3n sin condici\u00f3n de alarma de incendio. El color amarillo indica un fallo o un estado desactivado. Un operador con derechos suficientes puede iniciar la evacuaci\u00f3n en zonas seleccionadas y activar las salidas conectadas con<\/p>\n<p>equipos de protecci\u00f3n antiincendios mediante la interfaz de usuario.<\/p>\n<p>Archivo e impresi\u00f3n de mensajes<\/p>\n<p>El registro hist\u00f3rico conserva los eventos y las alarmas entrantes internamente. El registro hist\u00f3rico tiene capacidad para almacenar 10.000 mensajes. Es posible mostrar los mensajes en la pantalla y exportarlos. Adem\u00e1s, se puede conectar una impresora de registro mediante un m\u00f3dulo de interfaz serie para imprimir los mensajes entrantes en tiempo real.<\/p>\n<p><strong>M\u00f3dulos funcionales<\/strong><\/p>\n<p>Los m\u00f3dulos funcionales son unidades encapsuladas independientes. Se colocan en una ranura de un carril<\/p>\n<p>de la central. Por lo tanto, autom\u00e1ticamente se dispone de conexi\u00f3n a la fuente de alimentaci\u00f3n y el tr\u00e1fico de datos con la central. La central identifica el m\u00f3dulo sin ajustes adicionales y funciona en el modo de funcionamiento predeterminado (conectar y funcionar).<\/p>\n<p>El cableado hasta los componentes externos se realiza utilizando terminales de rosca\/conectores compactos.<\/p>\n<p>Despu\u00e9s de una sustituci\u00f3n, solo es necesario volver a insertar los conectores; no es necesario volver a<\/p>\n<p>tender cantidades importantes de cables.<\/p>\n<p>&nbsp;<\/p>\n<\/div>\n<\/div>\n<hr class=\"padding-bottom-2x\" \/>\n<div class=\"row aling-items-center padding-bottom-2x\">\n<div class=\"col-lg-12\">\n<h5 class=\"card-title text-center\">INCLUYE:<\/h5>\n<ul>\n<li>FPE-2000 -SPC : Controlador de panel licencia est\u00e1ndar<\/li>\n<li>LSN 0300 A : Lazo para detectores<\/li>\n<li>PRS-0002 -C : Rail central corto<\/li>\n<li>PRD 0004 A : Rail central largo<\/li>\n<li>UPS 2416 A : Fuente de alimentaci\u00f3n<\/li>\n<li>FDP 0001 A : tapa falsa (3)<\/li>\n<li>CPH 0006 A : Gabinete para sistema de incendio<\/li>\n<li>FBH 0000 A : Bastidor de montaje grande<\/li>\n<li>FPO-5000 -PSB-CH : Soporte para fuente<\/li>\n<li>BCM-0000- B : M\u00f3dulo de control de babterias<\/li>\n<li>LSN 0300 A : M\u00f3dulo bus para detectores<\/li>\n<\/ul>\n<p><img decoding=\"async\" class=\"overview-center-img-web\" src=\"https:\/\/tvc.mx\/media\/385135\/pie-de-pagina-Incendio.png\" alt=\"\" \/><\/div>\n<\/div>\n","protected":false},"excerpt":{"rendered":"<p>CENTRAL FPA2000SWM Panel de incendio FPA2000SWM Descripci\u00f3n inicial La central de incendio permite el funcionamiento mixto de tecnolog\u00eda anal\u00f3gica direccionable y tradicional. Admite la conexi\u00f3n de perif\u00e9ricos en topolog\u00edas de ramal o lazo. La central de incendio identifica y gestiona los detectores de incendios anal\u00f3gicos&hellip;<\/p>\n","protected":false},"featured_media":6042,"comment_status":"open","ping_status":"closed","template":"","meta":{"om_disable_all_campaigns":false,"_monsterinsights_skip_tracking":false,"_monsterinsights_sitenote_active":false,"_monsterinsights_sitenote_note":"","_monsterinsights_sitenote_category":0},"product_brand":[],"product_cat":[506],"product_tag":[495,497,498,499,500,501,496,502],"class_list":{"0":"post-6043","1":"product","2":"type-product","3":"status-publish","4":"has-post-thumbnail","6":"product_cat-paneles-de-control-bosch-incendio-2","7":"product_tag-control-de-incendio","8":"product_tag-detectores","9":"product_tag-estacion-manual","10":"product_tag-estrobos-y-sirenas","11":"product_tag-modulos","12":"product_tag-paneles-de-control","13":"product_tag-sistemas-de-incendio","14":"product_tag-teclados","16":"first","17":"instock","18":"sale","19":"taxable","20":"shipping-taxable","21":"purchasable","22":"product-type-simple"},"aioseo_notices":[],"_links":{"self":[{"href":"https:\/\/tecsecmty.com\/index.php\/wp-json\/wp\/v2\/product\/6043","targetHints":{"allow":["GET"]}}],"collection":[{"href":"https:\/\/tecsecmty.com\/index.php\/wp-json\/wp\/v2\/product"}],"about":[{"href":"https:\/\/tecsecmty.com\/index.php\/wp-json\/wp\/v2\/types\/product"}],"replies":[{"embeddable":true,"href":"https:\/\/tecsecmty.com\/index.php\/wp-json\/wp\/v2\/comments?post=6043"}],"version-history":[{"count":0,"href":"https:\/\/tecsecmty.com\/index.php\/wp-json\/wp\/v2\/product\/6043\/revisions"}],"wp:featuredmedia":[{"embeddable":true,"href":"https:\/\/tecsecmty.com\/index.php\/wp-json\/wp\/v2\/media\/6042"}],"wp:attachment":[{"href":"https:\/\/tecsecmty.com\/index.php\/wp-json\/wp\/v2\/media?parent=6043"}],"wp:term":[{"taxonomy":"product_brand","embeddable":true,"href":"https:\/\/tecsecmty.com\/index.php\/wp-json\/wp\/v2\/product_brand?post=6043"},{"taxonomy":"product_cat","embeddable":true,"href":"https:\/\/tecsecmty.com\/index.php\/wp-json\/wp\/v2\/product_cat?post=6043"},{"taxonomy":"product_tag","embeddable":true,"href":"https:\/\/tecsecmty.com\/index.php\/wp-json\/wp\/v2\/product_tag?post=6043"}],"curies":[{"name":"wp","href":"https:\/\/api.w.org\/{rel}","templated":true}]}}