{"id":6045,"date":"2023-02-23T11:45:46","date_gmt":"2023-02-23T17:45:46","guid":{"rendered":"https:\/\/tecsecmty.com\/index.php\/producto\/bosch-f_fpd7024-panel-de-incendio-convencional-direccionable-con-fpe-7039-bosch\/"},"modified":"2023-03-22T23:21:12","modified_gmt":"2023-03-23T05:21:12","slug":"bosch-f_fpd7024-panel-de-incendio-convencional-direccionable-con-fpe-7039-bosch","status":"publish","type":"product","link":"https:\/\/tecsecmty.com\/index.php\/producto\/bosch-f_fpd7024-panel-de-incendio-convencional-direccionable-con-fpe-7039-bosch\/","title":{"rendered":"BOSCH F_FPD7024 &#8211; Panel de incendio Convencional \/ direccionable (con FPE-7039) BOSCH"},"content":{"rendered":"<div class=\"row aling-items-center padding-bottom-2x\">\n<div class=\"col-lg-12\">\n<h5 class=\"card-title text-center\">Centrales de alarma de incendio FPD\u20117024<\/h5>\n<p>&nbsp;<\/p>\n<p><img decoding=\"async\" class=\"overview-center-img-web\" src=\"https:\/\/tvc.mx\/media\/166986\/bannerC.png\" alt=\"\" \/><\/div>\n<\/div>\n<div class=\"row align-items-center padding-bottom-2x\">\n<div class=\"col-md-5\"><img decoding=\"async\" class=\"d-block m-auto img-thumbnail\" src=\"https:\/\/tvc.mx\/media\/81488\/FPD-7024.config5.png\" alt=\" \" \/><\/div>\n<div class=\"col-md-7 text-md-left text-center\">\n<h2>Descripci\u00f3n inicial<\/h2>\n<p class=\"text-muted\">\n<p class=\"ql-align-justify\"><strong>Las centrales de alarma de incendio FPD\u20117024 (FACP) se pueden usar en aplicaciones comerciales y p\u00fablicas como escuelas, universidades, plantas de fabricaci\u00f3n y centros de salud. Est\u00e1n certificadas por UL para sistemas de estaci\u00f3n central, local, auxiliar y remota.<\/strong><\/p>\n<p class=\"ql-align-justify\"><strong>Los FPD-7024<\/strong>\u00a0FACP son compatibles con cuatro zonas de iniciaci\u00f3n integradas que se pueden ampliar a ocho utilizando el FPC-7034. Cada zona de iniciaci\u00f3n es compatible con detectores de dos y cuatro cables que se pueden configurar como circuitos clase A, estilo D o clase B, estilo B. Cada zona admite hasta 20 detectores de dos cables, o cualquier n\u00famero de detectores de cuatro cables dependiendo de la energ\u00eda disponible. Cada FACP cuenta con transmisor digital de comunicador de alarma de incendio integrado (DACT).<\/p>\n<p class=\"ql-align-justify\">Mejore las caracter\u00edsticas del sistema convencional FPD\u20117024 agregando un m\u00f3dulo de expansi\u00f3n m\u00faltiplex FPE-7039. Agregar un m\u00f3dulo de expansi\u00f3n m\u00faltiple FPE-7039 al FPD\u20117024 convierte la FACP convencional en una FACP direccionable. El FPE-7039 agrega hasta 247 puntos direccionables al sistema base y 400 eventos adicionales en la memoria intermedia hist\u00f3rica para un total de 499 eventos.\u00a0<strong>El FPE-7039<\/strong>\u00a0tambi\u00e9n aumenta el n\u00famero de salidas de rel\u00e9 programables de 19 a 59 y extiende los usuarios del sistema a 100.<\/p>\n<p>&nbsp;<\/p>\n<\/div>\n<\/div>\n<hr class=\"padding-bottom-2x\" \/>\n<div class=\"row align-items-center padding-bottom-2x\">\n<div class=\"col-md-5 order-md-2\"><img decoding=\"async\" class=\"d-block m-auto img-thumbnail\" src=\"https:\/\/tvc.mx\/media\/81492\/FPD-7024.config6.png\" alt=\" \" \/><\/div>\n<div class=\"col-md-7 order-md-1 text-md-left text-center\">\n<h2>Funciones b\u00e1sicas<\/h2>\n<p class=\"text-muted\">\n<p class=\"ql-align-justify\"><strong>Circuitos de dispositivos de notificaci\u00f3n (NAC)<\/strong><\/p>\n<p class=\"ql-align-justify\"><strong>Los dos NAC clase A, estilo Z o clase B, estilo Y<\/strong>\u00a0proporcionan hasta 4 A de potencia regulada de 24 VFWR para operar sirenas, luces estrobosc\u00f3picas, campanas y otros dispositivos de notificaci\u00f3n. Cada NAC se puede programar para proporcionar Temporal Code 3, California March, salida estable, pulsada y sincronizada para Wheelock, Gentex, o dispositivos de notificaci\u00f3n System Sensor.<\/p>\n<p class=\"ql-align-justify\"><strong>Interfaz de usuar<\/strong><\/p>\n<p class=\"ql-align-justify\">Un puerto de visualizaci\u00f3n en la puerta de cierre del panel de control bloqueado muestra los diodos emisores de luz (LED) del estado de sistema y la pantalla de cristal l\u00edquido (LCD) mientras se mantiene la seguridad del teclado del sistema. Desbloquear la puerta de cierre permite acceder a los controles del sistema para silenciar condiciones que no son normales, desviaciones de zona, reconfiguraci\u00f3n de detector, pruebas, otras funciones de incendio y programaci\u00f3n. Estas funciones tambi\u00e9n est\u00e1n disponibles en todos los teclados LCD FMR\u20117033 conectados al sistema.<\/p>\n<p class=\"ql-align-justify\"><strong>Pantalla de eventos organizados<\/strong><\/p>\n<p class=\"ql-align-justify\">Clasifica eventos de alarmas, aver\u00edas y supervisi\u00f3n en categor\u00edas y permite desplazarse por eventos espec\u00edficos.<\/p>\n<p class=\"ql-align-justify\"><strong>Memoria intermedia hist\u00f3rica<\/strong><\/p>\n<p class=\"ql-align-justify\">El sistema almacena eventos en una memoria intermedia de 99 eventos.<\/p>\n<p class=\"ql-align-justify\"><strong>Nota:\u00a0<\/strong>El n\u00famero de eventos que se puede almacenar en la memoria intermedia hist\u00f3rica aumenta a 499 cuando se agrega un m\u00f3dulo de expansi\u00f3n m\u00faltiple FPE-7039.<\/p>\n<p class=\"ql-align-justify\"><strong>Informe de estaci\u00f3n central<\/strong><\/p>\n<p class=\"ql-align-justify\">Los FPD-7024 FACP env\u00edan informes a dos n\u00fameros de tel\u00e9fono (o direcciones IP si hay un m\u00f3dulo de interfaz Conettix instalado) a un receptor Conettix apropiado en la estaci\u00f3n central, con informe \u00fanico, doble y de copia de seguridad. La central admite comunicaci\u00f3n en BFSK, SIA, ID de contacto, M\u00f3dem IIIa2 \u00a0y Tone Burst 4\/2 o 3\/1.<\/p>\n<p class=\"ql-align-justify\"><strong>Control de detector de humo sucio<\/strong><\/p>\n<p class=\"ql-align-justify\">Todas las zonas integradas y zonas FPC\u20117034 se monitorean continuamente en busca de detectores de humo que indiquen una condici\u00f3n de suciedad utilizando la caracter\u00edstica Revisi\u00f3n de c\u00e1mara Bosch y el protocolo CleanMe. Si la c\u00e1mara de humo de un detector est\u00e1 sucia, el detector env\u00eda una se\u00f1al CleanMe al circuito de dos cables o a una se\u00f1al de detector sucio en el circuito direccionable. El panel de control anuncia que hay un detector de suciedad en el circuito o la direcci\u00f3n. La caracter\u00edstica Revisi\u00f3n de c\u00e1mara se\u00f1ala una c\u00e1mara de humo sucia utilizando el LED del cabezal del detector.<\/p>\n<p class=\"ql-align-justify\"><strong>Accesorios<\/strong><\/p>\n<p class=\"ql-align-justify\">El gabinete FPD\u20117024 tiene espacio para m\u00f3dulos adicionales accesorios y dos bater\u00edas D1218 (18 Ah) o dos bater\u00edas D126 (7 Ah).<\/p>\n<p class=\"ql-align-justify\"><strong>Piezas incluidas<\/strong><\/p>\n<p class=\"ql-align-justify\"><strong>FPD\u20117024\u2011LT (disponible solo en Latinoam\u00e9rica)<\/strong><\/p>\n<ul>\n<li class=\"ql-align-justify\">1 Panel FPD\u20117024 en bolsa antiest\u00e1tica.<\/li>\n<li class=\"ql-align-justify\">1 Gabinete.<\/li>\n<li class=\"ql-align-justify\">1 Set de bloqueo con dos teclas n.\u00b0 1358 (D102) (P\/ N: F01U083084).<\/li>\n<li class=\"ql-align-justify\">6 Resistencias fin de l\u00ednea (RFL) de 2,21 k\u03a9 (P\/ N: f01U034504).<\/li>\n<li class=\"ql-align-justify\">1 Paquete de hardware.<\/li>\n<li class=\"ql-align-justify\">1 Paquete de documentaci\u00f3n.<\/li>\n<\/ul>\n<p>&nbsp;<\/p>\n<\/div>\n<\/div>\n<hr class=\"padding-bottom-2x\" \/>\n<div class=\"row align-items-center padding-bottom-2x\">\n<div class=\"col-md-5\"><img decoding=\"async\" class=\"d-block m-auto img-thumbnail\" src=\"https:\/\/tvc.mx\/media\/81496\/FPD-7024.config7.png\" alt=\" \" \/><\/div>\n<div class=\"col-md-7 text-md-left text-center\">\n<h2>Caracter\u00edsticas y Especificaciones<\/h2>\n<p class=\"text-muted\">\n<p class=\"ql-align-justify\"><strong>Nota: FPD-7024-LT FACP without Transformer<\/strong><\/p>\n<p class=\"ql-align-justify\"><strong>Cuatro zonas para detectores (expandibles a ocho); hasta 20 detectores de humo de dos cables por zona. Disponible solo en Latinoam\u00e9rica.<\/strong><\/p>\n<p class=\"ql-align-justify\"><strong>N\u00famero de pedido: FPD-7024-LT.<\/strong><\/p>\n<p class=\"ql-align-justify\"><strong>Principales Caracter\u00edsticas<\/strong><\/p>\n<ul>\n<li class=\"ql-align-justify\">Cuatro zonas de iniciaci\u00f3n (expandibles a ocho); hasta 20 detectores de humo de dos cables por zona.<\/li>\n<li class=\"ql-align-justify\">Programable mediante teclados num\u00e9ricos o software de programaci\u00f3n remoto (RPS) a trav\u00e9s de un m\u00f3dulo de interfaz Conettix.<\/li>\n<li class=\"ql-align-justify\">Dos circuitos de aparatos de notificaci\u00f3n (NAC) integrados con un suministro de alimentaci\u00f3n interno compartido y regulado de 24 VFWR, 4 A NAC.<\/li>\n<li class=\"ql-align-justify\">Se convierte f\u00e1cilmente en direccionable con la incorporaci\u00f3n de un m\u00f3dulo de expansi\u00f3n m\u00faltiple FPE-7039<\/li>\n<\/ul>\n<p class=\"ql-align-justify\"><strong>Especificaciones<\/strong><\/p>\n<p class=\"ql-align-justify\"><strong>El\u00e9ctricas<\/strong><\/p>\n<ul>\n<li class=\"ql-align-justify\">Corriente (alarma)*: 380 mA<\/li>\n<li class=\"ql-align-justify\">Corriente (reposo)*: 200 mA<\/li>\n<li class=\"ql-align-justify\">Potencia (primario): 120 VCA, 1,2 A m\u00e1ximo, 60 Hz o 240 VCA, 0,75 A m\u00e1ximo, 50 Hz.<\/li>\n<\/ul>\n<p class=\"ql-align-justify\"><strong>Ambientales<\/strong><\/p>\n<ul>\n<li class=\"ql-align-justify\">Entorno: Interior, seco<\/li>\n<li class=\"ql-align-justify\">Humedad relativa: Hasta 95 %, sin condensaci\u00f3n<\/li>\n<li class=\"ql-align-justify\">Temperatura (en funcionamiento): +32 \u00b0F (0 \u00b0C) a +120 \u00b0F ( +49 \u00b0C).<\/li>\n<\/ul>\n<p class=\"ql-align-justify\"><strong>Mec\u00e1nicas<\/strong><\/p>\n<ul>\n<li class=\"ql-align-justify\">Color: Rojo<\/li>\n<li class=\"ql-align-justify\">Dimensiones (Al. x An. x Pr.) 20,8 pulg. x 15 pulg. x 4,3 pulg. (52,8 cm x 38,1 cm x 10,9 cm).<\/li>\n<li class=\"ql-align-justify\">Material: Acero laminado en fr\u00edo.<\/li>\n<li class=\"ql-align-justify\">Base: calibre 18 (1,2 mm).<\/li>\n<li class=\"ql-align-justify\">Cubierta: calibre 19 (1,1 mm).<\/li>\n<\/ul>\n<p class=\"ql-align-justify\"><strong>Circuitos de dispositivo de indicaci\u00f3n (IDC)<\/strong><\/p>\n<ul>\n<li class=\"ql-align-justify\">Corriente: 44 mA m\u00e1ximo por circuito.<\/li>\n<li class=\"ql-align-justify\">Resistencia de l\u00ednea: 150 \u03a9.<\/li>\n<li class=\"ql-align-justify\">Tensi\u00f3n: 24 VCC nominal.<\/li>\n<\/ul>\n<p class=\"ql-align-justify\"><strong>Salidas<\/strong><\/p>\n<p class=\"ql-align-justify\"><strong>NAC: 24 VCC nominal, 4 A m\u00e1ximo<\/strong><\/p>\n<ul>\n<li class=\"ql-align-justify\">Rel\u00e9s integrados: Tres contactos de forma C con r\u00e9gimen nominal de 5 A, 28 VCC.<\/li>\n<li class=\"ql-align-justify\">Rel\u00e9s externos: Hasta dos m\u00f3dulos de rel\u00e9 octales D7035 donde cada uno ofrece ocho salidas de rel\u00e9 de forma C, contactos con r\u00e9gimen nominal de 5 A, 28 VCC. En el sistema direccionable, se permiten hasta 20 m\u00f3dulos de entrada y salida m\u00faltiple D7053 por bus para un total de 40.<\/li>\n<\/ul>\n<\/div>\n<\/div>\n","protected":false},"excerpt":{"rendered":"<p>Centrales de alarma de incendio FPD\u20117024 &nbsp; Descripci\u00f3n inicial Las centrales de alarma de incendio FPD\u20117024 (FACP) se pueden usar en aplicaciones comerciales y p\u00fablicas como escuelas, universidades, plantas de fabricaci\u00f3n y centros de salud. Est\u00e1n certificadas por UL para sistemas de estaci\u00f3n central, local,&hellip;<\/p>\n","protected":false},"featured_media":6044,"comment_status":"open","ping_status":"closed","template":"","meta":{"om_disable_all_campaigns":false,"_monsterinsights_skip_tracking":false,"_monsterinsights_sitenote_active":false,"_monsterinsights_sitenote_note":"","_monsterinsights_sitenote_category":0},"product_brand":[],"product_cat":[506],"product_tag":[495,497,498,499,500,501,496,502],"class_list":{"0":"post-6045","1":"product","2":"type-product","3":"status-publish","4":"has-post-thumbnail","6":"product_cat-paneles-de-control-bosch-incendio-2","7":"product_tag-control-de-incendio","8":"product_tag-detectores","9":"product_tag-estacion-manual","10":"product_tag-estrobos-y-sirenas","11":"product_tag-modulos","12":"product_tag-paneles-de-control","13":"product_tag-sistemas-de-incendio","14":"product_tag-teclados","16":"first","17":"instock","18":"sale","19":"taxable","20":"shipping-taxable","21":"purchasable","22":"product-type-simple"},"aioseo_notices":[],"_links":{"self":[{"href":"https:\/\/tecsecmty.com\/index.php\/wp-json\/wp\/v2\/product\/6045","targetHints":{"allow":["GET"]}}],"collection":[{"href":"https:\/\/tecsecmty.com\/index.php\/wp-json\/wp\/v2\/product"}],"about":[{"href":"https:\/\/tecsecmty.com\/index.php\/wp-json\/wp\/v2\/types\/product"}],"replies":[{"embeddable":true,"href":"https:\/\/tecsecmty.com\/index.php\/wp-json\/wp\/v2\/comments?post=6045"}],"version-history":[{"count":0,"href":"https:\/\/tecsecmty.com\/index.php\/wp-json\/wp\/v2\/product\/6045\/revisions"}],"wp:featuredmedia":[{"embeddable":true,"href":"https:\/\/tecsecmty.com\/index.php\/wp-json\/wp\/v2\/media\/6044"}],"wp:attachment":[{"href":"https:\/\/tecsecmty.com\/index.php\/wp-json\/wp\/v2\/media?parent=6045"}],"wp:term":[{"taxonomy":"product_brand","embeddable":true,"href":"https:\/\/tecsecmty.com\/index.php\/wp-json\/wp\/v2\/product_brand?post=6045"},{"taxonomy":"product_cat","embeddable":true,"href":"https:\/\/tecsecmty.com\/index.php\/wp-json\/wp\/v2\/product_cat?post=6045"},{"taxonomy":"product_tag","embeddable":true,"href":"https:\/\/tecsecmty.com\/index.php\/wp-json\/wp\/v2\/product_tag?post=6045"}],"curies":[{"name":"wp","href":"https:\/\/api.w.org\/{rel}","templated":true}]}}