{"id":6049,"date":"2023-02-23T11:45:52","date_gmt":"2023-02-23T17:45:52","guid":{"rendered":"https:\/\/tecsecmty.com\/index.php\/producto\/bosch-f_fpe8000spc-controlador-principal-avenar-8000-licencia-estandar\/"},"modified":"2023-03-22T23:21:13","modified_gmt":"2023-03-23T05:21:13","slug":"bosch-f_fpe8000spc-controlador-principal-avenar-8000-licencia-estandar","status":"publish","type":"product","link":"https:\/\/tecsecmty.com\/index.php\/producto\/bosch-f_fpe8000spc-controlador-principal-avenar-8000-licencia-estandar\/","title":{"rendered":"BOSCH F_FPE8000SPC- Controlador Principal AVENAR 8000 Licencia Est\u00e1ndar"},"content":{"rendered":"<div class=\"row aling-items-center padding-bottom-2x\">\n<div class=\"col-lg-12\">\n<h5 class=\"card-title text-center\">esumen general<\/h5>\n<p>El controlador es el componente central de la central de incendios. Todos los mensajes aparecen en la pantalla en color. El sistema completo se maneja mediante una pantalla t\u00e1ctil. La interfaz de usuario de f\u00e1cil manejo se adapta a distintas situaciones. Esto permite un correcto funcionamiento, que resulta claro, sencillo, orientado e intuitivo.<\/p>\n<p>El software de programaci\u00f3n FSP-5000-RPS permite la adaptaci\u00f3n a requisitos espec\u00edficos de cada proyecto y pa\u00eds<\/p>\n<p><img decoding=\"async\" class=\"overview-center-img-web\" src=\"https:\/\/tvc.mx\/media\/627638\/encabezado-1920x400.png\" alt=\"\" \/><\/p>\n<\/div>\n<\/div>\n<div class=\"row align-items-center padding-bottom-2x\">\n<div class=\"col-md-5\"><img decoding=\"async\" class=\"d-block m-auto img-thumbnail\" src=\"https:\/\/tvc.mx\/media\/627646\/400x300-zoom-110.png\" alt=\" \" \/><\/div>\n<div class=\"col-md-7 text-md-left text-center\">\n<h2>Caracter\u00edsticas<\/h2>\n<ul>\n<li>Pantalla de alta resoluci\u00f3n con colores vivos para indicar alarmas y eventos<\/li>\n<li>Panel t\u00e1ctil de 8&#8243; con botones fijos y programables que permiten adaptarlo a la situaci\u00f3n<\/li>\n<li>Switch Ethernet integrado para conexiones en red e interfaces con servicios remotos, gesti\u00f3n de edificios y sistemas de alarma por voz<\/li>\n<li>Adaptable a los requisitos y las normativas locales<\/li>\n<\/ul>\n<p>&nbsp;<\/p>\n<\/div>\n<\/div>\n<hr class=\"padding-bottom-2x\" \/>\n<div class=\"row align-items-center padding-bottom-2x\">\n<div class=\"col-md-5 order-md-2\"><img decoding=\"async\" class=\"d-block m-auto img-thumbnail\" src=\"https:\/\/tvc.mx\/media\/627658\/400x300-zoom-110-descripci%C3%B3n-del-sistema.png\" alt=\" \" \/><\/div>\n<div class=\"col-md-7 order-md-1 text-md-left text-center\">\n<h2>Descripci\u00f3n del Sistema<\/h2>\n<p>Fig. 1: Descripci\u00f3n general del controlador de central<\/p>\n<p>&nbsp;<\/p>\n<\/div>\n<\/div>\n<hr class=\"padding-bottom-2x\" \/>\n<div class=\"row align-items-center padding-bottom-2x\">\n<div class=\"col-md-5\"><img decoding=\"async\" class=\"d-block m-auto img-thumbnail\" src=\"https:\/\/tvc.mx\/media\/627954\/400x300-zoom-110-descripci%C3%B3n-del-sistema-cont.png\" alt=\" \" \/><\/div>\n<div class=\"col-md-7 text-md-left text-center\">\n<h2>Descripci\u00f3n del Sistema, listado<\/h2>\n<p>Descripci\u00f3n del Sistema, listado<\/p>\n<p>&nbsp;<\/p>\n<\/div>\n<\/div>\n<hr class=\"padding-bottom-2x\" \/>\n<div class=\"row aling-items-center padding-bottom-2x\">\n<div class=\"col-lg-12\">\n<h5 class=\"card-title text-center\">Funciones<\/h5>\n<p><strong>Indicaci\u00f3n de alarma<\/strong><\/p>\n<p>Todos los mensajes se muestran en la pantalla en colores vivos. Los mensajes visualizados contienen la informaci\u00f3n siguiente:<\/p>\n<p class=\"ql-indent-1\">\u2022 Tipo de mensaje<\/p>\n<p class=\"ql-indent-1\">\u2022 Tipo del elemento activador<\/p>\n<p class=\"ql-indent-1\">\u2022 Descripci\u00f3n de la ubicaci\u00f3n exacta del elemento activador<\/p>\n<p class=\"ql-indent-1\">\u2022 Zona l\u00f3gica y subdirecci\u00f3n del elemento activador<\/p>\n<p>18 LED con iconos proporcionan informaci\u00f3n continua sobre el estado de funcionamiento del panel o del sistema. Un LED con el icono rojo muestra una alarma. Un LED con el icono amarillo parpadeante muestra un fallo. Un LED con el icono amarillo fijo indica una funci\u00f3n desactivada. Un LED con el icono verde muestra un funcionamiento correcto.<\/p>\n<p>Dos LED de estado, uno rojo y uno amarillo, son programables. El rojo muestra una alarma autodefinida. El amarillo muestra un fallo o una desactivaci\u00f3n autodefinidos.<\/p>\n<p>Existen m\u00f3dulos de anuncio adicionales, cada uno de ellos con 16 LED rojos y 16 LED amarillos para indicar m\u00e1s alarmas, fallos o desactivaciones autodefinidos.<\/p>\n<p><strong>Funcionamiento y procesamiento de mensajes<\/strong><\/p>\n<p>Para hacer funcionar el panel, se coloca un panel t\u00e1ctil de 8 pulgadas encima de la pantalla como medio de entrada. Hay 6 botones con funciones fijas y 3 teclas de funci\u00f3n programables.<\/p>\n<p>Ejemplos de asignaci\u00f3n de las teclas de funci\u00f3n:<\/p>\n<p class=\"ql-indent-1\">\u2022 Poner el controlador de central en modo de d\u00eda; poner el controlador de central en modo noche<\/p>\n<p class=\"ql-indent-1\">\u2022 Activar puntos o salidas de detecci\u00f3n; desactivar puntos o salidas de detecci\u00f3n<\/p>\n<p class=\"ql-indent-1\">\u2022 Ajustar la sensibilidad est\u00e1ndar de los sensores; ajustar la sensibilidad alternativa de los sensores<\/p>\n<p>Cada tecla de funci\u00f3n tiene un indicador de estado virtual.<\/p>\n<p>Un operador con derechos de usuario suficientes puede usar las teclas de funci\u00f3n en cualquier momento.<\/p>\n<p><strong>Descripci\u00f3n general de zonas de evacuaci\u00f3n y salidas<\/strong><\/p>\n<p>El operador puede obtener una visi\u00f3n general de cada zona de evacuaci\u00f3n y cada salida conectada a equipos de protecci\u00f3n antiincendios en cualquier momento.<\/p>\n<p>Cada zona y cada salida est\u00e1n marcadas con una etiqueta de texto programable y un color que indica claramente su estado: verde indica estado inactivo, con alimentaci\u00f3n disponible; rojo muestra una activaci\u00f3n durante una condici\u00f3n de alarma de incendio; y fucsia indica una activaci\u00f3n sin condici\u00f3n de alarma de incendio. El color amarillo indica un fallo o un estado desactivado. Un operador con derechos suficientes puede iniciar la evacuaci\u00f3n en zonas seleccionadas y activar las salidas conectadas con equipos de protecci\u00f3n antiincendios mediante la interfaz de usuario.<\/p>\n<p><strong>Enlace de seguridad inteligente<\/strong><\/p>\n<p>Smart Safety Link es el m\u00f3dulo m\u00e1s fiable y seguro para combinar un sistema de detecci\u00f3n de incendios y un sistema de alarma por voz (VAS). Smart Safety Link ofrece una flexibilidad excepcional y opciones de ampliaci\u00f3n.<\/p>\n<p>La comunicaci\u00f3n de datos bidireccional establece una conexi\u00f3n supervisada entre la central de detecci\u00f3n de incendios y el VAS. Tanto la central de incendio como el VAS indican un mensaje de aver\u00eda cuando se interrumpe la conexi\u00f3n. En caso de conexi\u00f3n interrumpida, el usuario tiene la posibilidad de iniciar manualmente la evacuaci\u00f3n de todo el edificio mediante una estaci\u00f3n de llamada del VAS. La interrupci\u00f3n de la interfaz no da lugar a una evacuaci\u00f3n autom\u00e1tica del edificio. Cuando se restablece la interfaz, la central de incendio vuelve a sincronizar autom\u00e1ticamente el estado de alarma actual con el VAS. Si se produce una situaci\u00f3n de incendio, la central de incendio iniciar\u00e1 autom\u00e1ticamente los anuncios por voz mediante activadores de VAS virtuales que se activan a trav\u00e9s de reglas configuradas en FSP-5000-RPS. La central de incendio genera un mensaje de supervisi\u00f3n cuando<\/p>\n<p>se inicia un evento de evacuaci\u00f3n desde el VAS. Una aver\u00eda en el VAS generar\u00e1 un mensaje de aver\u00eda en la interfaz de usuario de la central de incendio.<\/p>\n<p><strong>Archivo e impresi\u00f3n de mensajes<\/strong><\/p>\n<p>El registro hist\u00f3rico conserva los eventos y las alarmas entrantes internamente. El registro hist\u00f3rico tiene capacidad para almacenar 10.000 mensajes. Es posible mostrar los mensajes en la pantalla y exportarlos. Adem\u00e1s, se puede conectar una impresora de registro mediante un m\u00f3dulo de interfaz serie para imprimir los mensajes entrantes en tiempo real.<\/p>\n<p><strong>Redes<\/strong><\/p>\n<p>Es posible combinar hasta 32 controladores de centrales, teclados remotos y servidores OPC para formar una red.<\/p>\n<p>Los paneles y los teclados muestran todos los mensajes y tambi\u00e9n se puede formar un grupo de paneles y teclados. Dentro de un grupo, solo se muestran los mensajes de ese grupo.<\/p>\n<p>Es posible utilizar distintas topolog\u00edas de red de<\/p>\n<p>alarma de incendio:<\/p>\n<p class=\"ql-indent-1\">\u2022 Lazo CAN<\/p>\n<p class=\"ql-indent-1\">\u2022 Bucle Ethernet<\/p>\n<p class=\"ql-indent-1\">\u2022 Doble bucle Ethernet\/CAN<\/p>\n<p class=\"ql-indent-1\">\u2022 Bucle CAN con segmentos Ethernet<\/p>\n<p class=\"ql-indent-1\">\u2022 Troncal Ethernet con subbucles (Ethernet\/CAN)<\/p>\n<p><strong>Idiomas<\/strong><\/p>\n<p>El operador puede cambiar el idioma de la interfaz de usuario. Hay disponible un gu\u00eda del usuario r\u00e1pida para cada idioma. Se incluyen los idiomas siguientes en el paquete: alem\u00e1n, b\u00falgaro, checo, croata, dan\u00e9s, eslovaco, espa\u00f1ol, estonio, franc\u00e9s, griego, holand\u00e9s, h\u00fangaro, ingl\u00e9s, italiano, let\u00f3n, lituano, polaco, portugu\u00e9s, rumano, ruso, serbio, sueco y turco.<\/p>\n<p>Las gu\u00edas del usuario r\u00e1pidas de los siguientes idiomas solo est\u00e1n disponibles en l\u00ednea en www.boschsecurity.com: hebreo y ucraniano.<\/p>\n<p><strong>Gesti\u00f3n de operadores<\/strong><\/p>\n<p>El sistema admite hasta 200 operadores registrados distintos. Se permite iniciar sesi\u00f3n con un ID de usuario y un c\u00f3digo PIN de 8 d\u00edgitos.<\/p>\n<p>Existen cuatro niveles de autorizaci\u00f3n distintos. En funci\u00f3n del nivel de autorizaci\u00f3n, el operador puede<\/p>\n<p>llevar a cabo ciertas funciones, conforme a EN54-2.<\/p>\n<p><strong>Interfaces<\/strong><\/p>\n<p>Caracter\u00edsticas del controlador de la central<\/p>\n<p class=\"ql-indent-1\">\u2022 2 m\u00f3dulos CAN (CAN1\/CAN2) para funcionamiento en red<\/p>\n<p class=\"ql-indent-1\">\u2022 1 conector de ra\u00edl<\/p>\n<p class=\"ql-indent-1\">\u2022 4 m\u00f3dulos Ethernet (1\/2\/3\/4) para funcionamiento en red, uso recomendado:<\/p>\n<p class=\"ql-indent-2\">\u2013 1 y 2 (azul): red de centrales<\/p>\n<p class=\"ql-indent-2\">\u2013 3 (verde): sistema de gesti\u00f3n de edificios, central de jerarqu\u00eda, sistema de alarma por voz<\/p>\n<p class=\"ql-indent-2\">\u2013 4 (rojo): Remote Services<\/p>\n<p class=\"ql-indent-1\">\u2022 2 entradas de se\u00f1al (IN1\/IN2)<\/p>\n<p class=\"ql-indent-1\">\u2022 1 m\u00f3dulo de funci\u00f3n USB para la configuraci\u00f3n mediante FSP-5000-RPS<\/p>\n<p class=\"ql-indent-1\">\u2022 1 m\u00f3dulo de tarjeta de memoria<\/p>\n<p><strong>Licencias<\/strong><\/p>\n<p>El controlador de central se suministra con una licencia de software integrada. Esta licencia de software se implementa durante la producci\u00f3n y no se puede modificar, revocar ni transferir. La licencia define el tama\u00f1o m\u00e1ximo de la red de paneles y la disponibilidad de ciertas caracter\u00edsticas e interfaces<\/p>\n<p><img decoding=\"async\" class=\"overview-center-img-web\" src=\"https:\/\/tvc.mx\/media\/627978\/encabezado-1920x400.png\" alt=\"\" \/><\/p>\n<\/div>\n<\/div>\n<div class=\"row aling-items-center padding-bottom-2x\">\n<div class=\"col-lg-12\">\n<h5 class=\"card-title text-center\">Funciones, Licencias<\/h5>\n<p>Funciones, Licencias<\/p>\n<p><img decoding=\"async\" class=\"overview-center-img-web\" src=\"https:\/\/tvc.mx\/media\/628006\/1920x400-licencias-cont.png\" alt=\"\" \/><\/p>\n<\/div>\n<\/div>\n<div class=\"row aling-items-center padding-bottom-2x\">\n<div class=\"col-lg-12\">\n<h5 class=\"card-title text-center\">Informaci\u00f3n reglamentaria<\/h5>\n<p>Informaci\u00f3n reglamentaria<\/p>\n<p><img decoding=\"async\" class=\"overview-center-img-web\" src=\"https:\/\/tvc.mx\/media\/628018\/1920x400-informaci%C3%B3n-reglamentaria.png\" alt=\"\" \/><\/p>\n<\/div>\n<\/div>\n<div class=\"row aling-items-center padding-bottom-2x\">\n<div class=\"col-lg-12\">\n<h5 class=\"card-title text-center\">Notas de configuraci\u00f3n\/instalaci\u00f3n<\/h5>\n<ul>\n<li class=\"ql-indent-1\">Seg\u00fan se estipula en EN 54-2, los paneles con m\u00e1s de 512 detectores y pulsadores manuales deben estar equipados con un controlador de central redundante. En combinaci\u00f3n con un AVENAR panel 8000, se puede usar un AVENAR keypad 8000 como controlador de central redundante.<\/li>\n<li class=\"ql-indent-1\">El software de programaci\u00f3n FSP-5000-RPS permite la adaptaci\u00f3n a requisitos espec\u00edficos de cada proyecto y pa\u00eds.<\/li>\n<\/ul>\n<p class=\"ql-indent-2\">El software de programaci\u00f3n y la documentaci\u00f3n asociada est\u00e1n disponibles en www.boschsecurity.com para los usuarios con derechos de acceso.<\/p>\n<p class=\"ql-indent-2\">La ayuda en l\u00ednea de FSP-5000-RPS tambi\u00e9n contiene informaci\u00f3n sobre el software de programaci\u00f3n.<\/p>\n<p><strong>Firmware del controlador de la central<\/strong><\/p>\n<p>Hay dos versiones de firmware disponibles para el controlador de la central de incendio: versi\u00f3n 3.x y versi\u00f3n 4.x.<\/p>\n<p>El firmware V3.x permite la compatibilidad del funcionamiento en red con las centrales de la serie FPA-5000 antiguas (MPC-xxxx-B y MPC-xxxx-C) y con el teclado FMR-5000<\/p>\n<p>Esto implica que cuando AVENAR panel y AVENAR keypad ejecutan el firmware v3.x, solo contienen caracter\u00edsticas de productos y perif\u00e9ricos enlazados que tambi\u00e9n est\u00e1n disponibles para la serie FPA-5000.<\/p>\n<p>Del 1 de enero de 2022 al 31 de diciembre de 2025, el firmware de la central versi\u00f3n 3.x est\u00e1 en modo de mantenimiento. Durante este per\u00edodo, se publicar\u00e1n nuevas versiones solo con correcciones de errores graves y brechas de seguridad cr\u00edticas.<\/p>\n<p>A partir del 1 de enero de 2022 en adelante, las nuevas caracter\u00edsticas del producto, los nuevos perif\u00e9ricos LSN, los nuevos idiomas de la interfaz gr\u00e1fica de usuario y los cambios normativos solo estar\u00e1n disponibles en el firmware versi\u00f3n 4.x.<\/p>\n<p>La versi\u00f3n de firmware 4.x est\u00e1 destinada exclusivamente a AVENAR panel y AVENAR keypad<\/p>\n<p><img decoding=\"async\" class=\"overview-center-img-web\" src=\"https:\/\/tvc.mx\/media\/628026\/encabezado-1920x400.png\" alt=\"\" \/><\/p>\n<\/div>\n<\/div>\n<div class=\"row aling-items-center padding-bottom-2x\">\n<div class=\"col-lg-12\">\n<h5 class=\"card-title text-center\">Especificaciones t\u00e9cnicas<\/h5>\n<p>Especificaciones t\u00e9cnicas<\/p>\n<p><img decoding=\"async\" class=\"overview-center-img-web\" src=\"https:\/\/tvc.mx\/media\/628042\/1920x400-caract.png\" alt=\"\" \/><\/p>\n<\/div>\n<\/div>\n","protected":false},"excerpt":{"rendered":"<p>esumen general El controlador es el componente central de la central de incendios. Todos los mensajes aparecen en la pantalla en color. El sistema completo se maneja mediante una pantalla t\u00e1ctil. La interfaz de usuario de f\u00e1cil manejo se adapta a distintas situaciones. Esto permite&hellip;<\/p>\n","protected":false},"featured_media":6048,"comment_status":"open","ping_status":"closed","template":"","meta":{"om_disable_all_campaigns":false,"_monsterinsights_skip_tracking":false,"_monsterinsights_sitenote_active":false,"_monsterinsights_sitenote_note":"","_monsterinsights_sitenote_category":0},"product_brand":[],"product_cat":[506],"product_tag":[495,497,498,499,500,501,496,502],"class_list":{"0":"post-6049","1":"product","2":"type-product","3":"status-publish","4":"has-post-thumbnail","6":"product_cat-paneles-de-control-bosch-incendio-2","7":"product_tag-control-de-incendio","8":"product_tag-detectores","9":"product_tag-estacion-manual","10":"product_tag-estrobos-y-sirenas","11":"product_tag-modulos","12":"product_tag-paneles-de-control","13":"product_tag-sistemas-de-incendio","14":"product_tag-teclados","16":"first","17":"instock","18":"sale","19":"taxable","20":"shipping-taxable","21":"purchasable","22":"product-type-simple"},"aioseo_notices":[],"_links":{"self":[{"href":"https:\/\/tecsecmty.com\/index.php\/wp-json\/wp\/v2\/product\/6049","targetHints":{"allow":["GET"]}}],"collection":[{"href":"https:\/\/tecsecmty.com\/index.php\/wp-json\/wp\/v2\/product"}],"about":[{"href":"https:\/\/tecsecmty.com\/index.php\/wp-json\/wp\/v2\/types\/product"}],"replies":[{"embeddable":true,"href":"https:\/\/tecsecmty.com\/index.php\/wp-json\/wp\/v2\/comments?post=6049"}],"version-history":[{"count":0,"href":"https:\/\/tecsecmty.com\/index.php\/wp-json\/wp\/v2\/product\/6049\/revisions"}],"wp:featuredmedia":[{"embeddable":true,"href":"https:\/\/tecsecmty.com\/index.php\/wp-json\/wp\/v2\/media\/6048"}],"wp:attachment":[{"href":"https:\/\/tecsecmty.com\/index.php\/wp-json\/wp\/v2\/media?parent=6049"}],"wp:term":[{"taxonomy":"product_brand","embeddable":true,"href":"https:\/\/tecsecmty.com\/index.php\/wp-json\/wp\/v2\/product_brand?post=6049"},{"taxonomy":"product_cat","embeddable":true,"href":"https:\/\/tecsecmty.com\/index.php\/wp-json\/wp\/v2\/product_cat?post=6049"},{"taxonomy":"product_tag","embeddable":true,"href":"https:\/\/tecsecmty.com\/index.php\/wp-json\/wp\/v2\/product_tag?post=6049"}],"curies":[{"name":"wp","href":"https:\/\/api.w.org\/{rel}","templated":true}]}}