{"id":6057,"date":"2023-02-23T11:46:02","date_gmt":"2023-02-23T17:46:02","guid":{"rendered":"https:\/\/tecsecmty.com\/index.php\/producto\/bosch-f_fmr1000rcmd-teclado-remoto-centro-de-comando-pantalla-lcd-sirena\/"},"modified":"2023-03-22T23:21:11","modified_gmt":"2023-03-23T05:21:11","slug":"bosch-f_fmr1000rcmd-teclado-remoto-centro-de-comando-pantalla-lcd-sirena","status":"publish","type":"product","link":"https:\/\/tecsecmty.com\/index.php\/producto\/bosch-f_fmr1000rcmd-teclado-remoto-centro-de-comando-pantalla-lcd-sirena\/","title":{"rendered":"BOSCH F_FMR1000RCMD &#8211; Teclado remoto \/ Centro de comando \/ Pantalla LCD \/ Sirena"},"content":{"rendered":"<h5 class=\"card-title text-center\">FMR\u20111000\u2011RCMD Centro de Comando Remoto<\/h5>\n<p class=\"ql-align-justify\"><strong>El Centro de Comando Remoto FMR\u20111000\u2011RCMD es un anunciador con pantalla LCD y cuatro conductores que incluye funciones de control del sistema para su uso con las Centrales de Incendios Anal\u00f3gicas Direccionables FCP\u20111000.\u00a0<\/strong>Cuenta con los LED y la pantalla LCD correspondientes y dispone de una sirena piezoel\u00e9ctrica, botones de navegaci\u00f3n y teclas de operaci\u00f3n de evacuaci\u00f3n, restablecimiento, silencio y reconocimiento. Las funciones de navegaci\u00f3n y la tecla de reconocimiento son accesibles sin ning\u00fan tipo de limitaci\u00f3n (incluso con guantes ign\u00edfugos). Las teclas de restablecimiento, silencio y evacuaci\u00f3n pueden activarse o desactivarse mediante la llave de activaci\u00f3n del dispositivo. Tambi\u00e9n puede desactivarse la llave de activaci\u00f3n para proporcionar acceso completo a los controles.<\/p>\n<p class=\"ql-align-justify\"><strong>Funciones b\u00e1sicas<\/strong><\/p>\n<p class=\"ql-align-justify\"><strong>Pantalla<\/strong><\/p>\n<p class=\"ql-align-justify\">El Centro de Comando Remoto utiliza una pantalla LCD de 80 caracteres (4 l\u00edneas x 20 caracteres) con un amplio \u00e1ngulo de visi\u00f3n. La pantalla incluye una retroiluminaci\u00f3n mediante LED de larga duraci\u00f3n. El panel controla la retroiluminaci\u00f3n, aunque tambi\u00e9n se puede activar al presionar cualquier tecla. Se apagar\u00e1 una vez transcurridos 30 segundos sin pulsar ninguna tecla. Incluso si se interrumpe la alimentaci\u00f3n de CA, la retroiluminaci\u00f3n por LED seguir\u00e1 encendida cuando un usuario utilice el teclado.<\/p>\n<ul>\n<li class=\"ql-align-justify\"><strong>Sistema Normal:<\/strong>\u00a0cuando no existe ninguna alarma o problema en el sistema, el LED de Alimentaci\u00f3n permanece iluminado y no se enciende ning\u00fan otro LED. La pantalla LCD muestra dos l\u00edneas de encabezado, la l\u00ednea de estado del sistema, as\u00ed como la fecha y la hora.<\/li>\n<li class=\"ql-align-justify\"><strong>Sistema Anormal:<\/strong>\u00a0si se produce cualquier situaci\u00f3n anormal, la central muestra el n\u00famero de situaciones anormales clasificadas en grupos. Entre los grupos se incluyen: alarma de incendio, alarma de gas, supervisi\u00f3n y problemas. En el panel se pueden almacenar hasta 255 eventos para cada grupo al mismo tiempo. Si se restaura un evento, se borra de la lista.<\/li>\n<\/ul>\n<p class=\"ql-align-justify\"><strong>Sirena Piezoel\u00e9ctrica<\/strong><\/p>\n<p class=\"ql-align-justify\">El Centro de Comando Remoto cuenta con una sirena piezoel\u00e9ctrica que indica de forma ac\u00fastica el estado del sistema. En caso de que se activen varias sirenas piezoel\u00e9ctricas, se mostrar\u00e1 el estado del sistema con la prioridad m\u00e1s alta.<\/p>\n<p class=\"ql-align-justify\"><strong>Teclas de Operaci\u00f3n<\/strong><\/p>\n<p class=\"ql-align-justify\"><strong>El Centro de Comando Remoto dispone de cuatro teclas de operaci\u00f3n:<\/strong><\/p>\n<ul>\n<li class=\"ql-align-justify\"><strong>Reconocimiento:<\/strong>\u00a0la tecla de reconocimiento es accesible sin ning\u00fan tipo de limitaci\u00f3n. Durante una alarma, al presionar esta tecla se desactiva la sirena piezo el\u00e9ctrica que se emite a trav\u00e9s de uno de los anunciadores.<\/li>\n<li class=\"ql-align-justify\"><strong>Evacuaci\u00f3n:\u00a0<\/strong>la tecla de Evacuaci\u00f3n puede activarse o desactivarse mediante la llave de activaci\u00f3n del dispositivo. La operaci\u00f3n de evacuaci\u00f3n no estar\u00e1 disponible si hay cualquier alarma de incendio o condici\u00f3n de supervisi\u00f3n. Tras la operaci\u00f3n de evacuaci\u00f3n, se genera un Reporte de Comienzo de Evacuaci\u00f3n en el hist\u00f3rico y, si as\u00ed esta programado, se env\u00eda el reporte a la estaci\u00f3n central. Se activan todos los NAC no excluidos y se ejecutan los patrones programados para ellos. Cuando la operaci\u00f3n de evacuaci\u00f3n se detiene, todos los NAC activados se desconectan y se registra en el hist\u00f3rico un Reporte de Finalizaci\u00f3n de Evacuaci\u00f3n y, si as\u00ed fue programado, se env\u00eda un reporte a la estaci\u00f3n central. Mediante la detenci\u00f3n de la evacuaci\u00f3n se lleva a cabo un restablecimiento autom\u00e1tico del sistema, de modo que el panel y todos los dispositivos de campo reanudan su operaci\u00f3n normal.<\/li>\n<li class=\"ql-align-justify\"><strong>Restablecimiento:<\/strong>\u00a0la tecla de Restablecimiento puede activarse o desactivarse mediante la llave de activaci\u00f3n del dispositivo. Cuando se inicia una operaci\u00f3n de restablecimiento, la sirena piezoel\u00e9ctrica y las salidas silenciadas o activadas se apagan, todos los estados de alarma, supervisi\u00f3n y problemas causados por la activaci\u00f3n de puntos de SLC se eliminan y, a continuaci\u00f3n, el panel de control trata de restablecer todos los puntos que se encuentran en un estado anormal. La operaci\u00f3n de restablecimiento no afecta a todas las condiciones de problemas del sistema. Tras la operaci\u00f3n de restablecimiento, se muestran de nuevo todos los puntos de entrada que permanecen en estado anormal. Las operaciones de restablecimiento se registran en el hist\u00f3rico y, si est\u00e1 programado, el panel de control env\u00eda un reporte de restablecimiento a la estaci\u00f3n central.<\/li>\n<li class=\"ql-align-justify\"><strong>Silencio:<\/strong>\u00a0la tecla de silencio puede activarse o desactivarse mediante la llave de activaci\u00f3n del dispositivo. Cuando se ejecuta la operaci\u00f3n de silencio, se enciende el LED \u00abSilencio\u00bb, el panel entra en estado \u00abSilencio\u00bb y se desconectan las sirenas piezoel\u00e9ctricas de todos los teclados y los anunciadores.<\/li>\n<\/ul>\n<p class=\"ql-align-justify\"><strong>Planificaci\u00f3n<\/strong><\/p>\n<p class=\"ql-align-justify\"><strong>Consideraciones sobre el montaje<\/strong><\/p>\n<p class=\"ql-align-justify\">El Centro de Comando Remoto, que incluye un nivel integrado, se puede montar en superficie o con la caja trasera suministrada o empotrada mediante una caja el\u00e9ctrica de 3 acometidas.<\/p>\n<p class=\"ql-align-justify\"><strong>Consideraciones sobre el cableado<\/strong><\/p>\n<p class=\"ql-align-justify\">Use un cable de cuatro conductores, de 0,8 mm.2 (18 AWG) o de di\u00e1metro superior, para conectar el Centro de Comando Remoto al Bus de Opciones de la Central de Incendios. La longitud total del cable conectado a los terminales del Bus de Opciones no debe superar los 1.219 m. (4.000 pies), independientemente de la secci\u00f3n de cable utilizada. Para obtener informaci\u00f3n detallada sobre c\u00e1lculos de longitud de cables, consulte la Gu\u00eda de Instalaci\u00f3n y Operaci\u00f3n FPA\u20111000.<\/p>\n<p class=\"ql-align-justify\"><strong>Piezas incluidas<\/strong><\/p>\n<ul>\n<li class=\"ql-align-justify\">1 Centro de Comando Remoto en caja posterior con cubierta de carcasa Cerradura y dos llave.<\/li>\n<li class=\"ql-align-justify\">1 (llave de sustituci\u00f3n: D102) Fichas en diferentes idiomas para el texto de los LED y de las teclas.<\/li>\n<li class=\"ql-align-justify\">1 Paquete de hardware.<\/li>\n<li class=\"ql-align-justify\">1 Documentaci\u00f3n: Gu\u00eda de Instalaci\u00f3n y Operaci\u00f3n.<\/li>\n<li class=\"ql-align-justify\">1 C\u00f3digo de clave incluido en la cerradura y la llave.<\/li>\n<\/ul>\n<p class=\"ql-align-justify\"><strong>Nota: FMR\u20111000\u2011RCMD Es un Centro de Comando Remoto Anunciador con pantalla LCD con funciones de control del sistema para utilizar con las Centrales de Incendios Anal\u00f3gicas Direccionables FPA\u20111000.<\/strong><\/p>\n<p class=\"ql-align-justify\"><strong>Numero de pedido: FMR\u20111000\u2011RCMD<\/strong><\/p>\n<p class=\"ql-align-justify\"><strong>Principales caracter\u00edsticas:<\/strong><\/p>\n<ul>\n<li class=\"ql-align-justify\">Indicadores LED de estado.<\/li>\n<li class=\"ql-align-justify\">Pantalla LCD de 80\u2011caracteres.<\/li>\n<li class=\"ql-align-justify\">Sirena piezoel\u00e9ctrica.<\/li>\n<li class=\"ql-align-justify\">Botones de navegaci\u00f3n.<\/li>\n<li class=\"ql-align-justify\">Teclas de operaci\u00f3n de evacuaci\u00f3n, restablecimiento, silencio y reconocimiento.<\/li>\n<\/ul>\n<p class=\"ql-align-justify\"><strong>Especificaciones<\/strong><\/p>\n<p class=\"ql-align-justify\"><strong>El\u00e9ctricas<\/strong><\/p>\n<ul>\n<li class=\"ql-align-justify\">Tensi\u00f3n (operaci\u00f3n): 12 VCC o 24 VCC nominal.<\/li>\n<\/ul>\n<p class=\"ql-align-justify\"><strong>Consumo de Corriente a 12 VCC<\/strong><\/p>\n<ul>\n<li class=\"ql-align-justify\"><strong>Alarma:<\/strong>\u00a0150 mA como m\u00e1ximo (con el anunciador y la sirena piezoel\u00e9ctrica encendidos).<\/li>\n<li class=\"ql-align-justify\">Modo reposo: M\u00e1ximo de 25 mA (encendido s\u00f3lo el LED de alimentaci\u00f3n).<\/li>\n<\/ul>\n<p class=\"ql-align-justify\"><strong>Consumo de Corriente a 24 VCC<\/strong><\/p>\n<ul>\n<li class=\"ql-align-justify\"><strong>Alarma:\u00a0<\/strong>M\u00e1ximo de 120 mA (con el anunciador y la sirena piezoel\u00e9ctrica encendidos).<\/li>\n<li class=\"ql-align-justify\"><strong>Modo reposo:\u00a0<\/strong>M\u00e1ximo de 30 mA (encendido s\u00f3lo el LED de alimentaci\u00f3n).<\/li>\n<\/ul>\n<p class=\"ql-align-justify\"><strong>Ambientales<\/strong><\/p>\n<ul>\n<li class=\"ql-align-justify\">Entorno: Interior, seco.<\/li>\n<li class=\"ql-align-justify\">Respetuoso con el Medio Ambiente: Conforme a RoHS.<\/li>\n<li class=\"ql-align-justify\">Clase de Protecci\u00f3n: IP 30 seg\u00fan IEC 605029.<\/li>\n<li class=\"ql-align-justify\">Humedad Relativa: Hasta un 95%, sin condensaci\u00f3n.<\/li>\n<li class=\"ql-align-justify\">Temperatura (operaci\u00f3n): De 0 \u00b0C a +49 \u00b0C (de +32 \u00b0F a +120 \u00b0F).<\/li>\n<li class=\"ql-align-justify\">Temperatura (almacenamiento): De -20 \u00b0C a +60 \u00b0C (de -4 \u00b0F a +140 \u00b0F).<\/li>\n<\/ul>\n<p class=\"ql-align-justify\"><strong>Mec\u00e1nicas<\/strong><\/p>\n<p class=\"ql-align-justify\"><strong>Elementos de Operaci\u00f3n y Visualizaci\u00f3n<\/strong><\/p>\n<ul>\n<li class=\"ql-align-justify\">LCD: Pantalla LCD retroiluminada de 4 l\u00edneas x 20 caracteres.<\/li>\n<li class=\"ql-align-justify\">LED: Seis: Alarma de Incendio (rojo), Alarma de Gas (azul), Alimentaci\u00f3n (verde), Supervisi\u00f3n, Silencio y Problemas (3 x amarillo).<\/li>\n<li class=\"ql-align-justify\">Teclas: Tecla de reconocimiento, 4 teclas de navegaci\u00f3n.<\/li>\n<li class=\"ql-align-justify\">Sirena: Sirena piezoel\u00e9ctrica integrada.<\/li>\n<\/ul>\n<p class=\"ql-align-justify\"><strong>Carcasa<\/strong><\/p>\n<ul>\n<li class=\"ql-align-justify\">Material: ABS-FR.<\/li>\n<li class=\"ql-align-justify\">Color: Rojo.<\/li>\n<\/ul>\n<p class=\"ql-align-justify\"><strong>Dimensiones (An. x Al. x Pr.):\u00a0<\/strong>188 mm. x 112 mm. x 48 mm.<\/p>\n<p class=\"ql-align-justify\"><strong>Cableado<\/strong><\/p>\n<ul>\n<li class=\"ql-align-justify\">Entradas de Cable: 3 salidas para conexiones de ducto de 1,27 cm. (1\/2 pulg.) en la parte posterior, inferior y superior.<\/li>\n<li class=\"ql-align-justify\">Conexiones: 4 terminales.<\/li>\n<\/ul>\n<p class=\"ql-align-justify\"><strong>Elementos de Operaci\u00f3n y Visualizaci\u00f3n<\/strong><\/p>\n<ul>\n<li class=\"ql-align-justify\">Secci\u00f3n del Cable: De 12 AWG a 18 AWG (0,75 mm.2 a 3,25 mm.2 ).<\/li>\n<li class=\"ql-align-justify\">Tipo de Cable: Cable no apantallado de cuatro conductores.<\/li>\n<\/ul>\n<p><img decoding=\"async\" class=\"overview-center-img-web\" src=\"https:\/\/tvc.mx\/media\/174412\/BANNER-OFICIAL-A.png\" alt=\"\" \/><\/p>\n","protected":false},"excerpt":{"rendered":"<p>FMR\u20111000\u2011RCMD Centro de Comando Remoto El Centro de Comando Remoto FMR\u20111000\u2011RCMD es un anunciador con pantalla LCD y cuatro conductores que incluye funciones de control del sistema para su uso con las Centrales de Incendios Anal\u00f3gicas Direccionables FCP\u20111000.\u00a0Cuenta con los LED y la pantalla LCD&hellip;<\/p>\n","protected":false},"featured_media":6056,"comment_status":"open","ping_status":"closed","template":"","meta":{"om_disable_all_campaigns":false,"_monsterinsights_skip_tracking":false,"_monsterinsights_sitenote_active":false,"_monsterinsights_sitenote_note":"","_monsterinsights_sitenote_category":0},"product_brand":[],"product_cat":[507],"product_tag":[495,497,498,499,500,501,496,502],"class_list":{"0":"post-6057","1":"product","2":"type-product","3":"status-publish","4":"has-post-thumbnail","6":"product_cat-teclados-bosch-incendio-2","7":"product_tag-control-de-incendio","8":"product_tag-detectores","9":"product_tag-estacion-manual","10":"product_tag-estrobos-y-sirenas","11":"product_tag-modulos","12":"product_tag-paneles-de-control","13":"product_tag-sistemas-de-incendio","14":"product_tag-teclados","16":"first","17":"instock","18":"sale","19":"taxable","20":"shipping-taxable","21":"purchasable","22":"product-type-simple"},"aioseo_notices":[],"_links":{"self":[{"href":"https:\/\/tecsecmty.com\/index.php\/wp-json\/wp\/v2\/product\/6057","targetHints":{"allow":["GET"]}}],"collection":[{"href":"https:\/\/tecsecmty.com\/index.php\/wp-json\/wp\/v2\/product"}],"about":[{"href":"https:\/\/tecsecmty.com\/index.php\/wp-json\/wp\/v2\/types\/product"}],"replies":[{"embeddable":true,"href":"https:\/\/tecsecmty.com\/index.php\/wp-json\/wp\/v2\/comments?post=6057"}],"version-history":[{"count":0,"href":"https:\/\/tecsecmty.com\/index.php\/wp-json\/wp\/v2\/product\/6057\/revisions"}],"wp:featuredmedia":[{"embeddable":true,"href":"https:\/\/tecsecmty.com\/index.php\/wp-json\/wp\/v2\/media\/6056"}],"wp:attachment":[{"href":"https:\/\/tecsecmty.com\/index.php\/wp-json\/wp\/v2\/media?parent=6057"}],"wp:term":[{"taxonomy":"product_brand","embeddable":true,"href":"https:\/\/tecsecmty.com\/index.php\/wp-json\/wp\/v2\/product_brand?post=6057"},{"taxonomy":"product_cat","embeddable":true,"href":"https:\/\/tecsecmty.com\/index.php\/wp-json\/wp\/v2\/product_cat?post=6057"},{"taxonomy":"product_tag","embeddable":true,"href":"https:\/\/tecsecmty.com\/index.php\/wp-json\/wp\/v2\/product_tag?post=6057"}],"curies":[{"name":"wp","href":"https:\/\/api.w.org\/{rel}","templated":true}]}}