{"id":6067,"date":"2023-02-23T11:46:13","date_gmt":"2023-02-23T17:46:13","guid":{"rendered":"https:\/\/tecsecmty.com\/index.php\/producto\/bosch-f_fpe8000fmr-teclado-remoto-para-panel-avenar-2000-y-8000\/"},"modified":"2023-03-22T23:21:13","modified_gmt":"2023-03-23T05:21:13","slug":"bosch-f_fpe8000fmr-teclado-remoto-para-panel-avenar-2000-y-8000","status":"publish","type":"product","link":"https:\/\/tecsecmty.com\/index.php\/producto\/bosch-f_fpe8000fmr-teclado-remoto-para-panel-avenar-2000-y-8000\/","title":{"rendered":"BOSCH F_FPE8000FMR- TECLADO REMOTO PARA PANEL AVENAR 2000 Y 8000"},"content":{"rendered":"<div class=\"row aling-items-center padding-bottom-2x\">\n<div class=\"col-lg-12\">\n<h5 class=\"card-title text-center\">Teclado remoto FPE-8000-FMR<\/h5>\n<p>TECLADO COMPATIBLE CON PANEL AVENAR 2000<\/p>\n<p><img decoding=\"async\" class=\"overview-center-img-web\" src=\"https:\/\/tvc.mx\/media\/172781\/BABBER-AVENAR.png\" alt=\"\" \/><\/p>\n<\/div>\n<\/div>\n<div class=\"row align-items-center padding-bottom-2x\"><\/div>\n<div class=\"row align-items-center padding-bottom-2x\">\n<p><img decoding=\"async\" class=\"alignright\" src=\"https:\/\/tecsecmty.com\/wp-content\/uploads\/2023\/02\/fmrAVENAR-300x300.png\" \/><\/p>\n<div class=\"col-md-7 order-md-1 text-md-left text-center\">\n<h2>Descripci\u00f3n inicial<\/h2>\n<p class=\"ql-align-justify\" style=\"text-align: left\">El teclado remoto permite el uso descentralizado de un sistema de seguridad contra incendios. El dise\u00f1o<\/p>\n<p class=\"ql-align-justify\" style=\"text-align: left\">de la interfaz gr\u00e1fica de usuario es id\u00e9ntico al de las centrales de incendios. Una pantalla en color muestra todos los mensajes. La pantalla t\u00e1ctil sirve para usar una central espec\u00edfica o todo el sistema. La interfaz de f\u00e1cil manejo se adapta a distintas situaciones. Esto permite un correcto funcionamiento, que resulta claro,<\/p>\n<p class=\"ql-align-justify\" style=\"text-align: left\">sencillo, orientado e intuitivo.<\/p>\n<p class=\"ql-align-justify\" style=\"text-align: left\">Los paneles y los teclados de la serie AVENAR y de la serie FPA-5000 (MPC-xxxx-B y MPC-xxxx-C) se\u00a0puedencombinar en una red de centrales mediante interfaces Ethernet y de bus CAN. En combinaci\u00f3n con un AVENAR panel 8000, el teclado se puede usar como controlador de central redundante. En este caso, no se puede usar comoteclado remoto. Es posible suministrar alimentaci\u00f3n desde la central o desde una fuente de alimentaci\u00f3n externa.<\/p>\n<p class=\"ql-align-justify\" style=\"text-align: left\">La carcasa del teclado remoto est\u00e1 dise\u00f1ada para su instalaci\u00f3n correcta y limpia en ubicaciones muy visibles. Permite la instalaci\u00f3n inclinada y el montaje superficial o empotrado sin necesidad de marcos adicionales para la instalaci\u00f3n.<\/p>\n<p>&nbsp;<\/p>\n<\/div>\n<\/div>\n<hr class=\"padding-bottom-2x\" \/>\n<div class=\"row align-items-center padding-bottom-2x\">\n<div class=\"col-md-5\"><img decoding=\"async\" class=\"d-block m-auto img-thumbnail\" src=\"https:\/\/tvc.mx\/media\/173401\/TecladoAvenar400x300.png\" alt=\" \" \/><\/div>\n<div class=\"col-md-7 text-md-left text-center\">\n<h2>Caracter\u00edsticas y Especificaciones<\/h2>\n<p><strong>Indicaci\u00f3n de alarma<\/strong><\/p>\n<p class=\"ql-align-justify\">Todos los mensajes se muestran en la pantalla en colores vivos. Los mensajes visualizados contienen la informaci\u00f3n siguiente: \u2022 Tipo de mensaje \u2022 Tipo del elemento activador \u2022 Descripci\u00f3n de la ubicaci\u00f3n exacta del elemento activador \u2022 Zona l\u00f3gica y subdirecci\u00f3n del elemento activador 18 LED con iconos proporcionan informaci\u00f3n continua sobre el estado de funcionamiento del panel o del sistema. Un LED con el icono rojo muestra una alarma. Un LED con el icono amarillo parpadeante muestra un fallo. Un LED con el icono amarillo fijo indica una funci\u00f3n desactivada. Un LED con el icono verde muestra un funcionamiento correcto. Dos LED de estado, uno rojo y uno amarillo, son programables. El rojo muestra una alarma autodefinida. El amarillo muestra un fallo o una desactivaci\u00f3n autodefinidos. Existen m\u00f3dulos de anuncio adicionales, cada uno de ellos con 16 LED rojos y 16 LED amarillos para indicar m\u00e1s alarmas, fallos o desactivaciones autodefinidos. Funcionamiento y procesamiento de mensajes Para hacer funcionar el panel, se coloca un panel t\u00e1ctil de 8 pulgadas encima de la pantalla como medio de entrada. Hay 6 botones con funciones fijas y 3 teclas de funci\u00f3n programables. Ejemplos de asignaci\u00f3n de las teclas de funci\u00f3n: \u2022 Poner el controlador de central en modo de d\u00eda; poner el controlador de central en modo noche \u2022 Activar puntos o salidas de detecci\u00f3n; desactivar puntos o salidas de detecci\u00f3n \u2022 Ajustar la sensibilidad est\u00e1ndar de los sensores; ajustar la sensibilidad alternativa de los sensores Cada tecla de funci\u00f3n tiene un indicador de estado virtual. Un operador con derechos de usuario suficientes puede usar las teclas de funci\u00f3n en cualquier momento.<\/p>\n<p class=\"ql-align-justify\"><strong>Descripci\u00f3n general de zonas de evacuaci\u00f3n y salidas<\/strong><\/p>\n<p class=\"ql-align-justify\">El operador puede obtener una visi\u00f3n general de cada zona de evacuaci\u00f3n y cada salida conectada a equipos de protecci\u00f3n antiincendios en cualquier momento. Cada zona y cada salida est\u00e1n marcadas con una etiqueta de texto programable y un color que indica claramente su estado: verde indica estado inactivo, con alimentaci\u00f3n disponible; rojo muestra una activaci\u00f3n durante una condici\u00f3n de alarma de incendio; y fucsia indica una activaci\u00f3n sin condici\u00f3n de alarma de incendio. El color amarillo indica un fallo o un estado desactivado. Un operador con derechos suficientes puede iniciar la evacuaci\u00f3n en zonas seleccionadas y activar las salidas conectadas con equipos de protecci\u00f3n antiincendios mediante la interfaz de usuario. Redes Es posible combinar hasta 32 controladores de centrales, teclados remotos y servidores OPC para formar una red. Los paneles y los teclados muestran todos los mensajes y tambi\u00e9n se puede formar un grupo de paneles y teclados. Dentro de un grupo, solo se muestran los mensajes de ese grupo. Es posible utilizar distintas topolog\u00edas de red de alarma de incendio:<\/p>\n<p class=\"ql-align-justify\">\u2022 Lazo CAN<\/p>\n<p class=\"ql-align-justify\">\u2022 Bucle Ethernet<\/p>\n<p class=\"ql-align-justify\">\u2022 Doble bucle Ethernet\/CAN<\/p>\n<p class=\"ql-align-justify\">\u2022 Bucle CAN con segmentos Ethernet<\/p>\n<p class=\"ql-align-justify\">\u2022 Troncal Ethernet con subbucles (Ethernet\/CAN)<\/p>\n<p class=\"ql-align-justify\"><strong>Idiomas<\/strong><\/p>\n<p class=\"ql-align-justify\">El operador puede cambiar el idioma de la interfaz de usuario. En el env\u00edo se suministra una gu\u00eda r\u00e1pida del usuario impresa en cada idioma. Se incluyen los idiomas siguientes: alem\u00e1n, b\u00falgaro, checo, croata, dan\u00e9s, eslovaco, espa\u00f1ol, estonio, franc\u00e9s, griego, holand\u00e9s, h\u00fangaro, ingl\u00e9s, italiano, let\u00f3n, lituano, polaco, portugu\u00e9s, rumano, ruso, serbio, sueco y turco.<\/p>\n<p class=\"ql-align-justify\"><strong>Gesti\u00f3n de operadores<\/strong><\/p>\n<p class=\"ql-align-justify\">El sistema admite hasta 200 operadores registrados distintos. Se permite iniciar sesi\u00f3n con un ID de usuario y un c\u00f3digo PIN de 8 d\u00edgitos. Existen cuatro niveles de autorizaci\u00f3n distintos. En funci\u00f3n del nivel de autorizaci\u00f3n, el operador puede llevar a cabo ciertas funciones, conforme a EN54-2.<\/p>\n<p class=\"ql-align-justify\"><strong>Fuente de alimentaci\u00f3n<\/strong><\/p>\n<p class=\"ql-align-justify\">Es posible suministrar alimentaci\u00f3n desde una central de incendio o con una fuente de alimentaci\u00f3n externa FPP-5000 (F.01U.511.307). Para las aplicaciones que requieren integridad funcional, se dispone de una entrada de fuente de alimentaci\u00f3n redundante. Cuando falle la fuente de alimentaci\u00f3n primaria, la fuente de alimentaci\u00f3n redundante puede asumir el control.<\/p>\n<p class=\"ql-align-justify\"><strong>Uso como controlador de central redundante<\/strong><\/p>\n<p class=\"ql-align-justify\">En combinaci\u00f3n con AVENAR panel 8000, con licencia est\u00e1ndar o premium, es posible usar un AVENAR keypad 8000 como controlador de central redundante. En caso de que se utilice como controlador de central redundante, es necesario instalar el teclado junto a la central. Utilice el cable FPE-8000-CRK (F.01U.349.392) para conectar al carril de la central. Durante el funcionamiento normal, la interfaz de usuario est\u00e1 desactivada hasta que falla el controlador principal.<\/p>\n<p class=\"ql-align-justify\"><strong>Interfaces<\/strong><\/p>\n<p class=\"ql-align-justify\">El teclado remoto dispone de:<\/p>\n<p class=\"ql-align-justify\">\u2022 2 m\u00f3dulos CAN (CAN1\/CAN2) para funcionamiento en red<\/p>\n<p class=\"ql-align-justify\">\u2022 1 conector de carril (solo para redundancia)<\/p>\n<p class=\"ql-align-justify\">\u2022 4 m\u00f3dulos Ethernet (1\/2\/3\/4) para funcionamiento en red, uso recomendado: \u2013 1 y 2 (azul): red de centrales \u2013 3 (verde): sistema de gesti\u00f3n de edificios, panel jer\u00e1rquico \u2013 4 (rojo): Remote Services \u2022 2 entradas de se\u00f1al (IN1\/IN2)<\/p>\n<p class=\"ql-align-justify\">\u2022 1 m\u00f3dulo USB host para la configuraci\u00f3n mediante FSP-5000-RPS<\/p>\n<p class=\"ql-align-justify\">\u2022 1 m\u00f3dulo de tarjeta de memoria<\/p>\n<p class=\"ql-align-justify\">\u2022 2 conectores de fuente de alimentaci\u00f3n (DC1\/DC2)<\/p>\n<p class=\"ql-align-justify\">Seg\u00fan se estipula en EN 54-2, los paneles con m\u00e1s de 512 detectores y pulsadores manuales deben estar equipados con un controlador de central redundante. En combinaci\u00f3n con un AVENAR panel 8000, se puede usar un AVENAR keypad 8000 como controlador de central redundante. El software de programaci\u00f3n FSP-5000-RPS permite la adaptaci\u00f3n a requisitos espec\u00edficos de cada proyecto y pa\u00eds. El software de programaci\u00f3n y la documentaci\u00f3n asociada est\u00e1n disponibles en\u00a0<strong>www.boschsecurity.com<\/strong>\u00a0para los usuarios con derechos de acceso. La ayuda en l\u00ednea de FSP-5000- RPS tambi\u00e9n contiene informaci\u00f3n sobre el software de programaci\u00f3n.<\/p>\n<\/div>\n<\/div>\n","protected":false},"excerpt":{"rendered":"<p>Teclado remoto FPE-8000-FMR TECLADO COMPATIBLE CON PANEL AVENAR 2000 Descripci\u00f3n inicial El teclado remoto permite el uso descentralizado de un sistema de seguridad contra incendios. El dise\u00f1o de la interfaz gr\u00e1fica de usuario es id\u00e9ntico al de las centrales de incendios. Una pantalla en color&hellip;<\/p>\n","protected":false},"featured_media":6066,"comment_status":"open","ping_status":"closed","template":"","meta":{"om_disable_all_campaigns":false,"_monsterinsights_skip_tracking":false,"_monsterinsights_sitenote_active":false,"_monsterinsights_sitenote_note":"","_monsterinsights_sitenote_category":0},"product_brand":[],"product_cat":[507],"product_tag":[495,497,498,499,500,501,496,502],"class_list":{"0":"post-6067","1":"product","2":"type-product","3":"status-publish","4":"has-post-thumbnail","6":"product_cat-teclados-bosch-incendio-2","7":"product_tag-control-de-incendio","8":"product_tag-detectores","9":"product_tag-estacion-manual","10":"product_tag-estrobos-y-sirenas","11":"product_tag-modulos","12":"product_tag-paneles-de-control","13":"product_tag-sistemas-de-incendio","14":"product_tag-teclados","16":"first","17":"instock","18":"sale","19":"taxable","20":"shipping-taxable","21":"purchasable","22":"product-type-simple"},"aioseo_notices":[],"_links":{"self":[{"href":"https:\/\/tecsecmty.com\/index.php\/wp-json\/wp\/v2\/product\/6067","targetHints":{"allow":["GET"]}}],"collection":[{"href":"https:\/\/tecsecmty.com\/index.php\/wp-json\/wp\/v2\/product"}],"about":[{"href":"https:\/\/tecsecmty.com\/index.php\/wp-json\/wp\/v2\/types\/product"}],"replies":[{"embeddable":true,"href":"https:\/\/tecsecmty.com\/index.php\/wp-json\/wp\/v2\/comments?post=6067"}],"version-history":[{"count":0,"href":"https:\/\/tecsecmty.com\/index.php\/wp-json\/wp\/v2\/product\/6067\/revisions"}],"wp:featuredmedia":[{"embeddable":true,"href":"https:\/\/tecsecmty.com\/index.php\/wp-json\/wp\/v2\/media\/6066"}],"wp:attachment":[{"href":"https:\/\/tecsecmty.com\/index.php\/wp-json\/wp\/v2\/media?parent=6067"}],"wp:term":[{"taxonomy":"product_brand","embeddable":true,"href":"https:\/\/tecsecmty.com\/index.php\/wp-json\/wp\/v2\/product_brand?post=6067"},{"taxonomy":"product_cat","embeddable":true,"href":"https:\/\/tecsecmty.com\/index.php\/wp-json\/wp\/v2\/product_cat?post=6067"},{"taxonomy":"product_tag","embeddable":true,"href":"https:\/\/tecsecmty.com\/index.php\/wp-json\/wp\/v2\/product_tag?post=6067"}],"curies":[{"name":"wp","href":"https:\/\/api.w.org\/{rel}","templated":true}]}}