{"id":6080,"date":"2023-02-23T11:58:07","date_gmt":"2023-02-23T17:58:07","guid":{"rendered":"https:\/\/tecsecmty.com\/index.php\/producto\/dahua-vtm130-instalacion-en-pared-de-vto6531h-toctoc-proyectos\/"},"modified":"2023-03-22T23:23:10","modified_gmt":"2023-03-23T05:23:10","slug":"dahua-vtm130-instalacion-en-pared-de-vto6531h-toctoc-proyectos","status":"publish","type":"product","link":"https:\/\/tecsecmty.com\/index.php\/producto\/dahua-vtm130-instalacion-en-pared-de-vto6531h-toctoc-proyectos\/","title":{"rendered":"DAHUA VTM130 &#8211; Instalaci\u00f3n en pared de VTO6531H #TocToc #Proyectos"},"content":{"rendered":"<h5 class=\"card-title text-center\">Principales caracter\u00edsticas<\/h5>\n<p>La placa de montaje\u00a0<strong>VTM130<\/strong>\u00a0es ideal para montar video porteros de la series VTO65\/75<\/p>\n<p><img fetchpriority=\"high\" decoding=\"async\" class=\"alignnone size-full wp-image-10206\" src=\"https:\/\/tecsecmty.com\/wp-content\/uploads\/2023\/02\/1-6.png\" alt=\"\" width=\"1920\" height=\"400\" \/><\/p>\n<p>&nbsp;<\/p>\n<p><img decoding=\"async\" class=\"size-full wp-image-10207 alignleft\" src=\"https:\/\/tecsecmty.com\/wp-content\/uploads\/2023\/02\/2-6.png\" alt=\"\" width=\"400\" height=\"300\" \/><\/p>\n<h2>Principales Caracter\u00edsticas<\/h2>\n<p class=\"text-muted\">\n<ul>\n<li>Color plata<\/li>\n<li>Instalaci\u00f3n Montaje en superficie<\/li>\n<li>Dimensiones<\/li>\n<li>376,5 mm \u00d7 136 mm \u00d7 37,5 mm<\/li>\n<li>(14,82 \u00ab\u00d7 5,35\u00bb \u00d7 1,48 \u00ab)<\/li>\n<li>Temperatura de funcionamiento -30 \u00b0 C a + 70 \u00b0 C (-22 \u00b0 F a + 158 \u00b0 F)<\/li>\n<li>Humedad de funcionamiento 10% RH \u2013 90% RH<\/li>\n<li>Material del producto Aleaci\u00f3n de aluminio<\/li>\n<li>Peso bruto 1,1 kg (2,43 lb)<\/li>\n<\/ul>\n<p>&nbsp;<\/p>\n","protected":false},"excerpt":{"rendered":"<p>Principales caracter\u00edsticas La placa de montaje\u00a0VTM130\u00a0es ideal para montar video porteros de la series VTO65\/75 &nbsp; Principales Caracter\u00edsticas Color plata Instalaci\u00f3n Montaje en superficie Dimensiones 376,5 mm \u00d7 136 mm \u00d7 37,5 mm (14,82 \u00ab\u00d7 5,35\u00bb \u00d7 1,48 \u00ab) Temperatura de funcionamiento -30 \u00b0 C&hellip;<\/p>\n","protected":false},"featured_media":6079,"comment_status":"open","ping_status":"closed","template":"","meta":{"om_disable_all_campaigns":false,"_monsterinsights_skip_tracking":false,"_monsterinsights_sitenote_active":false,"_monsterinsights_sitenote_note":"","_monsterinsights_sitenote_category":0},"product_brand":[],"product_cat":[522],"product_tag":[513,514,511,516,519,517,520,515,181,518,512],"class_list":{"0":"post-6080","1":"product","2":"type-product","3":"status-publish","4":"has-post-thumbnail","6":"product_cat-accesorios-videoporteros-dahua-audio-video","7":"product_tag-altavoces","8":"product_tag-amplificadores","9":"product_tag-audio-y-video","10":"product_tag-audioporteros","11":"product_tag-digital-signage","12":"product_tag-intercomunicadores","13":"product_tag-kits-videoporteros","14":"product_tag-mezcladoras","15":"product_tag-microfonos","16":"product_tag-sistemas-de-enfermeria","17":"product_tag-videoporteros","19":"first","20":"instock","21":"sale","22":"taxable","23":"shipping-taxable","24":"purchasable","25":"product-type-simple"},"aioseo_notices":[],"_links":{"self":[{"href":"https:\/\/tecsecmty.com\/index.php\/wp-json\/wp\/v2\/product\/6080","targetHints":{"allow":["GET"]}}],"collection":[{"href":"https:\/\/tecsecmty.com\/index.php\/wp-json\/wp\/v2\/product"}],"about":[{"href":"https:\/\/tecsecmty.com\/index.php\/wp-json\/wp\/v2\/types\/product"}],"replies":[{"embeddable":true,"href":"https:\/\/tecsecmty.com\/index.php\/wp-json\/wp\/v2\/comments?post=6080"}],"version-history":[{"count":0,"href":"https:\/\/tecsecmty.com\/index.php\/wp-json\/wp\/v2\/product\/6080\/revisions"}],"wp:featuredmedia":[{"embeddable":true,"href":"https:\/\/tecsecmty.com\/index.php\/wp-json\/wp\/v2\/media\/6079"}],"wp:attachment":[{"href":"https:\/\/tecsecmty.com\/index.php\/wp-json\/wp\/v2\/media?parent=6080"}],"wp:term":[{"taxonomy":"product_brand","embeddable":true,"href":"https:\/\/tecsecmty.com\/index.php\/wp-json\/wp\/v2\/product_brand?post=6080"},{"taxonomy":"product_cat","embeddable":true,"href":"https:\/\/tecsecmty.com\/index.php\/wp-json\/wp\/v2\/product_cat?post=6080"},{"taxonomy":"product_tag","embeddable":true,"href":"https:\/\/tecsecmty.com\/index.php\/wp-json\/wp\/v2\/product_tag?post=6080"}],"curies":[{"name":"wp","href":"https:\/\/api.w.org\/{rel}","templated":true}]}}