{"id":6084,"date":"2023-02-23T11:58:11","date_gmt":"2023-02-23T17:58:11","guid":{"rendered":"https:\/\/tecsecmty.com\/index.php\/producto\/bosch-m_la1um40e1-altavoz-de-columna-metalico-40w-ip65\/"},"modified":"2023-03-22T23:21:27","modified_gmt":"2023-03-23T05:21:27","slug":"bosch-m_la1um40e1-altavoz-de-columna-metalico-40w-ip65","status":"publish","type":"product","link":"https:\/\/tecsecmty.com\/index.php\/producto\/bosch-m_la1um40e1-altavoz-de-columna-metalico-40w-ip65\/","title":{"rendered":"BOSCH M_LA1UM40E1- ALTAVOZ DE COLUMNA METALICO\/ 40W\/ IP65"},"content":{"rendered":"<h5 class=\"card-title text-center\">Altavoz de columna met\u00e1lico LA1\u2011UM40E\u20111<\/h5>\n<p class=\"ql-align-justify\"><strong>Los altavoces de columna met\u00e1licos LA1-UM20E-1 y LA1-UM40E-1\u00a0<\/strong>ofrecen un rendimiento profesional y cuentan con una resistente carcasa de aluminio, de color blanco y dise\u00f1o muy est\u00e9tico. Es una columna de altavoz ideal donde se necesita alta directividad en el sonido, para montar en interior y exterior en terminales de pasajeros, lugares de culto, centros de congresos, parques tem\u00e1ticos, piscinas, f\u00e1bricas y \u00e1reas de exposiciones. Se suministra un soporte de pared giratorio que permite una colocaci\u00f3n precisa.<\/p>\n<p class=\"ql-align-justify\"><strong>Funciones b\u00e1sicas<\/strong><\/p>\n<p class=\"ql-align-justify\"><strong>Alarma por voz<\/strong><\/p>\n<p class=\"ql-align-justify\">Los altavoces de alarma por voz est\u00e1n dise\u00f1ados espec\u00edficamente para su uso en aplicaciones, donde el rendimiento de los sistemas de megafon\u00eda est\u00e1 sujeto a normativas oficiales. Los altavoces LA1-UM20E-1 y LA1-UM40E-1 se han dise\u00f1ado para su uso con sistemas de alarma por voz.<\/p>\n<p class=\"ql-align-justify\"><strong>Protecci\u00f3n<\/strong><\/p>\n<p class=\"ql-align-justify\">Las columnas de altavoz tienen una protecci\u00f3n incorporada que garantiza que, en caso de incendio, los da\u00f1os que se produzcan no provoquen un fallo en el circuito. De esta forma, se conserva la integridad del sistema y se garantiza que los altavoces situados en otras \u00e1reas puedan seguir funcionando para informar de la situaci\u00f3n a las personas presentes.<\/p>\n<p class=\"ql-align-justify\"><strong>Conexiones y seguridad<\/strong><\/p>\n<p class=\"ql-align-justify\">Las columnas de altavoz disponen de un bloque de terminales cer\u00e1mico, un fusible t\u00e9rmico y cableado resistente a las altas temperaturas con protecci\u00f3n t\u00e9rmica. La columna est\u00e1 preparada para el montaje interno de la tarjeta opcional de supervisi\u00f3n de l\u00ednea\/ altavoz.<\/p>\n<p class=\"ql-align-justify\"><strong>Ajuste de alimentaci\u00f3n de salida del altavoz<\/strong><\/p>\n<p class=\"ql-align-justify\">En el transformador de adaptaci\u00f3n incorporado se proporcionan cuatro derivaciones primarias. El ajuste de alimentaci\u00f3n de salida del altavoz se realiza en el transformador incorporado y se conecta a un interruptor-selector variable giratorio situado en la parte posterior de la carcasa para permitir un ajuste de alimentaci\u00f3n de salida sencillo. Se proporciona adem\u00e1s un ajuste de 8 ohmios en el interruptor giratorio.<\/p>\n<p><strong>Certificados y homologaciones<\/strong><\/p>\n<p>Todos los altavoces de Bosch est\u00e1n dise\u00f1ados para resistir el funcionamiento a potencia nominal durante 100 horas seg\u00fan los est\u00e1ndares de capacidad de gesti\u00f3n de potencia (PHC) IEC 268-5. Bosch ha desarrollado tambi\u00e9n la prueba de realimentaci\u00f3n ac\u00fastica simulada<strong>\u00a0(SAFE, del ingl\u00e9s Simulated Acoustical Feedback Exposure)<\/strong>\u00a0para demostrar que pueden soportar el doble de su potencia nominal durante cortos per\u00edodos. De esta forma, se aumenta la fiabilidad en condiciones extremas y se consigue una mayor satisfacci\u00f3n del usuario final, mayor tiempo de duraci\u00f3n de los equipos y mucha menos probabilidad de fallo o deterioro.<\/p>\n<p><strong>Seguridad<\/strong><\/p>\n<ul>\n<li>Conforme a EN 60065<\/li>\n<\/ul>\n<p><strong>Emergencia<\/strong><\/p>\n<ul>\n<li>Conforme a EN 54\u201124.<\/li>\n<li>Conforme a EN 60849.<\/li>\n<li>Conforme a BS 5839\u20118<\/li>\n<\/ul>\n<p><strong>Resistencia al agua y al polvo<\/strong><\/p>\n<ul>\n<li>Conforme a EN 60529 IP 65.<\/li>\n<\/ul>\n<p><strong>Carga de viento<\/strong><\/p>\n<ul>\n<li>Conforme a NEN 6702: 2007 + A1: 2008, Bft 11.<\/li>\n<\/ul>\n<p class=\"ql-align-justify\"><strong>Planificaci\u00f3n<\/strong><\/p>\n<p class=\"ql-align-justify\">Los altavoces de columna se pueden montar en la pared mediante el soporte de pared giratorio est\u00e1ndar suministrado, o directamente en un soporte de suelo LBC 1259\/01 con un pasador roscado M10 sin accesorios adicionales. El soporte se acopla en una gu\u00eda, que se puede colocar y fijar en la posici\u00f3n que desee en la parte posterior de la carcasa.<\/p>\n<p><strong>Nota: Altavoz de columna de 40 W, carcasa de aluminio extrusionado, resistente al agua y al polvo de conformidad con IP65, blanco RAL 9010.<\/strong><\/p>\n<p><strong>N\u00famero de pedido: LA1-UM40E-1.<\/strong><\/p>\n<p><strong>Principales Caracter\u00edsticas<\/strong><\/p>\n<ul>\n<li>Buena inteligibilidad de la voz y reproducci\u00f3n de m\u00fasica ambiental.<\/li>\n<li>Para aplicaciones donde la directividad es importante .<\/li>\n<li>Dise\u00f1o elegante y resistente a la intemperie.<\/li>\n<li>Soporte de pared giratorio incluido de serie.<\/li>\n<li>Robusta fabricaci\u00f3n en aluminio.<\/li>\n<\/ul>\n<p><strong>Especificacione<\/strong>s<\/p>\n<p class=\"ql-align-justify\"><strong>El\u00e9ctricas<\/strong><\/p>\n<ul>\n<li class=\"ql-align-justify\">Descripci\u00f3n LA1-UM20E-1 LA1-UM40E-1.<\/li>\n<li class=\"ql-align-justify\">Potencia m\u00e1xima 30 W 60 W.<\/li>\n<li class=\"ql-align-justify\">Potencia nominal (PHC) 20 W 40 W<\/li>\n<li class=\"ql-align-justify\">Derivaci\u00f3n de alimentaci\u00f3n 20\/10\/5\/2,5 W 40\/20\/10\/5 W<\/li>\n<li class=\"ql-align-justify\">Nivel de presi\u00f3n ac\u00fastica a potencia nominal\/1 W (1 kHz, 1 m): 105\/92 dB (NPA) 111\/95 dB (NPA).<\/li>\n<li class=\"ql-align-justify\">Nivel de presi\u00f3n ac\u00fastica a potencia nominal\/1 W (a 4 kHz, 1 m) 108\/95 dB (NPA) 114\/98 dB (NPA).<\/li>\n<li class=\"ql-align-justify\">Rango de frecuencia efectiva (-10 dB) De 240 Hz a 16 kHz De 250 Hz a 16 kHz.<\/li>\n<li class=\"ql-align-justify\">\u00c1ngulo de apertura horizontal a 1 kHz\/4 kHz (-6 dB) 210\u00b0\/94\u00b0 210\u00b0\/92\u00b0.<\/li>\n<li class=\"ql-align-justify\">\u00c1ngulo de apertura vertical a 1 kHz\/4 kHz (-6 dB) 80\u00b0\/22\u00b0 40\u00b0\/12\u00b0.<\/li>\n<li class=\"ql-align-justify\">Tensi\u00f3n de entrada nominal: 12,65\/70\/100 V 17,89\/70\/100 V.<\/li>\n<li class=\"ql-align-justify\">Impedancia nominal: 8\/251\/500 ohmios 8\/125\/250 ohmios.<\/li>\n<\/ul>\n<p class=\"ql-align-justify\"><strong>Mec\u00e1nicas<\/strong><\/p>\n<ul>\n<li class=\"ql-align-justify\">LA1-UM20E-1 LA1-UM40E-1.<\/li>\n<li class=\"ql-align-justify\">Dimensiones (L. x An. x Pr.):<\/li>\n<li class=\"ql-align-justify\">LA1-UM20E-1: 478 x 84 x 96 m (18,8 x 3,3 x 3,8 pulg.).<\/li>\n<li class=\"ql-align-justify\">LA1-UM40E-1: 778 x 84 x 96 m (30,6 x 3,3 x 3,8 pulg.).<\/li>\n<li class=\"ql-align-justify\">Peso: 2,9 kg (6,4 libras) 4,4 kg (9,7 libras).<\/li>\n<li class=\"ql-align-justify\">Color: Blanco (RAL 9010).<\/li>\n<li class=\"ql-align-justify\">Material (carcasa y rejilla): Aluminio extrusionado\/acero.<\/li>\n<li class=\"ql-align-justify\">Conexi\u00f3n: 1 m (39,37 pulg.)\u00a0Cable de 3 hilos 1 m (39,37 pulg.)\u00a0Cable de 3 hilos.<\/li>\n<li class=\"ql-align-justify\">Conector (fase, com\u00fan, tierra).<\/li>\n<li class=\"ql-align-justify\">Bloque atornillado de 3 patillas.<\/li>\n<li class=\"ql-align-justify\">Bloque atornillado de 3 patillas.<\/li>\n<\/ul>\n<p class=\"ql-align-justify\"><strong>Medioambientales<\/strong><\/p>\n<ul>\n<li class=\"ql-align-justify\">Temperatura de funcionamiento De -25 \u00b0C a +55 \u00b0C (de -13 \u00b0F a +131 \u00b0F).<\/li>\n<li class=\"ql-align-justify\">Temperatura de almacenamiento De -40 \u00b0C a +70 \u00b0C (de -40 \u00b0F a +158 \u00b0F).<\/li>\n<li class=\"ql-align-justify\">Humedad relativa &lt; 95%.<\/li>\n<\/ul>\n<p>&nbsp;<\/p>\n<p><img fetchpriority=\"high\" decoding=\"async\" class=\"alignnone size-full wp-image-10122\" src=\"https:\/\/tecsecmty.com\/wp-content\/uploads\/2023\/02\/17.png\" alt=\"\" width=\"960\" height=\"540\" \/><\/p>\n","protected":false},"excerpt":{"rendered":"<p>Altavoz de columna met\u00e1lico LA1\u2011UM40E\u20111 Los altavoces de columna met\u00e1licos LA1-UM20E-1 y LA1-UM40E-1\u00a0ofrecen un rendimiento profesional y cuentan con una resistente carcasa de aluminio, de color blanco y dise\u00f1o muy est\u00e9tico. Es una columna de altavoz ideal donde se necesita alta directividad en el sonido,&hellip;<\/p>\n","protected":false},"featured_media":6083,"comment_status":"open","ping_status":"closed","template":"","meta":{"om_disable_all_campaigns":false,"_monsterinsights_skip_tracking":false,"_monsterinsights_sitenote_active":false,"_monsterinsights_sitenote_note":"","_monsterinsights_sitenote_category":0},"product_brand":[],"product_cat":[525],"product_tag":[513,514,511,516,519,517,520,515,181,518,512],"class_list":{"0":"post-6084","1":"product","2":"type-product","3":"status-publish","4":"has-post-thumbnail","6":"product_cat-altavoces","7":"product_tag-altavoces","8":"product_tag-amplificadores","9":"product_tag-audio-y-video","10":"product_tag-audioporteros","11":"product_tag-digital-signage","12":"product_tag-intercomunicadores","13":"product_tag-kits-videoporteros","14":"product_tag-mezcladoras","15":"product_tag-microfonos","16":"product_tag-sistemas-de-enfermeria","17":"product_tag-videoporteros","19":"first","20":"instock","21":"sale","22":"taxable","23":"shipping-taxable","24":"purchasable","25":"product-type-simple"},"aioseo_notices":[],"_links":{"self":[{"href":"https:\/\/tecsecmty.com\/index.php\/wp-json\/wp\/v2\/product\/6084","targetHints":{"allow":["GET"]}}],"collection":[{"href":"https:\/\/tecsecmty.com\/index.php\/wp-json\/wp\/v2\/product"}],"about":[{"href":"https:\/\/tecsecmty.com\/index.php\/wp-json\/wp\/v2\/types\/product"}],"replies":[{"embeddable":true,"href":"https:\/\/tecsecmty.com\/index.php\/wp-json\/wp\/v2\/comments?post=6084"}],"version-history":[{"count":0,"href":"https:\/\/tecsecmty.com\/index.php\/wp-json\/wp\/v2\/product\/6084\/revisions"}],"wp:featuredmedia":[{"embeddable":true,"href":"https:\/\/tecsecmty.com\/index.php\/wp-json\/wp\/v2\/media\/6083"}],"wp:attachment":[{"href":"https:\/\/tecsecmty.com\/index.php\/wp-json\/wp\/v2\/media?parent=6084"}],"wp:term":[{"taxonomy":"product_brand","embeddable":true,"href":"https:\/\/tecsecmty.com\/index.php\/wp-json\/wp\/v2\/product_brand?post=6084"},{"taxonomy":"product_cat","embeddable":true,"href":"https:\/\/tecsecmty.com\/index.php\/wp-json\/wp\/v2\/product_cat?post=6084"},{"taxonomy":"product_tag","embeddable":true,"href":"https:\/\/tecsecmty.com\/index.php\/wp-json\/wp\/v2\/product_tag?post=6084"}],"curies":[{"name":"wp","href":"https:\/\/api.w.org\/{rel}","templated":true}]}}