{"id":6086,"date":"2023-02-23T11:58:13","date_gmt":"2023-02-23T17:58:13","guid":{"rendered":"https:\/\/tecsecmty.com\/index.php\/producto\/bosch-m_ls1oc100e1-altavoz-hem-idireccional-de-100-montaje-suspendido-para-grandes-areas\/"},"modified":"2023-03-22T23:21:32","modified_gmt":"2023-03-23T05:21:32","slug":"bosch-m_ls1oc100e1-altavoz-hem-idireccional-de-100-montaje-suspendido-para-grandes-areas","status":"publish","type":"product","link":"https:\/\/tecsecmty.com\/index.php\/producto\/bosch-m_ls1oc100e1-altavoz-hem-idireccional-de-100-montaje-suspendido-para-grandes-areas\/","title":{"rendered":"BOSCH M_LS1OC100E1 &#8211; Altavoz HEM IDIRECCIONAL de 100 \/ Montaje suspendido para grandes areas"},"content":{"rendered":"<h5 class=\"card-title text-center\">Altavoz hemidireccional LS1-OC100E-1<\/h5>\n<p class=\"ql-align-justify\">El altavoz hemidireccional de\u00a0<strong>Bosch\u00a0<\/strong>es un\u00a0<strong>altavoz innovador<\/strong>\u00a0y f\u00e1cil de instalar que emite un sonido de gran calidad y de forma constante, lo que garantiza una reproducci\u00f3n excepcional de la m\u00fasica ambiental y gran inteligibilidad de voz en<strong>\u00a0mensajes de<\/strong>\u00a0<strong>megafon\u00eda\u00a0<\/strong>y<strong>\u00a0llamadas de emergencia<\/strong>. El \u00e1ngulo de apertura del altavoz y el alto nivel de presi\u00f3n ac\u00fastica le permiten cubrir hasta\u00a0<strong>700 m2<\/strong>\u00a0, lo que lo hace perfectamente apropiado para \u00e1reas interiores de techos altos, como almacenes, terminales de transporte, centros de exposiciones, grandes superficies y piscinas.<\/p>\n<p><img fetchpriority=\"high\" decoding=\"async\" class=\"alignnone size-full wp-image-10122\" src=\"https:\/\/tecsecmty.com\/wp-content\/uploads\/2023\/02\/17.png\" alt=\"\" width=\"960\" height=\"540\" \/><\/p>\n<p>&nbsp;<\/p>\n<div class=\"row aling-items-center padding-bottom-2x\">\n<div class=\"col-lg-12\">\n<p class=\"ql-align-justify\"><strong>Funciones b\u00e1sicas<\/strong><\/p>\n<p class=\"ql-align-justify\"><strong>Altavoces de alarma por voz<\/strong><\/p>\n<p class=\"ql-align-justify\">El altavoz\u00a0<strong>LS1-OC100E-1<\/strong>\u00a0se utiliza en sistemas de alarma por voz y cumple las normas de emergencia. El altavoz cuenta con una protecci\u00f3n incorporada que garantiza que un altavoz afectado por el fuego no provoque ning\u00fan fallo en el circuito al que est\u00e1 conectado. Esto garantiza la integridad del sistema, lo que significa que los altavoces de otras \u00e1reas se podr\u00e1n seguir utilizando para informar a la gente del incendio. El altavoz dispone de bloques de terminales cer\u00e1mico, un fusible t\u00e9rmico y resistente al calor, y cableado resistente a las altas temperaturas.<\/p>\n<p class=\"ql-align-justify\"><strong>Materiales<\/strong><\/p>\n<p class=\"ql-align-justify\">El altavoz est\u00e1 fabricado con pl\u00e1stico\u00a0<strong>ABS TSG<\/strong>\u00a0resistente a golpes y biodegradable conforme a la clase\u00a0<strong>UL 94 V 0<\/strong>\u00a0y con el \u00edndice de retardante de llamas m\u00e1s alto (<strong>UL 94 5VA<\/strong>). El altavoz est\u00e1 disponible en acabado blanco y plata. La rejilla de metal es de color plata. A todas las piezas met\u00e1licas se las ha sometido a un ba\u00f1o de zinc.<\/p>\n<p class=\"ql-align-justify\"><strong>Transductores<\/strong><\/p>\n<p class=\"ql-align-justify\">Este innovador altavoz cuenta con 14 transductores que se combinan con el filtrado y la colocaci\u00f3n avanzados.<\/p>\n<\/div>\n<\/div>\n<div class=\"row aling-items-center padding-bottom-2x\">\n<div class=\"col-lg-12\">\n<p class=\"ql-align-justify\"><strong>Planificaci\u00f3n<\/strong><\/p>\n<p class=\"ql-align-justify\">El altavoz se puede colgar de un cable o cadena de acero mediante grilletes en D (no incluidos). Existe un accesorio disponible\u00a0<strong>(LM1-MSB-1<\/strong>) para las aplicaciones en las que se requiere una suspensi\u00f3n fija para evitar el movimiento del altavoz (como la rotaci\u00f3n o las oscilaciones).<\/p>\n<p class=\"ql-align-justify\">Este accesorio utiliza un conjunto de placas de montaje de acero con ba\u00f1o de zinc:<\/p>\n<ul>\n<li class=\"ql-align-justify\">Una placa para su montaje en el centro del altavoz (se proporcionan las fijaciones).<\/li>\n<li class=\"ql-align-justify\">Otra placa para la fijaci\u00f3n en el techo o el tejado.<\/li>\n<li class=\"ql-align-justify\">Cuatro patillas de fijaci\u00f3n y cuatro abrazaderas.<\/li>\n<li class=\"ql-align-justify\">Cuatro tornillos de fijaci\u00f3n.<\/li>\n<\/ul>\n<p class=\"ql-align-justify\">Las placas de montaje se pueden conectar de forma mec\u00e1nica mediante un tubo est\u00e1ndar de\u00a0<strong>42,4 mm<\/strong>\u00a0<strong>(DIN EN 10255<\/strong>) de di\u00e1metro (no proporcionado por Bosch, pero disponible de forma general en cualquier longitud deseada). Para mayor seguridad, el altavoz cuenta con un perno de anilla (<strong>M8 x13)<\/strong>\u00a0con una deformaci\u00f3n por tracci\u00f3n m\u00e1xima de\u00a0<strong>1.500 N<\/strong>\u00a0para enganchar un cord\u00f3n de seguridad opcional. La caja de conexi\u00f3n el\u00e9ctrica situada bajo la cubierta de suspensi\u00f3n, permite la conexi\u00f3n del cable de instalaci\u00f3n, para realizar un bucle y la posibilidad de montar internamente la tarjeta de supervisi\u00f3n de l\u00ednea\/altavoz opcional.<\/p>\n<p class=\"ql-align-justify\"><strong>Nota<\/strong>: Altavoz hemidireccional\u00a0<strong>LS1-OC100E-1<\/strong>\u00a0Altavoz hemidireccional de\u00a0<strong>100 W<\/strong>, carcasa en ABS a prueba de fuertes impactos, rejilla met\u00e1lica, montaje suspendido para grandes \u00e1reas con techos altos, protecci\u00f3n de sobrecarga del tweeter de restablecimiento autom\u00e1tico, resistente al cloro, agua y polvo conforme a la norma\u00a0<strong>IP-42<\/strong>, acabado en blanco\/ plata.<\/p>\n<p class=\"ql-align-justify\"><strong>N\u00famero de pedido: LS1-OC100E-1.\u00a0<\/strong><\/p>\n<\/div>\n<\/div>\n<div class=\"row aling-items-center padding-bottom-2x\">\n<div class=\"col-lg-12\">\n<p class=\"ql-align-justify\"><strong>Principales Caracter\u00edsticas:<\/strong><\/p>\n<ul>\n<li class=\"ql-align-justify\">Para aplicaciones en grandes \u00e1reas con techos altos.<\/li>\n<li class=\"ql-align-justify\">Soporte opcional para montaje fijo.<\/li>\n<li class=\"ql-align-justify\">Protecci\u00f3n frente a sobrecargas de tweeter de restablecimiento autom\u00e1tico.<\/li>\n<li class=\"ql-align-justify\">Preparado para la inserci\u00f3n de la tarjeta opcional de supervisi\u00f3n de l\u00ednea\/altavoz.<\/li>\n<li class=\"ql-align-justify\">Con certificaci\u00f3n EN 54-24.<\/li>\n<\/ul>\n<p class=\"ql-align-justify\">\n<p class=\"ql-align-justify\"><strong>Especificaciones:<\/strong><\/p>\n<p class=\"ql-align-justify\"><strong>Especificaciones el\u00e9ctricas<\/strong><\/p>\n<ul>\n<li class=\"ql-align-justify\">Potencia m\u00e1xima 150 W.<\/li>\n<li class=\"ql-align-justify\">Potencia nominal 100 W (100 &#8211; 50 -25 W)<\/li>\n<li class=\"ql-align-justify\">Nivel de presi\u00f3n ac\u00fastica a 100 W\/1 W (1 kHz a 1 m) 110\/90 dB.<\/li>\n<li class=\"ql-align-justify\">\u00c1ngulo de apertura a 1 kHz\/4 kHz (-6 dB)<\/li>\n<li class=\"ql-align-justify\">175\u00b0\/96\u00b0 (horizontal)<\/li>\n<li class=\"ql-align-justify\">180\u00b0\/137\u00b0 (vertical)<\/li>\n<li class=\"ql-align-justify\">Rango de frecuencia efectiva (-10 dB) De 60 Hz a 20 kHz.<\/li>\n<li class=\"ql-align-justify\">Tensi\u00f3n nominal 100 V, 70 V y 28,3 V.<\/li>\n<li class=\"ql-align-justify\">Impedancia nominal 100 ohmios, 50 ohmios y 8 ohmios.<\/li>\n<li class=\"ql-align-justify\">Conector Terminal atornillado cer\u00e1mico.<\/li>\n<li class=\"ql-align-justify\">Datos de rendimiento t\u00e9cnico conforme a IEC 60268-5<\/li>\n<\/ul>\n<p class=\"ql-align-justify\"><strong>Especificaciones mec\u00e1nicas<\/strong><\/p>\n<ul>\n<li class=\"ql-align-justify\">LS1-OC100E-1.<\/li>\n<li class=\"ql-align-justify\">Dimensiones (di\u00e1m. x al.) 800 x 425 mm (31,50 x 16,74 pulg.)<\/li>\n<li class=\"ql-align-justify\">Peso 27 kg (59,52 libras)<\/li>\n<li class=\"ql-align-justify\">Color de la caja ac\u00fastica Blanco (RAL 9010)<\/li>\n<li class=\"ql-align-justify\">Color de la cubierta superior Gris perla oscuro (RAL 9023)<\/li>\n<li class=\"ql-align-justify\">Color de la rejilla Aluminio blanco (RAL 9006)<\/li>\n<li class=\"ql-align-justify\">Material ABS TSG.<\/li>\n<li class=\"ql-align-justify\">LM1-MSB-1.<\/li>\n<li class=\"ql-align-justify\">Dimensiones (Al. x An. x Pr.) 150 x 100 x 150 mm (5,90 x<\/li>\n<li class=\"ql-align-justify\">3,94 x 5,90 pulg.)<\/li>\n<li class=\"ql-align-justify\">Peso 2,9 kg (6,39 pulg.)<\/li>\n<li class=\"ql-align-justify\">Color Gris perla oscuro (RAL 9023)<\/li>\n<li class=\"ql-align-justify\">Material Acero con ba\u00f1o de zinc.<\/li>\n<\/ul>\n<p class=\"ql-align-justify\"><strong>Especificaciones medioambientales<\/strong><\/p>\n<ul>\n<li class=\"ql-align-justify\">Temperatura de funcionamiento De -25 a +55 \u00b0C (de -13 a 131 \u00b0F)<\/li>\n<li class=\"ql-align-justify\">Temperatura de almacenamiento De -40 a +70 \u00b0C (de -40 a+158 \u00b0F)<\/li>\n<li class=\"ql-align-justify\">Humedad relativa &lt; 95%.<\/li>\n<\/ul>\n<\/div>\n<\/div>\n<p>&nbsp;<\/p>\n<p>&nbsp;<\/p>\n","protected":false},"excerpt":{"rendered":"<p>Altavoz hemidireccional LS1-OC100E-1 El altavoz hemidireccional de\u00a0Bosch\u00a0es un\u00a0altavoz innovador\u00a0y f\u00e1cil de instalar que emite un sonido de gran calidad y de forma constante, lo que garantiza una reproducci\u00f3n excepcional de la m\u00fasica ambiental y gran inteligibilidad de voz en\u00a0mensajes de\u00a0megafon\u00eda\u00a0y\u00a0llamadas de emergencia. El \u00e1ngulo de&hellip;<\/p>\n","protected":false},"featured_media":6085,"comment_status":"open","ping_status":"closed","template":"","meta":{"om_disable_all_campaigns":false,"_monsterinsights_skip_tracking":false,"_monsterinsights_sitenote_active":false,"_monsterinsights_sitenote_note":"","_monsterinsights_sitenote_category":0},"product_brand":[],"product_cat":[525],"product_tag":[513,514,511,516,519,517,520,515,181,518,512],"class_list":{"0":"post-6086","1":"product","2":"type-product","3":"status-publish","4":"has-post-thumbnail","6":"product_cat-altavoces","7":"product_tag-altavoces","8":"product_tag-amplificadores","9":"product_tag-audio-y-video","10":"product_tag-audioporteros","11":"product_tag-digital-signage","12":"product_tag-intercomunicadores","13":"product_tag-kits-videoporteros","14":"product_tag-mezcladoras","15":"product_tag-microfonos","16":"product_tag-sistemas-de-enfermeria","17":"product_tag-videoporteros","19":"first","20":"instock","21":"sale","22":"taxable","23":"shipping-taxable","24":"purchasable","25":"product-type-simple"},"aioseo_notices":[],"_links":{"self":[{"href":"https:\/\/tecsecmty.com\/index.php\/wp-json\/wp\/v2\/product\/6086","targetHints":{"allow":["GET"]}}],"collection":[{"href":"https:\/\/tecsecmty.com\/index.php\/wp-json\/wp\/v2\/product"}],"about":[{"href":"https:\/\/tecsecmty.com\/index.php\/wp-json\/wp\/v2\/types\/product"}],"replies":[{"embeddable":true,"href":"https:\/\/tecsecmty.com\/index.php\/wp-json\/wp\/v2\/comments?post=6086"}],"version-history":[{"count":0,"href":"https:\/\/tecsecmty.com\/index.php\/wp-json\/wp\/v2\/product\/6086\/revisions"}],"wp:featuredmedia":[{"embeddable":true,"href":"https:\/\/tecsecmty.com\/index.php\/wp-json\/wp\/v2\/media\/6085"}],"wp:attachment":[{"href":"https:\/\/tecsecmty.com\/index.php\/wp-json\/wp\/v2\/media?parent=6086"}],"wp:term":[{"taxonomy":"product_brand","embeddable":true,"href":"https:\/\/tecsecmty.com\/index.php\/wp-json\/wp\/v2\/product_brand?post=6086"},{"taxonomy":"product_cat","embeddable":true,"href":"https:\/\/tecsecmty.com\/index.php\/wp-json\/wp\/v2\/product_cat?post=6086"},{"taxonomy":"product_tag","embeddable":true,"href":"https:\/\/tecsecmty.com\/index.php\/wp-json\/wp\/v2\/product_tag?post=6086"}],"curies":[{"name":"wp","href":"https:\/\/api.w.org\/{rel}","templated":true}]}}