{"id":6088,"date":"2023-02-23T11:58:15","date_gmt":"2023-02-23T17:58:15","guid":{"rendered":"https:\/\/tecsecmty.com\/index.php\/producto\/bosch-m_evid42-altavoz-dual-4-pulgadas-montaje-en-pared\/"},"modified":"2023-03-22T23:21:26","modified_gmt":"2023-03-23T05:21:26","slug":"bosch-m_evid42-altavoz-dual-4-pulgadas-montaje-en-pared","status":"publish","type":"product","link":"https:\/\/tecsecmty.com\/index.php\/producto\/bosch-m_evid42-altavoz-dual-4-pulgadas-montaje-en-pared\/","title":{"rendered":"BOSCH M_EVID42 &#8211; Altavoz dual \/ 4 Pulgadas \/ Montaje en pared"},"content":{"rendered":"<p class=\"ql-align-justify\"><strong>El EVID 4.2 es un altavoz<\/strong>\u00a0de rango completo muy compacto ideal para aplicaciones interiores y exteriores que requieren alta calidad al sonar. Su forma y tama\u00f1o lo hacen casi invisible para su uso en Sistemas de m\u00fasica de fondo \/ de primer plano para restaurantes, bares, patios, venta al por menor y otras aplicaciones.<\/p>\n<p class=\"ql-align-justify\">El deflector el\u00edptico tridimensional del 4.2 sim\u00e9tricamente localiza el elemento de alta frecuencia Ti de 1&#8243; con una coherencia Gu\u00eda de onda de cobertura en el frente de, y entre el 4&#8243; bajo controladores de frecuencia.<\/p>\n<p class=\"ql-align-justify\">Esta forma cuidadosa, ubicaci\u00f3n y 10 \u00b0 la reproducci\u00f3n de las unidades proporciona control de cobertura por matriz de l\u00edneas resultante. Lobing est\u00e1 controlado por f\u00edsico \u00abSombreando\u00bb los transductores lf uno del otro sobre el normalmente exhibir\u00edan interferencia. El EVID con sistema de montaje proporciona un mayor rango de \u00e1ngulos de enfoque en tanto plan horizontal como vertical que otros tipos. La caracter\u00edsticas de la parrilla curva dise\u00f1ada en resistencia a la intemperie y una correa oculta por seguridad.<\/p>\n<p class=\"ql-align-justify\">Todos los modelos est\u00e1n disponibles en negro o blanco, y pueden ser f\u00e1cilmente pintado para combinar con la decoraci\u00f3n. Las versiones de transformador son tan disponible para sistemas de voltaje constante.<\/p>\n<p class=\"ql-align-justify\"><strong>Arquitectura y especificaciones de ingenier\u00eda:<\/strong><\/p>\n<p class=\"ql-align-justify\">El altavoz debe ser un sistema de dos v\u00edas que consiste en dos 4 (102 mm) transductores de baja frecuencia, transductor de alta frecuencia de 1 \u00ab(25 mm) con una gu\u00eda de onda de cobertura coherente y una red que divide la frecuencia instalado en un recinto de matriz de l\u00ednea ventilado. La red incluir\u00e1 un limitador pasivo para los transductores de baja y alta frecuencia.<\/p>\n<p class=\"ql-align-justify\"><strong>El sistema de altavoces debe cumplir los siguientes criterios de rendimiento:<\/strong><\/p>\n<p class=\"ql-align-justify\">Manejo de potencia, 200 vatios de ruido rosa continuo EIA RS-426A (6 dB factor de cresta); Respuesta de frecuencia, 65 Hz &#8211; 20 kHz (-10 dB desde la clasificaci\u00f3n) sensibilidad); Sensibilidad a la presi\u00f3n, 89 dB a un vatio, 200 Hz &#8211; 10 kHz a un metro; Impedancia, 8 ohmios nominales, 6 ohmios m\u00ednimo. La altura el transductor de frecuencia debe conducir una gu\u00eda de onda para cubrir uniformemente 120 \u00b0 Horizontalmente por 80 \u00b0 verticalmente. El cerramiento deber\u00e1 ser moldeado de acr\u00edlico butil estireno. El recinto debe tener una altura de 12.2 \u00ab(310 mm), 6.9\u00bb (175 mm)<\/p>\n<p class=\"ql-align-justify\">de ancho, 8.5 \u201d(216mm) de profundidad. El acabado ser\u00e1 de color blanco o negro pintable.<\/p>\n<p class=\"ql-align-justify\">La rejilla debe estar revestida de zinc, con recubrimiento de polvo para resistir la corrosi\u00f3n, y sobrio con una correa de seguridad. El altavoz ser\u00e1 ajustable.<\/p>\n<p class=\"ql-align-justify\">En un rango de 100 \u00b0 horizontalmente y 90 \u00b0 verticalmente. El soporte de soporte Ser\u00e1 de perfil bajo e integral con el cerramiento. El sistema ser\u00e1 resistente a las condiciones clim\u00e1ticas MIL Spec 810 e IEC 529 IP 34 los el altavoz de montaje en superficie ser\u00e1 el modelo EVID de Electro-Voice\u00ae 4.2.<\/p>\n<p><strong>Nota:<\/strong><\/p>\n<p class=\"ql-align-justify\"><strong>Principales Caracter\u00edsticas:<\/strong><\/p>\n<ul>\n<li class=\"ql-align-justify\">Control de cobertura mejorado de l\u00ednea de matriz.<\/li>\n<li class=\"ql-align-justify\">Forma org\u00e1nica y discreta.<\/li>\n<li class=\"ql-align-justify\">Strong-Arm-MountTM para f\u00e1cil y flexible punter\u00eda.<\/li>\n<li class=\"ql-align-justify\">Protecci\u00f3n de sobrecarga de ancho de banda completo.<\/li>\n<li class=\"ql-align-justify\">Resistente a la intemperie: conforme a Mil Spec 810 e IEC 529 IP 34.<\/li>\n<li class=\"ql-align-justify\">Transductores Dual LF para graves extendidos y una mayor potencia de manejo y salida.<\/li>\n<li class=\"ql-align-justify\">Transductor HF de radiador directo Ti, neodimio estructura.<\/li>\n<li class=\"ql-align-justify\">Alta sensibilidad Blindado magn\u00e9ticamente.<\/li>\n<li class=\"ql-align-justify\">Rejillas chapadas en zinc.<\/li>\n<li class=\"ql-align-justify\">Versiones de transformadores.<\/li>\n<\/ul>\n<p class=\"ql-align-justify\"><strong>Especificaciones:<\/strong><\/p>\n<ul>\n<li class=\"ql-align-justify\">Respuesta de frecuencia: (-10 dB) 65Hz &#8211; 20kH.<\/li>\n<li class=\"ql-align-justify\">Manejo de potencia: 200W cont. Prog.\/400W pico.<\/li>\n<li class=\"ql-align-justify\">Sensibilidad: 89 dB, 1W \/ 1m.<\/li>\n<li class=\"ql-align-justify\">Impedancia: 8 ohmios.<\/li>\n<li class=\"ql-align-justify\">MB ax SPL: 113 d.<\/li>\n<li class=\"ql-align-justify\">Cobertura horizontal: 120 \u00b0.<\/li>\n<li class=\"ql-align-justify\">Cobertura vertical: 80 \u00b0.<\/li>\n<li class=\"ql-align-justify\">Cruce de Frecuencia: 2.2 kH.<\/li>\n<li class=\"ql-align-justify\">Transductor LF: 2 x 4 \u00ab(100 mm).<\/li>\n<li class=\"ql-align-justify\">Transductor de HF: 1 \u00ab(25 mm).<\/li>\n<li class=\"ql-align-justify\">Resistencia al clima: Cumple con la humedad: Mil Spec 810,sal spray, temperatura y UV e IEC 529 IP 34 clasificaciones a prueba de salpicaduras.<\/li>\n<li class=\"ql-align-justify\">Osilaci\u00f3n x rotaci\u00f3n: 100 \u00b0 x 90.<\/li>\n<li class=\"ql-align-justify\">Treminales: Conectores Phoenix .<\/li>\n<li class=\"ql-align-justify\">Material de la caja: ABS (pintable Grifos de vataje de la versi\u00f3n \u00abT\u00bb 70V: 3.75W 70V \/ 100V: 7.5W, 15W, 30W,<\/li>\n<li class=\"ql-align-justify\">Derivaci\u00f3n: de 8 ohmios.<\/li>\n<li class=\"ql-align-justify\">Dimemciones (H x W x D): 12.2 \u00abx 6.9\u00bb x 8.5 \u00ab(234 mm x 127 mm x 165 mm).<\/li>\n<li class=\"ql-align-justify\">Peso neto (cada uno): 8.5 lbs (3.9 kg.<\/li>\n<li class=\"ql-align-justify\">Peso de env\u00edo (par): 19 lbs (8.6 kg).<\/li>\n<li class=\"ql-align-justify\">Accesorios no incluidos SA &amp;trade, llave hexagonal.<\/li>\n<\/ul>\n<p>&nbsp;<\/p>\n<p><img fetchpriority=\"high\" decoding=\"async\" class=\"alignnone size-full wp-image-10122\" src=\"https:\/\/tecsecmty.com\/wp-content\/uploads\/2023\/02\/17.png\" alt=\"\" width=\"960\" height=\"540\" \/><\/p>\n","protected":false},"excerpt":{"rendered":"<p>El EVID 4.2 es un altavoz\u00a0de rango completo muy compacto ideal para aplicaciones interiores y exteriores que requieren alta calidad al sonar. Su forma y tama\u00f1o lo hacen casi invisible para su uso en Sistemas de m\u00fasica de fondo \/ de primer plano para restaurantes,&hellip;<\/p>\n","protected":false},"featured_media":6087,"comment_status":"open","ping_status":"closed","template":"","meta":{"om_disable_all_campaigns":false,"_monsterinsights_skip_tracking":false,"_monsterinsights_sitenote_active":false,"_monsterinsights_sitenote_note":"","_monsterinsights_sitenote_category":0},"product_brand":[],"product_cat":[525],"product_tag":[513,514,511,516,519,517,520,515,181,518,512],"class_list":{"0":"post-6088","1":"product","2":"type-product","3":"status-publish","4":"has-post-thumbnail","6":"product_cat-altavoces","7":"product_tag-altavoces","8":"product_tag-amplificadores","9":"product_tag-audio-y-video","10":"product_tag-audioporteros","11":"product_tag-digital-signage","12":"product_tag-intercomunicadores","13":"product_tag-kits-videoporteros","14":"product_tag-mezcladoras","15":"product_tag-microfonos","16":"product_tag-sistemas-de-enfermeria","17":"product_tag-videoporteros","19":"first","20":"instock","21":"sale","22":"taxable","23":"shipping-taxable","24":"purchasable","25":"product-type-simple"},"aioseo_notices":[],"_links":{"self":[{"href":"https:\/\/tecsecmty.com\/index.php\/wp-json\/wp\/v2\/product\/6088","targetHints":{"allow":["GET"]}}],"collection":[{"href":"https:\/\/tecsecmty.com\/index.php\/wp-json\/wp\/v2\/product"}],"about":[{"href":"https:\/\/tecsecmty.com\/index.php\/wp-json\/wp\/v2\/types\/product"}],"replies":[{"embeddable":true,"href":"https:\/\/tecsecmty.com\/index.php\/wp-json\/wp\/v2\/comments?post=6088"}],"version-history":[{"count":0,"href":"https:\/\/tecsecmty.com\/index.php\/wp-json\/wp\/v2\/product\/6088\/revisions"}],"wp:featuredmedia":[{"embeddable":true,"href":"https:\/\/tecsecmty.com\/index.php\/wp-json\/wp\/v2\/media\/6087"}],"wp:attachment":[{"href":"https:\/\/tecsecmty.com\/index.php\/wp-json\/wp\/v2\/media?parent=6088"}],"wp:term":[{"taxonomy":"product_brand","embeddable":true,"href":"https:\/\/tecsecmty.com\/index.php\/wp-json\/wp\/v2\/product_brand?post=6088"},{"taxonomy":"product_cat","embeddable":true,"href":"https:\/\/tecsecmty.com\/index.php\/wp-json\/wp\/v2\/product_cat?post=6088"},{"taxonomy":"product_tag","embeddable":true,"href":"https:\/\/tecsecmty.com\/index.php\/wp-json\/wp\/v2\/product_tag?post=6088"}],"curies":[{"name":"wp","href":"https:\/\/api.w.org\/{rel}","templated":true}]}}