{"id":6090,"date":"2023-02-23T11:58:19","date_gmt":"2023-02-23T17:58:19","guid":{"rendered":"https:\/\/tecsecmty.com\/index.php\/producto\/bosch-m_evid42t-par-de-altavoz-pasivo-200w-continuos-hasta-400-watts-70-o-100v-color-negro\/"},"modified":"2023-03-22T23:21:26","modified_gmt":"2023-03-23T05:21:26","slug":"bosch-m_evid42t-par-de-altavoz-pasivo-200w-continuos-hasta-400-watts-70-o-100v-color-negro","status":"publish","type":"product","link":"https:\/\/tecsecmty.com\/index.php\/producto\/bosch-m_evid42t-par-de-altavoz-pasivo-200w-continuos-hasta-400-watts-70-o-100v-color-negro\/","title":{"rendered":"BOSCH M_EVID42T- PAR DE ALTAVOZ PASIVO 200W CONTINUOS HASTA 400 WATTS\/ 70 O 100V\/ COLOR NEGRO"},"content":{"rendered":"<h5 class=\"card-title text-center\">EVID42T- PAR DE ALTAVOZ PASIVO 200W CONTINUOS HASTA 400 WATTS\/ 70 O 100V<\/h5>\n<p class=\"ql-align-justify\"><strong>Descripci\u00f3n general:<\/strong><\/p>\n<p class=\"ql-align-justify\"><strong>El EVID 4.2 es un ideal de altavoces de rango completo muy compacto para aplicaciones interiores y exteriores que requieren alta calidad sonar.<\/strong>\u00a0Su forma y tama\u00f1o lo hacen casi invisible para su uso en sistemas de m\u00fasica de fondo \/ primer plano para restaurantes, bares, patios, tiendas y otras aplicaciones.<\/p>\n<p class=\"ql-align-justify\">El deflector el\u00edptico tridimensional del 4.2 sim\u00e9tricamente localiza el elemento de alta frecuencia Ti de 1 \u00abcon un Coherente cobertura de la gu\u00eda de onda en frente de, y entre el m\u00ednimo de 4 \u00bb drivers de frecuencia. Esta cuidadosa conformaci\u00f3n, ubicaci\u00f3n, y 10 \u00b0 la distribuci\u00f3n de las unidades LF proporciona control de cobertura por<\/p>\n<p class=\"ql-align-justify\">matriz de l\u00ednea resultante. El lobing es controlado f\u00edsicamente<\/p>\n<p class=\"ql-align-justify\">\u201cEnsombreciendo\u201d los transductores lf entre s\u00ed sobre el Ancho de banda que normalmente exhibir\u00edan interferencia. EVID&#8217;s sistema de montaje proporciona una mayor gama de \u00e1ngulos de punter\u00eda en Planos tanto horizontales como verticales que otros tipos, las<\/p>\n<p class=\"ql-align-justify\">caracter\u00edsticas de la rejilla curva dise\u00f1adas en resistencia a la intemperie y una correa oculta para mayor seguridad.<\/p>\n<p class=\"ql-align-justify\">Todos los modelos est\u00e1n disponibles en negro o blanco, y pueden ser f\u00e1cilmente pintado a juego con la decoraci\u00f3n. Las versiones de transformador tambi\u00e9n son disponible para sistemas de voltaje constante.<\/p>\n<p class=\"ql-align-justify\"><strong>Arquitectura y especificaciones de ingenier\u00eda:<\/strong><\/p>\n<p class=\"ql-align-justify\">El altavoz debe ser un sistema de dos v\u00edas que consiste en dos 4 \u00ab(102 mm) transductores de baja frecuencia, transductor de alta frecuencia de 1 \u00ab(25 mm) con una gu\u00eda de onda de cobertura coherente y una red que divide la frecuencia instalado en un recinto de matriz de l\u00ednea ventilado. La red incluir\u00e1 un Limitador pasivo para los transductores de baja y alta frecuencia.<\/p>\n<p class=\"ql-align-justify\">El sistema de altavoces debe cumplir con los siguientes criterios de rendimiento:<\/p>\n<p class=\"ql-align-justify\">Manejo de potencia, 200 vatios de ruido rosa continuo EIA RS-426A (6 dB) factor de cresta); Respuesta de frecuencia, 65 Hz &#8211; 20 kHz (-10 dB desde la clasificaci\u00f3n) sensibilidad); Sensibilidad a la presi\u00f3n, 89 dB a un vatio, 200 Hz &#8211; 10 kHz a un metro; Impedancia, 8 ohmios nominales, 6 ohmios m\u00ednimo. La altura el transductor de frecuencia debe conducir una gu\u00eda de onda para cubrir uniformemente 120 \u00b0 Horizontalmente por 80 \u00b0 verticalmente. El cerramiento ser\u00e1 moldeado de acr\u00edlico butil estireno. El recinto debe tener una altura de 12.2 \u00ab(310 mm), 6.9\u00bb (175 mm)<\/p>\n<p class=\"ql-align-justify\">de ancho, 8.5 \u201d(216mm) de profundidad. El acabado ser\u00e1 de color blanco o negro pintable.<\/p>\n<p class=\"ql-align-justify\">La rejilla debe estar galvanizada, con recubrimiento en polvo para resistencia a la corrosi\u00f3n, y sobrio con una correa de seguridad. El altavoz ser\u00e1 ajustable.<\/p>\n<p class=\"ql-align-justify\">En un rango de 100 \u00b0 horizontalmente y 90 \u00b0 verticalmente. El soporte de soporte Ser\u00e1 de perfil bajo e integral con el cerramiento. El sistema ser\u00e1 resistente a las condiciones clim\u00e1ticas MIL Spec 810 e IEC 529 IP 34 los el altavoz de montaje en superficie ser\u00e1 el modelo EVID de Electro-Voice\u00ae 4.2.<\/p>\n<p class=\"ql-align-justify\"><strong>Principales Caracter\u00edsticas<\/strong><\/p>\n<ul>\n<li class=\"ql-align-justify\">Control de cobertura mejorado de matriz de l\u00edneas<\/li>\n<li class=\"ql-align-justify\">Forma org\u00e1nica y discreta.<\/li>\n<li class=\"ql-align-justify\">Strong-Arm-MountTM para f\u00e1cil y flexible punter\u00eda.<\/li>\n<li class=\"ql-align-justify\">Protecci\u00f3n contra sobrecarga de ancho de banda completo<\/li>\n<li class=\"ql-align-justify\">Resistente a la intemperie &#8211; Se ajusta a Mil Spec 810 y IEC 529 IP 34.<\/li>\n<li class=\"ql-align-justify\">Transductores LF duales para bajos extendidos y mayor potencia de manejo y salida.<\/li>\n<li class=\"ql-align-justify\">Transductor HF de radiador directo Ti, estructura de neodimio<\/li>\n<li class=\"ql-align-justify\">Alta sensibilidad.<\/li>\n<li class=\"ql-align-justify\">Protegido magn\u00e9ticamente.<\/li>\n<li class=\"ql-align-justify\">Rejillas cincadas.<\/li>\n<li class=\"ql-align-justify\">Versiones de transformador.<\/li>\n<\/ul>\n<p class=\"ql-align-justify\"><strong>Especificaciones<\/strong><\/p>\n<ul>\n<li class=\"ql-align-justify\">Respuesta de frecuencia: 1 (z -10 dB) 65Hz &#8211; 20kH.<\/li>\n<li class=\"ql-align-justify\">Manejo de potencia: 200W Cont. Prog.\/400W pico<\/li>\n<li class=\"ql-align-justify\">Sensibilidad: 3 89 dB, 1W \/ 1m.<\/li>\n<li class=\"ql-align-justify\">Impedancia: 8 ohm.<\/li>\n<li class=\"ql-align-justify\">Max SPL: 113 dB.<\/li>\n<li class=\"ql-align-justify\">Cobertura horizonta: 120\u00b0.<\/li>\n<li class=\"ql-align-justify\">Cobertura vertica: 80\u00b0.<\/li>\n<li class=\"ql-align-justify\">Crossover Frecuencia: 2.2 kH.<\/li>\n<li class=\"ql-align-justify\">LF Transductor: 2 x 4 \u00ab(100 mm).<\/li>\n<li class=\"ql-align-justify\">HF Transductor: 1 \u00ab(25 mm).<\/li>\n<li class=\"ql-align-justify\">Protection: Full Syste.<\/li>\n<li class=\"ql-align-justify\">Resistencia al clima: Cumple con la especificaciones 810 de humedad, niebla salina, temperatura y UV, y IEC 529 IP 34 clasificaciones a prueba de salpicaduras.<\/li>\n<li class=\"ql-align-justify\">Oscilaci\u00f3n x Rotaci\u00f3n: 100 \u00b0 x 90.<\/li>\n<li class=\"ql-align-justify\">Terminales: Phoenix Connecto.<\/li>\n<li class=\"ql-align-justify\">Material: ABS.<\/li>\n<li class=\"ql-align-justify\">Grifos de vataje en versi\u00f3n \u201ct\u201d 70V: 3.75 W 70V \/ 100V: 7.5W, 15W, 30W, yBypass de 8 ohmios.<\/li>\n<li class=\"ql-align-justify\">Dimenciones: (H x W x D) 12.2 \u00abx 6.9\u00bb x 8.5 \u00ab(234 mm x 127 mm x 165 mm).<\/li>\n<li class=\"ql-align-justify\">Par de peso neto: 8.5 libras (3.9 kg).<\/li>\n<li class=\"ql-align-justify\">Env\u00edo Peso (par) 19 libras (8,6 kg).<\/li>\n<\/ul>\n<p><img fetchpriority=\"high\" decoding=\"async\" class=\"alignnone size-full wp-image-10122\" src=\"https:\/\/tecsecmty.com\/wp-content\/uploads\/2023\/02\/17.png\" alt=\"\" width=\"960\" height=\"540\" \/><\/p>\n","protected":false},"excerpt":{"rendered":"<p>EVID42T- PAR DE ALTAVOZ PASIVO 200W CONTINUOS HASTA 400 WATTS\/ 70 O 100V Descripci\u00f3n general: El EVID 4.2 es un ideal de altavoces de rango completo muy compacto para aplicaciones interiores y exteriores que requieren alta calidad sonar.\u00a0Su forma y tama\u00f1o lo hacen casi invisible&hellip;<\/p>\n","protected":false},"featured_media":6089,"comment_status":"open","ping_status":"closed","template":"","meta":{"om_disable_all_campaigns":false,"_monsterinsights_skip_tracking":false,"_monsterinsights_sitenote_active":false,"_monsterinsights_sitenote_note":"","_monsterinsights_sitenote_category":0},"product_brand":[],"product_cat":[525],"product_tag":[513,514,511,516,519,517,520,515,181,518,512],"class_list":{"0":"post-6090","1":"product","2":"type-product","3":"status-publish","4":"has-post-thumbnail","6":"product_cat-altavoces","7":"product_tag-altavoces","8":"product_tag-amplificadores","9":"product_tag-audio-y-video","10":"product_tag-audioporteros","11":"product_tag-digital-signage","12":"product_tag-intercomunicadores","13":"product_tag-kits-videoporteros","14":"product_tag-mezcladoras","15":"product_tag-microfonos","16":"product_tag-sistemas-de-enfermeria","17":"product_tag-videoporteros","19":"first","20":"instock","21":"sale","22":"taxable","23":"shipping-taxable","24":"purchasable","25":"product-type-simple"},"aioseo_notices":[],"_links":{"self":[{"href":"https:\/\/tecsecmty.com\/index.php\/wp-json\/wp\/v2\/product\/6090","targetHints":{"allow":["GET"]}}],"collection":[{"href":"https:\/\/tecsecmty.com\/index.php\/wp-json\/wp\/v2\/product"}],"about":[{"href":"https:\/\/tecsecmty.com\/index.php\/wp-json\/wp\/v2\/types\/product"}],"replies":[{"embeddable":true,"href":"https:\/\/tecsecmty.com\/index.php\/wp-json\/wp\/v2\/comments?post=6090"}],"version-history":[{"count":0,"href":"https:\/\/tecsecmty.com\/index.php\/wp-json\/wp\/v2\/product\/6090\/revisions"}],"wp:featuredmedia":[{"embeddable":true,"href":"https:\/\/tecsecmty.com\/index.php\/wp-json\/wp\/v2\/media\/6089"}],"wp:attachment":[{"href":"https:\/\/tecsecmty.com\/index.php\/wp-json\/wp\/v2\/media?parent=6090"}],"wp:term":[{"taxonomy":"product_brand","embeddable":true,"href":"https:\/\/tecsecmty.com\/index.php\/wp-json\/wp\/v2\/product_brand?post=6090"},{"taxonomy":"product_cat","embeddable":true,"href":"https:\/\/tecsecmty.com\/index.php\/wp-json\/wp\/v2\/product_cat?post=6090"},{"taxonomy":"product_tag","embeddable":true,"href":"https:\/\/tecsecmty.com\/index.php\/wp-json\/wp\/v2\/product_tag?post=6090"}],"curies":[{"name":"wp","href":"https:\/\/api.w.org\/{rel}","templated":true}]}}