{"id":6096,"date":"2023-02-23T11:58:27","date_gmt":"2023-02-23T17:58:27","guid":{"rendered":"https:\/\/tecsecmty.com\/index.php\/producto\/bosch-m_evidc42lp-altavoz-de-techo-4-perfil-bajo-en-color-blanco-70-o-100-v-50w-selector-de-derivacion-watts-3-7-pulgadas-de-profundidad\/"},"modified":"2023-03-22T23:21:26","modified_gmt":"2023-03-23T05:21:26","slug":"bosch-m_evidc42lp-altavoz-de-techo-4-perfil-bajo-en-color-blanco-70-o-100-v-50w-selector-de-derivacion-watts-3-7-pulgadas-de-profundidad","status":"publish","type":"product","link":"https:\/\/tecsecmty.com\/index.php\/producto\/bosch-m_evidc42lp-altavoz-de-techo-4-perfil-bajo-en-color-blanco-70-o-100-v-50w-selector-de-derivacion-watts-3-7-pulgadas-de-profundidad\/","title":{"rendered":"BOSCH M_EVIDC42LP- Altavoz de techo 4&#8243; perfil bajo en color blanco\/ 70 o 100 V\/ 50W\/ Selector de derivaci\u00f3n Watts\/ 3.7 pulgadas de profundidad"},"content":{"rendered":"<h5 class=\"card-title text-center\">Descripci\u00f3n inicial<\/h5>\n<p>EVIDC42LP<\/p>\n<p>&nbsp;<\/p>\n<p><img fetchpriority=\"high\" decoding=\"async\" class=\"alignnone size-full wp-image-10184\" src=\"https:\/\/tecsecmty.com\/wp-content\/uploads\/2023\/02\/20.png\" alt=\"\" width=\"1920\" height=\"400\" \/><\/p>\n<p>&nbsp;<\/p>\n<h2>Caracter\u00edsticas y Especificaciones<\/h2>\n<p class=\"ql-align-justify\">Bidireccional coaxial de 4&#8243; de perfil delgado (3,7&#8243; de profundidad)<\/p>\n<p><img decoding=\"async\" class=\"size-full wp-image-10191 alignright\" src=\"https:\/\/tecsecmty.com\/wp-content\/uploads\/2023\/02\/21.png\" alt=\"\" width=\"400\" height=\"300\" \/><\/p>\n<p class=\"ql-align-justify\">\u25aa Protecci\u00f3n contra sobrecarga de todo el ancho de banda<\/p>\n<p class=\"ql-align-justify\">\u25aa Ajuste de consumo de potencia desde el frontal del altavoz<\/p>\n<p class=\"ql-align-justify\">\u25aa Incluye un soporte interior y un anillo de montaje para una instalaci\u00f3n sencilla<\/p>\n<p class=\"ql-align-justify\">\u25aa Con certificaci\u00f3n conforme a UL1480A y CSA 22.2 205<\/p>\n<p class=\"ql-align-justify\">El sistema de altavoces Electro-Voice EVID-C4.2LP es un altavoz de techo bidireccional completo que se presenta en una forma de muy bajo perfil. El conjunto consiste en estructura con bisel, rejilla, caja posterior, altavoz bidireccional coaxial de 4&#8243; y transformador interno con ajuste de l\u00ednea. El altavoz incorpora un tweeter con c\u00fapula con capa de titanio y con gu\u00eda de ondas acoplada. El altavoz EVID-C4.2LP utiliza una red de corte de frecuencias de segundo orden a 2,5 kHz, con un circuito completo de protecci\u00f3n para proteger la red, el woofer y el tweeter frente a niveles de potencia excesivos. El EVID-C4.2LP utiliza un transformador que permite seleccionar entre 1,88 W (solo 70 V), 3,75 W, 7,5 W o 15 W de alimentaci\u00f3n para el sistema de altavoces a trav\u00e9s de l\u00edneas de 70 V o 100 V, o mediante una derivaci\u00f3n de 8 Ohm. La selecci\u00f3n se realiza con un conmutador que se encuentra en el deflector delantero. La rejilla perforada est\u00e1 acabada con recubrimiento de esmalte blanco en polvo semibrillante. El deflector y el bisel est\u00e1n fabricados con ABS conforme a UL 94V-0. La caja posterior est\u00e1 construida con acero galvanizado de gran calibre. La caja de bajo perfil hace que sea f\u00e1cil de montar en espacios muy reducidos. Una cubierta lateral permite acceder a un bloque de terminales de 4 patillas que permite la conexi\u00f3n directa al altavoz con un cable de hasta calibre 12 y el paso hacia altavoces adicionales. Los sistemas de techo EVID C4.2LP incluyen un soporte interior para suspenderlos de forma segura en falsos techos de lana mineral o de otras fibras. La l\u00ednea de altavoces de techo EVID se ha dise\u00f1ado para funcionar como un sistema completo en una amplia gama de techos de distinta construcci\u00f3n. Ofrecen un gran ancho de banda, alta eficiencia, salida m\u00e1xima elevada, facilidad de instalaci\u00f3n y una reproducci\u00f3n de m\u00fasica o voz de amplia gama.<\/p>\n<p>&nbsp;<\/p>\n<p>&nbsp;<\/p>\n<p>&nbsp;<\/p>\n","protected":false},"excerpt":{"rendered":"<p>Descripci\u00f3n inicial EVIDC42LP &nbsp; &nbsp; Caracter\u00edsticas y Especificaciones Bidireccional coaxial de 4&#8243; de perfil delgado (3,7&#8243; de profundidad) \u25aa Protecci\u00f3n contra sobrecarga de todo el ancho de banda \u25aa Ajuste de consumo de potencia desde el frontal del altavoz \u25aa Incluye un soporte interior y&hellip;<\/p>\n","protected":false},"featured_media":6095,"comment_status":"open","ping_status":"closed","template":"","meta":{"om_disable_all_campaigns":false,"_monsterinsights_skip_tracking":false,"_monsterinsights_sitenote_active":false,"_monsterinsights_sitenote_note":"","_monsterinsights_sitenote_category":0},"product_brand":[],"product_cat":[525],"product_tag":[513,514,511,516,519,517,520,515,181,518,512],"class_list":{"0":"post-6096","1":"product","2":"type-product","3":"status-publish","4":"has-post-thumbnail","6":"product_cat-altavoces","7":"product_tag-altavoces","8":"product_tag-amplificadores","9":"product_tag-audio-y-video","10":"product_tag-audioporteros","11":"product_tag-digital-signage","12":"product_tag-intercomunicadores","13":"product_tag-kits-videoporteros","14":"product_tag-mezcladoras","15":"product_tag-microfonos","16":"product_tag-sistemas-de-enfermeria","17":"product_tag-videoporteros","19":"first","20":"instock","21":"sale","22":"taxable","23":"shipping-taxable","24":"purchasable","25":"product-type-simple"},"aioseo_notices":[],"_links":{"self":[{"href":"https:\/\/tecsecmty.com\/index.php\/wp-json\/wp\/v2\/product\/6096","targetHints":{"allow":["GET"]}}],"collection":[{"href":"https:\/\/tecsecmty.com\/index.php\/wp-json\/wp\/v2\/product"}],"about":[{"href":"https:\/\/tecsecmty.com\/index.php\/wp-json\/wp\/v2\/types\/product"}],"replies":[{"embeddable":true,"href":"https:\/\/tecsecmty.com\/index.php\/wp-json\/wp\/v2\/comments?post=6096"}],"version-history":[{"count":0,"href":"https:\/\/tecsecmty.com\/index.php\/wp-json\/wp\/v2\/product\/6096\/revisions"}],"wp:featuredmedia":[{"embeddable":true,"href":"https:\/\/tecsecmty.com\/index.php\/wp-json\/wp\/v2\/media\/6095"}],"wp:attachment":[{"href":"https:\/\/tecsecmty.com\/index.php\/wp-json\/wp\/v2\/media?parent=6096"}],"wp:term":[{"taxonomy":"product_brand","embeddable":true,"href":"https:\/\/tecsecmty.com\/index.php\/wp-json\/wp\/v2\/product_brand?post=6096"},{"taxonomy":"product_cat","embeddable":true,"href":"https:\/\/tecsecmty.com\/index.php\/wp-json\/wp\/v2\/product_cat?post=6096"},{"taxonomy":"product_tag","embeddable":true,"href":"https:\/\/tecsecmty.com\/index.php\/wp-json\/wp\/v2\/product_tag?post=6096"}],"curies":[{"name":"wp","href":"https:\/\/api.w.org\/{rel}","templated":true}]}}