{"id":6102,"date":"2023-02-23T11:58:33","date_gmt":"2023-02-23T17:58:33","guid":{"rendered":"https:\/\/tecsecmty.com\/index.php\/producto\/bosch-m_evidc82lp-altavoces-de-techo-8-color-blanco-70-o-100v-75w-selector-de-derivacion-watts-7-pulgadas-de-profundidad\/"},"modified":"2023-03-22T23:21:27","modified_gmt":"2023-03-23T05:21:27","slug":"bosch-m_evidc82lp-altavoces-de-techo-8-color-blanco-70-o-100v-75w-selector-de-derivacion-watts-7-pulgadas-de-profundidad","status":"publish","type":"product","link":"https:\/\/tecsecmty.com\/index.php\/producto\/bosch-m_evidc82lp-altavoces-de-techo-8-color-blanco-70-o-100v-75w-selector-de-derivacion-watts-7-pulgadas-de-profundidad\/","title":{"rendered":"BOSCH M_EVIDC82LP- Altavoces de techo 8&#8243; color blanco\/70 o 100V\/ 75W\/ Selector de derivaci\u00f3n Watts\/ 7 pulgadas de profundidad"},"content":{"rendered":"<h5 class=\"card-title text-center\">Descripci\u00f3n inicial<\/h5>\n<p class=\"ql-align-justify\">El sistema de altavoces Electro-Voice \u00ae \u200b\u200bEVID C8.2LP es un altavoz de techo de dos v\u00edas completo en un paquete de perfil bajo. El paquete consta de un conjunto de bisel, rejilla, carcasa trasera, altavoz coaxial de dos v\u00edas de 8 pulgadas y transformador interno de adaptaci\u00f3n de l\u00ednea. El altavoz cuenta con un tweeter de c\u00fapula recubierto de titanio acoplado a una gu\u00eda de ondas. El altavoz EVID C8.2LP utiliza una red de cruce de segundo orden a 2.5 kHz, con un circuito de protecci\u00f3n integral para proteger la red, el woofer y los controladores de tweeter de niveles de potencia excesivos. El C8.2LP utiliza un transformador que ofrece una selecci\u00f3n de 1,88 (solo 70 V), 3,75, 7,5, 15 o 30 vatios entregados al sistema de altavoces mediante l\u00edneas de 70 V o 100 V, o de derivaci\u00f3n de 8 ohmios. La selecci\u00f3n se realiza mediante un c\u00f3modo interruptor en el deflector frontal. La rejilla perforada est\u00e1 acabada en esmalte con recubrimiento de polvo blanco semibrillante. El deflector y el bisel est\u00e1n fabricados con ABS con clasificaci\u00f3n UL 94V-0. La caja trasera est\u00e1 construida de acero galvanizado de gran espesor. El gabinete de bajo perfil facilita el montaje en espacios reducidos. Una cubierta trasera, con provisiones para una caja de conexiones, proporciona acceso a un bloque de terminales de 4 pines que permite la conexi\u00f3n directa al altavoz con cable de calibre 12 y proporciona paso a altavoces adicionales. Se incluye un puente de tejas para la suspensi\u00f3n segura de los sistemas de cielo raso C8.2LP en un falso techo que utiliza lana mineral u otras baldosas de techo a base de fibra. La l\u00ednea EVID de altavoces de techo ha sido dise\u00f1ada para trabajar en conjunto como un sistema completo en una amplia gama de diferentes construcciones de techo. Proporcionan una amplia dispersi\u00f3n, alta eficiencia, salida de alto m\u00e1ximo, facilidad de instalaci\u00f3n y reproducci\u00f3n de m\u00fasica o voz de amplio rango.<\/p>\n<p>&nbsp;<\/p>\n<p><img fetchpriority=\"high\" decoding=\"async\" class=\"alignnone size-full wp-image-10184\" src=\"https:\/\/tecsecmty.com\/wp-content\/uploads\/2023\/02\/20.png\" alt=\"\" width=\"1920\" height=\"400\" \/><\/p>\n<p>&nbsp;<\/p>\n<p>&nbsp;<\/p>\n","protected":false},"excerpt":{"rendered":"<p>Descripci\u00f3n inicial El sistema de altavoces Electro-Voice \u00ae \u200b\u200bEVID C8.2LP es un altavoz de techo de dos v\u00edas completo en un paquete de perfil bajo. El paquete consta de un conjunto de bisel, rejilla, carcasa trasera, altavoz coaxial de dos v\u00edas de 8 pulgadas y&hellip;<\/p>\n","protected":false},"featured_media":6101,"comment_status":"open","ping_status":"closed","template":"","meta":{"om_disable_all_campaigns":false,"_monsterinsights_skip_tracking":false,"_monsterinsights_sitenote_active":false,"_monsterinsights_sitenote_note":"","_monsterinsights_sitenote_category":0},"product_brand":[],"product_cat":[525],"product_tag":[513,514,511,516,519,517,520,515,181,518,512],"class_list":{"0":"post-6102","1":"product","2":"type-product","3":"status-publish","4":"has-post-thumbnail","6":"product_cat-altavoces","7":"product_tag-altavoces","8":"product_tag-amplificadores","9":"product_tag-audio-y-video","10":"product_tag-audioporteros","11":"product_tag-digital-signage","12":"product_tag-intercomunicadores","13":"product_tag-kits-videoporteros","14":"product_tag-mezcladoras","15":"product_tag-microfonos","16":"product_tag-sistemas-de-enfermeria","17":"product_tag-videoporteros","19":"first","20":"instock","21":"sale","22":"taxable","23":"shipping-taxable","24":"purchasable","25":"product-type-simple"},"aioseo_notices":[],"_links":{"self":[{"href":"https:\/\/tecsecmty.com\/index.php\/wp-json\/wp\/v2\/product\/6102","targetHints":{"allow":["GET"]}}],"collection":[{"href":"https:\/\/tecsecmty.com\/index.php\/wp-json\/wp\/v2\/product"}],"about":[{"href":"https:\/\/tecsecmty.com\/index.php\/wp-json\/wp\/v2\/types\/product"}],"replies":[{"embeddable":true,"href":"https:\/\/tecsecmty.com\/index.php\/wp-json\/wp\/v2\/comments?post=6102"}],"version-history":[{"count":0,"href":"https:\/\/tecsecmty.com\/index.php\/wp-json\/wp\/v2\/product\/6102\/revisions"}],"wp:featuredmedia":[{"embeddable":true,"href":"https:\/\/tecsecmty.com\/index.php\/wp-json\/wp\/v2\/media\/6101"}],"wp:attachment":[{"href":"https:\/\/tecsecmty.com\/index.php\/wp-json\/wp\/v2\/media?parent=6102"}],"wp:term":[{"taxonomy":"product_brand","embeddable":true,"href":"https:\/\/tecsecmty.com\/index.php\/wp-json\/wp\/v2\/product_brand?post=6102"},{"taxonomy":"product_cat","embeddable":true,"href":"https:\/\/tecsecmty.com\/index.php\/wp-json\/wp\/v2\/product_cat?post=6102"},{"taxonomy":"product_tag","embeddable":true,"href":"https:\/\/tecsecmty.com\/index.php\/wp-json\/wp\/v2\/product_tag?post=6102"}],"curies":[{"name":"wp","href":"https:\/\/api.w.org\/{rel}","templated":true}]}}