{"id":6108,"date":"2023-02-23T11:58:39","date_gmt":"2023-02-23T17:58:39","guid":{"rendered":"https:\/\/tecsecmty.com\/index.php\/producto\/bosch-m_lb20pc60ew5d-un-par-de-altavoces-de-5-pulgadas-color-negro-ip65-70-y-100v-60w\/"},"modified":"2023-03-22T23:21:28","modified_gmt":"2023-03-23T05:21:28","slug":"bosch-m_lb20pc60ew5d-un-par-de-altavoces-de-5-pulgadas-color-negro-ip65-70-y-100v-60w","status":"publish","type":"product","link":"https:\/\/tecsecmty.com\/index.php\/producto\/bosch-m_lb20pc60ew5d-un-par-de-altavoces-de-5-pulgadas-color-negro-ip65-70-y-100v-60w\/","title":{"rendered":"BOSCH M_LB20PC60EW5D- UN PAR DE ALTAVOCES DE 5 PULGADAS\/ COLOR NEGRO\/ IP65\/ 70 Y 100V\/ 60W"},"content":{"rendered":"<h5 class=\"card-title text-center\">LB20-PC60EW-5D Altavoz de gabinete 5 \u00ab70 \/ 100V IP65 bk par Nergo<\/h5>\n<p class=\"ql-align-justify\"><strong>El LB20-PC60EW-5, de Bosch, es un rendimiento alto, de dos v\u00edas, de rango completo, de 5.25 \u00ab(133 mm) Altavoz de montaje en superficie con excelente ancho, uniforme Dispersi\u00f3n, y desempe\u00f1o sobresaliente.<\/strong>\u00a0Es Dise\u00f1ado para m\u00fasica de fondo y primer plano, voz evacuaci\u00f3n, paginaci\u00f3n y refuerzo de sonido, y es ideal para una amplia variedad de interiores y exteriores aplicaciones, tales como restaurantes, bares, patios, tiendas, gimnasios, hospitalidad, parques tem\u00e1ticos, lugares de ocio, y otros. Con una facilidad de instalaci\u00f3n incomparable, resistencia excepcional al clima, moderna y delicada aspecto, y sus opciones de montaje flexibles, el\u00a0<strong>LB20-PC60EW-5<\/strong>\u00a0es la soluci\u00f3n perfecta para una amplia variedad de Aplicaciones de montaje en superficie.<\/p>\n<p class=\"ql-align-justify\"><strong>El LB20-PC60EW-5\u00a0<\/strong>ha sido cuidadosamente dise\u00f1ado para resistir las condiciones clim\u00e1ticas m\u00e1s duras, sin comprometiendo el rendimiento para aplicaciones de interior. El altavoz de rango completo tiene clasificaci\u00f3n IP65 y su resistencia a la intemperie se complementa con un gabinete excepcional y resistencia a la parrilla contra el sol, sal, humedad y cloro.<\/p>\n<p class=\"ql-align-justify\"><strong>El LB20-PC60EW-5<\/strong>\u00a0incluye un vers\u00e1til soporte en U que ha sido dise\u00f1ado pensando en el instalador, permitiendo una amplia gama de aplicaciones de instalaci\u00f3n. El soporte en U permite 80 grados de rotaci\u00f3n.<\/p>\n<p class=\"ql-align-justify\"><strong>El LB20-PC60EW-5<\/strong>\u00a0utiliza un transformador de 60 W, que ofrece una selecci\u00f3n de 7.5 W (70 V solamente), 15 W, 30 W o 60 W entregados al sistema de altavoces utilizando 70 V o l\u00edneas de 100 V, o derivaci\u00f3n de 8 para l\u00edneas de baja impedancia.<\/p>\n<p class=\"ql-align-justify\">La selecci\u00f3n se realiza con un c\u00f3modo interruptor en la panel de entrada situado en la parte posterior del altavoz. La amplia gama de altavoces de montaje en superficie LB20 tiene ha sido dise\u00f1ado para trabajar en conjunto como un sistema completo en una variedad de diferentes construcciones de montaje en superficie, y para ser utilizado en combinaci\u00f3n con otros techos LB20 y altavoces de pared.<\/p>\n<p class=\"ql-align-justify\"><strong>Nota: LB20-PC60EW-5D Altavoz de gabinete 5 \u00ab70 \/ 100V IP65 bk par<\/strong><\/p>\n<p class=\"ql-align-justify\"><strong>Altavoz de gabinete bidireccional de 5 pulgadas, con sistema de montaje en pared f\u00e1cil, l\u00ednea interna de 60W 70\/100 voltios Transformador con bypass de 8 ohmios, resistente a la intemperie IP65 (empaquetado en pares), negro.<\/strong><\/p>\n<p class=\"ql-align-justify\"><strong>N\u00famero de pedido: LB20-PC60EW-5D.<\/strong><\/p>\n<p class=\"ql-align-justify\"><strong>Principales Caracter\u00edsticas<\/strong><\/p>\n<ul>\n<li class=\"ql-align-justify\">Cuidadosamente dise\u00f1ado para el clima m\u00e1s duro condiciones (IP65).<\/li>\n<li class=\"ql-align-justify\">Woofer de 5,25 \u00ab(133 mm) de largo alcance alojado en un UL.<\/li>\n<li class=\"ql-align-justify\">94-5VB pl\u00e1stico ABS clasificado contra incendios para LF extendido rendimiento hasta 55 Hz.<\/li>\n<li class=\"ql-align-justify\">El manejo de potencia de u 90 W proporciona un m\u00e1ximo de 108 dB SPL (pico de 114 dB).<\/li>\n<li class=\"ql-align-justify\">Transformador de 60 W con paso de 8.<\/li>\n<\/ul>\n<p class=\"ql-align-justify\"><strong>Especificaciones<\/strong><\/p>\n<ul>\n<li class=\"ql-align-justify\">Respuesta de frecuencia (-3 dB): 90 Hz &#8211; 20 kHz1.<\/li>\n<li class=\"ql-align-justify\">Respuesta de frecuencia (-10 dB) 55 Hz &#8211; 20 kHz1.<\/li>\n<li class=\"ql-align-justify\">Sensibilidad: 89 dB2.<\/li>\n<li class=\"ql-align-justify\">SPL m\u00e1x. (Calculado): 108 dB, pico de 114 dB.<\/li>\n<li class=\"ql-align-justify\">\u00c1ngulo de cobertura: 90 \u00b0 horizontal, 90 \u00b0 vertical.<\/li>\n<li class=\"ql-align-justify\">Manejo de potencia: 75 W (300 W pico) Continuo.<\/li>\n<li class=\"ql-align-justify\">Ruido rosa (100 horas).<\/li>\n<li class=\"ql-align-justify\">Bajo z: si.<\/li>\n<li class=\"ql-align-justify\">Impedancia nominal: 8 \u03a9.<\/li>\n<li class=\"ql-align-justify\">Impedancia m\u00ednima: 6,5.<\/li>\n<li class=\"ql-align-justify\">Paso alto recomendado: 60 Hz (24 dB \/ octava).<\/li>\n<li class=\"ql-align-justify\">Transformador de entrada (70 V \/ 100 V): 60 W.<\/li>\n<li class=\"ql-align-justify\">Taps de transformador:<\/li>\n<li class=\"ql-align-justify\">70V: 60 W, 30 W, 15 W, 7.5 W, 8\u03a9.<\/li>\n<li class=\"ql-align-justify\">100 V: 60 W, 30 W, 15 W, 8\u03a9.<\/li>\n<li class=\"ql-align-justify\">Transductor de baja frecuencia: 5.25 in (133 mm).<\/li>\n<li class=\"ql-align-justify\">Transductor de alta frecuencia: 0.75 in (20 mm).<\/li>\n<li class=\"ql-align-justify\">Conectores: cierre extra\u00edble de 4 pines.<\/li>\n<li class=\"ql-align-justify\">(Euroblock) &#8211; (2) para la conexi\u00f3n a oradores adicionales en un distribuido l\u00ednea.<\/li>\n<li class=\"ql-align-justify\">Max. tama\u00f1o del cable 12AWG (2.5 mm).<\/li>\n<li class=\"ql-align-justify\">Ambiental: IP-65 (seg\u00fan IEC-60529).<\/li>\n<li class=\"ql-align-justify\">Color: Negro (RAL 9004) o blanco (RAL9003).<\/li>\n<li class=\"ql-align-justify\">Dimensiones (alto x ancho x ancho): 255 mm x 180 mm x 150 mm (10.0 in x 7.1 in x 5.9 in) 3<\/li>\n<li class=\"ql-align-justify\">Peso neto: 3.2 kg (7.1 lb) 3.<\/li>\n<li class=\"ql-align-justify\">Peso de env\u00edo: 9.5 kg (21.0 lb).<\/li>\n<li class=\"ql-align-justify\">Hardware incluido: soporte en U, llave Allen de 5 mm y cubierta de entrada.<\/li>\n<li class=\"ql-align-justify\">Cantidad empacada: 2.<\/li>\n<\/ul>\n<p><img fetchpriority=\"high\" decoding=\"async\" class=\"alignnone size-full wp-image-10122\" src=\"https:\/\/tecsecmty.com\/wp-content\/uploads\/2023\/02\/17.png\" alt=\"\" width=\"960\" height=\"540\" \/><\/p>\n","protected":false},"excerpt":{"rendered":"<p>LB20-PC60EW-5D Altavoz de gabinete 5 \u00ab70 \/ 100V IP65 bk par Nergo El LB20-PC60EW-5, de Bosch, es un rendimiento alto, de dos v\u00edas, de rango completo, de 5.25 \u00ab(133 mm) Altavoz de montaje en superficie con excelente ancho, uniforme Dispersi\u00f3n, y desempe\u00f1o sobresaliente.\u00a0Es Dise\u00f1ado para&hellip;<\/p>\n","protected":false},"featured_media":6107,"comment_status":"open","ping_status":"closed","template":"","meta":{"om_disable_all_campaigns":false,"_monsterinsights_skip_tracking":false,"_monsterinsights_sitenote_active":false,"_monsterinsights_sitenote_note":"","_monsterinsights_sitenote_category":0},"product_brand":[],"product_cat":[525],"product_tag":[513,514,511,516,519,517,520,515,181,518,512],"class_list":{"0":"post-6108","1":"product","2":"type-product","3":"status-publish","4":"has-post-thumbnail","6":"product_cat-altavoces","7":"product_tag-altavoces","8":"product_tag-amplificadores","9":"product_tag-audio-y-video","10":"product_tag-audioporteros","11":"product_tag-digital-signage","12":"product_tag-intercomunicadores","13":"product_tag-kits-videoporteros","14":"product_tag-mezcladoras","15":"product_tag-microfonos","16":"product_tag-sistemas-de-enfermeria","17":"product_tag-videoporteros","19":"first","20":"instock","21":"sale","22":"taxable","23":"shipping-taxable","24":"purchasable","25":"product-type-simple"},"aioseo_notices":[],"_links":{"self":[{"href":"https:\/\/tecsecmty.com\/index.php\/wp-json\/wp\/v2\/product\/6108","targetHints":{"allow":["GET"]}}],"collection":[{"href":"https:\/\/tecsecmty.com\/index.php\/wp-json\/wp\/v2\/product"}],"about":[{"href":"https:\/\/tecsecmty.com\/index.php\/wp-json\/wp\/v2\/types\/product"}],"replies":[{"embeddable":true,"href":"https:\/\/tecsecmty.com\/index.php\/wp-json\/wp\/v2\/comments?post=6108"}],"version-history":[{"count":0,"href":"https:\/\/tecsecmty.com\/index.php\/wp-json\/wp\/v2\/product\/6108\/revisions"}],"wp:featuredmedia":[{"embeddable":true,"href":"https:\/\/tecsecmty.com\/index.php\/wp-json\/wp\/v2\/media\/6107"}],"wp:attachment":[{"href":"https:\/\/tecsecmty.com\/index.php\/wp-json\/wp\/v2\/media?parent=6108"}],"wp:term":[{"taxonomy":"product_brand","embeddable":true,"href":"https:\/\/tecsecmty.com\/index.php\/wp-json\/wp\/v2\/product_brand?post=6108"},{"taxonomy":"product_cat","embeddable":true,"href":"https:\/\/tecsecmty.com\/index.php\/wp-json\/wp\/v2\/product_cat?post=6108"},{"taxonomy":"product_tag","embeddable":true,"href":"https:\/\/tecsecmty.com\/index.php\/wp-json\/wp\/v2\/product_tag?post=6108"}],"curies":[{"name":"wp","href":"https:\/\/api.w.org\/{rel}","templated":true}]}}