{"id":6110,"date":"2023-02-23T11:58:45","date_gmt":"2023-02-23T17:58:45","guid":{"rendered":"https:\/\/tecsecmty.com\/index.php\/producto\/bosch-m_lb2uc15d1-altavoz-de-caja-15w-premiun-sound-color-negro\/"},"modified":"2023-03-22T23:21:28","modified_gmt":"2023-03-23T05:21:28","slug":"bosch-m_lb2uc15d1-altavoz-de-caja-15w-premiun-sound-color-negro","status":"publish","type":"product","link":"https:\/\/tecsecmty.com\/index.php\/producto\/bosch-m_lb2uc15d1-altavoz-de-caja-15w-premiun-sound-color-negro\/","title":{"rendered":"BOSCH M_LB2UC15D1 &#8211; Altavoz de caja 15W \/ PREMIUN SOUND Color negro"},"content":{"rendered":"<h5 class=\"card-title text-center\">Gama de altavoces con carcasa Premium- -sound<\/h5>\n<p class=\"ql-align-justify\"><strong>Los altavoces con carcasa Premium-sound LB2-UCxx- -x1 est\u00e1n dise\u00f1ados para reproducir de forma clara la voz, la m\u00fasica en primer plano y la m\u00fasica ambiental en aplicaciones generales de interior y exterior.\u00a0<\/strong>La gama de altavoces con carcasa<strong>\u00a0Premium-sound<\/strong>\u00a0incluye un modelo de 1<strong>5 W y 30 W<\/strong>, disponible en color claro u oscuro. Los altavoces disponen de entradas seleccionables de 8 ohmios,\u00a0<strong>70 V y 100 V<\/strong>. Las carcasas de ABS est\u00e1n equipadas con rejillas de aluminio frontales e incluyen de forma est\u00e1ndar un soporte de aluminio.<\/p>\n<p class=\"ql-align-justify\">Aplicaciones t\u00edpicas: bares tem\u00e1ticos, restaurantes musicales, parques tem\u00e1ticos, centros comerciales, aplicaciones audiovisuales, salas de juntas y oficinas, \u00e1reas y salas de exposiciones, gimnasios y entornos para presentaciones.<\/p>\n<p class=\"ql-align-justify\"><strong>Certificados y homologaciones<\/strong><\/p>\n<p class=\"ql-align-justify\"><strong>Garant\u00eda de calidad:<\/strong><\/p>\n<p class=\"ql-align-justify\">Todos los altavoces de Bosch est\u00e1n dise\u00f1ados para resistir\u00a0<strong>100 horas de funcionamiento<\/strong>\u00a0a potencia nominal seg\u00fan los est\u00e1ndares de capacidad de gesti\u00f3n de potencia (<strong>PHC) IEC 268-5. Bosch<\/strong>\u00a0ha desarrollado tambi\u00e9n la prueba de realimentaci\u00f3n ac\u00fastica simulada (<strong>SAFE, del ingl\u00e9s Simulated Acoustical Feedback Exposure<\/strong>) para demostrar que pueden soportar el doble de su potencia nominal durante cortos per\u00edodos. De esta forma, se mejora la fiabilidad en condiciones extremas, lo que aumenta la satisfacci\u00f3n del cliente, prolonga la vida \u00fatil y reduce los fallos o el deterioro en el rendimiento.<\/p>\n<p class=\"ql-align-justify\"><strong>Planificaci\u00f3n<\/strong><\/p>\n<p class=\"ql-align-justify\">Las cajas incluyen un transformador en el que se puede seleccionar potencia nominal completa, media, un cuarto o un octavo (es decir, en incrementos de 3 dB) para una derivaci\u00f3n de\u00a0<strong>70 V, 100 V u 8 ohmios<\/strong>. La selecci\u00f3n se realiza con un c\u00f3modo interruptor situado en la parte posterior de la cubierta. El altavoz se suministra con un cable de dos hilos y con una longitud de dos metros (del mismo color que la caja). Los extremos del cable est\u00e1n listos para su uso.<\/p>\n<p class=\"ql-align-justify\">Los soportes de montaje cuentan con tornillos Torx antirrobo con una cubierta de pl\u00e1stico del color de la caja. Las cajas se pueden montar de forma horizontal para permitir la orientaci\u00f3n del altavoz hacia arriba o hacia abajo, o de forma vertical para permitir la rotaci\u00f3n hacia la izquierda y hacia la derecha mediante un soporte de pared de acero y con forma de U (suministrado de serie). El logotipo giratorio se puede ajustar de forma sencilla para que coincida con la orientaci\u00f3n.<\/p>\n<p class=\"ql-align-justify\"><strong>Nota: Altavoz con carcasa Premium-sound<\/strong><\/p>\n<p class=\"ql-align-justify\"><strong>Altavoz con carcasa de 15 W, caja de ABS, soporte de montaje en U, cable de conexi\u00f3n fijo de dos hilos de 2 m, resistente al agua y al polvo conforme a la norma IP 65, gris oscuro RAL 7021.<\/strong><\/p>\n<p class=\"ql-align-justify\"><strong>N\u00famero de pedido: LB2-UC15-D1.<\/strong><\/p>\n<p class=\"ql-align-justify\"><strong>Principales Caracter\u00edsticas:<\/strong><\/p>\n<ul>\n<li class=\"ql-align-justify\">Reproducci\u00f3n de voz y m\u00fasica de alta fidelidad.<\/li>\n<li class=\"ql-align-justify\">Entradas seleccionables de 8 ohmios, 70 V y 100 V.<\/li>\n<li class=\"ql-align-justify\">Carcasa ABS compacta y robusta.<\/li>\n<li class=\"ql-align-justify\">Incluye soporte de montaje ajustable.<\/li>\n<li class=\"ql-align-justify\">Resistente al agua y polvo en conformidad con las normas IP65.<\/li>\n<\/ul>\n<p class=\"ql-align-justify\"><strong>Especificaciones:<\/strong><\/p>\n<ul>\n<li class=\"ql-align-justify\">Producto LB2-UC15-D LB2-UC15-L, LB2-UC30-D LB2-UC30-L.<\/li>\n<li class=\"ql-align-justify\">Descripci\u00f3n Premium-sound Cabinet Loudspeaker, Premium-sound Cabinet Loudspeaker.<\/li>\n<li class=\"ql-align-justify\">Potencia m\u00e1xima 22,5 W, 45 W.<\/li>\n<li class=\"ql-align-justify\">Potencia nominal (PHC) 15 W, 30 W.<\/li>\n<li class=\"ql-align-justify\">Tomas de potencia 15 \/ 7.5 \/ 3.75 \/ 1.9 W, 30\/15 \/ 7.5 \/ 3.75 W.<\/li>\n<li class=\"ql-align-justify\">Nivel de presi\u00f3n ac\u00fastica con potencia nominal \/ 1 W (1 kHz, 1 m) 99\/87 dB (SPL), 105\/90 dB (SPL).<\/li>\n<li class=\"ql-align-justify\">Rango de frecuencia efectivo (-10 dB) 95 Hz a 20 kHz, 100 Hz a 19 kHz.<\/li>\n<li class=\"ql-align-justify\">\u00c1ngulo de apertura 1 kHz \/ 4 kHz (-6 dB) 184 \u00b0 \/ 112 \u00b0 (hor.) 170 \u00b0 \/ 35 \u00b0 (ver.), 166 \u00b0 \/ 83 \u00b0 (hor.) 140 \u00b0 \/ 76 \u00b0 (ver.<\/li>\n<li class=\"ql-align-justify\">Tensi\u00f3n nominal de entrada 11\/70\/100 V, 15.5 \/ 70\/100 V.<\/li>\n<li class=\"ql-align-justify\">Impedancia nominal 8\/326\/667 ohmios, 8\/163\/333 ohmios.<\/li>\n<li class=\"ql-align-justify\">Transductores woofer de 101,6 mm (4 \u00ab), tweeter de c\u00fapula de 13 mm (0,51\u00bb), woofer de 127 mm (5 \u00ab), tweeter de c\u00fapula de 13 mm (0,51\u00bb).<\/li>\n<li class=\"ql-align-justify\">Conexi\u00f3n Cable de dos hilos de 2 m (78,8 pulg.), 2 m (78,8 pulg.) Cable de dos hilos.<\/li>\n<li class=\"ql-align-justify\">Dimensiones (Ancho x Profundidad) 205x136x117 mm 8.07&#215;5.35&#215;4.60 in, 250x 60&#215;140 mm 9.84&#215;6.30&#215;5.51 in.<\/li>\n<\/ul>\n<p>&nbsp;<\/p>\n<p><img fetchpriority=\"high\" decoding=\"async\" class=\"alignnone size-full wp-image-10122\" src=\"https:\/\/tecsecmty.com\/wp-content\/uploads\/2023\/02\/17.png\" alt=\"\" width=\"960\" height=\"540\" \/><\/p>\n","protected":false},"excerpt":{"rendered":"<p>Gama de altavoces con carcasa Premium- -sound Los altavoces con carcasa Premium-sound LB2-UCxx- -x1 est\u00e1n dise\u00f1ados para reproducir de forma clara la voz, la m\u00fasica en primer plano y la m\u00fasica ambiental en aplicaciones generales de interior y exterior.\u00a0La gama de altavoces con carcasa\u00a0Premium-sound\u00a0incluye un&hellip;<\/p>\n","protected":false},"featured_media":6109,"comment_status":"open","ping_status":"closed","template":"","meta":{"om_disable_all_campaigns":false,"_monsterinsights_skip_tracking":false,"_monsterinsights_sitenote_active":false,"_monsterinsights_sitenote_note":"","_monsterinsights_sitenote_category":0},"product_brand":[],"product_cat":[525],"product_tag":[513,514,511,516,519,517,520,515,181,518,512],"class_list":{"0":"post-6110","1":"product","2":"type-product","3":"status-publish","4":"has-post-thumbnail","6":"product_cat-altavoces","7":"product_tag-altavoces","8":"product_tag-amplificadores","9":"product_tag-audio-y-video","10":"product_tag-audioporteros","11":"product_tag-digital-signage","12":"product_tag-intercomunicadores","13":"product_tag-kits-videoporteros","14":"product_tag-mezcladoras","15":"product_tag-microfonos","16":"product_tag-sistemas-de-enfermeria","17":"product_tag-videoporteros","19":"first","20":"instock","21":"sale","22":"taxable","23":"shipping-taxable","24":"purchasable","25":"product-type-simple"},"aioseo_notices":[],"_links":{"self":[{"href":"https:\/\/tecsecmty.com\/index.php\/wp-json\/wp\/v2\/product\/6110","targetHints":{"allow":["GET"]}}],"collection":[{"href":"https:\/\/tecsecmty.com\/index.php\/wp-json\/wp\/v2\/product"}],"about":[{"href":"https:\/\/tecsecmty.com\/index.php\/wp-json\/wp\/v2\/types\/product"}],"replies":[{"embeddable":true,"href":"https:\/\/tecsecmty.com\/index.php\/wp-json\/wp\/v2\/comments?post=6110"}],"version-history":[{"count":0,"href":"https:\/\/tecsecmty.com\/index.php\/wp-json\/wp\/v2\/product\/6110\/revisions"}],"wp:featuredmedia":[{"embeddable":true,"href":"https:\/\/tecsecmty.com\/index.php\/wp-json\/wp\/v2\/media\/6109"}],"wp:attachment":[{"href":"https:\/\/tecsecmty.com\/index.php\/wp-json\/wp\/v2\/media?parent=6110"}],"wp:term":[{"taxonomy":"product_brand","embeddable":true,"href":"https:\/\/tecsecmty.com\/index.php\/wp-json\/wp\/v2\/product_brand?post=6110"},{"taxonomy":"product_cat","embeddable":true,"href":"https:\/\/tecsecmty.com\/index.php\/wp-json\/wp\/v2\/product_cat?post=6110"},{"taxonomy":"product_tag","embeddable":true,"href":"https:\/\/tecsecmty.com\/index.php\/wp-json\/wp\/v2\/product_tag?post=6110"}],"curies":[{"name":"wp","href":"https:\/\/api.w.org\/{rel}","templated":true}]}}