{"id":6116,"date":"2023-02-23T11:58:55","date_gmt":"2023-02-23T17:58:55","guid":{"rendered":"https:\/\/tecsecmty.com\/index.php\/producto\/bosch-m_lb2uc30l1-altavoz-de-caja-30w-premium-sound-color-blanco\/"},"modified":"2023-03-22T23:21:28","modified_gmt":"2023-03-23T05:21:28","slug":"bosch-m_lb2uc30l1-altavoz-de-caja-30w-premium-sound-color-blanco","status":"publish","type":"product","link":"https:\/\/tecsecmty.com\/index.php\/producto\/bosch-m_lb2uc30l1-altavoz-de-caja-30w-premium-sound-color-blanco\/","title":{"rendered":"BOSCH M_LB2UC30L1 &#8211; Altavoz de caja 30W \/ Premium SOUND \/ Color blanco"},"content":{"rendered":"<h5 class=\"card-title text-center\">Gama de altavoces con carcasa Premium-sound<\/h5>\n<p class=\"ql-align-justify\">Los altavoces con carcasa<strong>\u00a0Premium-sound LB2-UCxx- -x1\u00a0<\/strong>est\u00e1n dise\u00f1ados para reproducir de forma clara la voz, la m\u00fasica en primer plano y la m\u00fasica ambiental en aplicaciones generales de interior y exterior. La gama de altavoces con carcasa<strong>\u00a0Premium-sound<\/strong>\u00a0incluye un modelo de 1<strong>5 W y 30 W<\/strong>, disponible en color claro u oscuro. Los altavoces disponen de entradas seleccionables de 8 ohmios,\u00a0<strong>70 V y 100 V<\/strong>. Las carcasas de ABS est\u00e1n equipadas con rejillas de aluminio frontales e incluyen de forma est\u00e1ndar un soporte de aluminio.<\/p>\n<p class=\"ql-align-justify\">Aplicaciones t\u00edpicas: bares tem\u00e1ticos, restaurantes musicales, parques tem\u00e1ticos, centros comerciales, aplicaciones audiovisuales, salas de juntas y oficinas, \u00e1reas y salas de exposiciones, gimnasios y entornos para presentaciones.<\/p>\n<p class=\"ql-align-justify\"><strong>Certificados y homologaciones<\/strong><\/p>\n<p class=\"ql-align-justify\"><strong>Garant\u00eda de calidad:<\/strong><\/p>\n<p class=\"ql-align-justify\">Todos los altavoces de Bosch est\u00e1n dise\u00f1ados para resistir\u00a0<strong>100 horas de funcionamiento<\/strong>\u00a0a potencia nominal seg\u00fan los est\u00e1ndares de capacidad de gesti\u00f3n de potencia (<strong>PHC) IEC 268-5. Bosch<\/strong>\u00a0ha desarrollado tambi\u00e9n la prueba de realimentaci\u00f3n ac\u00fastica simulada (<strong>SAFE, del ingl\u00e9s Simulated Acoustical Feedback Exposure<\/strong>) para demostrar que pueden soportar el doble de su potencia nominal durante cortos per\u00edodos. De esta forma, se mejora la fiabilidad en condiciones extremas, lo que aumenta la satisfacci\u00f3n del cliente, prolonga la vida \u00fatil y reduce los fallos o el deterioro en el rendimiento.<\/p>\n<p>&nbsp;<\/p>\n<p><img fetchpriority=\"high\" decoding=\"async\" class=\"alignnone size-full wp-image-10122\" src=\"https:\/\/tecsecmty.com\/wp-content\/uploads\/2023\/02\/17.png\" alt=\"\" width=\"960\" height=\"540\" \/><\/p>\n","protected":false},"excerpt":{"rendered":"<p>Gama de altavoces con carcasa Premium-sound Los altavoces con carcasa\u00a0Premium-sound LB2-UCxx- -x1\u00a0est\u00e1n dise\u00f1ados para reproducir de forma clara la voz, la m\u00fasica en primer plano y la m\u00fasica ambiental en aplicaciones generales de interior y exterior. La gama de altavoces con carcasa\u00a0Premium-sound\u00a0incluye un modelo de&hellip;<\/p>\n","protected":false},"featured_media":6115,"comment_status":"open","ping_status":"closed","template":"","meta":{"om_disable_all_campaigns":false,"_monsterinsights_skip_tracking":false,"_monsterinsights_sitenote_active":false,"_monsterinsights_sitenote_note":"","_monsterinsights_sitenote_category":0},"product_brand":[],"product_cat":[525],"product_tag":[513,514,511,516,519,517,520,515,181,518,512],"class_list":{"0":"post-6116","1":"product","2":"type-product","3":"status-publish","4":"has-post-thumbnail","6":"product_cat-altavoces","7":"product_tag-altavoces","8":"product_tag-amplificadores","9":"product_tag-audio-y-video","10":"product_tag-audioporteros","11":"product_tag-digital-signage","12":"product_tag-intercomunicadores","13":"product_tag-kits-videoporteros","14":"product_tag-mezcladoras","15":"product_tag-microfonos","16":"product_tag-sistemas-de-enfermeria","17":"product_tag-videoporteros","19":"first","20":"instock","21":"sale","22":"taxable","23":"shipping-taxable","24":"purchasable","25":"product-type-simple"},"aioseo_notices":[],"_links":{"self":[{"href":"https:\/\/tecsecmty.com\/index.php\/wp-json\/wp\/v2\/product\/6116","targetHints":{"allow":["GET"]}}],"collection":[{"href":"https:\/\/tecsecmty.com\/index.php\/wp-json\/wp\/v2\/product"}],"about":[{"href":"https:\/\/tecsecmty.com\/index.php\/wp-json\/wp\/v2\/types\/product"}],"replies":[{"embeddable":true,"href":"https:\/\/tecsecmty.com\/index.php\/wp-json\/wp\/v2\/comments?post=6116"}],"version-history":[{"count":0,"href":"https:\/\/tecsecmty.com\/index.php\/wp-json\/wp\/v2\/product\/6116\/revisions"}],"wp:featuredmedia":[{"embeddable":true,"href":"https:\/\/tecsecmty.com\/index.php\/wp-json\/wp\/v2\/media\/6115"}],"wp:attachment":[{"href":"https:\/\/tecsecmty.com\/index.php\/wp-json\/wp\/v2\/media?parent=6116"}],"wp:term":[{"taxonomy":"product_brand","embeddable":true,"href":"https:\/\/tecsecmty.com\/index.php\/wp-json\/wp\/v2\/product_brand?post=6116"},{"taxonomy":"product_cat","embeddable":true,"href":"https:\/\/tecsecmty.com\/index.php\/wp-json\/wp\/v2\/product_cat?post=6116"},{"taxonomy":"product_tag","embeddable":true,"href":"https:\/\/tecsecmty.com\/index.php\/wp-json\/wp\/v2\/product_tag?post=6116"}],"curies":[{"name":"wp","href":"https:\/\/api.w.org\/{rel}","templated":true}]}}