{"id":6118,"date":"2023-02-23T11:58:57","date_gmt":"2023-02-23T17:58:57","guid":{"rendered":"https:\/\/tecsecmty.com\/index.php\/producto\/bosch-m_lb6sl-altavoz-satelite-montaje-en-pared-color-blanco-2-altavoces\/"},"modified":"2023-03-22T23:21:28","modified_gmt":"2023-03-23T05:21:28","slug":"bosch-m_lb6sl-altavoz-satelite-montaje-en-pared-color-blanco-2-altavoces","status":"publish","type":"product","link":"https:\/\/tecsecmty.com\/index.php\/producto\/bosch-m_lb6sl-altavoz-satelite-montaje-en-pared-color-blanco-2-altavoces\/","title":{"rendered":"BOSCH M_LB6SL- ALTAVOZ SATELITE MONTAJE EN PARED\/ COLOR BLANCO\/ 2 ALTAVOCES"},"content":{"rendered":"<h5 class=\"card-title text-center\">LB6-S-L Altavoz sat\u00e9lite montaje pared, blanco<\/h5>\n<p class=\"ql-align-justify\"><strong>El LB6-100S-L es un sistema de altavoces de rango completo muy compacto ideal para aplicaciones que requieren un sonido de alta calidad.<\/strong>\u00a0Su tama\u00f1o y flexibilidad de disposici\u00f3n hacen que sea casi invisible en sistemas de m\u00fasica de fondo\/primer plano en restaurantes, bares, patios, puntos de venta y otras aplicaciones. El sistema consta de un m\u00f3dulo subwoofer de 8 pulgadas de alto rendimiento con una red cruzada para alimentar los cuatro (4) altavoces sat\u00e9lite de 2 pulgadas incluidos. El sistema dispone de sencillas conexiones en el subwoofer y admite conexiones de 4\/8 ohmios o de 70\/100v. Por su gesti\u00f3n de alta potencia, el sistema se puede utilizar en distintos entornos y espacios para proporcionar m\u00fasica de alta calidad de fondo o en primer plano.<\/p>\n<p class=\"ql-align-justify\"><strong>Especificaciones arquitect\u00f3nicas y t\u00e9cnicas:<\/strong><\/p>\n<p class=\"ql-align-justify\">El sistema de altavoces debe consistir en un dise\u00f1o de dos v\u00edas con un subwoofer independiente con un transductor de bajas frecuencias de 8 pulgadas (200 mm), 4 sat\u00e9lites con transductores de altas frecuencias de 2 pulgadas (50 mm) y una red de divisi\u00f3n de frecuencias instalada en la caja del subwoofer con ventilaci\u00f3n. Todas las conexiones de se\u00f1al de entrada y salida se realizar\u00e1n en el subwoofer. Todas las conexiones de se\u00f1al del subwoofer y de los altavoces sat\u00e9lites se realizar\u00e1n en conectores tipo Phoenix. El sistema podr\u00e1 funcionar en modo est\u00e9reo o monoaural cuando reciba alimentaci\u00f3n de una fuente amplificada de 4\/8 de baja impedancia. El sistema podr\u00e1 funcionar con hasta 100 vatios cuando reciba una se\u00f1al amplificada de 100 V o 70 V. El sistema de altavoces deber\u00e1 cumplir con los siguientes criterios de rendimiento: Entrega de 200 vatios de potencia de programa a largo plazo; Respuesta en frecuencia, 42 Hz &#8211; 20 kHz (-10 dB de sensibilidad nominal); Impedancia, 8 ohmios nominales en modo est\u00e9reo, 4 ohmios nominales en modo mono. El transductor de alta frecuencia de los altavoces sat\u00e9lites deber\u00e1 proporcionar una cobertura uniforme de un m\u00ednimo de 100\u00b0 en horizontal por 100\u00b0 en vertical con un rango medio de frecuencias de 1-8 kHz, y un m\u00ednimo de 150\u00b0 en horizontal por 150\u00b0 en vertical con un rango medio de frecuencias de 1-4 kHz. La carcasa del subwoofer ser\u00e1 de MDF con una envoltura exterior de vinilo. Los altavoces sat\u00e9lite ser\u00e1n de ABS resistente al fuego. La caja del subwoofer tendr\u00e1 15,75 pulgadas (400 mm) de alto, 15,75 pulgadas (400 mm) de ancho, y 9,06 pulgadas (230 mm) de profundidad. Los altavoces sat\u00e9lite se podr\u00e1n ajustar 160\u00b0 en horizontal y 60\u00b0 en vertical. El soporte deber\u00e1 ser de bajo perfil y totalmente desmontable del gabinete. El sistema de altavoces de montaje en superficie deber\u00e1 ser del modelo LB6-100S-L fabricado por Bosch.<\/p>\n<h4><strong>Nota: LB6-S-L Altavoz sat\u00e9lite montaje pared, blanco<\/strong><\/h4>\n<p><strong>Altavoces sat\u00e9lite de 2 pulgadas, que son parte del LB6-100S-L<\/strong>\u00a0<strong>.<\/strong><\/p>\n<p><strong>Numero de pedido: LB6-S-L.<\/strong><\/p>\n<p><strong>Principales\u00a0<\/strong><strong>caracter\u00edsticas<\/strong><\/p>\n<ul>\n<li>Una soluci\u00f3n completa de altavoces para escuchar m\u00fasica de fondo o en primer plano.<\/li>\n<li>Transductor del woofer de gran tama\u00f1o (200 mm, 8 pulgadas) para generar una salida consistente de las bajas frecuencias.<\/li>\n<li>Conexi\u00f3n directa de los sat\u00e9lites al subwoofer: simplifica el cableado de la instalaci\u00f3n.<\/li>\n<li>Los soportes de montaje f\u00e1cilmente orientables permiten montar los sat\u00e9lites de manera f\u00e1cil y segura en la pared.<\/li>\n<li>Los pr\u00e1cticos conectores de se\u00f1al de tipo Phoenix reducen el tiempo de instalaci\u00f3n.<\/li>\n<\/ul>\n<p><strong>Especificaciones<\/strong><\/p>\n<ul>\n<li>Altavoz sat\u00e9lite para montaje en superficie<\/li>\n<li>Respuesta de frecuencia (-10 dB): 180 Hz \u2013 20 kHz1.<\/li>\n<li>Gesti\u00f3n de potencia: 30 W2.<\/li>\n<li>Sensibilidad: 84 dB1.<\/li>\n<li>Impedancia: 16 ohmios.<\/li>\n<li>NPA m\u00e1ximo: 102 dB1<\/li>\n<li>Cobertura de voz (H x V): 150\u00b0 x 150\u00b03 Omnidireccional.<\/li>\n<li>Cobertura de programa de m\u00fasica (H x V): 100\u00b0 x 100\u00b04 Omnidireccional.<\/li>\n<li>Transductor: 50 mm (1,97 pulg.)<\/li>\n<li>Rango de ajuste del soporte (H x V): 160\u00b0 x 60\u00b0 Fijo<\/li>\n<li>Conectores: Phoenix (2 patillas)<\/li>\n<li>Caja: ABS (resistente al fuego)<\/li>\n<li>Derivaciones del transformador: N\/A<\/li>\n<li>Dimensiones (Al. x An. x Pr.): 115 mm x 85 mm x 95 mm (4,53 pulg. x 3,35 pulg. x 3,75 pulg.)<\/li>\n<li>Peso neto: (unitario) 0,5 kg (1,1 lb).<\/li>\n<li>Peso de env\u00edo: 1 sub y 4 sat\u00e9lites: 18,26 kg (40,25 lb).<\/li>\n<li class=\"ql-align-justify\">Accesorios incluidos: Soporte de pared, llave hexagonal.<\/li>\n<\/ul>\n<p><img fetchpriority=\"high\" decoding=\"async\" class=\"alignnone size-full wp-image-10122\" src=\"https:\/\/tecsecmty.com\/wp-content\/uploads\/2023\/02\/17.png\" alt=\"\" width=\"960\" height=\"540\" \/><\/p>\n","protected":false},"excerpt":{"rendered":"<p>LB6-S-L Altavoz sat\u00e9lite montaje pared, blanco El LB6-100S-L es un sistema de altavoces de rango completo muy compacto ideal para aplicaciones que requieren un sonido de alta calidad.\u00a0Su tama\u00f1o y flexibilidad de disposici\u00f3n hacen que sea casi invisible en sistemas de m\u00fasica de fondo\/primer plano&hellip;<\/p>\n","protected":false},"featured_media":6117,"comment_status":"open","ping_status":"closed","template":"","meta":{"om_disable_all_campaigns":false,"_monsterinsights_skip_tracking":false,"_monsterinsights_sitenote_active":false,"_monsterinsights_sitenote_note":"","_monsterinsights_sitenote_category":0},"product_brand":[],"product_cat":[525],"product_tag":[513,514,511,516,519,517,520,515,181,518,512],"class_list":{"0":"post-6118","1":"product","2":"type-product","3":"status-publish","4":"has-post-thumbnail","6":"product_cat-altavoces","7":"product_tag-altavoces","8":"product_tag-amplificadores","9":"product_tag-audio-y-video","10":"product_tag-audioporteros","11":"product_tag-digital-signage","12":"product_tag-intercomunicadores","13":"product_tag-kits-videoporteros","14":"product_tag-mezcladoras","15":"product_tag-microfonos","16":"product_tag-sistemas-de-enfermeria","17":"product_tag-videoporteros","19":"first","20":"instock","21":"sale","22":"taxable","23":"shipping-taxable","24":"purchasable","25":"product-type-simple"},"aioseo_notices":[],"_links":{"self":[{"href":"https:\/\/tecsecmty.com\/index.php\/wp-json\/wp\/v2\/product\/6118","targetHints":{"allow":["GET"]}}],"collection":[{"href":"https:\/\/tecsecmty.com\/index.php\/wp-json\/wp\/v2\/product"}],"about":[{"href":"https:\/\/tecsecmty.com\/index.php\/wp-json\/wp\/v2\/types\/product"}],"replies":[{"embeddable":true,"href":"https:\/\/tecsecmty.com\/index.php\/wp-json\/wp\/v2\/comments?post=6118"}],"version-history":[{"count":0,"href":"https:\/\/tecsecmty.com\/index.php\/wp-json\/wp\/v2\/product\/6118\/revisions"}],"wp:featuredmedia":[{"embeddable":true,"href":"https:\/\/tecsecmty.com\/index.php\/wp-json\/wp\/v2\/media\/6117"}],"wp:attachment":[{"href":"https:\/\/tecsecmty.com\/index.php\/wp-json\/wp\/v2\/media?parent=6118"}],"wp:term":[{"taxonomy":"product_brand","embeddable":true,"href":"https:\/\/tecsecmty.com\/index.php\/wp-json\/wp\/v2\/product_brand?post=6118"},{"taxonomy":"product_cat","embeddable":true,"href":"https:\/\/tecsecmty.com\/index.php\/wp-json\/wp\/v2\/product_cat?post=6118"},{"taxonomy":"product_tag","embeddable":true,"href":"https:\/\/tecsecmty.com\/index.php\/wp-json\/wp\/v2\/product_tag?post=6118"}],"curies":[{"name":"wp","href":"https:\/\/api.w.org\/{rel}","templated":true}]}}