{"id":6122,"date":"2023-02-23T11:59:02","date_gmt":"2023-02-23T17:59:02","guid":{"rendered":"https:\/\/tecsecmty.com\/index.php\/producto\/bosch-m_lbb444000-tarjeta-de-control-y-supervision-pcb-maestra-de-supervision\/"},"modified":"2023-03-22T23:21:29","modified_gmt":"2023-03-23T05:21:29","slug":"bosch-m_lbb444000-tarjeta-de-control-y-supervision-pcb-maestra-de-supervision","status":"publish","type":"product","link":"https:\/\/tecsecmty.com\/index.php\/producto\/bosch-m_lbb444000-tarjeta-de-control-y-supervision-pcb-maestra-de-supervision\/","title":{"rendered":"BOSCH M_LBB444000- TARJETA DE CONTROL Y SUPERVISION\/ PCB MAESTRA DE SUPERVISION"},"content":{"rendered":"<h5 class=\"card-title text-center\">LBB 4440\/00 Tarjeta de control y supervisi\u00f3n<\/h5>\n<p class=\"ql-align-justify\"><strong>La tarjeta controla la comunicaci\u00f3n entre el sistema Praesideo y las tarjetas de supervisi\u00f3n de los altavoces o la l\u00ednea de altavoces.<\/strong><\/p>\n<p class=\"ql-align-justify\"><strong>LBB 4440\/00<\/strong>\u00a0hace referencia a la tarjeta de control y supervisi\u00f3n que controla varias tarjetas de supervisi\u00f3n esclavas (LBB 4441\/00 y LBB 4443\/00) que est\u00e1n montadas dentro de la l\u00ednea de altavoces. Gracias al funcionamiento conjunto de estas tarjetas, es posible supervisar 16, 64 o hasta 80 altavoces o l\u00edneas de altavoces con un amplificador de 500 vatios.<\/p>\n<p class=\"ql-align-justify\"><strong>Funciones b\u00e1sicas<\/strong><\/p>\n<p class=\"ql-align-justify\">Cada canal de amplificador de una unidad de amplificador de potencia LBB 442x\/10 est\u00e1 preparado mec\u00e1nica y el\u00e9ctricamente para una tarjeta de control LBB 4440\/00. La comunicaci\u00f3n entre las tarjetas de supervisi\u00f3n se lleva a cabo de forma inaudible a trav\u00e9s de la l\u00ednea de altavoces, por lo tanto, no es necesario utilizar cableado adicional. Las se\u00f1ales de audio de las l\u00edneas no afectan a la comunicaci\u00f3n.<\/p>\n<p class=\"ql-align-justify\">El control puede activarse o desactivarse mediante el software de configuraci\u00f3n. El control de la presencia de tarjetas de supervisi\u00f3n se realiza de forma continua. Los fallos de los altavoces se detectan y se notifican en un plazo de 300 s, mientras que los de la l\u00ednea de altavoces se detectan y se notifican en 100 s.<\/p>\n<p class=\"ql-align-justify\"><strong>Interconexiones<\/strong><\/p>\n<ul>\n<li class=\"ql-align-justify\">Conector de 20 patillas y cable plano.<\/li>\n<\/ul>\n<p class=\"ql-align-justify\"><strong>Nota:\u00a0LBB 4440\/00\u00a0Tarjeta de control y supervisi\u00f3n PCB maestra de supervisi\u00f3n de l\u00ednea y altavoz para instalaci\u00f3n en un amplificador de potencia conectado a la red Praesideo. Se necesita una placa para cada canal.\u00a0<\/strong><\/p>\n<p class=\"ql-align-justify\"><strong>N\u00famero de pedido LBB4440\/00.<\/strong><\/p>\n<p class=\"ql-align-justify\">Se desaconseja la utilizaci\u00f3n de cables de varios hilos junto con la supervisi\u00f3n de l\u00ednea ya que la diafon\u00eda entre canales de audio puede afectar a la supervisi\u00f3n de l\u00ednea.<\/p>\n<p class=\"ql-align-justify\"><strong>Principales caracter\u00edsticas:<\/strong><\/p>\n<ul>\n<li class=\"ql-align-justify\">Conector de salida tipo XLR macho de tres pines encaja con tabique herm\u00e9tico XLR-tipo conector.<\/li>\n<li class=\"ql-align-justify\">Control de varios altavoces o l\u00edneas sin cableado adicional.<\/li>\n<li class=\"ql-align-justify\">Instalado en el interior del amplificador de potencia.<\/li>\n<li class=\"ql-align-justify\">Controla hasta 80 tarjetas de supervisi\u00f3n de altavoces y l\u00edneas.<\/li>\n<li class=\"ql-align-justify\">Detecci\u00f3n de fallos de circuito abierto.<\/li>\n<li class=\"ql-align-justify\">Compatible con l\u00edneas de altavoces de 100 V y 70 V.<\/li>\n<\/ul>\n<p class=\"ql-align-justify\"><strong>Especificaciones:<\/strong><\/p>\n<p class=\"ql-align-justify\"><strong>Mec\u00e1nicas<\/strong><\/p>\n<ul>\n<li class=\"ql-align-justify\">Dimensiones (Al. x An. x Pr.): 60 x 50 x 17 mm sin soporte (2,4 x 2,0 x 0,7 pulg.).<\/li>\n<li class=\"ql-align-justify\">Peso 30 g (1 onza)<\/li>\n<li class=\"ql-align-justify\">Montaje Interno en el amplificador de potencia: Soportes de pl\u00e1stico para la instalaci\u00f3n horizontal o vertical incluidos.<\/li>\n<\/ul>\n<p class=\"ql-align-justify\"><strong>Ambientales<\/strong><\/p>\n<ul>\n<li class=\"ql-align-justify\">Temperatura de funcionamiento De -5 \u00b0C a +55 \u00b0C (de 23 \u00b0F a 131 \u00b0F).<\/li>\n<li class=\"ql-align-justify\">Temperatura de almacenamiento De -20 \u00b0C a +70 \u00b0C (de -4 \u00b0F a 158 \u00b0F).<\/li>\n<li class=\"ql-align-justify\">Humedad Del 15% al 90% Presi\u00f3n de aire De 600 a 1.100 hPa.<\/li>\n<\/ul>\n<p><img fetchpriority=\"high\" decoding=\"async\" class=\"alignnone size-full wp-image-10122\" src=\"https:\/\/tecsecmty.com\/wp-content\/uploads\/2023\/02\/17.png\" alt=\"\" width=\"960\" height=\"540\" \/><\/p>\n","protected":false},"excerpt":{"rendered":"<p>LBB 4440\/00 Tarjeta de control y supervisi\u00f3n La tarjeta controla la comunicaci\u00f3n entre el sistema Praesideo y las tarjetas de supervisi\u00f3n de los altavoces o la l\u00ednea de altavoces. LBB 4440\/00\u00a0hace referencia a la tarjeta de control y supervisi\u00f3n que controla varias tarjetas de supervisi\u00f3n&hellip;<\/p>\n","protected":false},"featured_media":6121,"comment_status":"open","ping_status":"closed","template":"","meta":{"om_disable_all_campaigns":false,"_monsterinsights_skip_tracking":false,"_monsterinsights_sitenote_active":false,"_monsterinsights_sitenote_note":"","_monsterinsights_sitenote_category":0},"product_brand":[],"product_cat":[525],"product_tag":[513,514,511,516,519,517,520,515,181,518,512],"class_list":{"0":"post-6122","1":"product","2":"type-product","3":"status-publish","4":"has-post-thumbnail","6":"product_cat-altavoces","7":"product_tag-altavoces","8":"product_tag-amplificadores","9":"product_tag-audio-y-video","10":"product_tag-audioporteros","11":"product_tag-digital-signage","12":"product_tag-intercomunicadores","13":"product_tag-kits-videoporteros","14":"product_tag-mezcladoras","15":"product_tag-microfonos","16":"product_tag-sistemas-de-enfermeria","17":"product_tag-videoporteros","19":"first","20":"instock","21":"sale","22":"taxable","23":"shipping-taxable","24":"purchasable","25":"product-type-simple"},"aioseo_notices":[],"_links":{"self":[{"href":"https:\/\/tecsecmty.com\/index.php\/wp-json\/wp\/v2\/product\/6122","targetHints":{"allow":["GET"]}}],"collection":[{"href":"https:\/\/tecsecmty.com\/index.php\/wp-json\/wp\/v2\/product"}],"about":[{"href":"https:\/\/tecsecmty.com\/index.php\/wp-json\/wp\/v2\/types\/product"}],"replies":[{"embeddable":true,"href":"https:\/\/tecsecmty.com\/index.php\/wp-json\/wp\/v2\/comments?post=6122"}],"version-history":[{"count":0,"href":"https:\/\/tecsecmty.com\/index.php\/wp-json\/wp\/v2\/product\/6122\/revisions"}],"wp:featuredmedia":[{"embeddable":true,"href":"https:\/\/tecsecmty.com\/index.php\/wp-json\/wp\/v2\/media\/6121"}],"wp:attachment":[{"href":"https:\/\/tecsecmty.com\/index.php\/wp-json\/wp\/v2\/media?parent=6122"}],"wp:term":[{"taxonomy":"product_brand","embeddable":true,"href":"https:\/\/tecsecmty.com\/index.php\/wp-json\/wp\/v2\/product_brand?post=6122"},{"taxonomy":"product_cat","embeddable":true,"href":"https:\/\/tecsecmty.com\/index.php\/wp-json\/wp\/v2\/product_cat?post=6122"},{"taxonomy":"product_tag","embeddable":true,"href":"https:\/\/tecsecmty.com\/index.php\/wp-json\/wp\/v2\/product_tag?post=6122"}],"curies":[{"name":"wp","href":"https:\/\/api.w.org\/{rel}","templated":true}]}}