{"id":6126,"date":"2023-02-23T11:59:07","date_gmt":"2023-02-23T17:59:07","guid":{"rendered":"https:\/\/tecsecmty.com\/index.php\/producto\/bosch-m_lbb444300-tarjeta-de-supervision-de-final-de-linea\/"},"modified":"2023-03-22T23:21:29","modified_gmt":"2023-03-23T05:21:29","slug":"bosch-m_lbb444300-tarjeta-de-supervision-de-final-de-linea","status":"publish","type":"product","link":"https:\/\/tecsecmty.com\/index.php\/producto\/bosch-m_lbb444300-tarjeta-de-supervision-de-final-de-linea\/","title":{"rendered":"BOSCH M_LBB444300- TARJETA DE SUPERVISION DE FINAL DE LINEA"},"content":{"rendered":"<h5 class=\"card-title text-center\">LBB 4443\/00 Tarjeta de supervisi\u00f3n de final de l\u00ednea<\/h5>\n<p class=\"ql-align-justify\"><strong>La tarjeta supervisa la integridad de una l\u00ednea de altavoces.<\/strong>\u00a0Las tarjetas funcionan junto con la tarjeta de control y supervisi\u00f3n LBB 4440\/00 para supervisar el estado de la l\u00ednea de altavoces y de todas sus bifurcaciones. El estado de la l\u00ednea se comunica a la tarjeta LBB 4440\/00 a trav\u00e9s del cable de altavoz existente.<\/p>\n<p class=\"ql-align-justify\"><strong>Funciones b\u00e1sicas<\/strong><\/p>\n<p class=\"ql-align-justify\">La tarjeta se monta en el interior de la carcasa del \u00faltimo altavoz de la l\u00ednea o en el interior de una carcasa independiente. Es posible supervisar l\u00edneas con bifurcaciones. Si una l\u00ednea de altavoces tiene varias bifurcaciones, se necesita un modelo LBB 4443\/00 independiente para el \u00faltimo altavoz de cada bifurcaci\u00f3n. La tarjeta detecta los fallos de la l\u00ednea y los notifica en un plazo de 100 s.<\/p>\n<p class=\"ql-align-justify\"><strong>Interconexiones<\/strong><\/p>\n<ul>\n<li class=\"ql-align-justify\">Dos terminales de 30 cm.<\/li>\n<li class=\"ql-align-justify\">Dos conectores faston.<\/li>\n<\/ul>\n<p class=\"ql-align-justify\"><strong>Nota:\u00a0LBB 4443\/00\u00a0Tarjeta de supervisi\u00f3n de final de l\u00ednea PCB esclava de supervisi\u00f3n de l\u00ednea para conectarla al extremo de una l\u00ednea de altavoces u otra l\u00ednea, funciona con LBB4440\/00 para controlar la integridad de la l\u00ednea.\u00a0<\/strong><\/p>\n<p class=\"ql-align-justify\"><strong>N\u00famero de pedido LBB4443\/00.<\/strong><\/p>\n<p class=\"ql-align-justify\"><strong>Principales Carcteristicas:<\/strong><\/p>\n<ul>\n<li class=\"ql-align-justify\">Control de la l\u00ednea de altavoces sin cableado adicional.<\/li>\n<li class=\"ql-align-justify\">Detecci\u00f3n de fallos de circuito abierto.<\/li>\n<li class=\"ql-align-justify\">Compatible con l\u00edneas de altavoces de 100 V y 70 V.<\/li>\n<li class=\"ql-align-justify\">Alimentaci\u00f3n de la tarjeta de supervisi\u00f3n desde el amplificador de potencia.<\/li>\n<li class=\"ql-align-justify\">La comunicaci\u00f3n no se ve afectada por las se\u00f1ales de audio de la l\u00ednea.<\/li>\n<\/ul>\n<p class=\"ql-align-justify\"><strong>Especificaciones:<\/strong><\/p>\n<p class=\"ql-align-justify\"><strong>Mec\u00e1nicas<\/strong><\/p>\n<ul>\n<li class=\"ql-align-justify\">Dimensiones: (Al. x An. x Pr.) 78 x 60 x 22 mm (3 x 2,3 x 0,8 pulg.).<\/li>\n<li class=\"ql-align-justify\">Peso: 70 g (2,4 oz).<\/li>\n<li class=\"ql-align-justify\">Montaje: Interno en el altavoz Hay disponible un soporte de montaje opcional (LBB 4446\/00).<\/li>\n<\/ul>\n<p class=\"ql-align-justify\"><strong>Ambientales:<\/strong><\/p>\n<ul>\n<li class=\"ql-align-justify\">Temperatura de funcionamiento De -5 \u00b0C a +55 \u00b0C (de +23 \u00b0F a +131 \u00b0F).<\/li>\n<li class=\"ql-align-justify\">Temperatura de almacenamiento De -20 \u00b0C a +70 \u00b0C (de -4 \u00b0F a +158 \u00b0F).<\/li>\n<li class=\"ql-align-justify\">Humedad Del 15% al 90% Presi\u00f3n de aire De 600 a 1.100 hPa.<img fetchpriority=\"high\" decoding=\"async\" class=\"alignnone size-full wp-image-10122\" src=\"https:\/\/tecsecmty.com\/wp-content\/uploads\/2023\/02\/17.png\" alt=\"\" width=\"960\" height=\"540\" \/><\/li>\n<\/ul>\n","protected":false},"excerpt":{"rendered":"<p>LBB 4443\/00 Tarjeta de supervisi\u00f3n de final de l\u00ednea La tarjeta supervisa la integridad de una l\u00ednea de altavoces.\u00a0Las tarjetas funcionan junto con la tarjeta de control y supervisi\u00f3n LBB 4440\/00 para supervisar el estado de la l\u00ednea de altavoces y de todas sus bifurcaciones.&hellip;<\/p>\n","protected":false},"featured_media":6125,"comment_status":"open","ping_status":"closed","template":"","meta":{"om_disable_all_campaigns":false,"_monsterinsights_skip_tracking":false,"_monsterinsights_sitenote_active":false,"_monsterinsights_sitenote_note":"","_monsterinsights_sitenote_category":0},"product_brand":[],"product_cat":[525],"product_tag":[513,514,511,516,519,517,520,515,181,518,512],"class_list":{"0":"post-6126","1":"product","2":"type-product","3":"status-publish","4":"has-post-thumbnail","6":"product_cat-altavoces","7":"product_tag-altavoces","8":"product_tag-amplificadores","9":"product_tag-audio-y-video","10":"product_tag-audioporteros","11":"product_tag-digital-signage","12":"product_tag-intercomunicadores","13":"product_tag-kits-videoporteros","14":"product_tag-mezcladoras","15":"product_tag-microfonos","16":"product_tag-sistemas-de-enfermeria","17":"product_tag-videoporteros","19":"first","20":"instock","21":"sale","22":"taxable","23":"shipping-taxable","24":"purchasable","25":"product-type-simple"},"aioseo_notices":[],"_links":{"self":[{"href":"https:\/\/tecsecmty.com\/index.php\/wp-json\/wp\/v2\/product\/6126","targetHints":{"allow":["GET"]}}],"collection":[{"href":"https:\/\/tecsecmty.com\/index.php\/wp-json\/wp\/v2\/product"}],"about":[{"href":"https:\/\/tecsecmty.com\/index.php\/wp-json\/wp\/v2\/types\/product"}],"replies":[{"embeddable":true,"href":"https:\/\/tecsecmty.com\/index.php\/wp-json\/wp\/v2\/comments?post=6126"}],"version-history":[{"count":0,"href":"https:\/\/tecsecmty.com\/index.php\/wp-json\/wp\/v2\/product\/6126\/revisions"}],"wp:featuredmedia":[{"embeddable":true,"href":"https:\/\/tecsecmty.com\/index.php\/wp-json\/wp\/v2\/media\/6125"}],"wp:attachment":[{"href":"https:\/\/tecsecmty.com\/index.php\/wp-json\/wp\/v2\/media?parent=6126"}],"wp:term":[{"taxonomy":"product_brand","embeddable":true,"href":"https:\/\/tecsecmty.com\/index.php\/wp-json\/wp\/v2\/product_brand?post=6126"},{"taxonomy":"product_cat","embeddable":true,"href":"https:\/\/tecsecmty.com\/index.php\/wp-json\/wp\/v2\/product_cat?post=6126"},{"taxonomy":"product_tag","embeddable":true,"href":"https:\/\/tecsecmty.com\/index.php\/wp-json\/wp\/v2\/product_tag?post=6126"}],"curies":[{"name":"wp","href":"https:\/\/api.w.org\/{rel}","templated":true}]}}