{"id":6140,"date":"2023-02-23T11:59:27","date_gmt":"2023-02-23T17:59:27","guid":{"rendered":"https:\/\/tecsecmty.com\/index.php\/producto\/bosch-m_lbc348200-altavoz-de-25w-tension-de-entrada-nominal-100w-i-mpeda-ncia-nominal-400-ohms-peso-3-6-kg\/"},"modified":"2023-03-22T23:21:30","modified_gmt":"2023-03-23T05:21:30","slug":"bosch-m_lbc348200-altavoz-de-25w-tension-de-entrada-nominal-100w-i-mpeda-ncia-nominal-400-ohms-peso-3-6-kg","status":"publish","type":"product","link":"https:\/\/tecsecmty.com\/index.php\/producto\/bosch-m_lbc348200-altavoz-de-25w-tension-de-entrada-nominal-100w-i-mpeda-ncia-nominal-400-ohms-peso-3-6-kg\/","title":{"rendered":"BOSCH M_LBC348200 &#8211; Altavoz de 25W \/ Tension de entrada nominal 100W \/ I MPEDA NCIA Nominal 400 OHMS \/ Peso 3.6 Kg"},"content":{"rendered":"<h5 class=\"card-title text-center\">LBC 3482\/00 Altavoz de bocina<\/h5>\n<p class=\"ql-align-justify\"><strong>Los altavoces de bocina de gran eficacia de Bosch<\/strong>\u00a0ofrecen una excelente reproducci\u00f3n de voz y distribuci\u00f3n de sonido para una amplia gama de aplicaciones en exteriores. Son ideales para zonas<\/p>\n<p class=\"ql-align-justify\">deportivas, parques, exposiciones, f\u00e1bricas y piscinas.\u00a0<strong>El modelo LBC 3482\/00 es un altavoz de bocina circular de 25 W y 355 mm (14 pulg.) de di\u00e1metro.<\/strong>\u00a0Est\u00e1 construido en aluminio. Los bordes de las bocinas est\u00e1n cubiertos con un perfil de\u00a0<strong>PVC\u00a0<\/strong>para protegerlos de da\u00f1os causados por golpes. Son de color gris claro (<strong>RAL 7035<\/strong>) y resistentes al agua y al polvo.<\/p>\n<p class=\"ql-align-justify\"><strong>Altavoces de alarma por voz<\/strong><\/p>\n<p class=\"ql-align-justify\"><strong>El modelo LBC 3482\/00<\/strong>\u00a0est\u00e1 dise\u00f1ado para su uso en sistemas de alarma por voz y cumple las normas de emergencia.<\/p>\n<p class=\"ql-align-justify\">Los altavoces de bocina tienen una protecci\u00f3n incorporada que garantiza que, en caso de incendio, los da\u00f1os que se produzcan en ellos no provoquen un fallo en el circuito al que est\u00e1n conectados. De esta forma, se conserva la integridad del sistema y se garantiza que los altavoces situados en otras \u00e1reas puedan seguir funcionando para informar de la situaci\u00f3n a las personas presentes. El altavoz de bocina dispone de un bloque de terminales cer\u00e1mico,<\/p>\n<p class=\"ql-align-justify\">un fusible t\u00e9rmico y cableado resistente a las altas temperaturas con protecci\u00f3n t\u00e9rmica. Estos altavoces est\u00e1n preparados para el montaje interior de tarjetas de supervisi\u00f3n de l\u00ednea\/altavoz opcionales.<\/p>\n<p class=\"ql-align-justify\"><strong>Funciones b\u00e1sicas<\/strong><\/p>\n<p class=\"ql-align-justify\">La cubierta posterior de la bocina est\u00e1 fabricada en ABS biodegradable (seg\u00fan la clase UL 94 V0). El cable de conexi\u00f3n recibe alimentaci\u00f3n mediante un casquillo de cable (PG 13,5) situado en la cubierta posterior.<\/p>\n<p class=\"ql-align-justify\">Para la conexi\u00f3n en bucle directa, la cubierta posterior incorpora un segundo orificio (cubierto como est\u00e1ndar).<\/p>\n<p class=\"ql-align-justify\">Estas bocinas integradas tambi\u00e9n est\u00e1n disponibles como bocina y controlador independientes, lo que permite la instalaci\u00f3n de cualquier combinaci\u00f3n de bocina y controlador. Consulte la informaci\u00f3n para pedidos para obtener informaci\u00f3n sobre los n\u00fameros de modelo.<\/p>\n<p class=\"ql-align-justify\"><strong>Certificados y homologaciones<\/strong><\/p>\n<p class=\"ql-align-justify\">Todos los altavoces de Bosch est\u00e1n dise\u00f1ados para resistir 100 horas de funcionamiento a potencia nominal seg\u00fan los est\u00e1ndares de capacidad de gesti\u00f3n de potencia (PHC) IEC 268-5. Bosch ha desarrollado tambi\u00e9n la prueba de realimentaci\u00f3n ac\u00fastica simulada<\/p>\n<p class=\"ql-align-justify\">(SAFE, del ingl\u00e9s Simulated Acoustical Feedback Exposure) para demostrar que pueden soportar el doble de su potencia nominal durante cortos per\u00edodos. De esta forma, se aumenta la fiabilidad en condiciones extremas y se consigue una mayor satisfacci\u00f3n del<\/p>\n<p class=\"ql-align-justify\">usuario final, mayor tiempo de duraci\u00f3n de los equipos y mucha menos probabilidad de fallo o deterioro.<\/p>\n<p class=\"ql-align-justify\"><strong>Nota: LBC 3482\/00 Altavoz de bocina<\/strong><\/p>\n<p class=\"ql-align-justify\"><strong>Altavoz de bocina circular de 25 W y 14 pulg. fabricado en aluminio\/ABS, soporte de montaje en U, resistente al agua y al polvo conforme a IP65, con certificaci\u00f3n EN54-24, color gris claro RAL 7035.<\/strong><\/p>\n<p class=\"ql-align-justify\"><strong>N\u00famero de pedido: LBC3482\/00.<\/strong><\/p>\n<p class=\"ql-align-justify\"><strong>Principales Caracter\u00edsticas<\/strong><\/p>\n<ul>\n<li class=\"ql-align-justify\">Controlador de gran eficacia.<\/li>\n<li class=\"ql-align-justify\">Reproducci\u00f3n de voz excelente.<\/li>\n<li class=\"ql-align-justify\">Preparado para el montaje interior de la tarjeta opcional de supervisi\u00f3n de l\u00ednea\/altavoz.<\/li>\n<li class=\"ql-align-justify\">Resistente al agua y al polvo conforme a la norma IP 65.<\/li>\n<li class=\"ql-align-justify\">Con certificaci\u00f3n EN 54\u201124.<\/li>\n<\/ul>\n<p class=\"ql-align-justify\"><strong>Especificaciones<\/strong><\/p>\n<p class=\"ql-align-justify\"><strong>El\u00e9ctricas<\/strong><\/p>\n<ul>\n<li class=\"ql-align-justify\">Potencia m\u00e1xima 37,5 W<\/li>\n<li class=\"ql-align-justify\">Potencia nominal 25\/12,5\/6,25 W<\/li>\n<li class=\"ql-align-justify\">Nivel de presi\u00f3n ac\u00fastica a 25 W\/1 W (1 kHz a 1 m) 121 dB\/107 dB (NPA).<\/li>\n<li class=\"ql-align-justify\">Rango de frecuencia efectiva (-10 dB) De 550 Hz a 5 kHz.<\/li>\n<li class=\"ql-align-justify\">\u00c1ngulo de apertura a 1 kHz\/4 kHz (-6 dB) 70 \u00b0\/25 \u00b0.<\/li>\n<li class=\"ql-align-justify\">Tensi\u00f3n nominal 100 V.<\/li>\n<li class=\"ql-align-justify\">Impedancia nominal 400 ohmios.<\/li>\n<li class=\"ql-align-justify\">Conector Bloque de terminales atornillados.<\/li>\n<\/ul>\n<p class=\"ql-align-justify\"><strong>Mec\u00e1nicas<\/strong><\/p>\n<ul>\n<li class=\"ql-align-justify\">Dimensiones (Long. x Pr. m\u00e1x.) 425 x 355 mm (16,7 x 14 pulg.)<\/li>\n<li class=\"ql-align-justify\">Peso 3,6 kg (8 libras)<\/li>\n<li class=\"ql-align-justify\">Color Gris claro (RAL 7035)<\/li>\n<li class=\"ql-align-justify\">Di\u00e1metro del cable De 6 mm a 12 mm (de 0,24 pulg. a 0,47 pulg.).<\/li>\n<\/ul>\n<p class=\"ql-align-justify\"><strong>Medioambientales<\/strong><\/p>\n<ul>\n<li class=\"ql-align-justify\">Temperatura de funcionamiento: De -25 \u00b0C a +55 \u00b0C (de -13 \u00b0F a+131 \u00b0F).<\/li>\n<li class=\"ql-align-justify\">Temperatura de almacenamiento: De -40 \u00b0C a +70 \u00b0C (de -40 \u00b0F a +158 \u00b0F).<\/li>\n<li class=\"ql-align-justify\">Humedad relativa &lt; 95%.<\/li>\n<\/ul>\n<p><img fetchpriority=\"high\" decoding=\"async\" class=\"alignnone size-full wp-image-10122\" src=\"https:\/\/tecsecmty.com\/wp-content\/uploads\/2023\/02\/17.png\" alt=\"\" width=\"960\" height=\"540\" \/><\/p>\n","protected":false},"excerpt":{"rendered":"<p>LBC 3482\/00 Altavoz de bocina Los altavoces de bocina de gran eficacia de Bosch\u00a0ofrecen una excelente reproducci\u00f3n de voz y distribuci\u00f3n de sonido para una amplia gama de aplicaciones en exteriores. Son ideales para zonas deportivas, parques, exposiciones, f\u00e1bricas y piscinas.\u00a0El modelo LBC 3482\/00 es&hellip;<\/p>\n","protected":false},"featured_media":6139,"comment_status":"open","ping_status":"closed","template":"","meta":{"om_disable_all_campaigns":false,"_monsterinsights_skip_tracking":false,"_monsterinsights_sitenote_active":false,"_monsterinsights_sitenote_note":"","_monsterinsights_sitenote_category":0},"product_brand":[],"product_cat":[525],"product_tag":[513,514,511,516,519,517,520,515,181,518,512],"class_list":{"0":"post-6140","1":"product","2":"type-product","3":"status-publish","4":"has-post-thumbnail","6":"product_cat-altavoces","7":"product_tag-altavoces","8":"product_tag-amplificadores","9":"product_tag-audio-y-video","10":"product_tag-audioporteros","11":"product_tag-digital-signage","12":"product_tag-intercomunicadores","13":"product_tag-kits-videoporteros","14":"product_tag-mezcladoras","15":"product_tag-microfonos","16":"product_tag-sistemas-de-enfermeria","17":"product_tag-videoporteros","19":"first","20":"instock","21":"sale","22":"taxable","23":"shipping-taxable","24":"purchasable","25":"product-type-simple"},"aioseo_notices":[],"_links":{"self":[{"href":"https:\/\/tecsecmty.com\/index.php\/wp-json\/wp\/v2\/product\/6140","targetHints":{"allow":["GET"]}}],"collection":[{"href":"https:\/\/tecsecmty.com\/index.php\/wp-json\/wp\/v2\/product"}],"about":[{"href":"https:\/\/tecsecmty.com\/index.php\/wp-json\/wp\/v2\/types\/product"}],"replies":[{"embeddable":true,"href":"https:\/\/tecsecmty.com\/index.php\/wp-json\/wp\/v2\/comments?post=6140"}],"version-history":[{"count":0,"href":"https:\/\/tecsecmty.com\/index.php\/wp-json\/wp\/v2\/product\/6140\/revisions"}],"wp:featuredmedia":[{"embeddable":true,"href":"https:\/\/tecsecmty.com\/index.php\/wp-json\/wp\/v2\/media\/6139"}],"wp:attachment":[{"href":"https:\/\/tecsecmty.com\/index.php\/wp-json\/wp\/v2\/media?parent=6140"}],"wp:term":[{"taxonomy":"product_brand","embeddable":true,"href":"https:\/\/tecsecmty.com\/index.php\/wp-json\/wp\/v2\/product_brand?post=6140"},{"taxonomy":"product_cat","embeddable":true,"href":"https:\/\/tecsecmty.com\/index.php\/wp-json\/wp\/v2\/product_cat?post=6140"},{"taxonomy":"product_tag","embeddable":true,"href":"https:\/\/tecsecmty.com\/index.php\/wp-json\/wp\/v2\/product_tag?post=6140"}],"curies":[{"name":"wp","href":"https:\/\/api.w.org\/{rel}","templated":true}]}}