{"id":6154,"date":"2023-02-23T11:59:50","date_gmt":"2023-02-23T17:59:50","guid":{"rendered":"https:\/\/tecsecmty.com\/index.php\/producto\/bosch-m_lc1cbb-caja-de-cerramiento-caja-trasera-para-montaje-en-lc1cmr\/"},"modified":"2023-03-22T23:21:30","modified_gmt":"2023-03-23T05:21:30","slug":"bosch-m_lc1cbb-caja-de-cerramiento-caja-trasera-para-montaje-en-lc1cmr","status":"publish","type":"product","link":"https:\/\/tecsecmty.com\/index.php\/producto\/bosch-m_lc1cbb-caja-de-cerramiento-caja-trasera-para-montaje-en-lc1cmr\/","title":{"rendered":"BOSCH M_LC1CBB- CAJA DE CERRAMIENTO\/ CAJA TRASERA PARA MONTAJE EN LC1CMR"},"content":{"rendered":"<p class=\"ql-align-justify\"><strong>La gama de altavoces modulares para montaje en techo LC1<\/strong>\u00a0se puede utilizar en una amplia variedad de techos. Proporcionan una reproducci\u00f3n excelente de voz y m\u00fasica en aplicaciones de megafon\u00eda para interiores. La gama ofrece cinco altavoces que se distinguen por la potencia de entrada, el \u00e1ngulo de apertura y la reproducci\u00f3n del sonido. Incluye tres altavoces de un cono de 6 W con varios \u00e1ngulos de apertura y dos transductores de altavoz coaxiales de alto rendimiento de 12 W y 24 W. Todos tienen la rejilla del mismo tama\u00f1o y se pueden utilizar en combinaci\u00f3n con los mismos accesorios de montaje.<\/p>\n<p class=\"ql-align-justify\"><strong>Funciones b\u00e1sicas<\/strong><\/p>\n<p class=\"ql-align-justify\"><strong>Aplicaciones de alarma por voz:<\/strong><\/p>\n<p class=\"ql-align-justify\">Los altavoces de alarma por voz est\u00e1n dise\u00f1ados espec\u00edficamente para su uso en edificios donde el rendimiento del sistema para avisos de evacuaci\u00f3n verbales est\u00e1 regulado por normativas. La gama de altavoces modulares para montaje en techo LC1 est\u00e1 dise\u00f1ada para su uso en sistemas de alarma por voz, cuenta con la certificaci\u00f3n EN 54-24 y es compatible con la norma brit\u00e1nica BS 5839-8.<\/p>\n<p class=\"ql-align-justify\"><strong>Protecci\u00f3n<\/strong>:<\/p>\n<p class=\"ql-align-justify\">Los altavoces tienen una protecci\u00f3n incorporada que garantiza que, en caso de incendio, los da\u00f1os que se produzcan en ellos no provoquen un fallo en el circuito al que est\u00e1n conectados. De esta forma, se conserva la integridad del sistema y se garantiza que los altavoces situados en otras \u00e1reas se puedan seguir utilizando para informar de la situaci\u00f3n. Los altavoces tambi\u00e9n se pueden utilizar junto con una c\u00fapula ign\u00edfuga met\u00e1lica con el fin de aumentar la protecci\u00f3n de la terminaci\u00f3n de los cables.<\/p>\n<p class=\"ql-align-justify\"><strong>Conexiones<\/strong>:<\/p>\n<p class=\"ql-align-justify\">Los altavoces disponen de un bloque cer\u00e1mico de terminales de conexiones atornilladas, un fusible t\u00e9rmico y cableado resistente a las altas temperaturas con protecci\u00f3n t\u00e9rmica.<\/p>\n<p class=\"ql-align-justify\"><strong>Anillo de montaje LC1-CMR<\/strong><\/p>\n<p class=\"ql-align-justify\"><strong>El dispositivo LC1-CMR\u00a0<\/strong>es una alternativa al soporte de montaje en techo. El anillo de montaje ABS tiene dos abrazaderas de tornillo para fijar el anillo de montaje a la placa del techo. En el interior del anillo, tambi\u00e9n se suministran dos enganches de resorte (para acoplar los resortes del altavoz en forma de V).<\/p>\n<p class=\"ql-align-justify\"><strong>Nota: LC1-CBB Caja de Cerramiento<\/strong><\/p>\n<p class=\"ql-align-justify\"><strong>Caja trasera para montaje en LC1-CMR, protege completamente el altavoz LC1 del polvo, gotas de agua e insectos y evita que el sonido viaje a trav\u00e9s de la b\u00f3veda del techo a \u00e1reas adyacentes, con certificaci\u00f3n EN54-24, blanco RAL 9010.<\/strong><\/p>\n<p class=\"ql-align-justify\"><strong>N\u00famero de pedido: LC1-CBB.<\/strong><\/p>\n<p class=\"ql-align-justify\"><strong>Principales caracter\u00edsticas:<\/strong><\/p>\n<ul>\n<li class=\"ql-align-justify\">Excelente reproducci\u00f3n de m\u00fasica y voz.<\/li>\n<li class=\"ql-align-justify\">Instalaci\u00f3n sencilla con una rejilla del mismo tama\u00f1o y un completo juego de accesorios.<\/li>\n<li class=\"ql-align-justify\">Posibilidad de elegir diferentes m\u00e9todos de montaje en techo.<\/li>\n<li class=\"ql-align-justify\">Indicaci\u00f3n de tono piloto opcional.<\/li>\n<li class=\"ql-align-justify\">EN 54\u201124, UL 2043. Certificaci\u00f3n UL 1480.<\/li>\n<\/ul>\n<p class=\"ql-align-justify\"><strong>Especificaciones<\/strong><\/p>\n<ul>\n<li class=\"ql-align-justify\">Descripci\u00f3n: Anillo de montaje en techo.<\/li>\n<li class=\"ql-align-justify\">Dimensiones: 215 x 70 mm (8,47 x 2,75 pulg.)<\/li>\n<li class=\"ql-align-justify\">Muesca de montaje: 200 mm (7,88 pulg.)<\/li>\n<li class=\"ql-align-justify\">Grosor m\u00e1ximo del techo: 25 mm (0,98 pulg.)<\/li>\n<li class=\"ql-align-justify\">Material: ABS.<\/li>\n<li class=\"ql-align-justify\">Color: Blanco (RAL 9010).<\/li>\n<li class=\"ql-align-justify\">Peso: 210 g (0,46 libras).<\/li>\n<\/ul>\n","protected":false},"excerpt":{"rendered":"<p>La gama de altavoces modulares para montaje en techo LC1\u00a0se puede utilizar en una amplia variedad de techos. Proporcionan una reproducci\u00f3n excelente de voz y m\u00fasica en aplicaciones de megafon\u00eda para interiores. La gama ofrece cinco altavoces que se distinguen por la potencia de entrada,&hellip;<\/p>\n","protected":false},"featured_media":6153,"comment_status":"open","ping_status":"closed","template":"","meta":{"om_disable_all_campaigns":false,"_monsterinsights_skip_tracking":false,"_monsterinsights_sitenote_active":false,"_monsterinsights_sitenote_note":"","_monsterinsights_sitenote_category":0},"product_brand":[],"product_cat":[525],"product_tag":[513,514,511,516,519,517,520,515,181,518,512],"class_list":{"0":"post-6154","1":"product","2":"type-product","3":"status-publish","4":"has-post-thumbnail","6":"product_cat-altavoces","7":"product_tag-altavoces","8":"product_tag-amplificadores","9":"product_tag-audio-y-video","10":"product_tag-audioporteros","11":"product_tag-digital-signage","12":"product_tag-intercomunicadores","13":"product_tag-kits-videoporteros","14":"product_tag-mezcladoras","15":"product_tag-microfonos","16":"product_tag-sistemas-de-enfermeria","17":"product_tag-videoporteros","19":"first","20":"instock","21":"sale","22":"taxable","23":"shipping-taxable","24":"purchasable","25":"product-type-simple"},"aioseo_notices":[],"_links":{"self":[{"href":"https:\/\/tecsecmty.com\/index.php\/wp-json\/wp\/v2\/product\/6154","targetHints":{"allow":["GET"]}}],"collection":[{"href":"https:\/\/tecsecmty.com\/index.php\/wp-json\/wp\/v2\/product"}],"about":[{"href":"https:\/\/tecsecmty.com\/index.php\/wp-json\/wp\/v2\/types\/product"}],"replies":[{"embeddable":true,"href":"https:\/\/tecsecmty.com\/index.php\/wp-json\/wp\/v2\/comments?post=6154"}],"version-history":[{"count":0,"href":"https:\/\/tecsecmty.com\/index.php\/wp-json\/wp\/v2\/product\/6154\/revisions"}],"wp:featuredmedia":[{"embeddable":true,"href":"https:\/\/tecsecmty.com\/index.php\/wp-json\/wp\/v2\/media\/6153"}],"wp:attachment":[{"href":"https:\/\/tecsecmty.com\/index.php\/wp-json\/wp\/v2\/media?parent=6154"}],"wp:term":[{"taxonomy":"product_brand","embeddable":true,"href":"https:\/\/tecsecmty.com\/index.php\/wp-json\/wp\/v2\/product_brand?post=6154"},{"taxonomy":"product_cat","embeddable":true,"href":"https:\/\/tecsecmty.com\/index.php\/wp-json\/wp\/v2\/product_cat?post=6154"},{"taxonomy":"product_tag","embeddable":true,"href":"https:\/\/tecsecmty.com\/index.php\/wp-json\/wp\/v2\/product_tag?post=6154"}],"curies":[{"name":"wp","href":"https:\/\/api.w.org\/{rel}","templated":true}]}}