{"id":6166,"date":"2023-02-23T12:00:05","date_gmt":"2023-02-23T18:00:05","guid":{"rendered":"https:\/\/tecsecmty.com\/index.php\/producto\/bosch-m_lc1um12e8-altavoz-para-montaje-en-techo-12w\/"},"modified":"2023-03-22T23:21:31","modified_gmt":"2023-03-23T05:21:31","slug":"bosch-m_lc1um12e8-altavoz-para-montaje-en-techo-12w","status":"publish","type":"product","link":"https:\/\/tecsecmty.com\/index.php\/producto\/bosch-m_lc1um12e8-altavoz-para-montaje-en-techo-12w\/","title":{"rendered":"BOSCH M_LC1UM12E8 &#8211; Altavoz para montaje en techo 12W"},"content":{"rendered":"<h5 class=\"card-title text-center\">LC1-UM12E8 Altavoz de Techo de 12 W<\/h5>\n<p class=\"ql-align-justify\"><strong>La gama de altavoces modulares para montaje en techo LC1<\/strong>\u00a0se puede utilizar en una amplia variedad de techos. Proporcionan una reproducci\u00f3n excelente de voz y m\u00fasica en aplicaciones de megafon\u00eda para interiores. La gama ofrece cinco altavoces que se distinguen por la potencia de entrada, el \u00e1ngulo de apertura y la reproducci\u00f3n del sonido. Incluye tres altavoces de un cono de 6 W con varios \u00e1ngulos de apertura y dos transductores de altavoz coaxiales de alto rendimiento de 12 W y 24 W. Todos tienen la rejilla del mismo tama\u00f1o y se pueden utilizar en combinaci\u00f3n con los mismos accesorios de montaje.<\/p>\n<p class=\"ql-align-justify\">Los altavoces son aptos para su uso en espacios a\u00e9reos si se instalan con la carcasa LC1-MFD. El chasis del altavoz incluye la posibilidad de montar la placa de indicaci\u00f3n de tono piloto opcional o la placa WLS, e incorpora de serie un conductor de luz para indicar el estado del tono piloto.<\/p>\n<p class=\"ql-align-justify\"><strong>Funciones b\u00e1sicas<\/strong><\/p>\n<p class=\"ql-align-justify\"><strong>Aplicaciones de alarma por voz:<\/strong><\/p>\n<p class=\"ql-align-justify\">Los altavoces de alarma por voz est\u00e1n dise\u00f1ados espec\u00edficamente para su uso en edificios donde el rendimiento del sistema para avisos de evacuaci\u00f3n verbales est\u00e1 regulado por normativas. La gama de altavoces modulares para montaje en techo LC1 est\u00e1 dise\u00f1ada para su uso en sistemas de alarma por voz, cuenta con la certificaci\u00f3n EN 54-24 y es compatible con la norma brit\u00e1nica BS 5839-8.<\/p>\n<p class=\"ql-align-justify\"><strong>Protecci\u00f3n<\/strong>:<\/p>\n<p class=\"ql-align-justify\">Los altavoces tienen una protecci\u00f3n incorporada que garantiza que, en caso de incendio, los da\u00f1os que se produzcan en ellos no provoquen un fallo en el circuito al que est\u00e1n conectados. De esta forma, se conserva la integridad del sistema y se garantiza que los altavoces situados en otras \u00e1reas se puedan seguir utilizando para informar de la situaci\u00f3n. Los altavoces tambi\u00e9n se pueden utilizar junto con una c\u00fapula ign\u00edfuga met\u00e1lica con el fin de aumentar la protecci\u00f3n de la terminaci\u00f3n de los cables.<\/p>\n<p class=\"ql-align-justify\"><strong>Conexiones<\/strong>:<\/p>\n<p class=\"ql-align-justify\">Los altavoces disponen de un bloque cer\u00e1mico de terminales de conexiones atornilladas, un fusible t\u00e9rmico y cableado resistente a las altas temperaturas con protecci\u00f3n t\u00e9rmica.<\/p>\n<p class=\"ql-align-justify\"><strong>Nota: Todos los altavoces de Bosch est\u00e1n dise\u00f1ados para resistir 100 horas de funcionamiento a potencia nominal seg\u00fan los est\u00e1ndares de capacidad de gesti\u00f3n de potencia (PHC) IEC 268-5. Bosch ha desarrollado tambi\u00e9n la prueba de realimentaci\u00f3n ac\u00fastica simulada (SAFE, del ingl\u00e9s Simulated Acoustical Feedback Exposure) para demostrar que pueden soportar el doble de su potencia nominal durante cortos per\u00edodos. De esta forma, se aumenta la fiabilidad en condiciones extremas y se consigue una mayor satisfacci\u00f3n del usuario final, mayor tiempo de duraci\u00f3n de los equipos y mucha menos probabilidad de fallo o deterioro. Todas las piezas de pl\u00e1stico son biodegradables conforme a la norma UL 94V0.<\/strong><\/p>\n<p class=\"ql-align-justify\"><strong>Nota: LC1-UM12E8 Altavoz de Techo de 12 W Altavoz de techo de 12 W, rejilla met\u00e1lica circular integrada, unidad coaxial (sistema bidireccional) de 6 pulg, sin accesorio para montaje empotrado en techo, con certificaci\u00f3n EN54-24, blanco RAL 9010.<\/strong><\/p>\n<p class=\"ql-align-justify\"><strong>N\u00famero de pedido: LC1-UM12E8.<\/strong><\/p>\n<p class=\"ql-align-justify\"><strong>Principales Caracter\u00edsticas:<\/strong><\/p>\n<ul>\n<li class=\"ql-align-justify\">Excelente reproducci\u00f3n de m\u00fasica y voz.<\/li>\n<li class=\"ql-align-justify\">Instalaci\u00f3n sencilla con una rejilla del mismo tama\u00f1o y un completo juego de accesorios.<\/li>\n<li class=\"ql-align-justify\">Posibilidad de elegir diferentes m\u00e9todos de montaje en techo.<\/li>\n<li class=\"ql-align-justify\">Indicaci\u00f3n de tono piloto opcional u EN 54\u201124, UL 2043.<\/li>\n<li class=\"ql-align-justify\">Certificaci\u00f3n UL 1480.<\/li>\n<\/ul>\n<p class=\"ql-align-justify\"><strong>Especificaciones:<\/strong><\/p>\n<p class=\"ql-align-justify\"><strong>El\u00e9ctricas<\/strong><\/p>\n<ul>\n<li class=\"ql-align-justify\">Descripci\u00f3n Altavoz de techo Altavoz de techo<\/li>\n<li class=\"ql-align-justify\">Potencia m\u00e1xima 18 W.<\/li>\n<li class=\"ql-align-justify\">Potencia nominal 12 W (12\/6\/3\/1,5 W).<\/li>\n<li class=\"ql-align-justify\">Nivel de presi\u00f3n ac\u00fastica a potencia nominal\/1 W (1 kHz, 1 m) 100 dB\/89.<\/li>\n<li class=\"ql-align-justify\">\u00c1ngulo de apertura a 1 kHz\/4 kHz (-6 dB) 180\u00b0\/64\u00b0.<\/li>\n<li class=\"ql-align-justify\">Rango de frecuencia efectiva (-10 dB) De 55 Hz a 20 kHz<\/li>\n<li class=\"ql-align-justify\">Tensi\u00f3n nominal 70 V\/100 V.<\/li>\n<\/ul>\n<p class=\"ql-align-justify\"><strong>Mec\u00e1nicas<\/strong><\/p>\n<ul>\n<li class=\"ql-align-justify\">Di\u00e1metro: 220 mm (8,67 pulg.).<\/li>\n<li class=\"ql-align-justify\">Profundidad m\u00e1xima: 125 mm (4,92 pulg.).<\/li>\n<li class=\"ql-align-justify\">Color: Blanco (RAL 9010).<\/li>\n<li class=\"ql-align-justify\">Material (marco\/rejilla frontal): Acero.<\/li>\n<li class=\"ql-align-justify\">Peso: 1,18 kg (2,6 libras)\u00a0.<\/li>\n<\/ul>\n<p class=\"ql-align-justify\">.\u00a0<strong>Medioambientales<\/strong><\/p>\n<ul>\n<li class=\"ql-align-justify\">Temperatura de funcionamiento: De -25 \u00b0C a +55 \u00b0C (de -13 \u00b0F a +131 \u00b0F).<\/li>\n<li class=\"ql-align-justify\">Temperatura de almacenamiento: De -40 \u00b0C a +70 \u00b0C (de -40 \u00b0F a +158 \u00b0F).<\/li>\n<li class=\"ql-align-justify\">Humedad relativa: &lt; 95%.<\/li>\n<\/ul>\n<p><img fetchpriority=\"high\" decoding=\"async\" class=\"alignnone size-full wp-image-10122\" src=\"https:\/\/tecsecmty.com\/wp-content\/uploads\/2023\/02\/17.png\" alt=\"\" width=\"960\" height=\"540\" \/><\/p>\n","protected":false},"excerpt":{"rendered":"<p>LC1-UM12E8 Altavoz de Techo de 12 W La gama de altavoces modulares para montaje en techo LC1\u00a0se puede utilizar en una amplia variedad de techos. Proporcionan una reproducci\u00f3n excelente de voz y m\u00fasica en aplicaciones de megafon\u00eda para interiores. La gama ofrece cinco altavoces que&hellip;<\/p>\n","protected":false},"featured_media":6165,"comment_status":"open","ping_status":"closed","template":"","meta":{"om_disable_all_campaigns":false,"_monsterinsights_skip_tracking":false,"_monsterinsights_sitenote_active":false,"_monsterinsights_sitenote_note":"","_monsterinsights_sitenote_category":0},"product_brand":[],"product_cat":[525],"product_tag":[513,514,511,516,519,517,520,515,181,518,512],"class_list":{"0":"post-6166","1":"product","2":"type-product","3":"status-publish","4":"has-post-thumbnail","6":"product_cat-altavoces","7":"product_tag-altavoces","8":"product_tag-amplificadores","9":"product_tag-audio-y-video","10":"product_tag-audioporteros","11":"product_tag-digital-signage","12":"product_tag-intercomunicadores","13":"product_tag-kits-videoporteros","14":"product_tag-mezcladoras","15":"product_tag-microfonos","16":"product_tag-sistemas-de-enfermeria","17":"product_tag-videoporteros","19":"first","20":"instock","21":"sale","22":"taxable","23":"shipping-taxable","24":"purchasable","25":"product-type-simple"},"aioseo_notices":[],"_links":{"self":[{"href":"https:\/\/tecsecmty.com\/index.php\/wp-json\/wp\/v2\/product\/6166","targetHints":{"allow":["GET"]}}],"collection":[{"href":"https:\/\/tecsecmty.com\/index.php\/wp-json\/wp\/v2\/product"}],"about":[{"href":"https:\/\/tecsecmty.com\/index.php\/wp-json\/wp\/v2\/types\/product"}],"replies":[{"embeddable":true,"href":"https:\/\/tecsecmty.com\/index.php\/wp-json\/wp\/v2\/comments?post=6166"}],"version-history":[{"count":0,"href":"https:\/\/tecsecmty.com\/index.php\/wp-json\/wp\/v2\/product\/6166\/revisions"}],"wp:featuredmedia":[{"embeddable":true,"href":"https:\/\/tecsecmty.com\/index.php\/wp-json\/wp\/v2\/media\/6165"}],"wp:attachment":[{"href":"https:\/\/tecsecmty.com\/index.php\/wp-json\/wp\/v2\/media?parent=6166"}],"wp:term":[{"taxonomy":"product_brand","embeddable":true,"href":"https:\/\/tecsecmty.com\/index.php\/wp-json\/wp\/v2\/product_brand?post=6166"},{"taxonomy":"product_cat","embeddable":true,"href":"https:\/\/tecsecmty.com\/index.php\/wp-json\/wp\/v2\/product_cat?post=6166"},{"taxonomy":"product_tag","embeddable":true,"href":"https:\/\/tecsecmty.com\/index.php\/wp-json\/wp\/v2\/product_tag?post=6166"}],"curies":[{"name":"wp","href":"https:\/\/api.w.org\/{rel}","templated":true}]}}