{"id":6170,"date":"2023-02-23T12:00:12","date_gmt":"2023-02-23T18:00:12","guid":{"rendered":"https:\/\/tecsecmty.com\/index.php\/producto\/bosch-m_lc4cbb-caja-trasera-para-altavoz-linea-lc4\/"},"modified":"2023-03-22T23:21:31","modified_gmt":"2023-03-23T05:21:31","slug":"bosch-m_lc4cbb-caja-trasera-para-altavoz-linea-lc4","status":"publish","type":"product","link":"https:\/\/tecsecmty.com\/index.php\/producto\/bosch-m_lc4cbb-caja-trasera-para-altavoz-linea-lc4\/","title":{"rendered":"BOSCH M_LC4CBB- CAJA TRASERA PARA ALTAVOZ LINEA LC4"},"content":{"rendered":"<h5 class=\"card-title text-center\">LC4-CBB Caja trasera Caja trasera para montaje en altavoz<\/h5>\n<p class=\"ql-align-justify\"><strong>La gama de altavoces de techo LC4<\/strong>\u00a0se puede utilizar para una amplia variedad de techos. Proporcionan una reproducci\u00f3n excelente de voz y m\u00fasica en aplicaciones de megafon\u00eda para interior.\u00a0<strong>CosCone<\/strong>, la nueva tecnolog\u00eda de transductores incorporada en esta gama, permite disfrutar de una calidad de sonido extraordinaria con un altavoz de tama\u00f1o reducido. Garantiza una difusi\u00f3n amplia y por igual de las frecuencias de octavas y elimina la transmisi\u00f3n de altas frecuencias. Se requiere menos cantidad de altavoces para cubrir un \u00e1rea determinada y se elimina la notable p\u00e9rdida de intensidad que se produce cuando un oyente camina desde el altavoz de un \u00e1rea a otro \u00e1rea.<\/p>\n<p class=\"ql-align-justify\"><strong>El altavoz de techo LC4-UCxxE<\/strong>\u00a0es un equipo compacto y ligero que incorpora una rejilla frontal con un dise\u00f1o sencillo y discreto. La gama incluye tres modelos de altavoces, que se diferencian entre s\u00ed en funci\u00f3n de la potencia de entrada\u00a0<strong>(6 W, 12 W y 24 W).<\/strong>\u00a0Todos los altavoces de la gama incorporan un \u00e1ngulo de apertura amplio, que garantiza una difusi\u00f3n extensa e igual de las frecuencias de octavas importantes para la inteligibilidad de la voz y la claridad musical. La gama LC4 incluye, adem\u00e1s, una caja posterior y una c\u00fapula ign\u00edfuga met\u00e1lica.<\/p>\n<p class=\"ql-align-justify\">Certificados y homologaciones<\/p>\n<p class=\"ql-align-justify\">Todos los altavoces de Bosch est\u00e1n dise\u00f1ados para resistir 100 horas de funcionamiento a potencia nominal seg\u00fan los est\u00e1ndares de capacidad de gesti\u00f3n de potencia (PHC) IEC 268-5. Bosch ha desarrollado tambi\u00e9n la prueba de realimentaci\u00f3n ac\u00fastica simulada (SAFE, del ingl\u00e9s Simulated Acoustical Feedback Exposure) para demostrar que pueden soportar el doble de su potencia nominal durante cortos per\u00edodos. De esta forma, se aumenta la fiabilidad en condiciones extremas y se consigue una mayor satisfacci\u00f3n del usuario final, mayor tiempo de duraci\u00f3n de los equipos y mucha menos probabilidad de fallo o deterioro. La gama LC4 cuenta con la certificaci\u00f3n UL1480F incluida para su uso en sistemas de comunicaci\u00f3n de emergencias y alarmas de incendios.<\/p>\n<ul>\n<li class=\"ql-align-justify\">Seguridad Conforme a EN 60065 Protecci\u00f3n contra agua y polvo.<\/li>\n<li class=\"ql-align-justify\">Conforme a EN 60529 IP 21 Emergencia.<\/li>\n<li class=\"ql-align-justify\">Conforme al apartado 8 del est\u00e1ndar BS 5839 Conforme a EN 54-24.<\/li>\n<\/ul>\n<p class=\"ql-align-justify\"><strong>Planificaci\u00f3n<\/strong><\/p>\n<p class=\"ql-align-justify\">La instalaci\u00f3n de la gama de altavoces\u00a0<strong>LC4\u00a0<\/strong>resulta muy sencilla. Con cada unidad se proporciona una plantilla de montaje y el altavoz se fija en techos con un grosor de hasta 50 mm (2 pulg.) mediante dos abrazaderas de tornillo integrales. Las conexiones se llevan a cabo mediante un bloque de terminales atornillados en el marco, en el que cada uno de los conductores salientes y entrantes del mismo voltaje puede conectarse a un tornillo independiente en un bloque de terminales. La toma de alimentaci\u00f3n<strong>\u00a0en 70 y 100 V<\/strong>\u00a0permite la selecci\u00f3n de la potencia nominal m\u00e1xima, media potencia, un cuarto de potencia, un octavo de potencia y 8 ohmios. El selector situado en la parte frontal del marco simplifica la tarea de selecci\u00f3n del ajuste de potencia requerido.<\/p>\n<p class=\"ql-align-justify\"><strong>Piezas incluidas<\/strong><\/p>\n<ul>\n<li class=\"ql-align-justify\">1 Altavoz de techo LC4-UCxxE.<\/li>\n<li class=\"ql-align-justify\">1 Instrucciones de instalaci\u00f3n.<\/li>\n<li class=\"ql-align-justify\">1 Plantilla para corte de orificio en el techo.<\/li>\n<\/ul>\n<p class=\"ql-align-justify\"><strong>Nota: LC4-CBB Caja trasera Caja trasera para montaje en altavoz<\/strong><\/p>\n<p class=\"ql-align-justify\"><strong>LC4, protege la parte posterior del altavoz de polvo, gotas de agua e insectos y evita que el sonido viaje a trav\u00e9s de la b\u00f3veda del techo a \u00e1reas adyacentes, con certificaci\u00f3n EN 54-24, negro RAL 9011. N\u00famero de pedido: LC4-CBB.<\/strong><\/p>\n<p class=\"ql-align-justify\"><strong>Principales Caracter\u00edsticas<\/strong><\/p>\n<ul>\n<li class=\"ql-align-justify\">Transductor de gama completa, con la novedosa tecnolog\u00eda CosCone.<\/li>\n<li class=\"ql-align-justify\">Excelente reproducci\u00f3n de m\u00fasica y voz.<\/li>\n<li class=\"ql-align-justify\">\u00c1ngulo de apertura incomparable para todas las frecuencias de octavas.<\/li>\n<li class=\"ql-align-justify\">Rejilla apta para pintarse.<\/li>\n<li class=\"ql-align-justify\">EN 54\u201124, UL2043, con certificaci\u00f3n UL1480.<\/li>\n<\/ul>\n<p class=\"ql-align-justify\"><strong>Especificaciones\u00a0<\/strong>LC4-UC24E<\/p>\n<p class=\"ql-align-justify\"><strong>El\u00e9ctricas<\/strong><\/p>\n<ul>\n<li class=\"ql-align-justify\">Potencia m\u00e1xima 36 W.<\/li>\n<li class=\"ql-align-justify\">Potencia nominal 24 W (24\/12\/6\/3 W).<\/li>\n<li class=\"ql-align-justify\">Nivel de presi\u00f3n ac\u00fastica a potencia de 6 W\/1 W (1 kHz, 1 m) 101 dB\/87 dB (SPL).<\/li>\n<li class=\"ql-align-justify\">\u00c1ngulo de apertura a 1 kHz\/4 kHz (-6 dB) 180\u00b0\/180\u00b0.<\/li>\n<li class=\"ql-align-justify\">Rango de frecuencia efectiva (-10 dB): De 65 Hz a 20 kHz.<\/li>\n<li class=\"ql-align-justify\">Tensi\u00f3n nominal 13,9\/70\/100 V.<\/li>\n<li class=\"ql-align-justify\">Impedancia nominal 8\/208\/417 ohmios.<\/li>\n<li class=\"ql-align-justify\">Conexi\u00f3n el\u00e9ctrica Bloque de terminales atornillados de 4 v\u00edas Secci\u00f3n de cable aceptable De 0,5 a 3 mm2.<\/li>\n<\/ul>\n<p class=\"ql-align-justify\"><strong>Mec\u00e1nicas<\/strong><\/p>\n<ul>\n<li class=\"ql-align-justify\">Descripci\u00f3n Altavoz de techo.<\/li>\n<li class=\"ql-align-justify\">Di\u00e1metro 200 mm (7,87 pulg.).<\/li>\n<li class=\"ql-align-justify\">Muesca de montaje 162 mm (6,38 pulg.).<\/li>\n<li class=\"ql-align-justify\">M\u00edn.\/M\u00e1x. grosor del techo De 5 a 50 mm (0,19 a 1,97 pulg.).<\/li>\n<li class=\"ql-align-justify\">Profundidad m\u00e1xima 70 mm (2,75 pulg.).<\/li>\n<li class=\"ql-align-justify\">Material (Unidad de altavoz) ABS (V 0).<\/li>\n<li class=\"ql-align-justify\">Material (rejilla frontal) Rejilla de acero con cerco de ABS (V 0).<\/li>\n<li class=\"ql-align-justify\">Peso 800 g (1,77 libras) 840 g (1,86 libras) 990 g (2,18 libras) Color (Unidad de altavoz).<\/li>\n<li class=\"ql-align-justify\">Negro (RAL 9011).<\/li>\n<li class=\"ql-align-justify\">Color (rejilla frontal) Blanco (RAL 9003).<\/li>\n<\/ul>\n<p class=\"ql-align-justify\"><strong>Medioambientales<\/strong><\/p>\n<ul>\n<li class=\"ql-align-justify\">Temperatura de funcionamiento: De -25 \u00b0C a +55 \u00b0C (de -13 \u00b0F a +131 \u00b0F).<\/li>\n<li class=\"ql-align-justify\">Temperatura de almacenamiento: De -40 \u00b0C a +70 \u00b0C (de -40 \u00b0F a +158 \u00b0F).<\/li>\n<li class=\"ql-align-justify\">Humedad relativa &lt; 95%.<\/li>\n<\/ul>\n<p><img fetchpriority=\"high\" decoding=\"async\" class=\"alignnone size-full wp-image-10122\" src=\"https:\/\/tecsecmty.com\/wp-content\/uploads\/2023\/02\/17.png\" alt=\"\" width=\"960\" height=\"540\" \/><\/p>\n<p><img decoding=\"async\" class=\"overview-center-img-\" src=\"https:\/\/tvc.mx\/media\/16615\/Logo-paginanuevas.png\" alt=\"\" \/><\/p>\n","protected":false},"excerpt":{"rendered":"<p>LC4-CBB Caja trasera Caja trasera para montaje en altavoz La gama de altavoces de techo LC4\u00a0se puede utilizar para una amplia variedad de techos. Proporcionan una reproducci\u00f3n excelente de voz y m\u00fasica en aplicaciones de megafon\u00eda para interior.\u00a0CosCone, la nueva tecnolog\u00eda de transductores incorporada en&hellip;<\/p>\n","protected":false},"featured_media":6169,"comment_status":"open","ping_status":"closed","template":"","meta":{"om_disable_all_campaigns":false,"_monsterinsights_skip_tracking":false,"_monsterinsights_sitenote_active":false,"_monsterinsights_sitenote_note":"","_monsterinsights_sitenote_category":0},"product_brand":[],"product_cat":[525],"product_tag":[513,514,511,516,519,517,520,515,181,518,512],"class_list":{"0":"post-6170","1":"product","2":"type-product","3":"status-publish","4":"has-post-thumbnail","6":"product_cat-altavoces","7":"product_tag-altavoces","8":"product_tag-amplificadores","9":"product_tag-audio-y-video","10":"product_tag-audioporteros","11":"product_tag-digital-signage","12":"product_tag-intercomunicadores","13":"product_tag-kits-videoporteros","14":"product_tag-mezcladoras","15":"product_tag-microfonos","16":"product_tag-sistemas-de-enfermeria","17":"product_tag-videoporteros","19":"first","20":"instock","21":"sale","22":"taxable","23":"shipping-taxable","24":"purchasable","25":"product-type-simple"},"aioseo_notices":[],"_links":{"self":[{"href":"https:\/\/tecsecmty.com\/index.php\/wp-json\/wp\/v2\/product\/6170","targetHints":{"allow":["GET"]}}],"collection":[{"href":"https:\/\/tecsecmty.com\/index.php\/wp-json\/wp\/v2\/product"}],"about":[{"href":"https:\/\/tecsecmty.com\/index.php\/wp-json\/wp\/v2\/types\/product"}],"replies":[{"embeddable":true,"href":"https:\/\/tecsecmty.com\/index.php\/wp-json\/wp\/v2\/comments?post=6170"}],"version-history":[{"count":0,"href":"https:\/\/tecsecmty.com\/index.php\/wp-json\/wp\/v2\/product\/6170\/revisions"}],"wp:featuredmedia":[{"embeddable":true,"href":"https:\/\/tecsecmty.com\/index.php\/wp-json\/wp\/v2\/media\/6169"}],"wp:attachment":[{"href":"https:\/\/tecsecmty.com\/index.php\/wp-json\/wp\/v2\/media?parent=6170"}],"wp:term":[{"taxonomy":"product_brand","embeddable":true,"href":"https:\/\/tecsecmty.com\/index.php\/wp-json\/wp\/v2\/product_brand?post=6170"},{"taxonomy":"product_cat","embeddable":true,"href":"https:\/\/tecsecmty.com\/index.php\/wp-json\/wp\/v2\/product_cat?post=6170"},{"taxonomy":"product_tag","embeddable":true,"href":"https:\/\/tecsecmty.com\/index.php\/wp-json\/wp\/v2\/product_tag?post=6170"}],"curies":[{"name":"wp","href":"https:\/\/api.w.org\/{rel}","templated":true}]}}