{"id":6178,"date":"2023-02-23T12:00:22","date_gmt":"2023-02-23T18:00:22","guid":{"rendered":"https:\/\/tecsecmty.com\/index.php\/producto\/bosch-m_lh3uc25xl-altavoz-ignifuga-trompeta-100-v-30-watts-ip67-color-negro\/"},"modified":"2023-03-22T23:21:32","modified_gmt":"2023-03-23T05:21:32","slug":"bosch-m_lh3uc25xl-altavoz-ignifuga-trompeta-100-v-30-watts-ip67-color-negro","status":"publish","type":"product","link":"https:\/\/tecsecmty.com\/index.php\/producto\/bosch-m_lh3uc25xl-altavoz-ignifuga-trompeta-100-v-30-watts-ip67-color-negro\/","title":{"rendered":"BOSCH M_LH3UC25XL- Altavoz Ign\u00edfuga\/ Trompeta\/ 100 V\/ 30 Watts\/ IP67\/ Color Negro"},"content":{"rendered":"<h5 class=\"card-title text-center\">Resumen<\/h5>\n<p>El altavoz de bocina LH3-UC25XL est\u00e1 dise\u00f1ado y certificado espec\u00edficamente para instalaciones donde sea posible la presencia de mezclas de gases explosivos y aire. La bocina est\u00e1 fabricada con material poliamida antiest\u00e1tica, que le confiere resistencia y ligereza. El dise\u00f1o de la bocina con difusor m\u00e1s largo se traduce en un nivel de presi\u00f3n sonora mayor que puede abarcar \u00e1reas a mayor distancia.<\/p>\n<p>&nbsp;<\/p>\n<p><img decoding=\"async\" src=\"https:\/\/tecsecmty.com\/wp-content\/uploads\/2023\/02\/768x1024-logo-a-65.7-300x300.png\" \/><\/p>\n<h2>Caracter\u00edsticas<\/h2>\n<p class=\"text-muted\">\n<ul>\n<li>Certificado ATEX, IECEx, UL, CSA e INMETRO<\/li>\n<li>Fabricado con poliamida, material resistente, ligero y antiest\u00e1tico<\/li>\n<li>Protegido contra el agua y el polvo conforme a la clase IP67<\/li>\n<li>Preparado para conectar tarjetas de supervisi\u00f3n opcionales<\/li>\n<\/ul>\n<p>&nbsp;<\/p>\n<h5 class=\"card-title text-center\">Funciones b\u00e1sicas<\/h5>\n<p>El altavoz de bocina se suministra de serie con un robusto soporte de montaje de acero inoxidable, que permite dirigir con precisi\u00f3n el haz de emisi\u00f3n de sonido.<\/p>\n<p>El soporte de montaje cuenta con un trinquete para garantizar que se mantendr\u00e1 en la posici\u00f3n correcta.<\/p>\n<p>El cable de conexi\u00f3n se conduce a trav\u00e9s de un prensaestopas de pl\u00e1stico ABS EX (M20) situado en la cubierta posterior, que se puede retirar para acceder al bloque de terminales interior. Para la conexi\u00f3n en bucle, la cubierta posterior incorpora un segundo orificio (que se suministra de serie cubierto con una tapa).<\/p>\n<p>El altavoz de bocina incluye un transformador para una tensi\u00f3n de entrada de 100 V, con derivaciones en el devanado principal que permiten utilizar diferentes ajustes de potencia.<\/p>\n<p>Las distintas derivaciones de alimentaci\u00f3n se pueden seleccionar f\u00e1cilmente realizando la conexi\u00f3n en el terminal adecuado del bloque de terminales de 6 v\u00edas.<\/p>\n<p>Para habilitar la supervisi\u00f3n del altavoz, en el \u00e1rea de conexi\u00f3n hay un bucle de cable procedente del secundario del altavoz. Este bucle de cable est\u00e1 normalmente cerrado pero, si se utiliza con la tarjeta de supervisi\u00f3n, hay que soltar y conectar a la tarjeta.<\/p>\n<p>&nbsp;<\/p>\n<p><img fetchpriority=\"high\" decoding=\"async\" class=\"alignnone size-full wp-image-10131\" src=\"https:\/\/tecsecmty.com\/wp-content\/uploads\/2023\/02\/18.png\" alt=\"\" width=\"1920\" height=\"400\" \/><\/p>\n<p>&nbsp;<\/p>\n<h2>Certificados y homologaciones<\/h2>\n<p class=\"text-muted\">\n<p><strong>Garant\u00eda de calidad<\/strong><\/p>\n<p>Todos los altavoces de Bosch est\u00e1n dise\u00f1ados para resistir 100 horas de funcionamiento a potencia nominal seg\u00fan los est\u00e1ndares de capacidad de gesti\u00f3n de potencia (PHC) IEC 268-5. Bosch ha desarrollado tambi\u00e9n la prueba de realimentaci\u00f3n ac\u00fastica simulada (SAFE, del ingl\u00e9s Simulated Acoustical Feedback Exposure) para demostrar que pueden soportar el doble de su potencia nominal durante cortos per\u00edodos.<\/p>\n<p>De esta forma, se mejora la fiabilidad en condiciones extremas, lo que aumenta la satisfacci\u00f3n del cliente, prolonga la vida \u00fatil y reduce los fallos o el deterioro en el rendimiento.<\/p>\n<p>&nbsp;<\/p>\n<h5 class=\"card-title text-center\">Especificaciones clave<\/h5>\n<p><strong>Color:\u00a0<\/strong>Negro<\/p>\n<p><strong>Dimensiones:\u00a0<\/strong>(Alto x Ancho x Fondo) (mm) 200 x 270 x 248 mm<\/p>\n<p><strong>Humedad relativa de funcionamiento, sin condensaci\u00f3n (%):<\/strong>\u00a00 \u2013 95 %<\/p>\n<p><strong>Intervalo de frecuencias (-10 dB) (Hz):<\/strong>\u00a0415 \u2013 7000 Hz<\/p>\n<p><strong>Material:<\/strong>\u00a0Acero; Pl\u00e1stico<\/p>\n<p><strong>Peso (kg):<\/strong>\u00a02.72 kg<\/p>\n<p><strong>Potencia nominal (W):<\/strong>\u00a025 W<\/p>\n<p><strong>Sensibilidad (1\u00a0W, 1\u00a0m, 1\u00a0kHz octava) (dB):<\/strong>\u00a0107 dB<\/p>\n<p><strong>Temperatura de almacenamiento (\u00b0C):<\/strong>\u00a0-40 \u2013 70 \u00b0C<\/p>\n<p><strong>Temperatura de funcionamiento (\u00b0C):<\/strong>\u00a0-50 \u2013 60 \u00b0C<\/p>\n<p><strong>Tensi\u00f3n de entrada nominal (V):<\/strong>\u00a0100 V<\/p>\n<p><strong>\u00c1ngulo de cobertura HxV (-6 dB, 1 kHz) (\u00b0):<\/strong>\u00a093 x 93 \u00b0<\/p>\n<p><strong>\u00c1ngulo de cobertura HxV (-6 dB, 4 kHz) (\u00b0):<\/strong>\u00a032 x 32 \u00b0<\/p>\n","protected":false},"excerpt":{"rendered":"<p>Resumen El altavoz de bocina LH3-UC25XL est\u00e1 dise\u00f1ado y certificado espec\u00edficamente para instalaciones donde sea posible la presencia de mezclas de gases explosivos y aire. La bocina est\u00e1 fabricada con material poliamida antiest\u00e1tica, que le confiere resistencia y ligereza. El dise\u00f1o de la bocina con&hellip;<\/p>\n","protected":false},"featured_media":6177,"comment_status":"open","ping_status":"closed","template":"","meta":{"om_disable_all_campaigns":false,"_monsterinsights_skip_tracking":false,"_monsterinsights_sitenote_active":false,"_monsterinsights_sitenote_note":"","_monsterinsights_sitenote_category":0},"product_brand":[],"product_cat":[525],"product_tag":[513,514,511,516,519,517,520,515,181,518,512],"class_list":{"0":"post-6178","1":"product","2":"type-product","3":"status-publish","4":"has-post-thumbnail","6":"product_cat-altavoces","7":"product_tag-altavoces","8":"product_tag-amplificadores","9":"product_tag-audio-y-video","10":"product_tag-audioporteros","11":"product_tag-digital-signage","12":"product_tag-intercomunicadores","13":"product_tag-kits-videoporteros","14":"product_tag-mezcladoras","15":"product_tag-microfonos","16":"product_tag-sistemas-de-enfermeria","17":"product_tag-videoporteros","19":"first","20":"instock","21":"sale","22":"taxable","23":"shipping-taxable","24":"purchasable","25":"product-type-simple"},"aioseo_notices":[],"_links":{"self":[{"href":"https:\/\/tecsecmty.com\/index.php\/wp-json\/wp\/v2\/product\/6178","targetHints":{"allow":["GET"]}}],"collection":[{"href":"https:\/\/tecsecmty.com\/index.php\/wp-json\/wp\/v2\/product"}],"about":[{"href":"https:\/\/tecsecmty.com\/index.php\/wp-json\/wp\/v2\/types\/product"}],"replies":[{"embeddable":true,"href":"https:\/\/tecsecmty.com\/index.php\/wp-json\/wp\/v2\/comments?post=6178"}],"version-history":[{"count":0,"href":"https:\/\/tecsecmty.com\/index.php\/wp-json\/wp\/v2\/product\/6178\/revisions"}],"wp:featuredmedia":[{"embeddable":true,"href":"https:\/\/tecsecmty.com\/index.php\/wp-json\/wp\/v2\/media\/6177"}],"wp:attachment":[{"href":"https:\/\/tecsecmty.com\/index.php\/wp-json\/wp\/v2\/media?parent=6178"}],"wp:term":[{"taxonomy":"product_brand","embeddable":true,"href":"https:\/\/tecsecmty.com\/index.php\/wp-json\/wp\/v2\/product_brand?post=6178"},{"taxonomy":"product_cat","embeddable":true,"href":"https:\/\/tecsecmty.com\/index.php\/wp-json\/wp\/v2\/product_cat?post=6178"},{"taxonomy":"product_tag","embeddable":true,"href":"https:\/\/tecsecmty.com\/index.php\/wp-json\/wp\/v2\/product_tag?post=6178"}],"curies":[{"name":"wp","href":"https:\/\/api.w.org\/{rel}","templated":true}]}}