{"id":6180,"date":"2023-02-23T12:00:25","date_gmt":"2023-02-23T18:00:25","guid":{"rendered":"https:\/\/tecsecmty.com\/index.php\/producto\/bosch-m_lhm060600us-altavoz-para-montaje-de-techo-de-6-w\/"},"modified":"2023-03-22T23:21:32","modified_gmt":"2023-03-23T05:21:32","slug":"bosch-m_lhm060600us-altavoz-para-montaje-de-techo-de-6-w","status":"publish","type":"product","link":"https:\/\/tecsecmty.com\/index.php\/producto\/bosch-m_lhm060600us-altavoz-para-montaje-de-techo-de-6-w\/","title":{"rendered":"BOSCH M_LHM060600US &#8211; Altavoz para montaje de techo de 6 w"},"content":{"rendered":"<h5 class=\"card-title text-center\">LHM 0606\/00 Altavoz para montaje en techo<\/h5>\n<p class=\"ql-align-justify\">El modelo LHM 0606\/xx es un altavoz de techo para utilizaci\u00f3n convencional, de 6 W y bajo coste. La versi\u00f3n \/00 se monta en el techo mediante tornillos y la versi\u00f3n \/10 se monta en el techo mediante abrazaderas. Disponible una c\u00fapula ign\u00edfuga opcional LBC 3080\/01.<\/p>\n<p class=\"ql-align-justify\"><strong>Funciones b\u00e1sicas<\/strong><\/p>\n<p class=\"ql-align-justify\">Hay disponible un altavoz simple de montaje empotrado en falso techo para aplicaciones con fines generales. Se trata de un altavoz de gama completa adecuado para la reproducci\u00f3n de voz y m\u00fasica en tiendas, grandes almacenes, escuelas, oficinas, instalaciones deportivas, hoteles y restaurantes. El conjunto se compone de un altavoz de una sola pieza de doble cono de 6 W y un marco con un transformador de adaptaci\u00f3n a 100 V montado en la parte posterior. Dispone de una rejilla met\u00e1lica circular integrada en la parte frontal. Se ha optado por una apariencia y color blanco neutro que se adapta bien a la decoraci\u00f3n de pr\u00e1cticamente todos los interiores.<\/p>\n<p class=\"ql-align-justify\"><strong>Certificados y homologaciones<\/strong><\/p>\n<p class=\"ql-align-justify\">Todos los altavoces Bosch est\u00e1n dise\u00f1ados para resistir el funcionamiento a potencia nominal durante 100 horas de acuerdo con las normas de capacidad de gesti\u00f3n de la alimentaci\u00f3n (PHC) IEC 268-5. Bosch ha desarrollado tambi\u00e9n la prueba de Regeneraci\u00f3n Ac\u00fastica Simulada (SAFE) para mostrar que pueden soportar el doble de su potencia nominal durante cortos per\u00edodos. De esta forma, se a\u00f1ade fiabilidad en condiciones extremas, lo que aumenta la satisfacci\u00f3n del cliente, prolonga la vida \u00fatil y reduce los fallos y el deterioro del rendimiento. Seguridad seg\u00fan EN 60065.<\/p>\n<p class=\"ql-align-justify\"><strong>Planificaci\u00f3n<\/strong><\/p>\n<p class=\"ql-align-justify\">Montaje El altavoz se instala de forma sencilla y r\u00e1pida en un orificio en el falso techo. La versi\u00f3n \/00 se fija con tres tornillos blancos (suministrados). La versi\u00f3n \/10 se fija mediante dos abrazaderas de fijaci\u00f3n por muelle integrales para su sujeci\u00f3n al techo. Con el altavoz, se incluye una plantilla circular para marcar un orificio de 165 mm de di\u00e1metro.<\/p>\n<p class=\"ql-align-justify\"><strong>Nota: LHM 0606\/00 Altavoz para montaje en techo Altavoz de techo de 6 W, rejilla met\u00e1lica circular, montaje de techo con 3 tornillos blancos (suministrados), blanco RAL 9010.<\/strong><\/p>\n<p class=\"ql-align-justify\"><strong>N\u00famero: de pedido: LHM0606\/00.<\/strong><\/p>\n<p class=\"ql-align-justify\"><strong>Principales Caracter\u00edsticas:<\/strong><\/p>\n<ul>\n<li class=\"ql-align-justify\">Apto para la reproducci\u00f3n de voz y m\u00fasica.<\/li>\n<li class=\"ql-align-justify\">Montaje empotrado en falso techo.<\/li>\n<li class=\"ql-align-justify\">F\u00e1cil de instalar.<\/li>\n<li class=\"ql-align-justify\">Sencillo ajuste de potencia.Discreto en pr\u00e1cticamente todos los interiores<\/li>\n<\/ul>\n<p class=\"ql-align-justify\">\u00a0<strong>Especificaciones<\/strong><\/p>\n<ul>\n<li class=\"ql-align-justify\">Potencia m\u00e1xima: 9 W.<\/li>\n<li class=\"ql-align-justify\">Potencia nominal: 6 \/ 3 \/ 1,5\u00a0W.<\/li>\n<li class=\"ql-align-justify\">Nivel de presi\u00f3n ac\u00fasticaa 6 W \/ 1 W (1 kHz, 1 m)94\u00a0dB\/86\u00a0dB\u00a0(SPL)<\/li>\n<li class=\"ql-align-justify\">Nivel de presi\u00f3n ac\u00fasticaa 6 W \/ 1 W (4 kHz, 1 m)106\u00a0dB\u00a0\/\u00a098\u00a0dB\u00a0(SPL)<\/li>\n<li class=\"ql-align-justify\">Rango de frecuencia efectiva: (-10 dB)De 80\u00a0Hz a 18\u00a0kHz.<\/li>\n<li class=\"ql-align-justify\">\u00c1ngulo de apertura: a 1 kHz\/4 kHz (-6 dB)175\u00b0 \/ 55\u00b0.<\/li>\n<li class=\"ql-align-justify\">Tensi\u00f3n nominal: 100\u00a0V.<\/li>\n<li class=\"ql-align-justify\">Impedancia nominal: 1.667 ohmios.<\/li>\n<li class=\"ql-align-justify\">Conexi\u00f3n: Terminales.<\/li>\n<li class=\"ql-align-justify\">Di\u00e1metro: 199 mm (7,8 pulg.)<\/li>\n<li class=\"ql-align-justify\">Profundidad m\u00e1xima: 70,5 mm (2,8 pulg.)<\/li>\n<li class=\"ql-align-justify\">Muesca de montaje: 165 + 5 mm (6,5 + 0,20 pulg.)<\/li>\n<li class=\"ql-align-justify\">Di\u00e1metro del altavoz: 152,4 mm (6 pulg.)<\/li>\n<li class=\"ql-align-justify\">Peso: 620 g (1,37 libras).<\/li>\n<li class=\"ql-align-justify\">Color: Blanco (RAL9010.<\/li>\n<\/ul>\n<p>&nbsp;<\/p>\n<p><img fetchpriority=\"high\" decoding=\"async\" class=\"alignnone size-full wp-image-10122\" src=\"https:\/\/tecsecmty.com\/wp-content\/uploads\/2023\/02\/17.png\" alt=\"\" width=\"960\" height=\"540\" \/><\/p>\n","protected":false},"excerpt":{"rendered":"<p>LHM 0606\/00 Altavoz para montaje en techo El modelo LHM 0606\/xx es un altavoz de techo para utilizaci\u00f3n convencional, de 6 W y bajo coste. La versi\u00f3n \/00 se monta en el techo mediante tornillos y la versi\u00f3n \/10 se monta en el techo mediante&hellip;<\/p>\n","protected":false},"featured_media":6179,"comment_status":"open","ping_status":"closed","template":"","meta":{"om_disable_all_campaigns":false,"_monsterinsights_skip_tracking":false,"_monsterinsights_sitenote_active":false,"_monsterinsights_sitenote_note":"","_monsterinsights_sitenote_category":0},"product_brand":[],"product_cat":[525],"product_tag":[513,514,511,516,519,517,520,515,181,518,512],"class_list":{"0":"post-6180","1":"product","2":"type-product","3":"status-publish","4":"has-post-thumbnail","6":"product_cat-altavoces","7":"product_tag-altavoces","8":"product_tag-amplificadores","9":"product_tag-audio-y-video","10":"product_tag-audioporteros","11":"product_tag-digital-signage","12":"product_tag-intercomunicadores","13":"product_tag-kits-videoporteros","14":"product_tag-mezcladoras","15":"product_tag-microfonos","16":"product_tag-sistemas-de-enfermeria","17":"product_tag-videoporteros","19":"first","20":"instock","21":"sale","22":"taxable","23":"shipping-taxable","24":"purchasable","25":"product-type-simple"},"aioseo_notices":[],"_links":{"self":[{"href":"https:\/\/tecsecmty.com\/index.php\/wp-json\/wp\/v2\/product\/6180","targetHints":{"allow":["GET"]}}],"collection":[{"href":"https:\/\/tecsecmty.com\/index.php\/wp-json\/wp\/v2\/product"}],"about":[{"href":"https:\/\/tecsecmty.com\/index.php\/wp-json\/wp\/v2\/types\/product"}],"replies":[{"embeddable":true,"href":"https:\/\/tecsecmty.com\/index.php\/wp-json\/wp\/v2\/comments?post=6180"}],"version-history":[{"count":0,"href":"https:\/\/tecsecmty.com\/index.php\/wp-json\/wp\/v2\/product\/6180\/revisions"}],"wp:featuredmedia":[{"embeddable":true,"href":"https:\/\/tecsecmty.com\/index.php\/wp-json\/wp\/v2\/media\/6179"}],"wp:attachment":[{"href":"https:\/\/tecsecmty.com\/index.php\/wp-json\/wp\/v2\/media?parent=6180"}],"wp:term":[{"taxonomy":"product_brand","embeddable":true,"href":"https:\/\/tecsecmty.com\/index.php\/wp-json\/wp\/v2\/product_brand?post=6180"},{"taxonomy":"product_cat","embeddable":true,"href":"https:\/\/tecsecmty.com\/index.php\/wp-json\/wp\/v2\/product_cat?post=6180"},{"taxonomy":"product_tag","embeddable":true,"href":"https:\/\/tecsecmty.com\/index.php\/wp-json\/wp\/v2\/product_tag?post=6180"}],"curies":[{"name":"wp","href":"https:\/\/api.w.org\/{rel}","templated":true}]}}