{"id":6188,"date":"2023-02-23T12:00:35","date_gmt":"2023-02-23T18:00:35","guid":{"rendered":"https:\/\/tecsecmty.com\/index.php\/producto\/bosch-m_lp1uc20e1us-proyector-de-sonido-un-idirecional-ip65-20w\/"},"modified":"2023-03-22T23:21:32","modified_gmt":"2023-03-23T05:21:32","slug":"bosch-m_lp1uc20e1us-proyector-de-sonido-un-idirecional-ip65-20w","status":"publish","type":"product","link":"https:\/\/tecsecmty.com\/index.php\/producto\/bosch-m_lp1uc20e1us-proyector-de-sonido-un-idirecional-ip65-20w\/","title":{"rendered":"BOSCH M_LP1UC20E1US &#8211; Proyector de sonido UN IDIRECIONAL \/ IP65 \/ 20W"},"content":{"rendered":"<h5 class=\"card-title text-center\">LP1\u2011UC20E\u20111 Proyector de Sonido Unidireccional<\/h5>\n<p class=\"ql-align-justify\"><strong>El modelo LP1-UC10E-1<\/strong>\u00a0<strong>es un potente proyector de sonido de 20 W destinado a la reproducci\u00f3n de voz y m\u00fasica de gran calidad en aplicaciones interiores y exteriores<\/strong>. Su innovador dise\u00f1o se adapta de igual forma a entornos modernos y cl\u00e1sicos. El proyector de sonido es apto para su uso en sistemas de alarma por voz.<\/p>\n<p class=\"ql-align-justify\"><strong>Funciones b\u00e1sicas<\/strong><\/p>\n<p class=\"ql-align-justify\"><strong>Calidad de sonido excelente<\/strong><\/p>\n<p class=\"ql-align-justify\">El uso de un transductor de alta calidad junto con el filtrado avanzado da como resultado una reproducci\u00f3n de sonido muy natural con una excelente respuesta de graves.<\/p>\n<p class=\"ql-align-justify\"><strong>Altavoces de alarma por voz<\/strong><\/p>\n<p class=\"ql-align-justify\"><strong>Los altavoces de alarma por voz est\u00e1n especialmente dise\u00f1ados para edificios donde los sistemas de comunicaci\u00f3n para avisos por voz est\u00e1n regulados por normas oficiales.\u00a0<\/strong>El dispositivo\u00a0<strong>LP1\u2011UC20E\u20111\u00a0<\/strong>est\u00e1 dise\u00f1ado para su uso en sistemas de alarma por voz, cuenta con certificaci\u00f3n<strong>\u00a0EN 54\u201124<\/strong>\u00a0y es compatible con\u00a0<strong>BS 5839\u20118<\/strong>\u00a0y\u00a0<strong>EN 60849<\/strong>. El proyector de sonido est\u00e1 precableado para su uso con una tarjeta opcional de supervisi\u00f3n de l\u00ednea\/altavoz externa. Los altavoces tienen una protecci\u00f3n incorporada que garantiza que, en caso de incendio, los da\u00f1os que se produzcan en ellos no provoquen un fallo en el circuito al que est\u00e1n conectados. De esta forma, se conserva la integridad del sistema y se garantiza que los altavoces situados en otras \u00e1reas puedan seguir funcionando para informar de la situaci\u00f3n a las personas presentes. El altavoz dispone de un bloque de terminales cer\u00e1mico, un fusible t\u00e9rmico y cableado resistente a las altas temperaturas con protecci\u00f3n t\u00e9rmica. El proyector de sonido est\u00e1 fabricado en ABS resistente a golpes y biodegradable, seg\u00fan la clase\u00a0<strong>UL 94 V 0<\/strong>, y con acabado en color blanco.<\/p>\n<p class=\"ql-align-justify\"><strong>Certificados y homologaciones<\/strong><\/p>\n<p class=\"ql-align-justify\">Todos los altavoces de Bosch est\u00e1n dise\u00f1ados para resistir el funcionamiento a potencia nominal durante 100 horas seguidas seg\u00fan los est\u00e1ndares de capacidad de gesti\u00f3n de potencia<strong>\u00a0(PHC) IEC 268-5<\/strong>. Bosch ha desarrollado tambi\u00e9n la prueba de realimentaci\u00f3n ac\u00fastica simulada<strong>\u00a0(SAFE, del ingl\u00e9s Simulated Acoustical Feedback Exposure)<\/strong>\u00a0para demostrar que pueden soportar el doble de su potencia nominal durante cortos per\u00edodos. De esta forma, se mejora la fiabilidad en condiciones extremas, lo que aumenta la satisfacci\u00f3n del cliente, prolonga la vida \u00fatil y reduce los fallos o el deterioro en el rendimiento.<\/p>\n<p class=\"ql-align-justify\"><strong>Informaci\u00f3n de seguridad<\/strong><\/p>\n<p class=\"ql-align-justify\">Todos los productos de Bosch est\u00e1n dise\u00f1ados y fabricados para su adecuaci\u00f3n a los m\u00e1s altos est\u00e1ndares de seguridad. Todas las piezas de\u00a0<strong>ABS\u00a0<\/strong>son biodegradables\u00a0<strong>(conforme a la norma UL 94 V 0).\u00a0<\/strong>Este proyector de sonido cumple las directivas de seguridad e instalaci\u00f3n pertinentes de EN 60065.<\/p>\n<p class=\"ql-align-justify\"><strong>Planificaci\u00f3n Montaje<\/strong><\/p>\n<p class=\"ql-align-justify\">Se instala mediante un sencillo montaje: en primer lugar, la placa de montaje se fija en la pared o en el techo; en segundo lugar, se acopla un cable de seguridad a la placa de montaje, lo que permite al instalador colgar de forma temporal el altavoz durante la instalaci\u00f3n. Tras realizar las conexiones, se puede fijar el proyector de sonido a la placa de montaje mediante un tornillo de fijaci\u00f3n y determinar la direcci\u00f3n horizontal. Un embellecedor recubre los tornillos y el cableado. El vers\u00e1til soporte de montaje permite colocar el proyector de sonido en posici\u00f3n horizontal o vertical. La orientaci\u00f3n vertical se puede fijar de forma permanente con un tornillo Allen mediante un peque\u00f1o orificio situado en el panel posterior. El embellecedor tiene dos entradas cubiertas para cables o conductos de<strong>\u00a016 mm (0,63 pulg.)<\/strong>\u00a0de serie, en posiciones opuestas, que permite el cableado en bucle.<\/p>\n<p class=\"ql-align-justify\"><strong>Ajuste de alimentaci\u00f3n<\/strong><\/p>\n<p class=\"ql-align-justify\">Se incluye un terminal cer\u00e1mico para la conexi\u00f3n el\u00e9ctrica. El altavoz se suministra de serie conectado a la m\u00e1xima potencia. Se puede seleccionar media potencia, un cuarto de potencia o un octavo de potencia conectando al bloque de terminales cer\u00e1mico el correspondiente cable de color.<\/p>\n<p class=\"ql-align-justify\"><strong>Principales Caracter\u00edsticas<\/strong><\/p>\n<ul>\n<li class=\"ql-align-justify\">Excelente reproducci\u00f3n de m\u00fasica y voz.<\/li>\n<li class=\"ql-align-justify\">Cable de conexi\u00f3n integrado.<\/li>\n<li class=\"ql-align-justify\">Montaje en techos o paredes.<\/li>\n<li class=\"ql-align-justify\">Resistente al agua y al polvo de conformidad con los requisitos de IP 65.<\/li>\n<li class=\"ql-align-justify\">Con certificaci\u00f3n EN 54\u201124.<\/li>\n<\/ul>\n<p class=\"ql-align-justify\"><strong>Especificaciones<\/strong><\/p>\n<p class=\"ql-align-justify\">El\u00e9ctricas<\/p>\n<ul>\n<li class=\"ql-align-justify\">Potencia m\u00e1xima 30 W.<\/li>\n<li class=\"ql-align-justify\">Potencia nominal 20\/10\/5\/2,5 W.<\/li>\n<li class=\"ql-align-justify\">Nivel de presi\u00f3n ac\u00fastica a 20 W\/1 W (1 kHz a 1 m) 100 dB\/87 dB (NPA).<\/li>\n<li class=\"ql-align-justify\">\u00c1ngulo de apertura a 1 kHz\/4 kHz (-6 dB) 220 \u00b0\/65 \u00b0.<\/li>\n<li class=\"ql-align-justify\">Rango de frecuencia efectiva (-10 dB) De 75 Hz a 20 kHz.<\/li>\n<li class=\"ql-align-justify\">Tensi\u00f3n nominal 100 V.<\/li>\n<li class=\"ql-align-justify\">Impedancia nominal 500 ohmios.<\/li>\n<li class=\"ql-align-justify\">Conector Terminal atornillado de 3 polos.<\/li>\n<\/ul>\n<p class=\"ql-align-justify\"><strong>Mec\u00e1nicas<\/strong><\/p>\n<ul>\n<li class=\"ql-align-justify\">Dimensiones (Pr. x Long.) 185 x 300 mm (7,3 x 11,8 pulg.).<\/li>\n<li class=\"ql-align-justify\">Peso 3 kg (6,6 libras).<\/li>\n<li class=\"ql-align-justify\">Color Blanco (RAL 9010).<\/li>\n<li class=\"ql-align-justify\">Material ABS.<\/li>\n<\/ul>\n<p class=\"ql-align-justify\"><strong>Medioambientales<\/strong><\/p>\n<ul>\n<li class=\"ql-align-justify\">Temperatura de funcionamiento: De -25 \u00b0C a +55 \u00b0C (de -13 \u00b0F a +131 \u00b0F).<\/li>\n<li class=\"ql-align-justify\">Temperatura de almacenamiento: De -40 \u00b0C a +70 \u00b0C (de -40 \u00b0F a +158 \u00b0F).<\/li>\n<li class=\"ql-align-justify\">Humedad relativa &lt; 95%.<\/li>\n<\/ul>\n<p>&nbsp;<\/p>\n<p><img fetchpriority=\"high\" decoding=\"async\" class=\"alignnone size-full wp-image-10122\" src=\"https:\/\/tecsecmty.com\/wp-content\/uploads\/2023\/02\/17.png\" alt=\"\" width=\"960\" height=\"540\" \/><\/p>\n","protected":false},"excerpt":{"rendered":"<p>LP1\u2011UC20E\u20111 Proyector de Sonido Unidireccional El modelo LP1-UC10E-1\u00a0es un potente proyector de sonido de 20 W destinado a la reproducci\u00f3n de voz y m\u00fasica de gran calidad en aplicaciones interiores y exteriores. Su innovador dise\u00f1o se adapta de igual forma a entornos modernos y cl\u00e1sicos.&hellip;<\/p>\n","protected":false},"featured_media":6187,"comment_status":"open","ping_status":"closed","template":"","meta":{"om_disable_all_campaigns":false,"_monsterinsights_skip_tracking":false,"_monsterinsights_sitenote_active":false,"_monsterinsights_sitenote_note":"","_monsterinsights_sitenote_category":0},"product_brand":[],"product_cat":[525],"product_tag":[513,514,511,516,519,517,520,515,181,518,512],"class_list":{"0":"post-6188","1":"product","2":"type-product","3":"status-publish","4":"has-post-thumbnail","6":"product_cat-altavoces","7":"product_tag-altavoces","8":"product_tag-amplificadores","9":"product_tag-audio-y-video","10":"product_tag-audioporteros","11":"product_tag-digital-signage","12":"product_tag-intercomunicadores","13":"product_tag-kits-videoporteros","14":"product_tag-mezcladoras","15":"product_tag-microfonos","16":"product_tag-sistemas-de-enfermeria","17":"product_tag-videoporteros","19":"first","20":"instock","21":"sale","22":"taxable","23":"shipping-taxable","24":"purchasable","25":"product-type-simple"},"aioseo_notices":[],"_links":{"self":[{"href":"https:\/\/tecsecmty.com\/index.php\/wp-json\/wp\/v2\/product\/6188","targetHints":{"allow":["GET"]}}],"collection":[{"href":"https:\/\/tecsecmty.com\/index.php\/wp-json\/wp\/v2\/product"}],"about":[{"href":"https:\/\/tecsecmty.com\/index.php\/wp-json\/wp\/v2\/types\/product"}],"replies":[{"embeddable":true,"href":"https:\/\/tecsecmty.com\/index.php\/wp-json\/wp\/v2\/comments?post=6188"}],"version-history":[{"count":0,"href":"https:\/\/tecsecmty.com\/index.php\/wp-json\/wp\/v2\/product\/6188\/revisions"}],"wp:featuredmedia":[{"embeddable":true,"href":"https:\/\/tecsecmty.com\/index.php\/wp-json\/wp\/v2\/media\/6187"}],"wp:attachment":[{"href":"https:\/\/tecsecmty.com\/index.php\/wp-json\/wp\/v2\/media?parent=6188"}],"wp:term":[{"taxonomy":"product_brand","embeddable":true,"href":"https:\/\/tecsecmty.com\/index.php\/wp-json\/wp\/v2\/product_brand?post=6188"},{"taxonomy":"product_cat","embeddable":true,"href":"https:\/\/tecsecmty.com\/index.php\/wp-json\/wp\/v2\/product_cat?post=6188"},{"taxonomy":"product_tag","embeddable":true,"href":"https:\/\/tecsecmty.com\/index.php\/wp-json\/wp\/v2\/product_tag?post=6188"}],"curies":[{"name":"wp","href":"https:\/\/api.w.org\/{rel}","templated":true}]}}