{"id":6200,"date":"2023-02-23T12:00:47","date_gmt":"2023-02-23T18:00:47","guid":{"rendered":"https:\/\/tecsecmty.com\/index.php\/producto\/bosch-m_c1800fdius-amplificador-dsp-de-2x-950w-baja-impedancia-70-o-100v\/"},"modified":"2023-03-22T23:21:25","modified_gmt":"2023-03-23T05:21:25","slug":"bosch-m_c1800fdius-amplificador-dsp-de-2x-950w-baja-impedancia-70-o-100v","status":"publish","type":"product","link":"https:\/\/tecsecmty.com\/index.php\/producto\/bosch-m_c1800fdius-amplificador-dsp-de-2x-950w-baja-impedancia-70-o-100v\/","title":{"rendered":"BOSCH M_C1800FDiUS-Amplificador DSP de 2X 950W\/ Baja impedancia 70 O 100V"},"content":{"rendered":"<h5 class=\"card-title text-center\">Descripci\u00f3n inicial<\/h5>\n<p>Instalaci\u00f3n amplificador DSP, conectores Euroblock<\/p>\n<p>\u25aa Procesamiento de altavoces profesional totalmente integrado con tecnolog\u00eda FIR Drive<\/p>\n<p>\u25aa Rendimiento ac\u00fastico l\u00edder en el mercado y s\u00f3lido como una roca fiabilidad<\/p>\n<p>\u25aa Funcionamiento y ahorro de energ\u00eda de bajo Z y 70 \/ 100V modo de espera<\/p>\n<p>\u25aa Software de control del sistema intuitivo, realiza la configuraci\u00f3n y control f\u00e1cil<\/p>\n<p>&nbsp;<\/p>\n<p><img fetchpriority=\"high\" decoding=\"async\" class=\"alignnone size-full wp-image-9903\" src=\"https:\/\/tecsecmty.com\/wp-content\/uploads\/2023\/02\/7-2.png\" alt=\"\" width=\"1920\" height=\"400\" \/><\/p>\n<p>&nbsp;<\/p>\n<h2>Caracter\u00edsticas y Especificaciones<\/h2>\n<p class=\"text-muted\">\n<p>C1800FDi<\/p>\n<p>Amplificador de potencia DSP 2 x 950 w para aplicaciones de instalaci\u00f3n fija<\/p>\n<p>Amplificador DSP profesional para aplicaciones m\u00f3viles y en directo<\/p>\n<p>Procesamiento de altavoces profesional totalmente integrado con tecnolog\u00eda FIR drive<\/p>\n<p>Rendimiento ac\u00fastico l\u00edder en el mercado y fiabilidad s\u00f3lida como una roca<\/p>\n<p>Configuraci\u00f3n, control y operaci\u00f3n intuitivos y simplificados en el software del sistema de sonido SONICUE con firmware 2.0<\/p>\n<p class=\"ql-align-justify\">Los amplificadores de la serie Dynacord C son amplificadores DSP de instalaci\u00f3n dedicada optimizados para un funcionamiento 24 horas al d\u00eda, 7 d\u00edas a la semana. El procesamiento de se\u00f1al digital integrado brinda acceso al procesamiento de altavoces profesionales con tecnolog\u00eda FIR Drive. Los amplificadores de la Serie C utilizan Clase A \/ B resp. Topolog\u00edas de clase H, que proporcionan fiabilidad y rendimiento ac\u00fastico l\u00edderes en el mercado. La conectividad est\u00e1 optimizada para las necesidades de las aplicaciones de instalaci\u00f3n fija. Para un bajo costo de propiedad, est\u00e1 disponible un modo de espera de ahorro de energ\u00eda. Una pantalla LC en el panel frontal permite el control y la supervisi\u00f3n local del amplificador. Un software de control del sistema intuitivo permite una configuraci\u00f3n r\u00e1pida del sistema, un control del sistema flexible y una supervisi\u00f3n integral.<\/p>\n","protected":false},"excerpt":{"rendered":"<p>Descripci\u00f3n inicial Instalaci\u00f3n amplificador DSP, conectores Euroblock \u25aa Procesamiento de altavoces profesional totalmente integrado con tecnolog\u00eda FIR Drive \u25aa Rendimiento ac\u00fastico l\u00edder en el mercado y s\u00f3lido como una roca fiabilidad \u25aa Funcionamiento y ahorro de energ\u00eda de bajo Z y 70 \/ 100V modo&hellip;<\/p>\n","protected":false},"featured_media":6199,"comment_status":"open","ping_status":"closed","template":"","meta":{"om_disable_all_campaigns":false,"_monsterinsights_skip_tracking":false,"_monsterinsights_sitenote_active":false,"_monsterinsights_sitenote_note":"","_monsterinsights_sitenote_category":0},"product_brand":[],"product_cat":[529],"product_tag":[513,514,511,516,519,517,520,515,181,518,512],"class_list":{"0":"post-6200","1":"product","2":"type-product","3":"status-publish","4":"has-post-thumbnail","6":"product_cat-amplificadores","7":"product_tag-altavoces","8":"product_tag-amplificadores","9":"product_tag-audio-y-video","10":"product_tag-audioporteros","11":"product_tag-digital-signage","12":"product_tag-intercomunicadores","13":"product_tag-kits-videoporteros","14":"product_tag-mezcladoras","15":"product_tag-microfonos","16":"product_tag-sistemas-de-enfermeria","17":"product_tag-videoporteros","19":"first","20":"instock","21":"sale","22":"taxable","23":"shipping-taxable","24":"purchasable","25":"product-type-simple"},"aioseo_notices":[],"_links":{"self":[{"href":"https:\/\/tecsecmty.com\/index.php\/wp-json\/wp\/v2\/product\/6200","targetHints":{"allow":["GET"]}}],"collection":[{"href":"https:\/\/tecsecmty.com\/index.php\/wp-json\/wp\/v2\/product"}],"about":[{"href":"https:\/\/tecsecmty.com\/index.php\/wp-json\/wp\/v2\/types\/product"}],"replies":[{"embeddable":true,"href":"https:\/\/tecsecmty.com\/index.php\/wp-json\/wp\/v2\/comments?post=6200"}],"version-history":[{"count":0,"href":"https:\/\/tecsecmty.com\/index.php\/wp-json\/wp\/v2\/product\/6200\/revisions"}],"wp:featuredmedia":[{"embeddable":true,"href":"https:\/\/tecsecmty.com\/index.php\/wp-json\/wp\/v2\/media\/6199"}],"wp:attachment":[{"href":"https:\/\/tecsecmty.com\/index.php\/wp-json\/wp\/v2\/media?parent=6200"}],"wp:term":[{"taxonomy":"product_brand","embeddable":true,"href":"https:\/\/tecsecmty.com\/index.php\/wp-json\/wp\/v2\/product_brand?post=6200"},{"taxonomy":"product_cat","embeddable":true,"href":"https:\/\/tecsecmty.com\/index.php\/wp-json\/wp\/v2\/product_cat?post=6200"},{"taxonomy":"product_tag","embeddable":true,"href":"https:\/\/tecsecmty.com\/index.php\/wp-json\/wp\/v2\/product_tag?post=6200"}],"curies":[{"name":"wp","href":"https:\/\/api.w.org\/{rel}","templated":true}]}}