{"id":6204,"date":"2023-02-23T12:00:53","date_gmt":"2023-02-23T18:00:53","guid":{"rendered":"https:\/\/tecsecmty.com\/index.php\/producto\/bosch-m_c3600fdius-amplificador-dsp-de-2x-1800w-baja-impedancia-70-o-100v\/"},"modified":"2023-03-22T23:21:25","modified_gmt":"2023-03-23T05:21:25","slug":"bosch-m_c3600fdius-amplificador-dsp-de-2x-1800w-baja-impedancia-70-o-100v","status":"publish","type":"product","link":"https:\/\/tecsecmty.com\/index.php\/producto\/bosch-m_c3600fdius-amplificador-dsp-de-2x-1800w-baja-impedancia-70-o-100v\/","title":{"rendered":"BOSCH M_C3600FDiUS-Amplificador DSP de 2X 1800W\/ Baja impedancia 70 O 100V"},"content":{"rendered":"<p><img fetchpriority=\"high\" decoding=\"async\" class=\"alignnone size-full wp-image-9903\" src=\"https:\/\/tecsecmty.com\/wp-content\/uploads\/2023\/02\/7-2.png\" alt=\"\" width=\"1920\" height=\"400\" \/><\/p>\n<h2>Caracter\u00edsticas y Especificaciones<\/h2>\n<p class=\"text-muted\">\n<p>Instalaci\u00f3n amplificador DSP, conectores Euroblock<\/p>\n<p>\u25aa Procesamiento de altavoces profesional totalmente integrado con tecnolog\u00eda FIR Drive<\/p>\n<p>\u25aa Rendimiento ac\u00fastico l\u00edder en el mercado y s\u00f3lido como una roca fiabilidad<\/p>\n<p>\u25aa Funcionamiento y ahorro de energ\u00eda de bajo Z y 70 \/ 100V modo de espera<\/p>\n<p>\u25aa Software de control del sistema intuitivo, realiza la configuraci\u00f3n y control f\u00e1cil<\/p>\n<p>El amplificador de potencia Dynacord C3600FDi C-Series FIR-Drive es un amplificador de audio de 1800 W dise\u00f1ado para aplicaciones de instalaci\u00f3n permanente, para proporcionar m\u00fasica de fondo o en vivo en lugares como bares, lugares de culto, restaurantes, instalaciones deportivas y centros de artes esc\u00e9nicas. El C3600FDi est\u00e1 equipado con una fuente de alimentaci\u00f3n robusta y un potente dise\u00f1o de amplificador lineal, muy adecuado para los entornos m\u00e1s exigentes. El circuito de protecci\u00f3n sofisticado garantiza un funcionamiento seguro y confiable en todas las condiciones. El amplificador tambi\u00e9n es adecuado para aplicaciones de transmisi\u00f3n directa con l\u00edneas de altavoces de 70\/100 V para una variedad de escenarios de instalaci\u00f3n flexible.<\/p>\n<p>El C3600FDi cuenta con conectores Euroblock para un cableado conveniente, retardo de encendido remoto y GPIO para interactuar con controles de terceros. Un modo de energ\u00eda en espera eficiente reduce los costos de funcionamiento y el consumo de energ\u00eda hasta en un 90%, lo que genera un bajo costo de propiedad. El amplificador utiliza componentes de alta calidad para una potencia de procesamiento y caracter\u00edsticas de rendimiento verdaderamente profesionales. El DSP integrado incluye PEQ multibanda (ecualizador param\u00e9trico), cruces, limitadores y retardo por canal. Tambi\u00e9n tiene un verdadero control de agrupaci\u00f3n de canales con capacidades DSP adicionales como PEQ, GEQ (ecualizador gr\u00e1fico) y retardo para cada grupo. El Dynacord C3600FDi se env\u00eda con un cable de alimentaci\u00f3n, un cable USB y una variedad de Euroblock y conectores remotos de alimentaci\u00f3n.<\/p>\n<p>Caracter\u00edsticas:<\/p>\n<p>Instalaci\u00f3n amplificador DSP, conectores Euroblock<\/p>\n<p>Procesamiento de altavoces profesional totalmente integrado con tecnolog\u00eda FIR Drive<\/p>\n<p>Rendimiento ac\u00fastico profesional y fiabilidad s\u00f3lida como una roca<\/p>\n<p>Funcionamiento de baja Z y 70 \/ 100V y modo de espera de ahorro de energ\u00eda<\/p>\n<p>Rendimiento de audio potente y probado<\/p>\n<p>Dise\u00f1ado para una estabilidad constante a 2 ohmios<\/p>\n<p>Salidas de baja y alta impedancia y control remoto GPIO<\/p>\n<p>El modo de energ\u00eda en espera de alta eficiencia reduce los costos de funcionamiento y el consumo de energ\u00eda hasta en un 90%<\/p>\n<p>Los circuitos de protecci\u00f3n sofisticados siempre protegen los amplificadores y los altavoces conectados<\/p>\n<p>Manejo de voltaje a prueba de balas de alto rendimiento<\/p>\n<p>El DSP integrado incluye PEQ multibanda, cruces, limitadores y retardo por canal; Verdadero control de agrupaci\u00f3n de canales con capacidades DSP adicionales, incluido GEQ<\/p>\n<p>El software de control intuitivo y potente facilita la configuraci\u00f3n y el control en tiempo real. Se pueden controlar y monitorear hasta 16 canales de amperios simult\u00e1neamente<\/p>\n<p>Unidad FIR avanzada para optimizar la configuraci\u00f3n de los altavoces, proporcionando funciones premium en un factor de forma de instalaci\u00f3n<\/p>\n<p class=\"ql-align-justify\">Dise\u00f1ado en Alemania<\/p>\n<p>&nbsp;<\/p>\n<p>&nbsp;<\/p>\n","protected":false},"excerpt":{"rendered":"<p>Caracter\u00edsticas y Especificaciones Instalaci\u00f3n amplificador DSP, conectores Euroblock \u25aa Procesamiento de altavoces profesional totalmente integrado con tecnolog\u00eda FIR Drive \u25aa Rendimiento ac\u00fastico l\u00edder en el mercado y s\u00f3lido como una roca fiabilidad \u25aa Funcionamiento y ahorro de energ\u00eda de bajo Z y 70 \/ 100V&hellip;<\/p>\n","protected":false},"featured_media":6203,"comment_status":"open","ping_status":"closed","template":"","meta":{"om_disable_all_campaigns":false,"_monsterinsights_skip_tracking":false,"_monsterinsights_sitenote_active":false,"_monsterinsights_sitenote_note":"","_monsterinsights_sitenote_category":0},"product_brand":[],"product_cat":[529],"product_tag":[513,514,511,516,519,517,520,515,181,518,512],"class_list":{"0":"post-6204","1":"product","2":"type-product","3":"status-publish","4":"has-post-thumbnail","6":"product_cat-amplificadores","7":"product_tag-altavoces","8":"product_tag-amplificadores","9":"product_tag-audio-y-video","10":"product_tag-audioporteros","11":"product_tag-digital-signage","12":"product_tag-intercomunicadores","13":"product_tag-kits-videoporteros","14":"product_tag-mezcladoras","15":"product_tag-microfonos","16":"product_tag-sistemas-de-enfermeria","17":"product_tag-videoporteros","19":"first","20":"instock","21":"sale","22":"taxable","23":"shipping-taxable","24":"purchasable","25":"product-type-simple"},"aioseo_notices":[],"_links":{"self":[{"href":"https:\/\/tecsecmty.com\/index.php\/wp-json\/wp\/v2\/product\/6204","targetHints":{"allow":["GET"]}}],"collection":[{"href":"https:\/\/tecsecmty.com\/index.php\/wp-json\/wp\/v2\/product"}],"about":[{"href":"https:\/\/tecsecmty.com\/index.php\/wp-json\/wp\/v2\/types\/product"}],"replies":[{"embeddable":true,"href":"https:\/\/tecsecmty.com\/index.php\/wp-json\/wp\/v2\/comments?post=6204"}],"version-history":[{"count":0,"href":"https:\/\/tecsecmty.com\/index.php\/wp-json\/wp\/v2\/product\/6204\/revisions"}],"wp:featuredmedia":[{"embeddable":true,"href":"https:\/\/tecsecmty.com\/index.php\/wp-json\/wp\/v2\/media\/6203"}],"wp:attachment":[{"href":"https:\/\/tecsecmty.com\/index.php\/wp-json\/wp\/v2\/media?parent=6204"}],"wp:term":[{"taxonomy":"product_brand","embeddable":true,"href":"https:\/\/tecsecmty.com\/index.php\/wp-json\/wp\/v2\/product_brand?post=6204"},{"taxonomy":"product_cat","embeddable":true,"href":"https:\/\/tecsecmty.com\/index.php\/wp-json\/wp\/v2\/product_cat?post=6204"},{"taxonomy":"product_tag","embeddable":true,"href":"https:\/\/tecsecmty.com\/index.php\/wp-json\/wp\/v2\/product_tag?post=6204"}],"curies":[{"name":"wp","href":"https:\/\/api.w.org\/{rel}","templated":true}]}}