{"id":6208,"date":"2023-02-23T12:00:57","date_gmt":"2023-02-23T18:00:57","guid":{"rendered":"https:\/\/tecsecmty.com\/index.php\/producto\/bosch-m_dcnmlpd-licencia-de-preparacion-y-administracion-de-votaciones\/"},"modified":"2023-03-22T23:21:26","modified_gmt":"2023-03-23T05:21:26","slug":"bosch-m_dcnmlpd-licencia-de-preparacion-y-administracion-de-votaciones","status":"publish","type":"product","link":"https:\/\/tecsecmty.com\/index.php\/producto\/bosch-m_dcnmlpd-licencia-de-preparacion-y-administracion-de-votaciones\/","title":{"rendered":"BOSCH M_DCNMLPD- LICENCIA DE PREPARACION Y ADMINISTRACION DE VOTACIONES"},"content":{"rendered":"<h5 class=\"card-title text-center\">Licencia base de datos de participantes DCNM-LPD<\/h5>\n<p class=\"ql-align-justify\"><strong>El m\u00f3dulo de software de base de datos de participantes DICENTIS permite compilar en la aplicaci\u00f3n para gesti\u00f3n de reuniones una base de datos completa con informaci\u00f3n relativa a los participantes.<\/strong>\u00a0Durante la fase de preparaci\u00f3n de la reuni\u00f3n, es posible asignar participantes a la reuni\u00f3n. La ventaja de este m\u00e9todo consiste en que las personas que participan en varias reuniones solo tienen que introducirse una vez, por lo que pueden asignarse a cualquier reuni\u00f3n deseada sin necesidad de volver a introducir la informaci\u00f3n de la misma persona. Asimismo, puede definir una lista de oradores entre los participantes para cada tema concreto de la agenda. De manera opcional, puede agregar fotograf\u00edas a los participantes que, a continuaci\u00f3n, pueden utilizarse en el control sin\u00f3ptico de micr\u00f3fonos y en la lista de participantes de la reuni\u00f3n. Cuando no hay ning\u00fan v\u00eddeo disponible, se puede mostrar la imagen del participante y los detalles del orador activo durante la reuni\u00f3n.<\/p>\n<p class=\"ql-align-justify\"><strong>Funciones b\u00e1sicas<\/strong><\/p>\n<p class=\"ql-align-justify\"><strong>Base de datos<\/strong><\/p>\n<p class=\"ql-align-justify\">Toda la informaci\u00f3n se introduce a trav\u00e9s de la aplicaci\u00f3n para gesti\u00f3n de reuniones, antes o durante el desarrollo de la conferencia. Es posible especificar una gran cantidad de datos para cada participante. Toda la informaci\u00f3n espec\u00edfica, como el nombre de la persona, el segundo nombre, los apellidos, el cargo, la regi\u00f3n y el pa\u00eds, se puede reutilizar, por lo que no es necesario volver a introducirla en cada reuni\u00f3n. Durante la preparaci\u00f3n de la reuni\u00f3n, a cada uno de los participantes de una reuni\u00f3n espec\u00edfica se le puede conceder o denegar autorizaci\u00f3n para debate, gesti\u00f3n de reuniones y prioridad. Aparte de esto, es posible incluir a los participantes en una lista de oradores para cada tema de la agenda.<\/p>\n<p class=\"ql-align-justify\"><strong>Introducci\u00f3n de datos<\/strong><\/p>\n<p class=\"ql-align-justify\">Toda la informaci\u00f3n sobre personas se introduce en el \u00e1rea de preparaci\u00f3n de la aplicaci\u00f3n para gesti\u00f3n de reuniones. Algunas entradas (nombre, apellidos) se introducen directamente mediante los caracteres del teclado. En el caso de otras entradas (cargo, regi\u00f3n, pa\u00eds), los datos se pueden seleccionar f\u00e1cilmente en una lista de opciones que muestra el sistema. El sistema controla esta lista de opciones de forma autom\u00e1tica. As\u00ed, cuando el usuario introduce un texto, este se a\u00f1ade autom\u00e1ticamente a la lista.<\/p>\n<p class=\"ql-align-justify\"><strong>Derechos de usuario<\/strong><\/p>\n<p class=\"ql-align-justify\">Es posible configurar un PC cliente para registrar informaci\u00f3n de un participante definiendo los derechos de usuario correctos. Este PC puede situarse en la entrada de la sala de conferencias, de manera que el encargado de registrar a los participantes pueda introducir informaci\u00f3n sobre las personas y asignarlas a la reuni\u00f3n deseada.<\/p>\n<p class=\"ql-align-justify\"><strong>Piezas incluidas<\/strong><\/p>\n<p class=\"ql-align-justify\"><strong>Cantidad Componente<\/strong><\/p>\n<ul>\n<li class=\"ql-align-justify\">1 Correo electr\u00f3nico con informaci\u00f3n de activaci\u00f3n de licencias.<\/li>\n<\/ul>\n<p class=\"ql-align-justify\"><strong>Nota: Licencia base de datos de participantes DCNM-LPD<\/strong><\/p>\n<p class=\"ql-align-justify\"><strong>La base de datos de participantes DICENTIS ofrece la posibilidad de definir los nombres de los participantes y de asignarles asientos.<\/strong><\/p>\n<p class=\"ql-align-justify\"><strong>N\u00famero de pedido: DCNM-LPD<\/strong><\/p>\n<p class=\"ql-align-justify\"><strong>Principales caracter\u00edsticas<\/strong><\/p>\n<ul>\n<li class=\"ql-align-justify\">Informaci\u00f3n completa de la base de datos para todos los participantes.<\/li>\n<li class=\"ql-align-justify\">Reutilizaci\u00f3n de informaci\u00f3n de participantes en distintas reuniones.<\/li>\n<li class=\"ql-align-justify\">Define debates y gestiona reuniones y autorizaciones de prioridad para cada participante concreto.<\/li>\n<li class=\"ql-align-justify\">Opci\u00f3n para a\u00f1adir fotograf\u00edas a los participantes.<\/li>\n<\/ul>\n<p class=\"ql-align-justify\"><strong>Especificaciones<\/strong><\/p>\n<p class=\"ql-align-justify\"><strong>Sistema con un \u00fanico PC que ejecuta el software del servidor y la aplicaci\u00f3n para gesti\u00f3n de reuniones:<\/strong><\/p>\n<ul>\n<li class=\"ql-align-justify\">Windows Server 2008 R2 64 bits.<\/li>\n<li class=\"ql-align-justify\">Windows Server 2012 R2 64 bits (incluida la caracter\u00edstica .NET Framework 3.5):Procesador i7 de 4 n\u00facleos a 2,5 GHz.<\/li>\n<li class=\"ql-align-justify\">16 GB de RAM.<\/li>\n<li class=\"ql-align-justify\">20 GB de espacio libre en el disco duro.<\/li>\n<li class=\"ql-align-justify\">Tarjeta Ethernet de 1 GB. PC que ejecuta el software del servidor en un sistema de varios PC: \u2022 Windows Server 2008 R2 64 bits.<\/li>\n<li class=\"ql-align-justify\">Windows Server 2012 R2 64 bits (incluida la caracter\u00edstica .NET Framework 3.5):.<\/li>\n<li class=\"ql-align-justify\">Procesador i7 de 4 n\u00facleos a 2,5 GHz.<\/li>\n<li class=\"ql-align-justify\">16 GB de RAM.<\/li>\n<li class=\"ql-align-justify\">20 GB de espacio libre en el disco duro.<\/li>\n<li class=\"ql-align-justify\">Tarjeta Ethernet de 1 GB.<\/li>\n<\/ul>\n<p class=\"ql-align-justify\"><strong>PC que ejecuta solo la aplicaci\u00f3n para gesti\u00f3n de reuniones:<\/strong><\/p>\n<ul>\n<li class=\"ql-align-justify\">Windows 7 Home Premium 64 bits.<\/li>\n<li class=\"ql-align-justify\">Windows 8.1 Pro\/ Windows 10 Pro 64 bits (incluida la caracter\u00edstica .NET Framework 3.5.<\/li>\n<li class=\"ql-align-justify\">Procesador i5 de 4 n\u00facleos a 2,4 GHz.<\/li>\n<li class=\"ql-align-justify\">8 GB de RAM.<\/li>\n<li class=\"ql-align-justify\">20 GB de espacio libre en el disco duro.<\/li>\n<li class=\"ql-align-justify\">Tarjeta Ethernet de 1 GB. Nota: Windows 10 solo puede usarse con el PC cliente.<\/li>\n<\/ul>\n<p><img fetchpriority=\"high\" decoding=\"async\" class=\"alignnone size-full wp-image-9866\" src=\"https:\/\/tecsecmty.com\/wp-content\/uploads\/2023\/02\/6.png\" alt=\"\" width=\"960\" height=\"540\" \/><\/p>\n","protected":false},"excerpt":{"rendered":"<p>Licencia base de datos de participantes DCNM-LPD El m\u00f3dulo de software de base de datos de participantes DICENTIS permite compilar en la aplicaci\u00f3n para gesti\u00f3n de reuniones una base de datos completa con informaci\u00f3n relativa a los participantes.\u00a0Durante la fase de preparaci\u00f3n de la reuni\u00f3n,&hellip;<\/p>\n","protected":false},"featured_media":6207,"comment_status":"open","ping_status":"closed","template":"","meta":{"om_disable_all_campaigns":false,"_monsterinsights_skip_tracking":false,"_monsterinsights_sitenote_active":false,"_monsterinsights_sitenote_note":"","_monsterinsights_sitenote_category":0},"product_brand":[],"product_cat":[529],"product_tag":[513,514,511,516,519,517,520,515,181,518,512],"class_list":{"0":"post-6208","1":"product","2":"type-product","3":"status-publish","4":"has-post-thumbnail","6":"product_cat-amplificadores","7":"product_tag-altavoces","8":"product_tag-amplificadores","9":"product_tag-audio-y-video","10":"product_tag-audioporteros","11":"product_tag-digital-signage","12":"product_tag-intercomunicadores","13":"product_tag-kits-videoporteros","14":"product_tag-mezcladoras","15":"product_tag-microfonos","16":"product_tag-sistemas-de-enfermeria","17":"product_tag-videoporteros","19":"first","20":"instock","21":"sale","22":"taxable","23":"shipping-taxable","24":"purchasable","25":"product-type-simple"},"aioseo_notices":[],"_links":{"self":[{"href":"https:\/\/tecsecmty.com\/index.php\/wp-json\/wp\/v2\/product\/6208","targetHints":{"allow":["GET"]}}],"collection":[{"href":"https:\/\/tecsecmty.com\/index.php\/wp-json\/wp\/v2\/product"}],"about":[{"href":"https:\/\/tecsecmty.com\/index.php\/wp-json\/wp\/v2\/types\/product"}],"replies":[{"embeddable":true,"href":"https:\/\/tecsecmty.com\/index.php\/wp-json\/wp\/v2\/comments?post=6208"}],"version-history":[{"count":0,"href":"https:\/\/tecsecmty.com\/index.php\/wp-json\/wp\/v2\/product\/6208\/revisions"}],"wp:featuredmedia":[{"embeddable":true,"href":"https:\/\/tecsecmty.com\/index.php\/wp-json\/wp\/v2\/media\/6207"}],"wp:attachment":[{"href":"https:\/\/tecsecmty.com\/index.php\/wp-json\/wp\/v2\/media?parent=6208"}],"wp:term":[{"taxonomy":"product_brand","embeddable":true,"href":"https:\/\/tecsecmty.com\/index.php\/wp-json\/wp\/v2\/product_brand?post=6208"},{"taxonomy":"product_cat","embeddable":true,"href":"https:\/\/tecsecmty.com\/index.php\/wp-json\/wp\/v2\/product_cat?post=6208"},{"taxonomy":"product_tag","embeddable":true,"href":"https:\/\/tecsecmty.com\/index.php\/wp-json\/wp\/v2\/product_tag?post=6208"}],"curies":[{"name":"wp","href":"https:\/\/api.w.org\/{rel}","templated":true}]}}