{"id":6212,"date":"2023-02-23T12:01:00","date_gmt":"2023-02-23T18:01:00","guid":{"rendered":"https:\/\/tecsecmty.com\/index.php\/producto\/bosch-m_ipx104-amplificador-dsp-de-4x-2500-baja-impedancia-70-o-100v\/"},"modified":"2023-03-22T23:21:27","modified_gmt":"2023-03-23T05:21:27","slug":"bosch-m_ipx104-amplificador-dsp-de-4x-2500-baja-impedancia-70-o-100v","status":"publish","type":"product","link":"https:\/\/tecsecmty.com\/index.php\/producto\/bosch-m_ipx104-amplificador-dsp-de-4x-2500-baja-impedancia-70-o-100v\/","title":{"rendered":"BOSCH M_IPX104-Amplificador DSP de 4X 2500\/ Baja impedancia 70 O 100V"},"content":{"rendered":"<p><img fetchpriority=\"high\" decoding=\"async\" class=\"alignnone size-full wp-image-9877\" src=\"https:\/\/tecsecmty.com\/wp-content\/uploads\/2023\/02\/7-1.png\" alt=\"\" width=\"1920\" height=\"400\" \/><\/p>\n<h2>Caracter\u00edsticas y Especificaciones<\/h2>\n<p class=\"text-muted\">\n<p>Caracter\u00edsticas IPX10:4<\/p>\n<p>\u2013 Amplificador DSP con instalaci\u00f3n multicanal 4 x 2500 W con fuente PFC controlada digitalmente<\/p>\n<p>\u2013 DSP totalmente integrado con 96 kHz nativos y tecnolog\u00eda de unidad FIR<\/p>\n<p>\u2013 Integraci\u00f3n de Dante y OCA mediante OMNEO con opciones de retroceso<\/p>\n<p>\u2013 Modos en paralelo, puente y paralelo-puente con 70\/100\/140\/200 V y funcionamiento con baja impedancia<\/p>\n<p>\u2013 Tecnolog\u00eda de ra\u00edl ecol\u00f3gico de alta eficiencia para reducir los costes de funcionamiento<\/p>\n","protected":false},"excerpt":{"rendered":"<p>Caracter\u00edsticas y Especificaciones Caracter\u00edsticas IPX10:4 \u2013 Amplificador DSP con instalaci\u00f3n multicanal 4 x 2500 W con fuente PFC controlada digitalmente \u2013 DSP totalmente integrado con 96 kHz nativos y tecnolog\u00eda de unidad FIR \u2013 Integraci\u00f3n de Dante y OCA mediante OMNEO con opciones de retroceso&hellip;<\/p>\n","protected":false},"featured_media":6211,"comment_status":"open","ping_status":"closed","template":"","meta":{"om_disable_all_campaigns":false,"_monsterinsights_skip_tracking":false,"_monsterinsights_sitenote_active":false,"_monsterinsights_sitenote_note":"","_monsterinsights_sitenote_category":0},"product_brand":[],"product_cat":[529],"product_tag":[513,514,511,516,519,517,520,515,181,518,512],"class_list":{"0":"post-6212","1":"product","2":"type-product","3":"status-publish","4":"has-post-thumbnail","6":"product_cat-amplificadores","7":"product_tag-altavoces","8":"product_tag-amplificadores","9":"product_tag-audio-y-video","10":"product_tag-audioporteros","11":"product_tag-digital-signage","12":"product_tag-intercomunicadores","13":"product_tag-kits-videoporteros","14":"product_tag-mezcladoras","15":"product_tag-microfonos","16":"product_tag-sistemas-de-enfermeria","17":"product_tag-videoporteros","19":"first","20":"instock","21":"sale","22":"taxable","23":"shipping-taxable","24":"purchasable","25":"product-type-simple"},"aioseo_notices":[],"_links":{"self":[{"href":"https:\/\/tecsecmty.com\/index.php\/wp-json\/wp\/v2\/product\/6212","targetHints":{"allow":["GET"]}}],"collection":[{"href":"https:\/\/tecsecmty.com\/index.php\/wp-json\/wp\/v2\/product"}],"about":[{"href":"https:\/\/tecsecmty.com\/index.php\/wp-json\/wp\/v2\/types\/product"}],"replies":[{"embeddable":true,"href":"https:\/\/tecsecmty.com\/index.php\/wp-json\/wp\/v2\/comments?post=6212"}],"version-history":[{"count":0,"href":"https:\/\/tecsecmty.com\/index.php\/wp-json\/wp\/v2\/product\/6212\/revisions"}],"wp:featuredmedia":[{"embeddable":true,"href":"https:\/\/tecsecmty.com\/index.php\/wp-json\/wp\/v2\/media\/6211"}],"wp:attachment":[{"href":"https:\/\/tecsecmty.com\/index.php\/wp-json\/wp\/v2\/media?parent=6212"}],"wp:term":[{"taxonomy":"product_brand","embeddable":true,"href":"https:\/\/tecsecmty.com\/index.php\/wp-json\/wp\/v2\/product_brand?post=6212"},{"taxonomy":"product_cat","embeddable":true,"href":"https:\/\/tecsecmty.com\/index.php\/wp-json\/wp\/v2\/product_cat?post=6212"},{"taxonomy":"product_tag","embeddable":true,"href":"https:\/\/tecsecmty.com\/index.php\/wp-json\/wp\/v2\/product_tag?post=6212"}],"curies":[{"name":"wp","href":"https:\/\/api.w.org\/{rel}","templated":true}]}}