{"id":6216,"date":"2023-02-23T12:01:04","date_gmt":"2023-02-23T18:01:04","guid":{"rendered":"https:\/\/tecsecmty.com\/index.php\/producto\/bosch-m_ipx204-amplificador-dsp-de-4x-5000w-baja-impedancia-70-o-100v\/"},"modified":"2023-03-22T23:21:27","modified_gmt":"2023-03-23T05:21:27","slug":"bosch-m_ipx204-amplificador-dsp-de-4x-5000w-baja-impedancia-70-o-100v","status":"publish","type":"product","link":"https:\/\/tecsecmty.com\/index.php\/producto\/bosch-m_ipx204-amplificador-dsp-de-4x-5000w-baja-impedancia-70-o-100v\/","title":{"rendered":"BOSCH M_IPX204-Amplificador DSP de 4X 5000W\/ Baja impedancia 70 O 100V"},"content":{"rendered":"<h2>Caracter\u00edsticas y Especificaciones<\/h2>\n<p class=\"text-muted\">\n<p>Amplificador DSP de instalaci\u00f3n multicanal de 4 x 5000 W con alimentaci\u00f3n PFC controlada digitalmente.<\/p>\n<p>DSP totalmente integrado con procesamiento de 96 kHz de alta resoluci\u00f3n y FIR Drive.<\/p>\n<p>Integraci\u00f3n de Dante y OCA a trav\u00e9s de OMNEO con opciones de respaldo.<\/p>\n<p>Modos de manejo en paralelo, en puente y en puente en paralelo con 70 \/ 100V \/ 140V \/ 200V y operaci\u00f3n de baja impedancia<\/p>\n<p>Tecnolog\u00eda Eco Rail de alta eficiencia para reducir los costes operativos<\/p>\n<p>La serie IPX son amplificadores dedicados para aplicaciones de instalaci\u00f3n fija, como p. Ej. estadios, arenas, lugares de culto, salas de conciertos, teatros y otras aplicaciones que requieren amplificadores multicanal de alta potencia con un sofisticado procesamiento de altavoces. El DSP integrado puede funcionar tanto en 48 kHz como en 96 kHz reales, incluido FIR Drive. Adem\u00e1s de las entradas anal\u00f3gicas, tambi\u00e9n est\u00e1n disponibles las entradas de red Dante y OCA a trav\u00e9s de OMNEO. Las opciones completas de respaldo permiten escenarios redundantes.<\/p>\n<p>Cada canal se puede operar individualmente en el modo de baja impedancia o en el modo Direct Drive de 70V \/ 100V. Al puentear tambi\u00e9n est\u00e1 disponible la transmisi\u00f3n directa de 140V \/ 200V. Mediante la posibilidad de conectar dos canales en paralelo y puentear cuatro canales en paralelo, se pueden controlar todo tipo de altavoces.<\/p>\n<p>Gracias al suministro de PFC intercalado controlado digitalmente, se garantiza un funcionamiento fiable incluso en situaciones dif\u00edciles de suministro de red. La corriente reactiva se limita al m\u00ednimo, lo que reduce los costes de las instalaciones de red y de los fusibles de red en la instalaci\u00f3n.<\/p>\n<p>En caso de funcionamiento en modo inactivo o en modo ligero, los amplificadores de la serie IPX cambian autom\u00e1ticamente a un Eco Rail m\u00e1s bajo, lo que reduce a\u00fan m\u00e1s los costos operativos. En el modo Eco, los amplificadores permanecen completamente funcionales y supervisados.<\/p>\n<p>Si bien los amplificadores de la serie IPX est\u00e1n completamente integrados en IRIS-Net, una pantalla OLED en el panel frontal permite un r\u00e1pido control y supervisi\u00f3n local del amplificador.<\/p>\n<p class=\"ql-align-justify\">La conectividad de los amplificadores de la serie IPX est\u00e1 optimizada para aplicaciones de instalaci\u00f3n fija.<\/p>\n","protected":false},"excerpt":{"rendered":"<p>Caracter\u00edsticas y Especificaciones Amplificador DSP de instalaci\u00f3n multicanal de 4 x 5000 W con alimentaci\u00f3n PFC controlada digitalmente. DSP totalmente integrado con procesamiento de 96 kHz de alta resoluci\u00f3n y FIR Drive. Integraci\u00f3n de Dante y OCA a trav\u00e9s de OMNEO con opciones de respaldo.&hellip;<\/p>\n","protected":false},"featured_media":6215,"comment_status":"open","ping_status":"closed","template":"","meta":{"om_disable_all_campaigns":false,"_monsterinsights_skip_tracking":false,"_monsterinsights_sitenote_active":false,"_monsterinsights_sitenote_note":"","_monsterinsights_sitenote_category":0},"product_brand":[],"product_cat":[529],"product_tag":[513,514,511,516,519,517,520,515,181,518,512],"class_list":{"0":"post-6216","1":"product","2":"type-product","3":"status-publish","4":"has-post-thumbnail","6":"product_cat-amplificadores","7":"product_tag-altavoces","8":"product_tag-amplificadores","9":"product_tag-audio-y-video","10":"product_tag-audioporteros","11":"product_tag-digital-signage","12":"product_tag-intercomunicadores","13":"product_tag-kits-videoporteros","14":"product_tag-mezcladoras","15":"product_tag-microfonos","16":"product_tag-sistemas-de-enfermeria","17":"product_tag-videoporteros","19":"first","20":"instock","21":"sale","22":"taxable","23":"shipping-taxable","24":"purchasable","25":"product-type-simple"},"aioseo_notices":[],"_links":{"self":[{"href":"https:\/\/tecsecmty.com\/index.php\/wp-json\/wp\/v2\/product\/6216","targetHints":{"allow":["GET"]}}],"collection":[{"href":"https:\/\/tecsecmty.com\/index.php\/wp-json\/wp\/v2\/product"}],"about":[{"href":"https:\/\/tecsecmty.com\/index.php\/wp-json\/wp\/v2\/types\/product"}],"replies":[{"embeddable":true,"href":"https:\/\/tecsecmty.com\/index.php\/wp-json\/wp\/v2\/comments?post=6216"}],"version-history":[{"count":0,"href":"https:\/\/tecsecmty.com\/index.php\/wp-json\/wp\/v2\/product\/6216\/revisions"}],"wp:featuredmedia":[{"embeddable":true,"href":"https:\/\/tecsecmty.com\/index.php\/wp-json\/wp\/v2\/media\/6215"}],"wp:attachment":[{"href":"https:\/\/tecsecmty.com\/index.php\/wp-json\/wp\/v2\/media?parent=6216"}],"wp:term":[{"taxonomy":"product_brand","embeddable":true,"href":"https:\/\/tecsecmty.com\/index.php\/wp-json\/wp\/v2\/product_brand?post=6216"},{"taxonomy":"product_cat","embeddable":true,"href":"https:\/\/tecsecmty.com\/index.php\/wp-json\/wp\/v2\/product_cat?post=6216"},{"taxonomy":"product_tag","embeddable":true,"href":"https:\/\/tecsecmty.com\/index.php\/wp-json\/wp\/v2\/product_tag?post=6216"}],"curies":[{"name":"wp","href":"https:\/\/api.w.org\/{rel}","templated":true}]}}