{"id":6220,"date":"2023-02-23T12:01:08","date_gmt":"2023-02-23T18:01:08","guid":{"rendered":"https:\/\/tecsecmty.com\/index.php\/producto\/bosch-m_lbb193020-amplificador-de-potencia-plena-120w\/"},"modified":"2023-03-22T23:21:28","modified_gmt":"2023-03-23T05:21:28","slug":"bosch-m_lbb193020-amplificador-de-potencia-plena-120w","status":"publish","type":"product","link":"https:\/\/tecsecmty.com\/index.php\/producto\/bosch-m_lbb193020-amplificador-de-potencia-plena-120w\/","title":{"rendered":"BOSCH M_LBB193020 &#8211; Amplificador de potencia plena 120W"},"content":{"rendered":"<h5 class=\"card-title text-center\">LBB 1930\/20 Amplificador de potencia Plena<\/h5>\n<p class=\"ql-align-justify\">El modelo\u00a0<strong>LBB 1930\/20<\/strong>\u00a0es un potente amplificador con una potencia de\u00a0<strong>120 W<\/strong>\u00a0y una carcasa de\u00a0<strong>2U<\/strong>\u00a0de altura y\u00a0<strong>19 pulg<\/strong>. para el montaje en bastidor o para uso de sobremesa. Los LED del panel frontal muestran el estado del amplificador: potencia, nivel de salida de audio y funciones supervisadas. Esta unidad de gran rendimiento cubre un amplio abanico de necesidades de un sistema de megafon\u00eda a un coste sorprendentemente bajo.<\/p>\n<p class=\"ql-align-justify\"><strong>Funciones b\u00e1sicas<\/strong><\/p>\n<p class=\"ql-align-justify\"><strong>Fiabilidad<\/strong><\/p>\n<p class=\"ql-align-justify\">El amplificador est\u00e1 protegido contra sobrecargas y cortocircuitos. Un ventilador con control de temperatura asegura una alta fiabilidad a niveles de salida elevados y bajo nivel de ruido cuando los niveles<\/p>\n<p class=\"ql-align-justify\">de salida son menores. El circuito de protecci\u00f3n contra sobrecalentamientos desconecta la alimentaci\u00f3n y activa un LED del panel frontal si la temperatura interna alcanza un l\u00edmite cr\u00edtico debido a la falta de ventilaci\u00f3n o a una sobrecarga. La unidad funciona con alimentaci\u00f3n el\u00e9ctrica y con la de una bater\u00eda de\u00a0<strong>24 V<\/strong>\u00a0como reserva de emergencia, con conmutaci\u00f3n autom\u00e1tica.<\/p>\n<p class=\"ql-align-justify\">Para usos de emergencia y evacuaci\u00f3n, se supervisanlas siguientes funciones: presencia de electricidad, presencia de bater\u00eda, presencia de tono piloto y funcionamiento del amplificador. Los LED del panel frontal indican el estado de las funciones supervisadas. Los LED de supervisi\u00f3n del tono piloto y del estado de la bater\u00eda se pueden apagar para el uso de la megafon\u00eda general. Para cada funci\u00f3n supervisada se proporcionan rel\u00e9s de autoprotecci\u00f3n<\/p>\n<p class=\"ql-align-justify\">(normalmente activados). Estos rel\u00e9s siempre est\u00e1n activos, independientemente de los interruptores del panel posterior.<\/p>\n<p class=\"ql-align-justify\"><strong>Entrada<\/strong><\/p>\n<p class=\"ql-align-justify\">El sistema dispone de dos entradas balanceadas con control de prioridad, cada una con una unidad de bucle. De este modo se facilita la conexi\u00f3n de sistemas remotos para los que es necesario un control de prioridad. Se proporciona una entrada de l\u00ednea de<\/p>\n<p class=\"ql-align-justify\">100 V adicional para conectar el amplificador a una l\u00ednea de altavoces de 100 V y proporcionar m\u00e1s potencia en ubicaciones remotas.<\/p>\n<p class=\"ql-align-justify\">El control de ganancia o de nivel est\u00e1 ubicado en la parte posterior de la unidad para evitar que se modifiquen los ajustes accidentalmente. Un medidor con una barra LED muestra el nivel de salida.<\/p>\n<p class=\"ql-align-justify\">El amplificador<strong>\u00a0tiene salidas de<\/strong>\u00a0<strong>70 V y 100 V<\/strong>\u00a0para sistemas de altavoces de tensi\u00f3n constante y una salida de baja impedancia para cargas de altavoces de 8 ohmios.<\/p>\n<p class=\"ql-align-justify\">El amplificador<strong>\u00a0LBB 1930\/20<\/strong>\u00a0tiene dos salidas independientes de\u00a0<strong>100 V<\/strong>\u00a0con control de prioridad para zonas en las que s\u00f3lo se necesitan avisos realizados a trav\u00e9s de la entrada de prioridad y para zonas en las que no se obtienen a trav\u00e9s de esta entrada.<\/p>\n<p class=\"ql-align-justify\"><strong>Controles e indicadores<\/strong><\/p>\n<p class=\"ql-align-justify\"><strong>Panel frontal<\/strong><\/p>\n<ul>\n<li class=\"ql-align-justify\">Medidor (LED para -20, -6, 0 dB y ENCENDIDO).<\/li>\n<li class=\"ql-align-justify\">Indicador de funcionamiento de la bater\u00eda.<\/li>\n<li class=\"ql-align-justify\">Indicador de sobrecalentamiento.<\/li>\n<\/ul>\n<p class=\"ql-align-justify\"><strong>Panel posterior<\/strong><\/p>\n<ul>\n<li class=\"ql-align-justify\">Entrada de control de nivel 1.<\/li>\n<li class=\"ql-align-justify\">Entrada de control de nivel 2.<\/li>\n<li class=\"ql-align-justify\">Bot\u00f3n de encendido.<\/li>\n<li class=\"ql-align-justify\">Interruptor de electricidad.<\/li>\n<\/ul>\n<p class=\"ql-align-justify\"><strong>Interconexiones Panel posterior<\/strong><\/p>\n<ul>\n<li class=\"ql-align-justify\">Entrada de l\u00ednea prioritaria 1 (XLR\/balanceada).<\/li>\n<li class=\"ql-align-justify\">Bucle de l\u00ednea 1 (XLR\/balanceado).<\/li>\n<li class=\"ql-align-justify\">Entrada de l\u00ednea de programa 2 (XLR\/balanceada).<\/li>\n<li class=\"ql-align-justify\">Bucle de l\u00ednea 2 (XLR\/balanceado).<\/li>\n<li class=\"ql-align-justify\">Terminales de salida de altavoces con control de prioridad.<\/li>\n<li class=\"ql-align-justify\">Terminal de alimentaci\u00f3n de 24 VCC.<\/li>\n<li class=\"ql-align-justify\">Tres terminales de salida directa de altavoces.<\/li>\n<li class=\"ql-align-justify\">Dos terminales de entrada esclavas de 100 V.<\/li>\n<li class=\"ql-align-justify\">Terminal de control de activaci\u00f3n de la entrada 2.<\/li>\n<li class=\"ql-align-justify\">Terminal de control de prioridad de la entrada 1.<\/li>\n<li class=\"ql-align-justify\">Tornillo de conexi\u00f3n a tierra.<\/li>\n<li class=\"ql-align-justify\">Enchufe.<\/li>\n<\/ul>\n<p class=\"ql-align-justify\"><strong>Nota: LBB 1930\/20 Amplificador de potencia<\/strong><\/p>\n<p class=\"ql-align-justify\"><strong>Plena Amplificador de potencia, amplificador de potencia de 120 W en una carcasa de 2U de altura y 19 pulg. para el montaje en rack o sobremesa.<\/strong><\/p>\n<p class=\"ql-align-justify\"><strong>N\u00famero de pedido: LBB1930\/20.<\/strong><\/p>\n<p class=\"ql-align-justify\"><strong>Principales Caracter\u00edsticas:<\/strong><\/p>\n<ul>\n<li class=\"ql-align-justify\">Amplificador de potencia de 120 W en carcasa compacta.<\/li>\n<li class=\"ql-align-justify\">Salidas de 70 V\/100 V y 8 ohmios.<\/li>\n<li class=\"ql-align-justify\">Entradas duales con conmutaci\u00f3n por prioridad.<\/li>\n<li class=\"ql-align-justify\">100 V de entrada para funcionamiento esclavo en la l\u00ednea de altavoces de 100 V.<\/li>\n<li class=\"ql-align-justify\">Control de la temperatura mediante ventilaci\u00f3n desde la parte delantera a la posterior, directamente apilable.<\/li>\n<\/ul>\n<p class=\"ql-align-justify\"><strong>Especificaciones:<\/strong><\/p>\n<p class=\"ql-align-justify\"><strong>Fuente de alimentaci\u00f3n el\u00e9ctrica<\/strong><\/p>\n<ul>\n<li class=\"ql-align-justify\">Tensi\u00f3n 230 VCA \u00b110%, 50\/60 Hz.<\/li>\n<li class=\"ql-align-justify\">Corriente de entrada 8 A.<\/li>\n<li class=\"ql-align-justify\">Consumo m\u00e1ximo 400 VA.<\/li>\n<\/ul>\n<p class=\"ql-align-justify\"><strong>Fuente de alimentaci\u00f3n de la bater\u00eda<\/strong><\/p>\n<ul>\n<li class=\"ql-align-justify\">Tensi\u00f3n 24 VCC +15%\/-15%.<\/li>\n<li class=\"ql-align-justify\">Corriente m\u00e1x. 6 A.<\/li>\n<li class=\"ql-align-justify\">Rendimiento Potencia de salida (rms\/m\u00e1xima) 120\/180 W.<\/li>\n<li class=\"ql-align-justify\">Reducci\u00f3n de potencia en alimentaci\u00f3n de reserva -1 dB.<\/li>\n<li class=\"ql-align-justify\">Respuesta de frecuencia De 50 Hz a 20 kHz (+1\/-3 dB a -10 dB de salida nominal de ref.)<\/li>\n<li class=\"ql-align-justify\">Distorsi\u00f3n &lt;1% a potencia de salida nominal, 1 kHz.<\/li>\n<li class=\"ql-align-justify\">Se\u00f1al\/ruido (plano en volumen m\u00e1x.) &gt;90 dB.<\/li>\n<\/ul>\n<p class=\"ql-align-justify\"><strong>Entradas de l\u00ednea 2<\/strong><\/p>\n<ul>\n<li class=\"ql-align-justify\">Conector XLR de 3 patillas, balanceado.<\/li>\n<li class=\"ql-align-justify\">Sensibilidad 1 V.<\/li>\n<li class=\"ql-align-justify\">Impedancia 20 kilohmios CMRR &gt;25 dB (de 50 Hz a 20 kHz)<\/li>\n<li class=\"ql-align-justify\">Ganancia 40 dB.<\/li>\n<li class=\"ql-align-justify\">Entrada de 100 V.<\/li>\n<li class=\"ql-align-justify\">Conector Tornillo, no balanceado.<\/li>\n<li class=\"ql-align-justify\">Sensibilidad 100 V.<\/li>\n<li class=\"ql-align-justify\">Impedancia 330 kilohmios.<\/li>\n<li class=\"ql-align-justify\">Salida de l\u00ednea en bucle 2.<\/li>\n<li class=\"ql-align-justify\">Conector XLR de 3 patillas.<\/li>\n<\/ul>\n<p>&nbsp;<\/p>\n<p><img fetchpriority=\"high\" decoding=\"async\" class=\"alignnone size-full wp-image-9866\" src=\"https:\/\/tecsecmty.com\/wp-content\/uploads\/2023\/02\/6.png\" alt=\"\" width=\"960\" height=\"540\" \/><\/p>\n","protected":false},"excerpt":{"rendered":"<p>LBB 1930\/20 Amplificador de potencia Plena El modelo\u00a0LBB 1930\/20\u00a0es un potente amplificador con una potencia de\u00a0120 W\u00a0y una carcasa de\u00a02U\u00a0de altura y\u00a019 pulg. para el montaje en bastidor o para uso de sobremesa. Los LED del panel frontal muestran el estado del amplificador: potencia, nivel&hellip;<\/p>\n","protected":false},"featured_media":6219,"comment_status":"open","ping_status":"closed","template":"","meta":{"om_disable_all_campaigns":false,"_monsterinsights_skip_tracking":false,"_monsterinsights_sitenote_active":false,"_monsterinsights_sitenote_note":"","_monsterinsights_sitenote_category":0},"product_brand":[],"product_cat":[529],"product_tag":[513,514,511,516,519,517,520,515,181,518,512],"class_list":{"0":"post-6220","1":"product","2":"type-product","3":"status-publish","4":"has-post-thumbnail","6":"product_cat-amplificadores","7":"product_tag-altavoces","8":"product_tag-amplificadores","9":"product_tag-audio-y-video","10":"product_tag-audioporteros","11":"product_tag-digital-signage","12":"product_tag-intercomunicadores","13":"product_tag-kits-videoporteros","14":"product_tag-mezcladoras","15":"product_tag-microfonos","16":"product_tag-sistemas-de-enfermeria","17":"product_tag-videoporteros","19":"first","20":"instock","21":"sale","22":"taxable","23":"shipping-taxable","24":"purchasable","25":"product-type-simple"},"aioseo_notices":[],"_links":{"self":[{"href":"https:\/\/tecsecmty.com\/index.php\/wp-json\/wp\/v2\/product\/6220","targetHints":{"allow":["GET"]}}],"collection":[{"href":"https:\/\/tecsecmty.com\/index.php\/wp-json\/wp\/v2\/product"}],"about":[{"href":"https:\/\/tecsecmty.com\/index.php\/wp-json\/wp\/v2\/types\/product"}],"replies":[{"embeddable":true,"href":"https:\/\/tecsecmty.com\/index.php\/wp-json\/wp\/v2\/comments?post=6220"}],"version-history":[{"count":0,"href":"https:\/\/tecsecmty.com\/index.php\/wp-json\/wp\/v2\/product\/6220\/revisions"}],"wp:featuredmedia":[{"embeddable":true,"href":"https:\/\/tecsecmty.com\/index.php\/wp-json\/wp\/v2\/media\/6219"}],"wp:attachment":[{"href":"https:\/\/tecsecmty.com\/index.php\/wp-json\/wp\/v2\/media?parent=6220"}],"wp:term":[{"taxonomy":"product_brand","embeddable":true,"href":"https:\/\/tecsecmty.com\/index.php\/wp-json\/wp\/v2\/product_brand?post=6220"},{"taxonomy":"product_cat","embeddable":true,"href":"https:\/\/tecsecmty.com\/index.php\/wp-json\/wp\/v2\/product_cat?post=6220"},{"taxonomy":"product_tag","embeddable":true,"href":"https:\/\/tecsecmty.com\/index.php\/wp-json\/wp\/v2\/product_tag?post=6220"}],"curies":[{"name":"wp","href":"https:\/\/api.w.org\/{rel}","templated":true}]}}