{"id":6232,"date":"2023-02-23T12:01:23","date_gmt":"2023-02-23T18:01:23","guid":{"rendered":"https:\/\/tecsecmty.com\/index.php\/producto\/bosch-m_ple1p240us-amplificador-plena-240w\/"},"modified":"2023-03-22T23:21:32","modified_gmt":"2023-03-23T05:21:32","slug":"bosch-m_ple1p240us-amplificador-plena-240w","status":"publish","type":"product","link":"https:\/\/tecsecmty.com\/index.php\/producto\/bosch-m_ple1p240us-amplificador-plena-240w\/","title":{"rendered":"BOSCH M_PLE1P240US &#8211; Amplificador plena 240W"},"content":{"rendered":"<h5 class=\"card-title text-center\">PLE-1P240-US Amplificador de potencia de 240W<\/h5>\n<p class=\"ql-align-justify\"><strong>El PLE-1P120-US y el PLE-1P240-US son dos amolificadores de<\/strong><\/p>\n<p class=\"ql-align-justify\"><strong>Potencia\u00a0de alto consumo para conectar y usar amplificadores que\u00a0 entregan 120 y 240 vatios a constante.<\/strong><\/p>\n<p class=\"ql-align-justify\">Voltaje o cargas de 4 ohmios. Construido con calidad premium y protecciones, ofrecen funcionalidad b\u00e1sica a un presupuesto.<\/p>\n<p class=\"ql-align-justify\">Los amplificadores ofrecen l\u00edneas de 1 V y 70 V en l\u00ednea, y salidas de 25\/70 V y 4 ohmios. Pueden extender el potencia de los amplificadores mezcladores de la serie PLE o combinado con el mezclador PLE-10M2-US, o el trabajo en cualquier lugar donde haya m\u00e1s potencia en una l\u00ednea existente de 70 V es necesario o cuando se proporciona una se\u00f1al de nivel de l\u00ednea.<\/p>\n<p class=\"ql-align-justify\"><strong>Funciones b\u00e1sicas<\/strong><\/p>\n<p class=\"ql-align-justify\"><strong>Protecci\u00f3n<\/strong><\/p>\n<p class=\"ql-align-justify\">El amplificador est\u00e1 protegido contra sobrecargas y cortos.<\/p>\n<p class=\"ql-align-justify\">circuitos un limitador protege el amplificador y altavoz contra sobrecargas\u00a0accidentales.<\/p>\n<p class=\"ql-align-justify\">El ventilador de temperatura controlada garantiza un enfriamiento adecuado sin producir ruido ac\u00fastico a menor niveles salida.<\/p>\n<p class=\"ql-align-justify\"><strong>Entrada y salida de potencia<\/strong><\/p>\n<p class=\"ql-align-justify\">La unidad funciona tanto a la red como a 24 V bater\u00eda de alimentaci\u00f3n para respaldo de emergencia, con cambio autom\u00e1tico. El amplificador tambi\u00e9n tiene incorporado cargador para cargar la bater\u00eda conectada. El sistema tiene una entrada balanceada y una facilidad de paso. Esta facilita la conexi\u00f3n de m\u00faltiples amplificadores.<\/p>\n<p class=\"ql-align-justify\">La entrada secundaria es una entrada de l\u00ednea de 70 V para conectar el amplificador a una l\u00ednea de altavoces de 25\/70 V para proporcionar m\u00e1s potencia en lugares remotos.<\/p>\n<p class=\"ql-align-justify\">El control de ganancia o nivel se encuentra en la parte posterior de la unidad para evitar el cambio accidental de configuraci\u00f3n. Un medidor LED VU muestra el nivel de salida.<\/p>\n<p class=\"ql-align-justify\">El amplificador tiene salidas de 25 y 70 V para sistemas de altavoces de voltaje, y una baja impedancia salida para cargas de altavoz de 4 ohmios.<\/p>\n<p class=\"ql-align-justify\"><strong>Controles e indicadores<\/strong><\/p>\n<p class=\"ql-align-justify\"><strong>Frente<\/strong><\/p>\n<ul>\n<li class=\"ql-align-justify\">Encendido LED.<\/li>\n<li class=\"ql-align-justify\">Medidor LED VU para salida maestra (LED para -18, -12 -6,-3, 0 dB).<\/li>\n<li class=\"ql-align-justify\">Boton de encendido \/ apagado.<\/li>\n<\/ul>\n<p class=\"ql-align-justify\"><strong>Espalda<\/strong><\/p>\n<p class=\"ql-align-justify\">\u2022 Control de nivel Interconexiones ver especificaciones t\u00e9cnicas.<\/p>\n<p class=\"ql-align-justify\"><strong>Certificaciones y homologaciones.<\/strong><\/p>\n<ul>\n<li class=\"ql-align-justify\">Emisi\u00f3n de EMC seg\u00fan. a EN 55103-1.<\/li>\n<li class=\"ql-align-justify\">Inmunidad EMC acc. a EN 55103-2.<\/li>\n<\/ul>\n<p class=\"ql-align-justify\"><strong>Nota:\u00a0<\/strong><strong>Amplificador de potencia, 240W<\/strong><\/p>\n<p class=\"ql-align-justify\"><strong>El amplificador est\u00e1 protegido contra sobrecargas y cortos\u00a0<\/strong><strong>circuitos.<\/strong><\/p>\n<p class=\"ql-align-justify\"><strong>N\u00famero de pedido: PLE-1P240-US.<\/strong><\/p>\n<p class=\"ql-align-justify\"><strong>Principales Caracter\u00edsticas<\/strong><\/p>\n<ul>\n<li class=\"ql-align-justify\">Amplificador de potencia u 120 y 240 W en un alojamiento compacto.<\/li>\n<li class=\"ql-align-justify\">1 V l\u00ednea de entrada balanceada.<\/li>\n<li class=\"ql-align-justify\">70 V, 25 V y salidas de 4 ohmios.<\/li>\n<li class=\"ql-align-justify\">Entrada de 70 V para el funcionamiento esclavo en la l\u00ednea de altavoces de 70 V.<\/li>\n<li class=\"ql-align-justify\">Temperatura controlada forzado de adelante hacia atr\u00e1s ventilaci\u00f3n (directamente apilable).<\/li>\n<\/ul>\n<p class=\"ql-align-justify\"><strong>Especificaciones<\/strong><\/p>\n<p class=\"ql-align-justify\"><strong>El\u00e9ctrico<\/strong><\/p>\n<p class=\"ql-align-justify\"><strong>Fuente de alimentaci\u00f3n<\/strong><\/p>\n<ul>\n<li class=\"ql-align-justify\">Voltaje 115 &#8211; 230 VAC \u00b1 10%, 50\/60 Hz.<\/li>\n<li class=\"ql-align-justify\">Corriente de arranque PLE-1P120-US 4.5 \/ 9 A (230\/115 VCA).<\/li>\n<li class=\"ql-align-justify\">Corriente de arranque PLE-1P240-US 9\/18 A (230\/115 VCA).<\/li>\n<li class=\"ql-align-justify\">Consumo de energ\u00eda PLE-1P120-US 380 VA.<\/li>\n<li class=\"ql-align-justify\">Consumo de energ\u00eda PLE-1P240-US 760 VA.<\/li>\n<\/ul>\n<p class=\"ql-align-justify\"><strong>Fuente de alimentaci\u00f3n de bater\u00eda<\/strong><\/p>\n<ul>\n<li class=\"ql-align-justify\">Tensi\u00f3n 24 VDC \u00b1 15%.<\/li>\n<li class=\"ql-align-justify\">Corriente PLE-1P120-US 5.5 A.<\/li>\n<li class=\"ql-align-justify\">Corriente PLE-1P240-US 11 A.<\/li>\n<li class=\"ql-align-justify\">Corriente de carga 0.5 ADC.<\/li>\n<li class=\"ql-align-justify\">Tensi\u00f3n de flotaci\u00f3n de carga 27.3 VDC.<\/li>\n<\/ul>\n<p class=\"ql-align-justify\"><strong>Consumo de energ\u00eda (PLE-1P240-US)<\/strong><\/p>\n<ul>\n<li class=\"ql-align-justify\">Potencia m\u00e1x. (Red) 451 W -6dB (red) 244 W.<\/li>\n<li class=\"ql-align-justify\">Inactivo (red) 16 W.<\/li>\n<li class=\"ql-align-justify\">Potencia m\u00e1xima (24 V) 12 A (290 W) -6 dB (24 V) 8.1 A (194 W).<\/li>\n<li class=\"ql-align-justify\">Inactivo (24 V) 0,3 A (7 W).<\/li>\n<\/ul>\n<p class=\"ql-align-justify\"><strong>Actuaci\u00f3n<\/strong><\/p>\n<ul>\n<li class=\"ql-align-justify\">Potencia m\u00e1xima \/ nominal PLE-1P120-US 180 W \/ 120 W<\/li>\n<li class=\"ql-align-justify\">Potencia m\u00e1xima \/ nominal PLE-1P240-US 360 W \/ 240 W<\/li>\n<li class=\"ql-align-justify\">Reducci\u00f3n de potencia en potencia de respaldo -1 dB.<\/li>\n<li class=\"ql-align-justify\">Respuesta de frecuencia de 50 Hz a 20 kHz (+ 1 \/ \u20113 dB @ \u201110 dB ref. salida nominal).<\/li>\n<li class=\"ql-align-justify\">Distorsi\u00f3n &lt;1% @ potencia de salida nominal, 1 kHz.<\/li>\n<\/ul>\n<p class=\"ql-align-justify\"><strong>Entradas<\/strong><\/p>\n<ul>\n<li class=\"ql-align-justify\">Conector 1 estilo Euro de 3 pines, equilibrado.<\/li>\n<li class=\"ql-align-justify\">Sensibilidad 1 V.<\/li>\n<li class=\"ql-align-justify\">Impedancia 20 kohm.<\/li>\n<li class=\"ql-align-justify\">Conector 2 estilo Euro de 3 pines, equilibrado.<\/li>\n<li class=\"ql-align-justify\">Sensibilidad 70 V.<\/li>\n<li class=\"ql-align-justify\">Impedancia 300 kohm.<\/li>\n<li class=\"ql-align-justify\">Rango din\u00e1mico 100 dB.<\/li>\n<li class=\"ql-align-justify\">CMRR (mic)&gt; 40 dB (50 Hz a 20 kHz)..<\/li>\n<\/ul>\n<p class=\"ql-align-justify\"><strong>Salidas de altavoz 25 V y 70 V<\/strong><\/p>\n<ul>\n<li class=\"ql-align-justify\">Conector atornillable estilo euro tornillo terminales.<\/li>\n<li class=\"ql-align-justify\">Salida de altavoz de 4 ohmios.<\/li>\n<li class=\"ql-align-justify\">Conector atornillable estilo euro tornillo terminales.<\/li>\n<li class=\"ql-align-justify\">PLE-1P120-US 31 V (120 W).<\/li>\n<li class=\"ql-align-justify\">PLE-1P240-US 44 V (240 W).<\/li>\n<\/ul>\n<p class=\"ql-align-justify\"><strong>Mec\u00e1nico<\/strong><\/p>\n<ul>\n<li class=\"ql-align-justify\">Dimensiones (alto x ancho x alto) 100 x 430 x 270 mm<\/li>\n<li class=\"ql-align-justify\">(19 \u00abde ancho, 2U de alto).<\/li>\n<li class=\"ql-align-justify\">Montaje independiente, bastidor de 19 \u00ab.<\/li>\n<li class=\"ql-align-justify\">Color carb\u00f3n de le\u00f1a.<\/li>\n<li class=\"ql-align-justify\">Peso (PLE-1P120-US) Aprox. 23.2 libras.<\/li>\n<li class=\"ql-align-justify\">Peso (PLE-1P240-US) Aprox. 27.6 libras.<\/li>\n<\/ul>\n<p class=\"ql-align-justify\"><strong>Ambiental<\/strong><\/p>\n<ul>\n<li class=\"ql-align-justify\">Temperatura de funcionamiento +14 \u00baF a +131 \u00baF.<\/li>\n<li class=\"ql-align-justify\">Temperatura de almacenamiento -40 \u00baF a +158 \u00baF.<\/li>\n<li class=\"ql-align-justify\">Humedad relativa &lt;95%.<\/li>\n<li class=\"ql-align-justify\">Nivel de ruido ac\u00fastico del ventilador &lt;40 dB SPL a 1 m temperatura controlada.<\/li>\n<\/ul>\n<p>&nbsp;<\/p>\n<p><img fetchpriority=\"high\" decoding=\"async\" class=\"alignnone size-full wp-image-9866\" src=\"https:\/\/tecsecmty.com\/wp-content\/uploads\/2023\/02\/6.png\" alt=\"\" width=\"960\" height=\"540\" \/><\/p>\n","protected":false},"excerpt":{"rendered":"<p>PLE-1P240-US Amplificador de potencia de 240W El PLE-1P120-US y el PLE-1P240-US son dos amolificadores de Potencia\u00a0de alto consumo para conectar y usar amplificadores que\u00a0 entregan 120 y 240 vatios a constante. Voltaje o cargas de 4 ohmios. Construido con calidad premium y protecciones, ofrecen funcionalidad&hellip;<\/p>\n","protected":false},"featured_media":6231,"comment_status":"open","ping_status":"closed","template":"","meta":{"om_disable_all_campaigns":false,"_monsterinsights_skip_tracking":false,"_monsterinsights_sitenote_active":false,"_monsterinsights_sitenote_note":"","_monsterinsights_sitenote_category":0},"product_brand":[],"product_cat":[529],"product_tag":[513,514,511,516,519,517,520,515,181,518,512],"class_list":{"0":"post-6232","1":"product","2":"type-product","3":"status-publish","4":"has-post-thumbnail","6":"product_cat-amplificadores","7":"product_tag-altavoces","8":"product_tag-amplificadores","9":"product_tag-audio-y-video","10":"product_tag-audioporteros","11":"product_tag-digital-signage","12":"product_tag-intercomunicadores","13":"product_tag-kits-videoporteros","14":"product_tag-mezcladoras","15":"product_tag-microfonos","16":"product_tag-sistemas-de-enfermeria","17":"product_tag-videoporteros","19":"first","20":"instock","21":"sale","22":"taxable","23":"shipping-taxable","24":"purchasable","25":"product-type-simple"},"aioseo_notices":[],"_links":{"self":[{"href":"https:\/\/tecsecmty.com\/index.php\/wp-json\/wp\/v2\/product\/6232","targetHints":{"allow":["GET"]}}],"collection":[{"href":"https:\/\/tecsecmty.com\/index.php\/wp-json\/wp\/v2\/product"}],"about":[{"href":"https:\/\/tecsecmty.com\/index.php\/wp-json\/wp\/v2\/types\/product"}],"replies":[{"embeddable":true,"href":"https:\/\/tecsecmty.com\/index.php\/wp-json\/wp\/v2\/comments?post=6232"}],"version-history":[{"count":0,"href":"https:\/\/tecsecmty.com\/index.php\/wp-json\/wp\/v2\/product\/6232\/revisions"}],"wp:featuredmedia":[{"embeddable":true,"href":"https:\/\/tecsecmty.com\/index.php\/wp-json\/wp\/v2\/media\/6231"}],"wp:attachment":[{"href":"https:\/\/tecsecmty.com\/index.php\/wp-json\/wp\/v2\/media?parent=6232"}],"wp:term":[{"taxonomy":"product_brand","embeddable":true,"href":"https:\/\/tecsecmty.com\/index.php\/wp-json\/wp\/v2\/product_brand?post=6232"},{"taxonomy":"product_cat","embeddable":true,"href":"https:\/\/tecsecmty.com\/index.php\/wp-json\/wp\/v2\/product_cat?post=6232"},{"taxonomy":"product_tag","embeddable":true,"href":"https:\/\/tecsecmty.com\/index.php\/wp-json\/wp\/v2\/product_tag?post=6232"}],"curies":[{"name":"wp","href":"https:\/\/api.w.org\/{rel}","templated":true}]}}