{"id":6238,"date":"2023-02-23T12:01:29","date_gmt":"2023-02-23T18:01:29","guid":{"rendered":"https:\/\/tecsecmty.com\/index.php\/producto\/bosch-m_praad604-amplificador-600w-4-canales\/"},"modified":"2023-03-22T23:21:33","modified_gmt":"2023-03-23T05:21:33","slug":"bosch-m_praad604-amplificador-600w-4-canales","status":"publish","type":"product","link":"https:\/\/tecsecmty.com\/index.php\/producto\/bosch-m_praad604-amplificador-600w-4-canales\/","title":{"rendered":"BOSCH M_PRAAD604-AMPLIFICADOR 600W\/ 4 CANALES"},"content":{"rendered":"<h5 class=\"card-title text-center\">Resumen<\/h5>\n<p>Se trata de un amplificador de potencia multicanal flexible y compacto para sistemas de altavoces de 100 V o 70 V en aplicaciones de megafon\u00eda y alarma por voz. Se acopla a topolog\u00edas de sistema centralizado, pero tambi\u00e9n admite topolog\u00edas de sistemas descentralizados gracias a su conexi\u00f3n de red IP OMNEO, combinada con alimentaci\u00f3n CC desde una fuente de alimentaci\u00f3n multifunci\u00f3n.<\/p>\n<p>La potencia de salida de cada canal de amplificador se adapta a la carga de altavoces conectada, solo limitada por la potencia total disponible del amplificador completo. Esta flexibilidad y la integraci\u00f3n de un canal de amplificador de reserva permiten utilizar la potencia disponible de forma eficaz y utilizar menos amplificadores para la misma carga del altavoz en comparaci\u00f3n con el uso de los amplificadores tradicionales.<\/p>\n<p>El procesamiento y el control del sonido digital, ajustado a la ac\u00fastica y los requisitos de cada zona, permiten una mejor inteligibilidad de voz y calidad de sonido<\/p>\n<p>&nbsp;<\/p>\n<p><img fetchpriority=\"high\" decoding=\"async\" class=\"alignnone wp-image-9862 size-full\" src=\"https:\/\/tecsecmty.com\/wp-content\/uploads\/2023\/02\/4-1.png\" alt=\"\" width=\"400\" height=\"300\" \/><\/p>\n<h2>Caracter\u00edsticas<\/h2>\n<p class=\"text-muted\">\n<ul>\n<li>Partici\u00f3n de potencia flexible en todos los canales<\/li>\n<li>Consumo bajo de energ\u00eda y p\u00e9rdida de calor<\/li>\n<li>Supervisi\u00f3n completa con redundancia a prueba de fallos integrada<\/li>\n<li>Procesamiento de se\u00f1ales digitales por canales<\/li>\n<li>Conectado a red IP en OMNEO de audio y control<\/li>\n<\/ul>\n<h5 class=\"card-title text-center\">Funciones<\/h5>\n<p><strong>Amplificador de potencia de 4 canales eficiente<\/strong><\/p>\n<ul>\n<li>Salidas de 70\/100 V, sin transformador, aisladas galv\u00e1nicamente, con una potencia de salida de altavoz total de 600 W.<\/li>\n<li>Partici\u00f3n flexible de la potencia de salida disponible en todos los canales de amplificador para utilizarla de manera eficaz, reduciendo significativamente la cantidad de potencia en amplificaci\u00f3n necesaria en un sistema.<\/li>\n<li>Canal de reserva independiente integrado con ahorro de costes y espacio para redundancia a prueba de fallos.<\/li>\n<li>Canales de amplificador de clase D con l\u00edneas de alimentaci\u00f3n de dos niveles para una alta eficiencia en todas las condiciones de funcionamiento; la disipaci\u00f3n y la p\u00e9rdida de calor se minimizan para ahorrar energ\u00eda y capacidad de bater\u00eda para la alimentaci\u00f3n de reserva.<\/li>\n<\/ul>\n<p><strong>Flexibilidad en las topolog\u00edas de altavoces<\/strong><\/p>\n<ul>\n<li>Salidas A\/B en cada canal de amplificador compatibles con topolog\u00edas de cableado de altavoces redundantes. Ambas salidas son supervisadas individualmente y desactivadas en caso de fallo.<\/li>\n<li>Posibilidad de cableado de bucle de clase A entre las salidas de altavoz A y B. Medio de conexi\u00f3n dedicado para un dispositivo de fin de l\u00ednea que supervise el bucle completo, incluida la conexi\u00f3n de salida B.<\/li>\n<li>Respuesta de frecuencia independiente de carga; los canales del amplificador se pueden utilizar con cualquier carga de altavoces hasta el m\u00e1ximo sin variaciones en la calidad del audio.<\/li>\n<\/ul>\n<p><strong>Calidad de sonido<\/strong><\/p>\n<ul>\n<li>Audio sobre IP, utiliza OMNEO, la interfaz de audio digital de alta calidad Bosch, compatible con Dante y AES67; la frecuencia de muestreo de audio es de 48 kHz con tama\u00f1o de la muestra de 24 bits.<\/li>\n<li>Relaci\u00f3n se\u00f1al\/ruido elevada, amplio ancho de banda de audio, distorsi\u00f3n y diafon\u00eda muy reducidas.<\/li>\n<li>Procesamiento de se\u00f1al digital en todos los canales de amplificador, incluida ecualizaci\u00f3n, limitaci\u00f3n y retardo para optimizar y adaptar el sonido en cada zona de altavoces.<\/li>\n<\/ul>\n<p><strong>Supervisi\u00f3n<\/strong><\/p>\n<ul>\n<li>Supervisi\u00f3n del funcionamiento del amplificador y de todas sus conexiones; los fallos se notifican al controlador del sistema y se registran.<\/li>\n<li>Supervisi\u00f3n de integridad de la l\u00ednea de altavoces sin interrupci\u00f3n de audio mediante dispositivos de fin de l\u00ednea (disponibles aparte) para una m\u00e1xima fiabilidad.<\/li>\n<li>Supervisi\u00f3n de enlace de red.<\/li>\n<\/ul>\n<p><strong>Tolerancia a fallos<\/strong><\/p>\n<ul>\n<li>Conexiones de red OMNEO duales, admiten Rapid Spanning Tree Protocol (RSTP) para conexiones en bucle a dispositivos adyacentes.<\/li>\n<li>Entradas duales de 48 VCC con protecci\u00f3n de inversi\u00f3n de polaridad, cada una con un convertidor CC\/CC de m\u00e1xima potencia, funcionando conjuntamente para conseguir redundancia.<\/li>\n<li>Canales de amplificador completamente independientes; el canal de reserva integrado sustituye autom\u00e1ticamente a un canal que falla, teniendo en cuenta los ajustes de procesamiento de sonido real.<\/li>\n<li>Todos los canales de amplificador admiten dos grupos de altavoces independientes, A y B, permitiendo topolog\u00edas de cableado de altavoces redundantes.<\/li>\n<li>Entrada de audio anal\u00f3gica de respaldo que dirige el amplificador de reserva para que preste servicio a todas las zonas de altavoces conectados en caso de que ambas conexiones de red o la interfaz de red del amplificador fallen.<\/li>\n<\/ul>\n<p><strong><u>Especificaciones de arquitectos e ingenieros<\/u><\/strong><\/p>\n<p>El amplificador de 4 canales en red IP est\u00e1 dise\u00f1ado exclusivamente para su uso con sistemas Bosch PRAESENSA. El amplificador debe adaptar la potencia de salida m\u00e1xima de cada canal de amplificador a su carga de altavoz conectado, con potencia de salida asignable libremente por canal para un m\u00e1ximo total de 600 vatios por amplificador, compatible con el funcionamiento de 70 V o 100 V con capacidad de accionamiento directo y salidas que est\u00e1n galv\u00e1nicamente aisladas de la toma de tierra. El amplificador tiene un canal de amplificador de reserva independiente integrado para la conmutaci\u00f3n por error autom\u00e1tica. El amplificador proporciona una interfaz para los datos de control y audio digital multicanal a trav\u00e9s de OMNEO utilizando puertos Ethernet duales para la conexi\u00f3n de red redundante, admite RSTP y cableado en bucle con conmutaci\u00f3n por error autom\u00e1tica a una entrada de respaldo anal\u00f3gica. El amplificador tiene entradas de fuente de alimentaci\u00f3n duales y fuentes de alimentaci\u00f3n. Todos los canales de amplificador tienen salidas de zona A\/B independientes con soporte para bucles de altavoces de clase A. Todos los canales de amplificador supervisan la integridad de las l\u00edneas de altavoces conectados sin interrupci\u00f3n de distribuci\u00f3n de audio. El amplificador proporciona indicaciones de estado LED en el panel frontal del enlace de red, los fallos de toma de tierra, las fuentes de alimentaci\u00f3n y los canales de audio y ofrecen supervisi\u00f3n de software adicional y funciones de notificaci\u00f3n de fallos. El amplificador se puede montar en rack (1U) e incluye procesamiento de se\u00f1ales configurable mediante software con control de nivel, ecualizaci\u00f3n de par\u00e1metros, limitaci\u00f3n y retardo para cada canal. El amplificador se certifica para EN 54-16 \/ ISO 7240-16, cuenta con marcado CE y cumple la Directiva sobre restricciones de ciertas sustancias peligrosas (RoHS).<\/p>\n<p>La garant\u00eda m\u00ednima es de tres a\u00f1os. El amplificador es un Bosch PRA-AD604.<img decoding=\"async\" class=\"alignnone size-full wp-image-9863\" src=\"https:\/\/tecsecmty.com\/wp-content\/uploads\/2023\/02\/5-2.png\" alt=\"\" width=\"1920\" height=\"400\" \/><\/p>\n<h5 class=\"card-title text-center\">Especificaciones clave<\/h5>\n<p><strong>Dimensiones (Alto x Ancho x Fondo) (mm):<\/strong>\u00a044 x 483 x 400 mm<\/p>\n<p><strong>Frecuencia de muestreo (kHz):<\/strong>\u00a048 kHz<\/p>\n<p><strong>Peso (kg):<\/strong>\u00a08.10 kg<\/p>\n<p><strong>Potencia de salida (W):<\/strong>\u00a0600 W<\/p>\n<p><strong>Procesamiento de se\u00f1al:\u00a0<\/strong>Ecualizaci\u00f3n; Limitador; Retardo; Nivel<\/p>\n<p><strong>Protecci\u00f3n:<\/strong>\u00a0Sobrecalentamiento; Sobrecarga; Limitador de potencia de salida RMS; Ground fault; ; Salida de CC; ; Canal libre; L\u00ednea de vida<\/p>\n<p><strong>Protocolos\/est\u00e1ndares:<\/strong>\u00a0OMNEO; AES 70<\/p>\n<p><strong>Relaci\u00f3n se\u00f1al-ruido (&gt; valor declarado) (dBA):\u00a0<\/strong>107 dBA<\/p>\n<p><strong>Respuesta en frecuencias (Hz):<\/strong>\u00a020 \u2013 20000 Hz<\/p>\n<p><strong>Temperatura de funcionamiento (\u00b0C):\u00a0<\/strong>-5 \u2013 50 \u00b0C<\/p>\n<p><strong>Tensi\u00f3n de funcionamiento (VCC):<\/strong>\u00a044 \u2013 60 VCC<\/p>\n","protected":false},"excerpt":{"rendered":"<p>Resumen Se trata de un amplificador de potencia multicanal flexible y compacto para sistemas de altavoces de 100 V o 70 V en aplicaciones de megafon\u00eda y alarma por voz. Se acopla a topolog\u00edas de sistema centralizado, pero tambi\u00e9n admite topolog\u00edas de sistemas descentralizados gracias&hellip;<\/p>\n","protected":false},"featured_media":6237,"comment_status":"open","ping_status":"closed","template":"","meta":{"om_disable_all_campaigns":false,"_monsterinsights_skip_tracking":false,"_monsterinsights_sitenote_active":false,"_monsterinsights_sitenote_note":"","_monsterinsights_sitenote_category":0},"product_brand":[],"product_cat":[529],"product_tag":[513,514,511,516,519,517,520,515,181,518,512],"class_list":{"0":"post-6238","1":"product","2":"type-product","3":"status-publish","4":"has-post-thumbnail","6":"product_cat-amplificadores","7":"product_tag-altavoces","8":"product_tag-amplificadores","9":"product_tag-audio-y-video","10":"product_tag-audioporteros","11":"product_tag-digital-signage","12":"product_tag-intercomunicadores","13":"product_tag-kits-videoporteros","14":"product_tag-mezcladoras","15":"product_tag-microfonos","16":"product_tag-sistemas-de-enfermeria","17":"product_tag-videoporteros","19":"first","20":"instock","21":"sale","22":"taxable","23":"shipping-taxable","24":"purchasable","25":"product-type-simple"},"aioseo_notices":[],"_links":{"self":[{"href":"https:\/\/tecsecmty.com\/index.php\/wp-json\/wp\/v2\/product\/6238","targetHints":{"allow":["GET"]}}],"collection":[{"href":"https:\/\/tecsecmty.com\/index.php\/wp-json\/wp\/v2\/product"}],"about":[{"href":"https:\/\/tecsecmty.com\/index.php\/wp-json\/wp\/v2\/types\/product"}],"replies":[{"embeddable":true,"href":"https:\/\/tecsecmty.com\/index.php\/wp-json\/wp\/v2\/comments?post=6238"}],"version-history":[{"count":0,"href":"https:\/\/tecsecmty.com\/index.php\/wp-json\/wp\/v2\/product\/6238\/revisions"}],"wp:featuredmedia":[{"embeddable":true,"href":"https:\/\/tecsecmty.com\/index.php\/wp-json\/wp\/v2\/media\/6237"}],"wp:attachment":[{"href":"https:\/\/tecsecmty.com\/index.php\/wp-json\/wp\/v2\/media?parent=6238"}],"wp:term":[{"taxonomy":"product_brand","embeddable":true,"href":"https:\/\/tecsecmty.com\/index.php\/wp-json\/wp\/v2\/product_brand?post=6238"},{"taxonomy":"product_cat","embeddable":true,"href":"https:\/\/tecsecmty.com\/index.php\/wp-json\/wp\/v2\/product_cat?post=6238"},{"taxonomy":"product_tag","embeddable":true,"href":"https:\/\/tecsecmty.com\/index.php\/wp-json\/wp\/v2\/product_tag?post=6238"}],"curies":[{"name":"wp","href":"https:\/\/api.w.org\/{rel}","templated":true}]}}