{"id":6242,"date":"2023-02-23T12:01:32","date_gmt":"2023-02-23T18:01:32","guid":{"rendered":"https:\/\/tecsecmty.com\/index.php\/producto\/bosch-m_prapsm24-modulo-de-fuente-de-alimentacion-24v\/"},"modified":"2023-03-22T23:21:33","modified_gmt":"2023-03-23T05:21:33","slug":"bosch-m_prapsm24-modulo-de-fuente-de-alimentacion-24v","status":"publish","type":"product","link":"https:\/\/tecsecmty.com\/index.php\/producto\/bosch-m_prapsm24-modulo-de-fuente-de-alimentacion-24v\/","title":{"rendered":"BOSCH M_PRAPSM24- MODULO DE FUENTE DE ALIMENTACION 24V"},"content":{"rendered":"<h5 class=\"card-title text-center\">Resumen<\/h5>\n<p>El m\u00f3dulo de fuente de alimentaci\u00f3n PRA-PSM24 es una fuente de alimentaci\u00f3n compacta montada en carril DIN que suministra continuamente 24 V hasta 10 A. Esta fuente de alimentaci\u00f3n es una fuente de alimentaci\u00f3n OEM, fabricada para Bosch por Delta Power Supply como una alternativa rentable para la fuente de alimentaci\u00f3n multifunci\u00f3n PRAESENSA PRA-MPS3 para alimentar un controlador de sistema PRAESENSA u otros dispositivos y utilidades que necesitan 24 V, en caso de que no se necesiten funciones y caracter\u00edsticas adicionales de la fuente de alimentaci\u00f3n multifunci\u00f3n.<\/p>\n<p>La fuente de alimentaci\u00f3n PRA-PSM24 tambi\u00e9n puede alimentar controladores y enrutadores Bosch PAVIRO en caso de que no se necesite ninguna bater\u00eda de reserva, como alternativa a la fuente de alimentaci\u00f3n y cargador de bater\u00eda PLN\u201124CH12 de Bosch.<\/p>\n<p>El PRA-PSM24 no est\u00e1 certificado para la norma EN 54\u20114 y normas similares.<\/p>\n<p><img fetchpriority=\"high\" decoding=\"async\" class=\"wp-image-9843 aligncenter\" src=\"https:\/\/tecsecmty.com\/wp-content\/uploads\/2023\/02\/1-2-1.png\" alt=\"\" width=\"345\" height=\"259\" \/><\/p>\n<h2 style=\"text-align: left\">Caracter\u00edsticas<\/h2>\n<p class=\"text-muted\" style=\"text-align: left\">\n<ul>\n<li style=\"text-align: left\">Tensi\u00f3n de entrada de alimentaci\u00f3n de red el\u00e9ctrica universal<\/li>\n<li style=\"text-align: left\">Correcci\u00f3n del factor de potencia<\/li>\n<li style=\"text-align: left\">Protecci\u00f3n con recuperaci\u00f3n autom\u00e1tica<\/li>\n<li style=\"text-align: left\">Aprobado para alimentar un controlador de sistema PRAESENSA y un controlador y enrutador PAVIRO<\/li>\n<li style=\"text-align: left\">Compacto y para montaje en carril DIN<\/li>\n<\/ul>\n<h5 class=\"card-title text-center\">Funciones<\/h5>\n<p><strong>Fuente de alimentaci\u00f3n de red<\/strong><\/p>\n<ul>\n<li>Fuente de alimentaci\u00f3n compacta para montar en carril DIN que suministra continuamente 24 V hasta 10 A para la alimentaci\u00f3n de varias utilidades y dispositivos en sistemas de megafon\u00eda.<\/li>\n<li>Entrada de alimentaci\u00f3n el\u00e9ctrica con factor de correcci\u00f3n de potencia para maximizar la cantidad de energ\u00eda que se puede extraer de una red de suministro de fase \u00fanica.<\/li>\n<li>La alimentaci\u00f3n de red el\u00e9ctrica se suministra a trav\u00e9s de un conector roscado de 3 polos que requiere la instalaci\u00f3n del m\u00f3dulo por instaladores profesionales y en un lugar seguro sin acceso para el usuario.<\/li>\n<li>Tensi\u00f3n de salida ajustable, de 24 a 28 V.<\/li>\n<li>Para garantizar la redundancia a prueba de fallos se pueden utilizar dos fuentes de alimentaci\u00f3n de 24 V para un controlador de sistema PRAESENSA, una conectada a su entrada A de 24 V y la otra a la entrada B. En ese caso, la fuente de alimentaci\u00f3n con mayor tensi\u00f3n suministra la alimentaci\u00f3n, la otra se est\u00e1 disponible como reserva.<\/li>\n<\/ul>\n<p><strong>Protecciones<\/strong><\/p>\n<ul>\n<li>Protecci\u00f3n contra sobretensi\u00f3n con recuperaci\u00f3n autom\u00e1tica.<\/li>\n<li>Protecci\u00f3n contra sobrecarga con recuperaci\u00f3n autom\u00e1tica.<\/li>\n<li>Protecci\u00f3n contra exceso de temperatura con recuperaci\u00f3n autom\u00e1tica.<\/li>\n<\/ul>\n<p><strong><u>Especificaciones de arquitectos e ingenieros<\/u><\/strong><\/p>\n<p>El m\u00f3dulo de fuente de alimentaci\u00f3n de 24 V contiene una entrada de alimentaci\u00f3n de red con correcci\u00f3n del factor de potencia y una salida de 24 V. La capacidad de corriente de salida es de 10 A continua y 15 A de pico. Se aprueba para la alimentaci\u00f3n de los equipos PRAESENSA y PAVIRO de Bosch. La fuente de alimentaci\u00f3n se puede montar en carril DIN con refrigeraci\u00f3n pasiva. La fuente de alimentaci\u00f3n debe estar marcada para UL y CE y ser conforme a la Directiva RoHS. La garant\u00eda m\u00ednima es de tres a\u00f1os. El m\u00f3dulo de la fuente de alimentaci\u00f3n es un Bosch PRA-PSM24.<\/p>\n<p><img decoding=\"async\" class=\"alignnone size-full wp-image-9847\" src=\"https:\/\/tecsecmty.com\/wp-content\/uploads\/2023\/02\/1-3-1.png\" alt=\"\" width=\"1920\" height=\"400\" \/><\/p>\n<p><img decoding=\"async\" class=\"alignnone size-full wp-image-9848\" src=\"https:\/\/tecsecmty.com\/wp-content\/uploads\/2023\/02\/1-4.png\" alt=\"\" width=\"400\" height=\"300\" data-wp-editing=\"1\" \/>Certificaciones y aprobaciones<\/p>\n<p>\u00c1mbitos de regulaci\u00f3n<\/p>\n<h5 class=\"card-title text-center\">Especificaciones clave<\/h5>\n<p><strong>Dimensiones (Alto x Ancho x Fondo) (mm):\u00a0<\/strong>121 x 85 x 124 mm<\/p>\n<p><strong>Factor de alimentaci\u00f3n:<\/strong>\u00a00.90<\/p>\n<p><strong>Peso (kg):\u00a0<\/strong>1.10 kg<\/p>\n<p><strong>Protecci\u00f3n:<\/strong>\u00a0Sobrecalentamiento; Sobrecarga; Sobretensi\u00f3n<\/p>\n<p><strong>Temperatura de funcionamiento (\u00b0C):<\/strong>\u00a0-25 \u2013 80 \u00b0C<\/p>\n<p><strong>Tensi\u00f3n de funcionamiento (VCA):<\/strong>\u00a085 \u2013 264 VCA<\/p>\n<p>&nbsp;<\/p>\n","protected":false},"excerpt":{"rendered":"<p>Resumen El m\u00f3dulo de fuente de alimentaci\u00f3n PRA-PSM24 es una fuente de alimentaci\u00f3n compacta montada en carril DIN que suministra continuamente 24 V hasta 10 A. Esta fuente de alimentaci\u00f3n es una fuente de alimentaci\u00f3n OEM, fabricada para Bosch por Delta Power Supply como una&hellip;<\/p>\n","protected":false},"featured_media":6241,"comment_status":"open","ping_status":"closed","template":"","meta":{"om_disable_all_campaigns":false,"_monsterinsights_skip_tracking":false,"_monsterinsights_sitenote_active":false,"_monsterinsights_sitenote_note":"","_monsterinsights_sitenote_category":0},"product_brand":[],"product_cat":[529],"product_tag":[513,514,511,516,519,517,520,515,181,518,512],"class_list":{"0":"post-6242","1":"product","2":"type-product","3":"status-publish","4":"has-post-thumbnail","6":"product_cat-amplificadores","7":"product_tag-altavoces","8":"product_tag-amplificadores","9":"product_tag-audio-y-video","10":"product_tag-audioporteros","11":"product_tag-digital-signage","12":"product_tag-intercomunicadores","13":"product_tag-kits-videoporteros","14":"product_tag-mezcladoras","15":"product_tag-microfonos","16":"product_tag-sistemas-de-enfermeria","17":"product_tag-videoporteros","19":"first","20":"instock","21":"sale","22":"taxable","23":"shipping-taxable","24":"purchasable","25":"product-type-simple"},"aioseo_notices":[],"_links":{"self":[{"href":"https:\/\/tecsecmty.com\/index.php\/wp-json\/wp\/v2\/product\/6242","targetHints":{"allow":["GET"]}}],"collection":[{"href":"https:\/\/tecsecmty.com\/index.php\/wp-json\/wp\/v2\/product"}],"about":[{"href":"https:\/\/tecsecmty.com\/index.php\/wp-json\/wp\/v2\/types\/product"}],"replies":[{"embeddable":true,"href":"https:\/\/tecsecmty.com\/index.php\/wp-json\/wp\/v2\/comments?post=6242"}],"version-history":[{"count":0,"href":"https:\/\/tecsecmty.com\/index.php\/wp-json\/wp\/v2\/product\/6242\/revisions"}],"wp:featuredmedia":[{"embeddable":true,"href":"https:\/\/tecsecmty.com\/index.php\/wp-json\/wp\/v2\/media\/6241"}],"wp:attachment":[{"href":"https:\/\/tecsecmty.com\/index.php\/wp-json\/wp\/v2\/media?parent=6242"}],"wp:term":[{"taxonomy":"product_brand","embeddable":true,"href":"https:\/\/tecsecmty.com\/index.php\/wp-json\/wp\/v2\/product_brand?post=6242"},{"taxonomy":"product_cat","embeddable":true,"href":"https:\/\/tecsecmty.com\/index.php\/wp-json\/wp\/v2\/product_cat?post=6242"},{"taxonomy":"product_tag","embeddable":true,"href":"https:\/\/tecsecmty.com\/index.php\/wp-json\/wp\/v2\/product_tag?post=6242"}],"curies":[{"name":"wp","href":"https:\/\/api.w.org\/{rel}","templated":true}]}}