{"id":6246,"date":"2023-02-23T12:01:36","date_gmt":"2023-02-23T18:01:36","guid":{"rendered":"https:\/\/tecsecmty.com\/index.php\/producto\/bosch-m_prs2p250us-amplificador-de-dos-canales-x-250w-praesideo\/"},"modified":"2023-03-22T23:21:34","modified_gmt":"2023-03-23T05:21:34","slug":"bosch-m_prs2p250us-amplificador-de-dos-canales-x-250w-praesideo","status":"publish","type":"product","link":"https:\/\/tecsecmty.com\/index.php\/producto\/bosch-m_prs2p250us-amplificador-de-dos-canales-x-250w-praesideo\/","title":{"rendered":"BOSCH M_PRS2P250US- AMPLIFICADOR DE DOS CANALES X 250W\/ PRAESIDEO"},"content":{"rendered":"<h5 class=\"card-title text-center\">PRS\u20112P250\u2011US Amplificador de potencia (2 x 250 W)<\/h5>\n<p class=\"ql-align-justify\"><strong>Existen cuatro tipos de amplificadores de potencia dentro de la gama de productos Praesideo.<\/strong>\u00a0Se diferencian en el n\u00famero de canales de amplificador por chasis: uno, dos, cuatro u ocho.La alimentaci\u00f3n general es de 500 vatios para todos los amplificadores.<\/p>\n<p class=\"ql-align-justify\"><strong>Los amplificadores de potencia se pueden<\/strong>\u00a0c<strong>onfigurar para derivaciones de salida de 100 V, 70 V y 50 V.<\/strong>\u00a0Tienen funciones de detecci\u00f3n de cortocircuitos y derivaciones a tierra, y pueden generar su propio tono piloto para tareas de supervisi\u00f3n.<\/p>\n<p class=\"ql-align-justify\"><strong>Funciones b\u00e1sicas<\/strong><\/p>\n<p class=\"ql-align-justify\">Los amplificadores de potencia reciben se\u00f1ales de entrada a trav\u00e9s de la red. Tambi\u00e9n tienen dos entradas de audio auxiliares (cuatro para LBB 4428\/00) para el audio local. Las ocho entradas de control son de libre programaci\u00f3n para acciones del sistema y se les pueden asignar prioridades. Cada entrada de control puede supervisar la l\u00ednea conectada para detectar circuitos abiertos y cortocircuitos. Las salidas de control son totalmente programables para acciones relacionadas con fallos y llamadas.<\/p>\n<p class=\"ql-align-justify\">La pantalla de 2 l\u00edneas de 16 caracteres y el control giratorio permiten realizar comprobaciones de estado local. La pantalla muestra la lectura del medidor VU cuando se selecciona el modo de supervisi\u00f3n de audio. El audio se puede supervisar mediante auriculares.<\/p>\n<p class=\"ql-align-justify\">Las unidades se supervisan autom\u00e1ticamente, notifican de forma continua su estado al controlador de red y son compatibles con el cableado de una bifurcaci\u00f3n o de bucle redundante. Los amplificadores disponen de una funci\u00f3n de cambio que permite cambiar a un amplificador de potencia de reserva. Los rel\u00e9s de cambio se incluyen con las unidades. Los amplificadores est\u00e1n preparados para conectar una fuente de alimentaci\u00f3n de reserva de 48 VCC.<\/p>\n<p class=\"ql-align-justify\">El procesamiento de audio digital puede manejar tres secciones de ecualizaci\u00f3n param\u00e9trica y dos secciones de ecualizaci\u00f3n de bandas por canal con retardo de audio configurable.<\/p>\n<p class=\"ql-align-justify\"><strong>Controles e indicadores<\/strong><\/p>\n<ul>\n<li class=\"ql-align-justify\">Pantalla LCD de 2 l\u00edneas de 16 caracteres para mostrar el estado<\/li>\n<li class=\"ql-align-justify\">Bot\u00f3n de control giratorio\/pulsador \u2022 Interruptor de alimentaci\u00f3n<\/li>\n<li class=\"ql-align-justify\">Selector de tensi\u00f3n para PRS\u2011xPxxx.<\/li>\n<\/ul>\n<p class=\"ql-align-justify\"><strong>Interconexiones<\/strong><\/p>\n<ul>\n<li class=\"ql-align-justify\">Entrada de alimentaci\u00f3n<\/li>\n<li class=\"ql-align-justify\">Entrada de bater\u00eda de reserva<\/li>\n<li class=\"ql-align-justify\">Dos conexiones de red de sistema<\/li>\n<li class=\"ql-align-justify\">Dos entradas de micr\u00f3fono\/l\u00ednea (cuatro para el modelo LBB 4428\/00)<\/li>\n<li class=\"ql-align-justify\">Opciones de salida de 100 V, 70 V o 50 V (por canal)<\/li>\n<li class=\"ql-align-justify\">Salida fija de 50 V \u2022 Ocho entradas de control programables<\/li>\n<li class=\"ql-align-justify\">Salida de control para cada canal de amplificador<\/li>\n<li class=\"ql-align-justify\">Salida de auriculares<\/li>\n<li class=\"ql-align-justify\">Conexi\u00f3n de amplificador de reserva para cada canal de amplificador.<\/li>\n<\/ul>\n<p class=\"ql-align-justify\"><strong>Nota:\u00a0PRS\u20112P250\u2011US<\/strong>\u00a0Amplificador de potencia (2 x 250 W) Amplificador de potencia de dos canales con conexi\u00f3n a la red Praesideo, 2 x 250 W, unidad de rack de 2 RU, versi\u00f3n para EE.UU.\u00a0<strong>N\u00famero de pedido PRS-2P250-US.<\/strong><\/p>\n<p class=\"ql-align-justify\"><strong>Principales Caracter\u00edsticas:<\/strong><\/p>\n<ul>\n<li class=\"ql-align-justify\">1, 2, 4 u 8 salidas de audio (opciones de salida de 100\/70\/50 V).<\/li>\n<li class=\"ql-align-justify\">Procesamiento y retardo de audio para cada canal de amplificador.<\/li>\n<li class=\"ql-align-justify\">Supervisi\u00f3n de amplificador y conmutaci\u00f3n a un amplificador de reserva.<\/li>\n<li class=\"ql-align-justify\">Supervisi\u00f3n de los altavoces y la l\u00ednea de altavoces (s\u00f3lo supervisi\u00f3n de l\u00ednea de LBB 4428\/00).<\/li>\n<li class=\"ql-align-justify\">8 entradas de control y 1, 2, 4.<\/li>\n<li class=\"ql-align-justify\">8 salidas de control.<\/li>\n<\/ul>\n<p class=\"ql-align-justify\"><strong>Especificaciones:<\/strong><\/p>\n<p class=\"ql-align-justify\"><strong>El\u00e9ctricas<\/strong><\/p>\n<p class=\"ql-align-justify\"><strong>Fuente de alimentaci\u00f3n<\/strong><\/p>\n<p class=\"ql-align-justify\"><strong>Tensi\u00f3n:<\/strong><\/p>\n<ul>\n<li class=\"ql-align-justify\">PRS\u2011xPxxx: 115\/230 VCA \u00b110%, 50\/60 Hz.<\/li>\n<li class=\"ql-align-justify\">LBB 4428\/00: De 100 a 240 VCA \u00b110%, 50\/60 Hz.<\/li>\n<li class=\"ql-align-justify\">Consumo de energ\u00eda: Pmax -3 dB*\/inactivo**\/en esper.<\/li>\n<li class=\"ql-align-justify\">PRS\u20111P500: 350\/50\/20 W.<\/li>\n<li class=\"ql-align-justify\">PRS\u20112P250: 350\/53\/21 W.<\/li>\n<li class=\"ql-align-justify\">PRS\u20114P125: 350\/66\/23 W.<\/li>\n<li class=\"ql-align-justify\">LBB 4428\/00: 430\/90\/32 W.<\/li>\n<\/ul>\n<p class=\"ql-align-justify\"><strong>Mec\u00e1nicas<\/strong><\/p>\n<p class=\"ql-align-justify\"><strong>Dimensiones (Al. x An. x Pr.):<\/strong><\/p>\n<ul>\n<li class=\"ql-align-justify\">Uso para sobremesa (con pies) 92 x 440 x 400 mm (3,6 x 17,3 x 15,7 pulg.)<\/li>\n<li class=\"ql-align-justify\">Uso en rack de 19 pulg. (con soportes) 88 x 483 x 400 mm (3,5 x 19 x 15,7 pulg.)<\/li>\n<li class=\"ql-align-justify\">Delante de los soportes 40 mm (1,6 pulg.) Detr\u00e1s de los soportes 360 mm (14,2 pulg.)<\/li>\n<li class=\"ql-align-justify\">Peso PRS\u20111P500 12,6 kg (27,78 libras)<\/li>\n<li class=\"ql-align-justify\">PRS\u20112P250 13,6 kg (29,98 libras)<\/li>\n<li class=\"ql-align-justify\">PRS\u20114P125 16,1 kg (35,49 libras)<\/li>\n<li class=\"ql-align-justify\">LBB 4428\/00 15,8 kg (34,83 libras)<\/li>\n<li class=\"ql-align-justify\">Montaje Rack: independiente de 19 pulg.<\/li>\n<li class=\"ql-align-justify\">Color:Gris oscuro con plateado.<\/li>\n<\/ul>\n<p class=\"ql-align-justify\"><strong>Medioambientales<\/strong><\/p>\n<ul>\n<li class=\"ql-align-justify\">Temperatura de funcionamiento De -5 \u00b0C a +55 \u00b0C (de +23 \u00b0F a +131 \u00b0F).<\/li>\n<li class=\"ql-align-justify\">Temperatura de almacenamiento De -20 \u00b0C a +70 \u00b0C (de -4 \u00b0F a +158 \u00b0F).<\/li>\n<li class=\"ql-align-justify\">Humedad relativa Del 15% al 90% Presi\u00f3n de aire De 600 a 1.100 hPa.<\/li>\n<\/ul>\n<p><img fetchpriority=\"high\" decoding=\"async\" class=\"alignnone size-full wp-image-9824\" src=\"https:\/\/tecsecmty.com\/wp-content\/uploads\/2023\/02\/3-6.png\" alt=\"\" width=\"960\" height=\"540\" \/><\/p>\n","protected":false},"excerpt":{"rendered":"<p>PRS\u20112P250\u2011US Amplificador de potencia (2 x 250 W) Existen cuatro tipos de amplificadores de potencia dentro de la gama de productos Praesideo.\u00a0Se diferencian en el n\u00famero de canales de amplificador por chasis: uno, dos, cuatro u ocho.La alimentaci\u00f3n general es de 500 vatios para todos&hellip;<\/p>\n","protected":false},"featured_media":6245,"comment_status":"open","ping_status":"closed","template":"","meta":{"om_disable_all_campaigns":false,"_monsterinsights_skip_tracking":false,"_monsterinsights_sitenote_active":false,"_monsterinsights_sitenote_note":"","_monsterinsights_sitenote_category":0},"product_brand":[],"product_cat":[529],"product_tag":[513,514,511,516,519,517,520,515,181,518,512],"class_list":{"0":"post-6246","1":"product","2":"type-product","3":"status-publish","4":"has-post-thumbnail","6":"product_cat-amplificadores","7":"product_tag-altavoces","8":"product_tag-amplificadores","9":"product_tag-audio-y-video","10":"product_tag-audioporteros","11":"product_tag-digital-signage","12":"product_tag-intercomunicadores","13":"product_tag-kits-videoporteros","14":"product_tag-mezcladoras","15":"product_tag-microfonos","16":"product_tag-sistemas-de-enfermeria","17":"product_tag-videoporteros","19":"first","20":"instock","21":"sale","22":"taxable","23":"shipping-taxable","24":"purchasable","25":"product-type-simple"},"aioseo_notices":[],"_links":{"self":[{"href":"https:\/\/tecsecmty.com\/index.php\/wp-json\/wp\/v2\/product\/6246","targetHints":{"allow":["GET"]}}],"collection":[{"href":"https:\/\/tecsecmty.com\/index.php\/wp-json\/wp\/v2\/product"}],"about":[{"href":"https:\/\/tecsecmty.com\/index.php\/wp-json\/wp\/v2\/types\/product"}],"replies":[{"embeddable":true,"href":"https:\/\/tecsecmty.com\/index.php\/wp-json\/wp\/v2\/comments?post=6246"}],"version-history":[{"count":0,"href":"https:\/\/tecsecmty.com\/index.php\/wp-json\/wp\/v2\/product\/6246\/revisions"}],"wp:featuredmedia":[{"embeddable":true,"href":"https:\/\/tecsecmty.com\/index.php\/wp-json\/wp\/v2\/media\/6245"}],"wp:attachment":[{"href":"https:\/\/tecsecmty.com\/index.php\/wp-json\/wp\/v2\/media?parent=6246"}],"wp:term":[{"taxonomy":"product_brand","embeddable":true,"href":"https:\/\/tecsecmty.com\/index.php\/wp-json\/wp\/v2\/product_brand?post=6246"},{"taxonomy":"product_cat","embeddable":true,"href":"https:\/\/tecsecmty.com\/index.php\/wp-json\/wp\/v2\/product_cat?post=6246"},{"taxonomy":"product_tag","embeddable":true,"href":"https:\/\/tecsecmty.com\/index.php\/wp-json\/wp\/v2\/product_tag?post=6246"}],"curies":[{"name":"wp","href":"https:\/\/api.w.org\/{rel}","templated":true}]}}