{"id":6250,"date":"2023-02-23T12:01:42","date_gmt":"2023-02-23T18:01:42","guid":{"rendered":"https:\/\/tecsecmty.com\/index.php\/producto\/bosch-m_prscsi-interfaz-para-la-estacion-de-llamada-remota-prscsr-praesideo\/"},"modified":"2023-03-22T23:21:34","modified_gmt":"2023-03-23T05:21:34","slug":"bosch-m_prscsi-interfaz-para-la-estacion-de-llamada-remota-prscsr-praesideo","status":"publish","type":"product","link":"https:\/\/tecsecmty.com\/index.php\/producto\/bosch-m_prscsi-interfaz-para-la-estacion-de-llamada-remota-prscsr-praesideo\/","title":{"rendered":"BOSCH M_PRSCSI- INTERFAZ PARA LA ESTACION DE LLAMADA REMOTA PRSCSR\/ PRAESIDEO"},"content":{"rendered":"<h5 class=\"card-title text-center\">Interfaz de estaci\u00f3n de llamada PRS-CSI<\/h5>\n<p class=\"ql-align-justify\"><strong>PRS-CSI<\/strong>\u00a0es una interfaz entre una \u00fanica estaci\u00f3n de llamada remota,\u00a0<strong>PRS-CSR<\/strong>, o un kit de estaci\u00f3n de llamada remota,\u00a0<strong>PRS-CSRK,\u00a0<\/strong>y la red de fibra \u00f3ptica Praesideo.\u00a0<strong>Utiliza un cable CAT-5<\/strong>\u00a0para conectarse a la estaci\u00f3n de llamada remota. El cable CAT-5 transfiere las se\u00f1ales de audio digital y los datos de control a una\u00a0<strong>distancia m\u00e1xima de 1 km<\/strong>. La longitud del cable CAT-5 no es parte de la longitud de la red de fibra \u00f3ptica Praesideo. De esta forma, se aumenta de manera significativa la longitud global posible de la red de fibra \u00f3ptica, sobre todo en los casos en los que la estaci\u00f3n de llamada se encuentra alejada del resto del sistema.<\/p>\n<p class=\"ql-align-justify\">La interfaz de la estaci\u00f3n de llamada puede obtener la alimentaci\u00f3n de la red Praesideo y\/o de una fuente de alimentaci\u00f3n local. Dispone de una supervisi\u00f3n completa.<\/p>\n<p class=\"ql-align-justify\"><strong>Funciones b\u00e1sicas<\/strong><\/p>\n<p class=\"ql-align-justify\">La interfaz permite conectar una estaci\u00f3n de llamada remota PRS-CSR o un kit de estaci\u00f3n de llamada remota PRS-CSRK a un sistema Praesideo con un cable CAT-5 de hasta 1 km. La interfaz es totalmente digital y admite sonido de alta calidad gracias a un DSP integrado para el procesamiento de audio de la estaci\u00f3n de llamada remota. Admite una completa supervisi\u00f3n de la propia unidad, la estaci\u00f3n de llamada y de la conexi\u00f3n, as\u00ed como de dos entradas de control. Admite el modo de autoprotecci\u00f3n de estaciones de llamada remotas, lo que les permite realizar llamadas de emergencia aunque el controlador de la red falle. La unidad se configura mediante el controlador de red.<\/p>\n<p class=\"ql-align-justify\">\n<p class=\"ql-align-justify\"><strong>Controles e indicadores<\/strong><\/p>\n<ul>\n<li class=\"ql-align-justify\">Dos indicadores LED para el estado de alimentaci\u00f3n y de la red.<\/li>\n<li class=\"ql-align-justify\">Dos puentes (debajo de la cubierta) para separar la fuente de alimentaci\u00f3n de la interfaz de estaci\u00f3n de llamada y la estaci\u00f3n de llamada remota.<\/li>\n<\/ul>\n<p class=\"ql-align-justify\"><strong>Interconectores.<\/strong><\/p>\n<ul>\n<li class=\"ql-align-justify\">Dos conectores de red Praesideo.<\/li>\n<li class=\"ql-align-justify\">Conector RJ45 para conexi\u00f3n CAT\u20115.<\/li>\n<li class=\"ql-align-justify\">Conector de tipo Kycon (bloqueable) para alimentaci\u00f3n y dos entradas de control.<\/li>\n<\/ul>\n<p class=\"ql-align-justify\"><strong>Piezas incluidas<\/strong><\/p>\n<ul>\n<li class=\"ql-align-justify\">1 PRS-CSI Interfaz de Estaci\u00f3n de Llamada.<\/li>\n<li class=\"ql-align-justify\">1 Conector de fuente de alimentaci\u00f3n.<\/li>\n<\/ul>\n<p class=\"ql-align-justify\"><strong>Nota: Interfaz de estaci\u00f3n de llamada PRS-CSI<\/strong><\/p>\n<p class=\"ql-align-justify\"><strong>Unidad compacta con abrazadera de montaje, interfaz entre la red Praesideo y una estaci\u00f3n de llamada remota conectada mediante un cable CAT-5 que se encuentre hasta a 1.000 m alimentada por la red Praesideo.<\/strong><\/p>\n<p class=\"ql-align-justify\"><strong>N\u00famero de pedido: PRS-CSI.<\/strong><\/p>\n<p class=\"ql-align-justify\"><strong>Principales Caracteristicas:<\/strong><\/p>\n<ul>\n<li class=\"ql-align-justify\">Conecta la estaci\u00f3n de llamada remota a la red Praesideo a trav\u00e9s de un cable CAT-5 (de hasta 1 km).<\/li>\n<li class=\"ql-align-justify\">Puede recibir la alimentaci\u00f3n de la red Praesideo y\/o de una fuente de alimentaci\u00f3n local.<\/li>\n<li class=\"ql-align-justify\">Dos entradas de control supervisadas.<\/li>\n<li class=\"ql-align-justify\">Procesador digital de se\u00f1ales (DSP) integrado para funciones de procesamiento de audio.<\/li>\n<li class=\"ql-align-justify\">Supervisi\u00f3n completa de la unidad.<\/li>\n<\/ul>\n<p class=\"ql-align-justify\">\n<p class=\"ql-align-justify\"><strong>Especificaciones:<\/strong><\/p>\n<p class=\"ql-align-justify\"><strong>El\u00e9ctricas<\/strong><\/p>\n<ul>\n<li class=\"ql-align-justify\">Fuente de alimentaci\u00f3n externa De 18 a 56 VCC.<\/li>\n<li class=\"ql-align-justify\">Consumo de energ\u00eda: 3,7 W.<\/li>\n<li class=\"ql-align-justify\">Entradas de control: 2.<\/li>\n<li class=\"ql-align-justify\">Funcionamiento Contacto de cierre (con supervisi\u00f3n).<\/li>\n<\/ul>\n<p class=\"ql-align-justify\"><strong>Mec\u00e1nicas<\/strong><\/p>\n<ul>\n<li class=\"ql-align-justify\">Dimensiones (Al. x An. x Pr.) 27 x 243 x 80 mm sin soporte (1,1 x 9,6 x 3,1 pulg.) 34 x 243 x 84 mm con soporte (1,3 x 9,6 x 3,3 pulg.)<\/li>\n<li class=\"ql-align-justify\">Peso: 0,7 kg (1,5 libras).<\/li>\n<li class=\"ql-align-justify\">Montaje: Soporte (2 tornillos).<\/li>\n<li class=\"ql-align-justify\">Color: Carb\u00f3n.<\/li>\n<\/ul>\n<p class=\"ql-align-justify\"><strong>Medioambientales<\/strong><\/p>\n<ul>\n<li class=\"ql-align-justify\">Temperatura de funcionamiento De -5 \u00b0C a +55 \u00b0C (de +23 \u00b0F a +131 \u00b0F).<\/li>\n<li class=\"ql-align-justify\">Temperatura de almacenamiento De -20 \u00b0C a +70 \u00b0C (de -4 \u00b0F a +158 \u00b0F).<\/li>\n<li class=\"ql-align-justify\">Humedad: Del 15% al 90%.<\/li>\n<li class=\"ql-align-justify\">Presi\u00f3n de aire: De 600 a 1.100 hPa.<\/li>\n<\/ul>\n","protected":false},"excerpt":{"rendered":"<p>Interfaz de estaci\u00f3n de llamada PRS-CSI PRS-CSI\u00a0es una interfaz entre una \u00fanica estaci\u00f3n de llamada remota,\u00a0PRS-CSR, o un kit de estaci\u00f3n de llamada remota,\u00a0PRS-CSRK,\u00a0y la red de fibra \u00f3ptica Praesideo.\u00a0Utiliza un cable CAT-5\u00a0para conectarse a la estaci\u00f3n de llamada remota. El cable CAT-5 transfiere las&hellip;<\/p>\n","protected":false},"featured_media":6249,"comment_status":"open","ping_status":"closed","template":"","meta":{"om_disable_all_campaigns":false,"_monsterinsights_skip_tracking":false,"_monsterinsights_sitenote_active":false,"_monsterinsights_sitenote_note":"","_monsterinsights_sitenote_category":0},"product_brand":[],"product_cat":[529],"product_tag":[513,514,511,516,519,517,520,515,181,518,512],"class_list":{"0":"post-6250","1":"product","2":"type-product","3":"status-publish","4":"has-post-thumbnail","6":"product_cat-amplificadores","7":"product_tag-altavoces","8":"product_tag-amplificadores","9":"product_tag-audio-y-video","10":"product_tag-audioporteros","11":"product_tag-digital-signage","12":"product_tag-intercomunicadores","13":"product_tag-kits-videoporteros","14":"product_tag-mezcladoras","15":"product_tag-microfonos","16":"product_tag-sistemas-de-enfermeria","17":"product_tag-videoporteros","19":"first","20":"instock","21":"sale","22":"taxable","23":"shipping-taxable","24":"purchasable","25":"product-type-simple"},"aioseo_notices":[],"_links":{"self":[{"href":"https:\/\/tecsecmty.com\/index.php\/wp-json\/wp\/v2\/product\/6250","targetHints":{"allow":["GET"]}}],"collection":[{"href":"https:\/\/tecsecmty.com\/index.php\/wp-json\/wp\/v2\/product"}],"about":[{"href":"https:\/\/tecsecmty.com\/index.php\/wp-json\/wp\/v2\/types\/product"}],"replies":[{"embeddable":true,"href":"https:\/\/tecsecmty.com\/index.php\/wp-json\/wp\/v2\/comments?post=6250"}],"version-history":[{"count":0,"href":"https:\/\/tecsecmty.com\/index.php\/wp-json\/wp\/v2\/product\/6250\/revisions"}],"wp:featuredmedia":[{"embeddable":true,"href":"https:\/\/tecsecmty.com\/index.php\/wp-json\/wp\/v2\/media\/6249"}],"wp:attachment":[{"href":"https:\/\/tecsecmty.com\/index.php\/wp-json\/wp\/v2\/media?parent=6250"}],"wp:term":[{"taxonomy":"product_brand","embeddable":true,"href":"https:\/\/tecsecmty.com\/index.php\/wp-json\/wp\/v2\/product_brand?post=6250"},{"taxonomy":"product_cat","embeddable":true,"href":"https:\/\/tecsecmty.com\/index.php\/wp-json\/wp\/v2\/product_cat?post=6250"},{"taxonomy":"product_tag","embeddable":true,"href":"https:\/\/tecsecmty.com\/index.php\/wp-json\/wp\/v2\/product_tag?post=6250"}],"curies":[{"name":"wp","href":"https:\/\/api.w.org\/{rel}","templated":true}]}}