{"id":6254,"date":"2023-02-23T12:01:46","date_gmt":"2023-02-23T18:01:46","guid":{"rendered":"https:\/\/tecsecmty.com\/index.php\/producto\/bosch-m_psuiir100-unidad-de-alimentacion-para-iluminadores-ir-4-2-amp-ip67\/"},"modified":"2023-03-22T23:21:34","modified_gmt":"2023-03-23T05:21:34","slug":"bosch-m_psuiir100-unidad-de-alimentacion-para-iluminadores-ir-4-2-amp-ip67","status":"publish","type":"product","link":"https:\/\/tecsecmty.com\/index.php\/producto\/bosch-m_psuiir100-unidad-de-alimentacion-para-iluminadores-ir-4-2-amp-ip67\/","title":{"rendered":"BOSCH M_PSUIIR100- UNIDAD DE ALIMENTACION PARA ILUMINADORES IR\/ 4.2 AMP\/ IP67"},"content":{"rendered":"<h5 class=\"card-title text-center\">Fuente de alimentaci\u00f3n PSU-IIR-100, 24 VCC, 100 W<\/h5>\n<p class=\"ql-align-justify\"><strong>Fuentes de alimentaci\u00f3n de 24 VCC de tensi\u00f3n constante para aplicaciones de iluminaci\u00f3n con LED. Modelos de 35 W, 60 W o 100 W.\u00a0<\/strong><\/p>\n<p class=\"ql-align-justify\"><strong>Nota:\u00a0<\/strong><strong>Fuente de alimentaci\u00f3n PSU-IIR-100, 24 VCC, 100 W<\/strong><\/p>\n<p class=\"ql-align-justify\"><strong>Fuente de alimentaci\u00f3n de tensi\u00f3n constante, 24 VCC y 100 W dise\u00f1ada para aplicaciones de iluminaci\u00f3n LED. 100-240 VCA de entrada, 4,16 A de salida. Carcasa de aluminio con certificaci\u00f3n IP67.<\/strong><\/p>\n<p class=\"ql-align-justify\"><strong>N\u00famero de pedido: PSU-IIR-100.<\/strong><\/p>\n<p class=\"ql-align-justify\"><strong>Principales Caracter\u00edsticas<\/strong><\/p>\n<ul>\n<li class=\"ql-align-justify\">Dise\u00f1o de tensi\u00f3n constante para aplicaciones de iluminaci\u00f3n LED externas.<\/li>\n<li class=\"ql-align-justify\">Correcci\u00f3n de factor de alimentaci\u00f3n (PFC) activo integrado, normalmente &gt; 0,93.<\/li>\n<li class=\"ql-align-justify\">Tiempo de encendido &lt; 1 segundo con arranque suave.<\/li>\n<li class=\"ql-align-justify\">Protecci\u00f3n: sobrecarga, sobrecorriente, circuito abierto, cortocircuito, sobrecalentamiento.<\/li>\n<\/ul>\n<p class=\"ql-align-justify\"><strong>Especificaciones<\/strong><\/p>\n<ul>\n<li class=\"ql-align-justify\">Tensi\u00f3n de entrada: 100 &#8211; 240 VCA, 50\/60 Hz.<\/li>\n<li class=\"ql-align-justify\">Tensi\u00f3n de salida 24 V CC, \u00b12 %.<\/li>\n<li class=\"ql-align-justify\">Carga m\u00e1xima 35 W: 1,46 A 60 W: 2,5 A 100 W: 4,16 A.<\/li>\n<li class=\"ql-align-justify\">Tipo de conexi\u00f3n: Cables.<\/li>\n<li class=\"ql-align-justify\">Temperatura de funcionamiento: De -25 \u00b0C a +50 \u00b0C (-13 \u00b0F a +122 \u00b0F).<\/li>\n<li class=\"ql-align-justify\">Material de fabricaci\u00f3n Aluminio.<\/li>\n<li class=\"ql-align-justify\">\u00cdndice de protecci\u00f3n IP\/ Est\u00e1ndar.<\/li>\n<li class=\"ql-align-justify\">IP67 (con est\u00e1ndares de instalaci\u00f3n adecuados).<\/li>\n<\/ul>\n<p class=\"ql-align-justify\"><strong>Dimensiones (Lar.xAn.xProf.):<\/strong><\/p>\n<ul>\n<li class=\"ql-align-justify\"><strong>35 W:\u00a0<\/strong>212 mm x 37 mm x 27 mm (8,3 pulg. x 1,5 pulg. x 1,1 pulg.<\/li>\n<li class=\"ql-align-justify\"><strong>60 W:\u00a0<\/strong>178 mm x 72 mm x 45 mm (7 pulg. x 2,8 pulg. x 1,8 pulg.).<\/li>\n<li class=\"ql-align-justify\"><strong>100 W:\u00a0<\/strong>210 mm x 72 mm x 45 mm (8,3 pulg. x 2,8 pulg. x 1,8 pulg.)<\/li>\n<\/ul>\n<p><img fetchpriority=\"high\" decoding=\"async\" class=\"alignnone size-full wp-image-9820\" src=\"https:\/\/tecsecmty.com\/wp-content\/uploads\/2023\/02\/3-5.png\" alt=\"\" width=\"960\" height=\"540\" \/><\/p>\n","protected":false},"excerpt":{"rendered":"<p>Fuente de alimentaci\u00f3n PSU-IIR-100, 24 VCC, 100 W Fuentes de alimentaci\u00f3n de 24 VCC de tensi\u00f3n constante para aplicaciones de iluminaci\u00f3n con LED. Modelos de 35 W, 60 W o 100 W.\u00a0 Nota:\u00a0Fuente de alimentaci\u00f3n PSU-IIR-100, 24 VCC, 100 W Fuente de alimentaci\u00f3n de tensi\u00f3n&hellip;<\/p>\n","protected":false},"featured_media":6253,"comment_status":"open","ping_status":"closed","template":"","meta":{"om_disable_all_campaigns":false,"_monsterinsights_skip_tracking":false,"_monsterinsights_sitenote_active":false,"_monsterinsights_sitenote_note":"","_monsterinsights_sitenote_category":0},"product_brand":[],"product_cat":[529],"product_tag":[513,514,511,516,519,517,520,515,181,518,512],"class_list":{"0":"post-6254","1":"product","2":"type-product","3":"status-publish","4":"has-post-thumbnail","6":"product_cat-amplificadores","7":"product_tag-altavoces","8":"product_tag-amplificadores","9":"product_tag-audio-y-video","10":"product_tag-audioporteros","11":"product_tag-digital-signage","12":"product_tag-intercomunicadores","13":"product_tag-kits-videoporteros","14":"product_tag-mezcladoras","15":"product_tag-microfonos","16":"product_tag-sistemas-de-enfermeria","17":"product_tag-videoporteros","19":"first","20":"instock","21":"sale","22":"taxable","23":"shipping-taxable","24":"purchasable","25":"product-type-simple"},"aioseo_notices":[],"_links":{"self":[{"href":"https:\/\/tecsecmty.com\/index.php\/wp-json\/wp\/v2\/product\/6254","targetHints":{"allow":["GET"]}}],"collection":[{"href":"https:\/\/tecsecmty.com\/index.php\/wp-json\/wp\/v2\/product"}],"about":[{"href":"https:\/\/tecsecmty.com\/index.php\/wp-json\/wp\/v2\/types\/product"}],"replies":[{"embeddable":true,"href":"https:\/\/tecsecmty.com\/index.php\/wp-json\/wp\/v2\/comments?post=6254"}],"version-history":[{"count":0,"href":"https:\/\/tecsecmty.com\/index.php\/wp-json\/wp\/v2\/product\/6254\/revisions"}],"wp:featuredmedia":[{"embeddable":true,"href":"https:\/\/tecsecmty.com\/index.php\/wp-json\/wp\/v2\/media\/6253"}],"wp:attachment":[{"href":"https:\/\/tecsecmty.com\/index.php\/wp-json\/wp\/v2\/media?parent=6254"}],"wp:term":[{"taxonomy":"product_brand","embeddable":true,"href":"https:\/\/tecsecmty.com\/index.php\/wp-json\/wp\/v2\/product_brand?post=6254"},{"taxonomy":"product_cat","embeddable":true,"href":"https:\/\/tecsecmty.com\/index.php\/wp-json\/wp\/v2\/product_cat?post=6254"},{"taxonomy":"product_tag","embeddable":true,"href":"https:\/\/tecsecmty.com\/index.php\/wp-json\/wp\/v2\/product_tag?post=6254"}],"curies":[{"name":"wp","href":"https:\/\/api.w.org\/{rel}","templated":true}]}}