{"id":6258,"date":"2023-02-23T12:01:50","date_gmt":"2023-02-23T18:01:50","guid":{"rendered":"https:\/\/tecsecmty.com\/index.php\/producto\/bosch-m_om1-modulo-de-red-para-interconexion-entre-paviro\/"},"modified":"2023-03-22T23:21:32","modified_gmt":"2023-03-23T05:21:32","slug":"bosch-m_om1-modulo-de-red-para-interconexion-entre-paviro","status":"publish","type":"product","link":"https:\/\/tecsecmty.com\/index.php\/producto\/bosch-m_om1-modulo-de-red-para-interconexion-entre-paviro\/","title":{"rendered":"BOSCH M_OM1-MODULO DE RED PARA INTERCONEXION ENTRE PAVIRO"},"content":{"rendered":"<h5 class=\"card-title text-center\">OM-1 M\u00f3dulo interfaz Omneo<\/h5>\n<p class=\"ql-align-justify\"><strong>El OM\u20111 es un m\u00f3dulo de interfaz compacto preparado para realizar la conexi\u00f3n a una red OMNEO.\u00a0<\/strong>El OM\u20111 es capaz de enviar y recibir audio Dante hacia o desde otros controladores\u00a0<strong>PAVIRO\u00a0<\/strong>con un m\u00f3dulo de interfaz OM\u20111. El OM-1 permite realizar la transmisi\u00f3n de hasta 16 se\u00f1ales de entrada de audio digital y 16 canales de salida de audio digital con baja latencia.<\/p>\n<p class=\"ql-align-justify\"><strong>Certificaciones y aprobaciones<\/strong><\/p>\n<p class=\"ql-align-justify\">Regi\u00f3n Marcas de calidad\/cumplimiento normativo Europa<\/p>\n<ul>\n<li class=\"ql-align-justify\">DOP F01U298639 PAVIRO V10.<\/li>\n<li class=\"ql-align-justify\">CE F01U308176.<\/li>\n<\/ul>\n<p class=\"ql-align-justify\"><strong>Notas de configuraci\u00f3n\/instalaci\u00f3n<\/strong><\/p>\n<p class=\"ql-align-justify\"><strong>Instalaci\u00f3n en PVA-4CR12<\/strong><\/p>\n<p class=\"ql-align-justify\">1.- Apague la unidad y desconecte el enchufe de alimentaci\u00f3n de 24 V.<\/p>\n<p class=\"ql-align-justify\">2.- Desmonte la placa de la cubierta (10 tornillos en la parte superior).<\/p>\n<p class=\"ql-align-justify\">3.- Retire el revestimiento del panel trasero (2 tornillos).<\/p>\n<p class=\"ql-align-justify\">4.- Coloque el m\u00f3dulo OM-1 (consulte la imagen; primero, \u00fanalo con dos tornillos al panel trasero \u24b6 y, despu\u00e9s, con dos tornillos a los pernos \u24b7 y apriete los tornillos.<\/p>\n<p class=\"ql-align-justify\">5.- Realice las siguientes conexiones de cables: el conector izquierdo del m\u00f3dulo OM-1 al CN9 del cuadro principal (cable plano de 65 mm) \u24b8. El conector derecho del m\u00f3dulo OM-1 al CN8 del cuadro principal (cable plano de 190 mm) \u24b9.<\/p>\n<p class=\"ql-align-justify\">6.- Vuelva a colocar la placa de la cubierta.<\/p>\n<p class=\"ql-align-justify\">7.- Conecte la unidad a la fuente de 24 V y encienda la alimentaci\u00f3n.<\/p>\n<p class=\"ql-align-justify\">8.- Configure los par\u00e1metros del m\u00f3dulo OM-1 en IRIS- -Net seg\u00fan sea necesario.<\/p>\n<p class=\"ql-align-justify\"><strong>Aviso: Es necesario utilizar un cable apantallado para la conexi\u00f3n Ethernet.<\/strong><\/p>\n<p class=\"ql-align-justify\"><strong>Piezas incluidas<\/strong><\/p>\n<ul>\n<li class=\"ql-align-justify\">1 M\u00f3dulo interfaz Omneo.<\/li>\n<li class=\"ql-align-justify\">1 Cable de interconexi\u00f3n interna (190 mm).<\/li>\n<li class=\"ql-align-justify\">1 Cable de interconexi\u00f3n interna (65 mm).<\/li>\n<li class=\"ql-align-justify\">4 Tornillo Torx M3\u27156 1 Nota de instalaci\u00f3n.<\/li>\n<\/ul>\n<p class=\"ql-align-justify\"><strong>Nota: OM-1 M\u00f3dulo interfaz<\/strong><\/p>\n<p class=\"ql-align-justify\"><strong>Omneo M\u00f3dulo OMNEO\/DANTE para PAVIRO.<\/strong><\/p>\n<p class=\"ql-align-justify\"><strong>N\u00famero de pedido: OM-1.<\/strong><\/p>\n<p class=\"ql-align-justify\"><strong>Principales Caracter\u00edsticas<\/strong><\/p>\n<ul>\n<li class=\"ql-align-justify\">Interfaz Gigabit Ethernet: interfaz Ethernet de 1000 Mbit\/s d\u00faplex completo compatible con IEEE 802.3u.<\/li>\n<li class=\"ql-align-justify\">Interfaz Gigabit Ethernet secundaria: segunda interfaz Ethernet para conectar una red redundante y establecer sistemas tolerantes a fallos.<\/li>\n<li class=\"ql-align-justify\">LED de estado: indicaci\u00f3n de estado activo de enlace, actividad y gigabits para cada interfaz Ethernet.<\/li>\n<\/ul>\n<p class=\"ql-align-justify\"><strong>Especificaciones<\/strong><\/p>\n<p class=\"ql-align-justify\"><strong>El\u00e9ctricas<\/strong><\/p>\n<ul>\n<li class=\"ql-align-justify\">Tensi\u00f3n de alimentaci\u00f3n\/ corriente +3,3 V CC\/860 mA +5 V CC\/60 mA.<\/li>\n<li class=\"ql-align-justify\">Conectores Ethernet (primario \/ secundario) 100\/1000 Mbit\/s,.<\/li>\n<li class=\"ql-align-justify\">RJ-45, aislamiento de transformador integrado.<\/li>\n<li class=\"ql-align-justify\">Frecuencia de muestreo 48 kHz.<\/li>\n<li class=\"ql-align-justify\">Formato de datos 24 bits.<\/li>\n<li class=\"ql-align-justify\">Canales de audio Hasta 16 \u2715 16 a 48 kHz.<\/li>\n<li class=\"ql-align-justify\">Flujos de audio Hasta 16 \u2715 16 secuencias de audio simult\u00e1neas.<\/li>\n<li class=\"ql-align-justify\">Latencia en la red 5 ms (normal).<\/li>\n<\/ul>\n<p class=\"ql-align-justify\"><strong>Mec\u00e1nicas<\/strong><\/p>\n<ul>\n<li class=\"ql-align-justify\">Dimensiones del producto (ancho \u2715 alto \u2715 profundo) 89 \u2715 27 \u2715 92 mm.<\/li>\n<li class=\"ql-align-justify\">Peso neto 75 g<\/li>\n<\/ul>\n<p class=\"ql-align-justify\"><strong>Medioambientales<\/strong><\/p>\n<ul>\n<li class=\"ql-align-justify\">Entorno electromagn\u00e9tico E1, E2, E3.<\/li>\n<li class=\"ql-align-justify\">Temperatura de funcionamiento: De -5 \u00b0C a 45 \u00b0C.<\/li>\n<li class=\"ql-align-justify\">Temperatura de almacenamiento y transporte: De -20 \u00b0C a +70 \u00b0C.<\/li>\n<\/ul>\n<p>&nbsp;<\/p>\n<p><img fetchpriority=\"high\" decoding=\"async\" class=\"alignnone size-full wp-image-9814\" src=\"https:\/\/tecsecmty.com\/wp-content\/uploads\/2023\/02\/3-3.png\" alt=\"\" width=\"960\" height=\"540\" \/><\/p>\n","protected":false},"excerpt":{"rendered":"<p>OM-1 M\u00f3dulo interfaz Omneo El OM\u20111 es un m\u00f3dulo de interfaz compacto preparado para realizar la conexi\u00f3n a una red OMNEO.\u00a0El OM\u20111 es capaz de enviar y recibir audio Dante hacia o desde otros controladores\u00a0PAVIRO\u00a0con un m\u00f3dulo de interfaz OM\u20111. El OM-1 permite realizar la&hellip;<\/p>\n","protected":false},"featured_media":6257,"comment_status":"open","ping_status":"closed","template":"","meta":{"om_disable_all_campaigns":false,"_monsterinsights_skip_tracking":false,"_monsterinsights_sitenote_active":false,"_monsterinsights_sitenote_note":"","_monsterinsights_sitenote_category":0},"product_brand":[],"product_cat":[530],"product_tag":[513,514,511,516,519,517,520,515,181,518,512],"class_list":{"0":"post-6258","1":"product","2":"type-product","3":"status-publish","4":"has-post-thumbnail","6":"product_cat-mezcladoras","7":"product_tag-altavoces","8":"product_tag-amplificadores","9":"product_tag-audio-y-video","10":"product_tag-audioporteros","11":"product_tag-digital-signage","12":"product_tag-intercomunicadores","13":"product_tag-kits-videoporteros","14":"product_tag-mezcladoras","15":"product_tag-microfonos","16":"product_tag-sistemas-de-enfermeria","17":"product_tag-videoporteros","19":"first","20":"instock","21":"sale","22":"taxable","23":"shipping-taxable","24":"purchasable","25":"product-type-simple"},"aioseo_notices":[],"_links":{"self":[{"href":"https:\/\/tecsecmty.com\/index.php\/wp-json\/wp\/v2\/product\/6258","targetHints":{"allow":["GET"]}}],"collection":[{"href":"https:\/\/tecsecmty.com\/index.php\/wp-json\/wp\/v2\/product"}],"about":[{"href":"https:\/\/tecsecmty.com\/index.php\/wp-json\/wp\/v2\/types\/product"}],"replies":[{"embeddable":true,"href":"https:\/\/tecsecmty.com\/index.php\/wp-json\/wp\/v2\/comments?post=6258"}],"version-history":[{"count":0,"href":"https:\/\/tecsecmty.com\/index.php\/wp-json\/wp\/v2\/product\/6258\/revisions"}],"wp:featuredmedia":[{"embeddable":true,"href":"https:\/\/tecsecmty.com\/index.php\/wp-json\/wp\/v2\/media\/6257"}],"wp:attachment":[{"href":"https:\/\/tecsecmty.com\/index.php\/wp-json\/wp\/v2\/media?parent=6258"}],"wp:term":[{"taxonomy":"product_brand","embeddable":true,"href":"https:\/\/tecsecmty.com\/index.php\/wp-json\/wp\/v2\/product_brand?post=6258"},{"taxonomy":"product_cat","embeddable":true,"href":"https:\/\/tecsecmty.com\/index.php\/wp-json\/wp\/v2\/product_cat?post=6258"},{"taxonomy":"product_tag","embeddable":true,"href":"https:\/\/tecsecmty.com\/index.php\/wp-json\/wp\/v2\/product_tag?post=6258"}],"curies":[{"name":"wp","href":"https:\/\/api.w.org\/{rel}","templated":true}]}}