{"id":6260,"date":"2023-02-23T12:01:51","date_gmt":"2023-02-23T18:01:51","guid":{"rendered":"https:\/\/tecsecmty.com\/index.php\/producto\/bosch-m_dcnmlcc-licencia-de-control-de-camara-discentis\/"},"modified":"2023-03-22T23:21:26","modified_gmt":"2023-03-23T05:21:26","slug":"bosch-m_dcnmlcc-licencia-de-control-de-camara-discentis","status":"publish","type":"product","link":"https:\/\/tecsecmty.com\/index.php\/producto\/bosch-m_dcnmlcc-licencia-de-control-de-camara-discentis\/","title":{"rendered":"BOSCH M_DCNMLCC- LICENCIA DE CONTROL DE CAMARA DISCENTIS"},"content":{"rendered":"<h5 class=\"card-title text-center\">DCNMLCC- LICENCIA DE CONTROL DE CAMARA DISCENTIS<\/h5>\n<p><strong>DCNM-LCC Licencia de control de c\u00e1mara<\/strong><\/p>\n<p>El control de c\u00e1maras DICENTIS permite utilizar c\u00e1maras compatibles en el sistema de conferencias DICENTIS y en el sistema inal\u00e1mbrico DICENTIS<\/p>\n<p>El m\u00f3dulo de software de control de c\u00e1mara DICENTIS permite conectar el sistema de conferencias DICENTIS y el sistema inal\u00e1mbrico DICENTIS a c\u00e1maras IP.<\/p>\n<p>Selecciona la activaci\u00f3n de c\u00e1maras fijas o con posiciones predefinidas, de manera que el orador que interviene en cada momento pueda mostrarse durante una reuni\u00f3n.<\/p>\n<p>&nbsp;<\/p>\n<p><img fetchpriority=\"high\" decoding=\"async\" class=\"alignnone size-full wp-image-9803\" src=\"https:\/\/tecsecmty.com\/wp-content\/uploads\/2023\/02\/1-3.png\" alt=\"\" width=\"400\" height=\"300\" \/><\/p>\n<h2>Caracter\u00edsticas<\/h2>\n<p class=\"text-muted\">\n<ul>\n<li>Muestra autom\u00e1ticamente al orador actual en las pantallas de dispositivos multimedia<\/li>\n<li>Interfaz para IP compatible con Profile-S de Onvif (incluye c\u00e1maras Panasonic y Sony)<\/li>\n<li>Detecta autom\u00e1ticamente las c\u00e1maras Profile-S de Onvif<\/li>\n<li>Controla switches de v\u00eddeo HD-SDI<\/li>\n<\/ul>\n<h5 class=\"card-title text-center\">Funciones<\/h5>\n<p>Cuando se activa el micr\u00f3fono de un participante, se activa la c\u00e1mara asignada a esa posici\u00f3n. Cuando no hay ning\u00fan micr\u00f3fono activado, se selecciona autom\u00e1ticamente una c\u00e1mara de vista general. La imagen de v\u00eddeo se muestra en la pantalla t\u00e1ctil de la unidad multimedia DICENTIS, as\u00ed como en la aplicaci\u00f3n de reuniones DICENTIS y en todas las pantallas de la sala, junto con la informaci\u00f3n acerca del orador que est\u00e9 interviniendo en ese momento.<\/p>\n<p>La configuraci\u00f3n resulta sencilla, pues todas las c\u00e1maras compatibles con el Perfil S de Onvif se detectan autom\u00e1ticamente.<\/p>\n<p>En el sistema de conferencias DICENTIS y en el sistema inal\u00e1mbrico DICENTIS, el m\u00f3dulo de software de control de c\u00e1mara DICENTIS ofrece las siguientes funciones:<\/p>\n<ul>\n<li>Control de las c\u00e1maras compatibles con Perfil S de Onvif con nombre de usuario y contrase\u00f1a.<\/li>\n<li>Soporte de c\u00e1mara Panasonic mediante su protocolo IP:<\/li>\n<li>\u2013 AW-HE40, AW-HE50, AW-HE60, AW-HE120, AW-HE130, AW-UE70.<\/li>\n<li>Compatibilidad con c\u00e1maras Sony mediante su protocolo IP:<\/li>\n<li>\u2013 SRG-300SE y SRG 360SHE.<\/li>\n<li>Control de los switches de v\u00eddeo TvOne CORIOmatrix y Kramer MV-6.<\/li>\n<li>Habilitaci\u00f3n de la conmutaci\u00f3n de v\u00eddeo HD-SDI, de manera que las se\u00f1ales de v\u00eddeo HD-SDI puedan conmutarse autom\u00e1ticamente y mostrarse con latencia baja en una o m\u00e1s pantallas de la sala.<\/li>\n<\/ul>\n<p>Tambi\u00e9n son compatibles con el sistema de conferencias DICENTIS:<\/p>\n<ul>\n<li>TvOne C2-2355A en combinaci\u00f3n con TvOne S2-108HD.<\/li>\n<\/ul>\n<p><img decoding=\"async\" class=\"alignnone size-full wp-image-9806\" src=\"https:\/\/tecsecmty.com\/wp-content\/uploads\/2023\/02\/2-4.png\" alt=\"\" width=\"400\" height=\"300\" \/>Piezas incluidas<\/p>\n<h5 class=\"card-title text-center\">Especificaciones clave<\/h5>\n<p><strong>DICENTIS Conference System:<\/strong>\u00a0Licencia DCNM-LSYS<\/p>\n<p><strong>Sistema inal\u00e1mbrico DICENTIS:<\/strong>\u00a0DCNM-WAP<\/p>\n<p><strong>DCNM-LCC Licencia de control de c\u00e1mara<\/strong><\/p>\n<p>El control de c\u00e1maras DICENTIS permite utilizar c\u00e1maras compatibles en el sistema de conferencias DICENTIS y en el sistema inal\u00e1mbrico DICENTIS<\/p>\n<p class=\"text-muted\">\n<p>&nbsp;<\/p>\n","protected":false},"excerpt":{"rendered":"<p>DCNMLCC- LICENCIA DE CONTROL DE CAMARA DISCENTIS DCNM-LCC Licencia de control de c\u00e1mara El control de c\u00e1maras DICENTIS permite utilizar c\u00e1maras compatibles en el sistema de conferencias DICENTIS y en el sistema inal\u00e1mbrico DICENTIS El m\u00f3dulo de software de control de c\u00e1mara DICENTIS permite conectar&hellip;<\/p>\n","protected":false},"featured_media":6259,"comment_status":"open","ping_status":"closed","template":"","meta":{"om_disable_all_campaigns":false,"_monsterinsights_skip_tracking":false,"_monsterinsights_sitenote_active":false,"_monsterinsights_sitenote_note":"","_monsterinsights_sitenote_category":0},"product_brand":[],"product_cat":[530],"product_tag":[513,514,511,516,519,517,520,515,181,518,512],"class_list":{"0":"post-6260","1":"product","2":"type-product","3":"status-publish","4":"has-post-thumbnail","6":"product_cat-mezcladoras","7":"product_tag-altavoces","8":"product_tag-amplificadores","9":"product_tag-audio-y-video","10":"product_tag-audioporteros","11":"product_tag-digital-signage","12":"product_tag-intercomunicadores","13":"product_tag-kits-videoporteros","14":"product_tag-mezcladoras","15":"product_tag-microfonos","16":"product_tag-sistemas-de-enfermeria","17":"product_tag-videoporteros","19":"first","20":"instock","21":"sale","22":"taxable","23":"shipping-taxable","24":"purchasable","25":"product-type-simple"},"aioseo_notices":[],"_links":{"self":[{"href":"https:\/\/tecsecmty.com\/index.php\/wp-json\/wp\/v2\/product\/6260","targetHints":{"allow":["GET"]}}],"collection":[{"href":"https:\/\/tecsecmty.com\/index.php\/wp-json\/wp\/v2\/product"}],"about":[{"href":"https:\/\/tecsecmty.com\/index.php\/wp-json\/wp\/v2\/types\/product"}],"replies":[{"embeddable":true,"href":"https:\/\/tecsecmty.com\/index.php\/wp-json\/wp\/v2\/comments?post=6260"}],"version-history":[{"count":0,"href":"https:\/\/tecsecmty.com\/index.php\/wp-json\/wp\/v2\/product\/6260\/revisions"}],"wp:featuredmedia":[{"embeddable":true,"href":"https:\/\/tecsecmty.com\/index.php\/wp-json\/wp\/v2\/media\/6259"}],"wp:attachment":[{"href":"https:\/\/tecsecmty.com\/index.php\/wp-json\/wp\/v2\/media?parent=6260"}],"wp:term":[{"taxonomy":"product_brand","embeddable":true,"href":"https:\/\/tecsecmty.com\/index.php\/wp-json\/wp\/v2\/product_brand?post=6260"},{"taxonomy":"product_cat","embeddable":true,"href":"https:\/\/tecsecmty.com\/index.php\/wp-json\/wp\/v2\/product_cat?post=6260"},{"taxonomy":"product_tag","embeddable":true,"href":"https:\/\/tecsecmty.com\/index.php\/wp-json\/wp\/v2\/product_tag?post=6260"}],"curies":[{"name":"wp","href":"https:\/\/api.w.org\/{rel}","templated":true}]}}