{"id":6268,"date":"2023-02-23T12:02:05","date_gmt":"2023-02-23T18:02:05","guid":{"rendered":"https:\/\/tecsecmty.com\/index.php\/producto\/bosch-m_dcnmwliion-paquete-de-baterias-para-dcnm-wd\/"},"modified":"2023-03-22T23:21:26","modified_gmt":"2023-03-23T05:21:26","slug":"bosch-m_dcnmwliion-paquete-de-baterias-para-dcnm-wd","status":"publish","type":"product","link":"https:\/\/tecsecmty.com\/index.php\/producto\/bosch-m_dcnmwliion-paquete-de-baterias-para-dcnm-wd\/","title":{"rendered":"BOSCH M_DCNMWLIION- Paquete de bater\u00edas para DCNM-WD"},"content":{"rendered":"<h5 class=\"card-title text-center\">DCNM-WLIION Paquete de bater\u00edas para DCNM-WD<\/h5>\n<p class=\"ql-align-justify\"><strong>Este paquete de bater\u00edas recargables (DCNM\u2011WLIION) es la fuente de alimentaci\u00f3n de los dispositivos inal\u00e1mbricos (DCNM\u2011WD y DCNM\u2011WDE) en el Sistema de conferencias inal\u00e1mbrico DICENTIS.<\/strong>\u00a0El paquete de bater\u00edas es de tipo ion-litio de alta capacidad y una duraci\u00f3n de hasta 24 horas (DCNM\u2011WD) y 20 horas (DCNM\u2011WDE) con una carga completa. Si est\u00e1 descargado, el paquete de bater\u00edas tarda aproximadamente 3 horas para cargarse totalmente con el cargador (DCNM\u2011WCH05). Las celdas de ion-litio evitan los problemas de degradaci\u00f3n de la carga asociados a otros tipos de paquetes de bater\u00edas. Esto ofrece la m\u00e1xima flexibilidad para programar las recargas. El paquete de bater\u00edas \u00abinteligente\u00bb dispone de un microprocesador para controlar la corriente de carga y evitar la sobrecarga.<\/p>\n<p class=\"ql-align-justify\"><strong>Funciones<\/strong><\/p>\n<p class=\"ql-align-justify\"><strong>Controles e indicadores<\/strong><\/p>\n<ul>\n<li class=\"ql-align-justify\">Cinco LED de capacidad de carga.<\/li>\n<li class=\"ql-align-justify\">Bot\u00f3n de prueba de LED y de capacidad de la bater\u00eda. Interconexiones<\/li>\n<li class=\"ql-align-justify\">Conector de alimentaci\u00f3n\/carga.<\/li>\n<\/ul>\n<p class=\"ql-align-justify\"><strong>Certificaciones y aprobaciones<\/strong><\/p>\n<ul>\n<li class=\"ql-align-justify\">UE CE<\/li>\n<li class=\"ql-align-justify\">EE.UU. UL, FCC<\/li>\n<li class=\"ql-align-justify\">CA CSA, ISED<\/li>\n<li class=\"ql-align-justify\">RCM, MEPS, (NZ: GURL) KC<\/li>\n<li class=\"ql-align-justify\">AU\/NZ RCM<\/li>\n<li class=\"ql-align-justify\">RU\/KZ\/BY EAC<\/li>\n<li class=\"ql-align-justify\">JP PSE<\/li>\n<li class=\"ql-align-justify\">CN Directiva RoHS de China<\/li>\n<li class=\"ql-align-justify\">SA SASO, CITC<\/li>\n<li class=\"ql-align-justify\">BR ANATEL<\/li>\n<li class=\"ql-align-justify\">TH TISI<\/li>\n<li class=\"ql-align-justify\">Otro UN 38.3<\/li>\n<\/ul>\n<p class=\"ql-align-justify\"><strong>Piezas incluidas<\/strong><\/p>\n<ul>\n<li class=\"ql-align-justify\">1 Paquete de bater\u00edas DCNM\u2011WLIION.<\/li>\n<\/ul>\n<p class=\"ql-align-justify\"><strong>Nota: DCNM-WLIION Paquete de bater\u00edas para DCNM-WD<\/strong><\/p>\n<p class=\"ql-align-justify\"><strong>Paquete de bater\u00edas para dispositivos inal\u00e1mbricos (DCNM\u2011WD y DCNM\u2011WDE), ion-litio, 7,5 Vcc, 12800 mAh, color: gris oscuro.<\/strong><\/p>\n<p class=\"ql-align-justify\"><strong>N\u00famero de pedido: DCNM-WLIION.<\/strong><\/p>\n<p class=\"ql-align-justify\"><strong>Principales caracter\u00edsticas<\/strong><\/p>\n<ul>\n<li class=\"ql-align-justify\">24 horas de uso normal con una carga completa.<\/li>\n<li class=\"ql-align-justify\">Se recarga totalmente en menos de 3 horas.<\/li>\n<li class=\"ql-align-justify\">Tecnolog\u00eda ion-litio u Microprocesador integrado que controla el ciclo de carga.<\/li>\n<li class=\"ql-align-justify\">Vida \u00fatil larga sin degradaci\u00f3n de la carga.<\/li>\n<\/ul>\n<p class=\"ql-align-justify\"><strong>Especificaciones<\/strong><\/p>\n<p class=\"ql-align-justify\"><strong>El\u00e9ctricas<\/strong><\/p>\n<ul>\n<li class=\"ql-align-justify\">Tensi\u00f3n de salida nominal 7,5 V CC.<\/li>\n<li class=\"ql-align-justify\">Capacidad 12.800 mAh.<\/li>\n<\/ul>\n<p class=\"ql-align-justify\"><strong>Mec\u00e1nicas<\/strong><\/p>\n<ul>\n<li class=\"ql-align-justify\">Dimensiones (al x an x pr) 99,9 x 136,5 x 22 mm (3,93 x 5,37 x 0,87 pulg).<\/li>\n<li class=\"ql-align-justify\">Peso 460 g (1.0 libra).<\/li>\n<li class=\"ql-align-justify\">Color Gris oscuro,<\/li>\n<\/ul>\n<p class=\"ql-align-justify\"><strong>Medioambientales<\/strong><\/p>\n<ul>\n<li class=\"ql-align-justify\">Temperatura de funcionamiento: De 5 \u00b0C a +45 \u00b0C (de 41 \u00b0F a +113 \u00b0F).<\/li>\n<li class=\"ql-align-justify\">Temperatura de almacenamiento y transporte recomendada: De -5 \u00baC a +35 \u00baC (de 23 \u00baF a +95 \u00baF).<\/li>\n<li class=\"ql-align-justify\">Humedad relativa &lt;75 %, &gt;5 %.<\/li>\n<\/ul>\n","protected":false},"excerpt":{"rendered":"<p>DCNM-WLIION Paquete de bater\u00edas para DCNM-WD Este paquete de bater\u00edas recargables (DCNM\u2011WLIION) es la fuente de alimentaci\u00f3n de los dispositivos inal\u00e1mbricos (DCNM\u2011WD y DCNM\u2011WDE) en el Sistema de conferencias inal\u00e1mbrico DICENTIS.\u00a0El paquete de bater\u00edas es de tipo ion-litio de alta capacidad y una duraci\u00f3n de&hellip;<\/p>\n","protected":false},"featured_media":6267,"comment_status":"open","ping_status":"closed","template":"","meta":{"om_disable_all_campaigns":false,"_monsterinsights_skip_tracking":false,"_monsterinsights_sitenote_active":false,"_monsterinsights_sitenote_note":"","_monsterinsights_sitenote_category":0},"product_brand":[],"product_cat":[530],"product_tag":[513,514,511,516,519,517,520,515,181,518,512],"class_list":{"0":"post-6268","1":"product","2":"type-product","3":"status-publish","4":"has-post-thumbnail","6":"product_cat-mezcladoras","7":"product_tag-altavoces","8":"product_tag-amplificadores","9":"product_tag-audio-y-video","10":"product_tag-audioporteros","11":"product_tag-digital-signage","12":"product_tag-intercomunicadores","13":"product_tag-kits-videoporteros","14":"product_tag-mezcladoras","15":"product_tag-microfonos","16":"product_tag-sistemas-de-enfermeria","17":"product_tag-videoporteros","19":"first","20":"instock","21":"sale","22":"taxable","23":"shipping-taxable","24":"purchasable","25":"product-type-simple"},"aioseo_notices":[],"_links":{"self":[{"href":"https:\/\/tecsecmty.com\/index.php\/wp-json\/wp\/v2\/product\/6268","targetHints":{"allow":["GET"]}}],"collection":[{"href":"https:\/\/tecsecmty.com\/index.php\/wp-json\/wp\/v2\/product"}],"about":[{"href":"https:\/\/tecsecmty.com\/index.php\/wp-json\/wp\/v2\/types\/product"}],"replies":[{"embeddable":true,"href":"https:\/\/tecsecmty.com\/index.php\/wp-json\/wp\/v2\/comments?post=6268"}],"version-history":[{"count":0,"href":"https:\/\/tecsecmty.com\/index.php\/wp-json\/wp\/v2\/product\/6268\/revisions"}],"wp:featuredmedia":[{"embeddable":true,"href":"https:\/\/tecsecmty.com\/index.php\/wp-json\/wp\/v2\/media\/6267"}],"wp:attachment":[{"href":"https:\/\/tecsecmty.com\/index.php\/wp-json\/wp\/v2\/media?parent=6268"}],"wp:term":[{"taxonomy":"product_brand","embeddable":true,"href":"https:\/\/tecsecmty.com\/index.php\/wp-json\/wp\/v2\/product_brand?post=6268"},{"taxonomy":"product_cat","embeddable":true,"href":"https:\/\/tecsecmty.com\/index.php\/wp-json\/wp\/v2\/product_cat?post=6268"},{"taxonomy":"product_tag","embeddable":true,"href":"https:\/\/tecsecmty.com\/index.php\/wp-json\/wp\/v2\/product_tag?post=6268"}],"curies":[{"name":"wp","href":"https:\/\/api.w.org\/{rel}","templated":true}]}}